{"id":4230,"date":"2021-02-10T08:37:50","date_gmt":"2021-02-10T07:37:50","guid":{"rendered":"http:\/\/agora.xtec.cat\/ceipxarau\/?page_id=4230"},"modified":"2025-02-06T16:49:34","modified_gmt":"2025-02-06T15:49:34","slug":"normes-de-funcionament-i-organitzacio","status":"publish","type":"page","link":"https:\/\/agora.xtec.cat\/ceipxarau\/lescola\/document-de-centre\/normes-de-funcionament-i-organitzacio\/","title":{"rendered":"Normes de funcionament i organitzaci\u00f3 (en revisi\u00f3)"},"content":{"rendered":"<p>Aqu\u00ed podeu torbar el document NOFC (Normes de funcionament i organitzaci\u00f3 del centre).<\/p>\n<p><a href=\"https:\/\/agora.xtec.cat\/ceipxarau\/wp-content\/uploads\/usu1524\/2025\/02\/NOFC-setembre-24.pdf\">NOFC setembre 24<\/a><\/p>\n","protected":false},"excerpt":{"rendered":"<p>Aqu\u00ed podeu torbar el document NOFC (Normes de funcionament i organitzaci\u00f3 del centre).<br \/>\n<a href=\"https:\/\/agora.xtec.cat\/ceipxarau\/wp-content\/uploads\/usu1524\/2025\/02\/NOFC-setembre-24.pdf\">NOFC setembre 24<\/a><\/p>\n","protected":false},"author":1,"featured_media":0,"parent":2422,"menu_order":0,"comment_status":"closed","ping_status":"closed","template":"","meta":{"_bbp_topic_count":0,"_bbp_reply_count":0,"_bbp_total_topic_count":0,"_bbp_total_reply_count":0,"_bbp_voice_count":0,"_bbp_anonymous_reply_count":0,"_bbp_topic_count_hidden":0,"_bbp_reply_count_hidden":0,"_bbp_forum_subforum_count":0,"footnotes":""},"class_list":["post-4230","page","type-page","status-publish","hentry"],"post_mailing_queue_ids":[],"_links":{"self":[{"href":"https:\/\/agora.xtec.cat\/ceipxarau\/wp-json\/wp\/v2\/pages\/4230","targetHints":{"allow":["GET"]}}],"collection":[{"href":"https:\/\/agora.xtec.cat\/ceipxarau\/wp-json\/wp\/v2\/pages"}],"about":[{"href":"https:\/\/agora.xtec.cat\/ceipxarau\/wp-json\/wp\/v2\/types\/page"}],"author":[{"embeddable":true,"href":"https:\/\/agora.xtec.cat\/ceipxarau\/wp-json\/wp\/v2\/users\/1"}],"replies":[{"embeddable":true,"href":"https:\/\/agora.xtec.cat\/ceipxarau\/wp-json\/wp\/v2\/comments?post=4230"}],"version-history":[{"count":3,"href":"https:\/\/agora.xtec.cat\/ceipxarau\/wp-json\/wp\/v2\/pages\/4230\/revisions"}],"predecessor-version":[{"id":5862,"href":"https:\/\/agora.xtec.cat\/ceipxarau\/wp-json\/wp\/v2\/pages\/4230\/revisions\/5862"}],"up":[{"embeddable":true,"href":"https:\/\/agora.xtec.cat\/ceipxarau\/wp-json\/wp\/v2\/pages\/2422"}],"wp:attachment":[{"href":"https:\/\/agora.xtec.cat\/ceipxarau\/wp-json\/wp\/v2\/media?parent=4230"}],"curies":[{"name":"wp","href":"https:\/\/api.w.org\/{rel}","templated":true}]}}