{"id":4218,"date":"2021-02-09T10:27:26","date_gmt":"2021-02-09T09:27:26","guid":{"rendered":"http:\/\/agora.xtec.cat\/ceipxarau\/?page_id=4218"},"modified":"2021-02-09T10:27:26","modified_gmt":"2021-02-09T09:27:26","slug":"memories-del-pla-anual","status":"publish","type":"page","link":"https:\/\/agora.xtec.cat\/ceipxarau\/lescola\/document-de-centre\/memories-del-pla-anual\/","title":{"rendered":"Mem\u00f2ries del Pla Anual"},"content":{"rendered":"<p>En aquesta p\u00e0gina hi ha els documents de les mem\u00f2ries del Pla Anual de diferents cursos.<\/p>\n<p><a href=\"https:\/\/agora.xtec.cat\/ceipxarau\/wp-content\/uploads\/usu1524\/2021\/02\/MEM\u00d2RIA-19-20.pdf\" target=\"_blank\" rel=\"noopener noreferrer\">Mem\u00f2ria 19-20<\/a><\/p>\n","protected":false},"excerpt":{"rendered":"<p>En aquesta p\u00e0gina hi ha els documents de les mem\u00f2ries del Pla Anual de diferents cursos.<br \/>\n<a href=\"https:\/\/agora.xtec.cat\/ceipxarau\/wp-content\/uploads\/usu1524\/2021\/02\/MEM\u00d2RIA-19-20.pdf\" target=\"_blank\" rel=\"noopener noreferrer\">Mem\u00f2ria 19-20<\/a><\/p>\n","protected":false},"author":1,"featured_media":0,"parent":2422,"menu_order":0,"comment_status":"closed","ping_status":"closed","template":"","meta":{"_bbp_topic_count":0,"_bbp_reply_count":0,"_bbp_total_topic_count":0,"_bbp_total_reply_count":0,"_bbp_voice_count":0,"_bbp_anonymous_reply_count":0,"_bbp_topic_count_hidden":0,"_bbp_reply_count_hidden":0,"_bbp_forum_subforum_count":0,"footnotes":""},"class_list":["post-4218","page","type-page","status-publish","hentry"],"post_mailing_queue_ids":[],"_links":{"self":[{"href":"https:\/\/agora.xtec.cat\/ceipxarau\/wp-json\/wp\/v2\/pages\/4218","targetHints":{"allow":["GET"]}}],"collection":[{"href":"https:\/\/agora.xtec.cat\/ceipxarau\/wp-json\/wp\/v2\/pages"}],"about":[{"href":"https:\/\/agora.xtec.cat\/ceipxarau\/wp-json\/wp\/v2\/types\/page"}],"author":[{"embeddable":true,"href":"https:\/\/agora.xtec.cat\/ceipxarau\/wp-json\/wp\/v2\/users\/1"}],"replies":[{"embeddable":true,"href":"https:\/\/agora.xtec.cat\/ceipxarau\/wp-json\/wp\/v2\/comments?post=4218"}],"version-history":[{"count":1,"href":"https:\/\/agora.xtec.cat\/ceipxarau\/wp-json\/wp\/v2\/pages\/4218\/revisions"}],"predecessor-version":[{"id":4220,"href":"https:\/\/agora.xtec.cat\/ceipxarau\/wp-json\/wp\/v2\/pages\/4218\/revisions\/4220"}],"up":[{"embeddable":true,"href":"https:\/\/agora.xtec.cat\/ceipxarau\/wp-json\/wp\/v2\/pages\/2422"}],"wp:attachment":[{"href":"https:\/\/agora.xtec.cat\/ceipxarau\/wp-json\/wp\/v2\/media?parent=4218"}],"curies":[{"name":"wp","href":"https:\/\/api.w.org\/{rel}","templated":true}]}}