{"id":32,"date":"2014-09-18T12:31:33","date_gmt":"2014-09-18T11:31:33","guid":{"rendered":"http:\/\/agora.xtec.cat\/ceipxarau\/?page_id=32"},"modified":"2026-03-02T13:42:06","modified_gmt":"2026-03-02T12:42:06","slug":"calendari-del-curs","status":"publish","type":"page","link":"https:\/\/agora.xtec.cat\/ceipxarau\/","title":{"rendered":"Inici"},"content":{"rendered":"<h1><span style=\"color: #008080;\">Escola Xarau<\/span><\/h1>\n<p style=\"text-align: center;\" data-start=\"0\" data-end=\"143\"><span style=\"color: #999999;\"><em>Som una escola arrelada al nostre entorn i a la nostra comunitat. Creixem amb el barri, amb les fam\u00edlies i amb cada infant que en forma part.<\/em><\/span><\/p>\n<p style=\"text-align: center;\" data-start=\"145\" data-end=\"415\"><span style=\"color: #999999;\"><em>Entenem l\u2019educaci\u00f3 com un cam\u00ed compartit, fet de petites descobertes quotidianes, de preguntes que obren m\u00f3n i de temps per escoltar. Creiem en el valor de les relacions, en la paraula dita amb respecte i en la import\u00e0ncia d\u2019acompanyar cada proc\u00e9s amb calma i confian\u00e7a.<\/em><\/span><\/p>\n<p style=\"text-align: center;\" data-start=\"417\" data-end=\"585\" data-is-last-node=\"\" data-is-only-node=\"\"><span style=\"color: #999999;\"><em>La nostra ess\u00e8ncia \u00e9s senzilla i profunda alhora: cuidar els vincles, despertar la curiositat i ajudar cada nen i nena a trobar la seva veu, el seu ritme i el seu lloc.<\/em><\/span><\/p>\n<p data-start=\"321\" data-end=\"400\" data-is-last-node=\"\" data-is-only-node=\"\"><img loading=\"lazy\" decoding=\"async\" class=\"aligncenter size-large wp-image-5946\" src=\"https:\/\/agora.xtec.cat\/ceipxarau\/wp-content\/uploads\/usu1524\/2026\/03\/ea555fe8-e218-48f2-8056-1689cdea1b34-768x1024.jpg\" alt=\"\" width=\"768\" height=\"1024\" srcset=\"https:\/\/agora.xtec.cat\/ceipxarau\/wp-content\/uploads\/usu1524\/2026\/03\/ea555fe8-e218-48f2-8056-1689cdea1b34-768x1024.jpg 768w, https:\/\/agora.xtec.cat\/ceipxarau\/wp-content\/uploads\/usu1524\/2026\/03\/ea555fe8-e218-48f2-8056-1689cdea1b34-225x300.jpg 225w, https:\/\/agora.xtec.cat\/ceipxarau\/wp-content\/uploads\/usu1524\/2026\/03\/ea555fe8-e218-48f2-8056-1689cdea1b34-1152x1536.jpg 1152w, https:\/\/agora.xtec.cat\/ceipxarau\/wp-content\/uploads\/usu1524\/2026\/03\/ea555fe8-e218-48f2-8056-1689cdea1b34.jpg 1200w\" sizes=\"auto, (max-width: 768px) 100vw, 768px\" \/><\/p>\n","protected":false},"excerpt":{"rendered":"<p>Escola Xarau<br \/>\nSom una escola arrelada al nostre entorn i a la nostra comunitat. Creixem amb el barri, amb les fam\u00edlies i amb cada infant que en forma part.<br \/>\nEntenem l\u2019educaci\u00f3 com un cam\u00ed compartit, fet de petites descobertes quotidianes, de preguntes que obren m\u00f3n i de&hellip;  <a href=\"https:\/\/agora.xtec.cat\/ceipxarau\/\" title=\"Read Inici\">Llegeix m\u00e9s\u00bb<\/a><\/p>\n","protected":false},"author":1,"featured_media":0,"parent":0,"menu_order":60,"comment_status":"closed","ping_status":"closed","template":"page-templates\/front-page.php","meta":{"_bbp_topic_count":0,"_bbp_reply_count":0,"_bbp_total_topic_count":0,"_bbp_total_reply_count":0,"_bbp_voice_count":0,"_bbp_anonymous_reply_count":0,"_bbp_topic_count_hidden":0,"_bbp_reply_count_hidden":0,"_bbp_forum_subforum_count":0,"footnotes":""},"class_list":["post-32","page","type-page","status-publish","hentry"],"post_mailing_queue_ids":[],"_links":{"self":[{"href":"https:\/\/agora.xtec.cat\/ceipxarau\/wp-json\/wp\/v2\/pages\/32","targetHints":{"allow":["GET"]}}],"collection":[{"href":"https:\/\/agora.xtec.cat\/ceipxarau\/wp-json\/wp\/v2\/pages"}],"about":[{"href":"https:\/\/agora.xtec.cat\/ceipxarau\/wp-json\/wp\/v2\/types\/page"}],"author":[{"embeddable":true,"href":"https:\/\/agora.xtec.cat\/ceipxarau\/wp-json\/wp\/v2\/users\/1"}],"replies":[{"embeddable":true,"href":"https:\/\/agora.xtec.cat\/ceipxarau\/wp-json\/wp\/v2\/comments?post=32"}],"version-history":[{"count":6,"href":"https:\/\/agora.xtec.cat\/ceipxarau\/wp-json\/wp\/v2\/pages\/32\/revisions"}],"predecessor-version":[{"id":5927,"href":"https:\/\/agora.xtec.cat\/ceipxarau\/wp-json\/wp\/v2\/pages\/32\/revisions\/5927"}],"wp:attachment":[{"href":"https:\/\/agora.xtec.cat\/ceipxarau\/wp-json\/wp\/v2\/media?parent=32"}],"curies":[{"name":"wp","href":"https:\/\/api.w.org\/{rel}","templated":true}]}}