{"id":2693,"date":"2020-03-26T21:26:43","date_gmt":"2020-03-26T20:26:43","guid":{"rendered":"http:\/\/agora.xtec.cat\/ceipxarau\/?page_id=2693"},"modified":"2020-03-26T21:50:14","modified_gmt":"2020-03-26T20:50:14","slug":"cantania-2020-virtual","status":"publish","type":"page","link":"https:\/\/agora.xtec.cat\/ceipxarau\/projecte-educatiu\/cantania\/cantania-2020-virtual\/","title":{"rendered":"Cant\u00e0nia 2020-Virtual"},"content":{"rendered":"<p style=\"text-align: justify;\">Com cada any els infants de 6\u00e8 participaran a la Cant\u00e0nia que es realitzar\u00e0 a l\u2019Auditori de Sant Cugat el 21 de maig de 2020. Aquest any parla dels assistents virtuals, dels tel\u00e8fons m\u00f2bils, els ordinadors i d\u2019Internet. \u00a0Aqu\u00ed hi trobareu els v\u00eddeos de la cantata i el moviments esc\u00e8nics. \u00a0En Marcel est\u00e0 trist, els pares s\u2019acaben de separar, passa horas amb la mainadera i alguns companys i companys li fan bromes que no li agraden, tot i que la Gina li convida a la seva festa d\u2019aniversari, ell nom\u00e9s vol quedar-se a casa. Li agrada molt la pluja a en Marcel i un dia crea una aplicaci\u00f3 d\u2019intel\u00b7lig\u00e8ncia artificial, la Sara. Per\u00f2 en Marcel est\u00e0 gris. A la Sara li va creixent el par\u00e0metre d\u2019humanitat\u2026 Qu\u00e8 deu passar? \u00a0Hi ha un culpable o no? Per qu\u00e8 la mainadera es passa el dia xerrant amb el seu xicot? Qu\u00e8 passa a la festa d\u2019aniversari de la Gina?<\/p>\n<p>&nbsp;<\/p>\n<p>https:\/\/youtu.be\/p0g6eXBy6_I<\/p>\n<p>&nbsp;<\/p>\n","protected":false},"excerpt":{"rendered":"<p>Com cada any els infants de 6\u00e8 participaran a la Cant\u00e0nia que es realitzar\u00e0 a l\u2019Auditori de Sant Cugat el 21 de maig de 2020. Aquest any parla dels assistents virtuals, dels tel\u00e8fons m\u00f2bils, els ordinadors i d\u2019Internet. \u00a0Aqu\u00ed hi trobareu els v\u00eddeos de la&hellip;  <a href=\"https:\/\/agora.xtec.cat\/ceipxarau\/projecte-educatiu\/cantania\/cantania-2020-virtual\/\" title=\"Read Cant\u00e0nia 2020-Virtual\">Llegeix m\u00e9s\u00bb<\/a><\/p>\n","protected":false},"author":1,"featured_media":0,"parent":2341,"menu_order":0,"comment_status":"closed","ping_status":"closed","template":"page-templates\/side-menu.php","meta":{"_bbp_topic_count":0,"_bbp_reply_count":0,"_bbp_total_topic_count":0,"_bbp_total_reply_count":0,"_bbp_voice_count":0,"_bbp_anonymous_reply_count":0,"_bbp_topic_count_hidden":0,"_bbp_reply_count_hidden":0,"_bbp_forum_subforum_count":0,"footnotes":""},"class_list":["post-2693","page","type-page","status-publish","hentry"],"post_mailing_queue_ids":[],"_links":{"self":[{"href":"https:\/\/agora.xtec.cat\/ceipxarau\/wp-json\/wp\/v2\/pages\/2693","targetHints":{"allow":["GET"]}}],"collection":[{"href":"https:\/\/agora.xtec.cat\/ceipxarau\/wp-json\/wp\/v2\/pages"}],"about":[{"href":"https:\/\/agora.xtec.cat\/ceipxarau\/wp-json\/wp\/v2\/types\/page"}],"author":[{"embeddable":true,"href":"https:\/\/agora.xtec.cat\/ceipxarau\/wp-json\/wp\/v2\/users\/1"}],"replies":[{"embeddable":true,"href":"https:\/\/agora.xtec.cat\/ceipxarau\/wp-json\/wp\/v2\/comments?post=2693"}],"version-history":[{"count":4,"href":"https:\/\/agora.xtec.cat\/ceipxarau\/wp-json\/wp\/v2\/pages\/2693\/revisions"}],"predecessor-version":[{"id":2702,"href":"https:\/\/agora.xtec.cat\/ceipxarau\/wp-json\/wp\/v2\/pages\/2693\/revisions\/2702"}],"up":[{"embeddable":true,"href":"https:\/\/agora.xtec.cat\/ceipxarau\/wp-json\/wp\/v2\/pages\/2341"}],"wp:attachment":[{"href":"https:\/\/agora.xtec.cat\/ceipxarau\/wp-json\/wp\/v2\/media?parent=2693"}],"curies":[{"name":"wp","href":"https:\/\/api.w.org\/{rel}","templated":true}]}}