{"id":2367,"date":"2020-03-20T18:18:14","date_gmt":"2020-03-20T17:18:14","guid":{"rendered":"http:\/\/agora.xtec.cat\/ceipxarau\/?page_id=2367"},"modified":"2020-03-24T19:13:19","modified_gmt":"2020-03-24T18:13:19","slug":"els-somnis","status":"publish","type":"page","link":"https:\/\/agora.xtec.cat\/ceipxarau\/projecte-educatiu\/els-somnis\/","title":{"rendered":"Somnis"},"content":{"rendered":"<p style=\"text-align: left;\"><span style=\"font-weight: 400;\">Des de fa anys, a l\u2019escola volem que les col\u00f2nies de sis\u00e8 siguin un moment ben especial, d\u2019aquells que es recorden tota la vida, ja que es tanca tota una etapa de les vides dels infants molt important: c<\/span><span style=\"font-weight: 400;\">urs rere curs van passant de nens petits a nens grans, preadolescents,\u00a0 a punt de comen\u00e7ar a conventir-se en joves.\u00a0<\/span><\/p>\n<p><span style=\"font-weight: 400;\">Per aix\u00f2 volem que cap nen o nena es quedi sense poder acompanyar-nos en aquest bonic Somni, aix\u00ed que al llarg del curs anem fent moltes activitats per aconseguir diners i facilitar aix\u00ed que tots i totes puguin venir.<\/span><\/p>\n<p><span style=\"font-weight: 400;\"><br \/>\n<\/span><span style=\"font-weight: 400;\">QUINES ACTIVITATS ACOSTUMEM A FER:<\/span><\/p>\n<ul>\n<li style=\"font-weight: 400;\"><span style=\"font-weight: 400;\">Venda de berenars preparats pels infants amb l&#8217;ajuda de les fam\u00edlies cada dijous.<\/span><\/li>\n<li style=\"font-weight: 400;\"><span style=\"font-weight: 400;\">Activitats complement\u00e0ries relacionades amb les festes populars:\u00a0<\/span><\/li>\n<\/ul>\n<ul>\n<li style=\"list-style-type: none;\">\n<ul>\n<li style=\"font-weight: 400;\"><span style=\"font-weight: 400;\">Festa de la castanyada: venda de castanyes asades, conta-contes i can\u00e7ons.<\/span><\/li>\n<li style=\"font-weight: 400;\"><span style=\"font-weight: 400;\">Fira de Nadal: Venda d\u2019elements decoratius i petits regals i sorteig d\u2019una panera.<\/span><\/li>\n<li style=\"font-weight: 400;\"><span style=\"font-weight: 400;\">Carnestoltes: berenar amb xocolatada<\/span><\/li>\n<li style=\"font-weight: 400;\"><span style=\"font-weight: 400;\">Fira de Sant Jordi: venda de llibres de 2a m\u00e0; tallers de jocs, manualitats i contacontes; festa amb ballaruca, exihibici\u00f3 de castells i b\u00e8sties de foc (la Martineta).<\/span><\/li>\n<li style=\"font-weight: 400;\"><span style=\"font-weight: 400;\">Representaci\u00f3 d\u2019obres de teatre a l\u2019Ateneu<\/span><\/li>\n<\/ul>\n<\/li>\n<\/ul>\n<p>&nbsp;<\/p>\n<p><a href=\"https:\/\/agora.xtec.cat\/ceipxarau\/wp-content\/uploads\/usu1524\/2020\/03\/Presentaci\u00f3-projecte-somnis-.pdf\"><img loading=\"lazy\" decoding=\"async\" class=\"wp-image-2520 alignleft\" src=\"https:\/\/agora.xtec.cat\/ceipxarau\/wp-content\/uploads\/usu1524\/2020\/03\/Presentaci\u00f3-projecte-families-PORTADA.jpg\" alt=\"\" width=\"462\" height=\"346\" srcset=\"https:\/\/agora.xtec.cat\/ceipxarau\/wp-content\/uploads\/usu1524\/2020\/03\/Presentaci\u00f3-projecte-families-PORTADA.jpg 960w, https:\/\/agora.xtec.cat\/ceipxarau\/wp-content\/uploads\/usu1524\/2020\/03\/Presentaci\u00f3-projecte-families-PORTADA-300x225.jpg 300w, https:\/\/agora.xtec.cat\/ceipxarau\/wp-content\/uploads\/usu1524\/2020\/03\/Presentaci\u00f3-projecte-families-PORTADA-768x576.jpg 768w, https:\/\/agora.xtec.cat\/ceipxarau\/wp-content\/uploads\/usu1524\/2020\/03\/Presentaci\u00f3-projecte-families-PORTADA-200x150.jpg 200w\" sizes=\"auto, (max-width: 462px) 100vw, 462px\" \/><\/a><\/p>\n<p>&nbsp;<\/p>\n<p>&nbsp;<\/p>\n<p>&nbsp;<\/p>\n<p>&nbsp;<\/p>\n<p>&nbsp;<\/p>\n<p>&nbsp;<\/p>\n<p>&nbsp;<\/p>\n<p>&nbsp;<\/p>\n<p>&nbsp;<\/p>\n<p>&nbsp;<\/p>\n<p><iframe loading=\"lazy\" title=\"Un bernar un somni Nadal 2015\" width=\"500\" height=\"281\" src=\"https:\/\/www.youtube.com\/embed\/GDUg8Ryazz4?feature=oembed\" frameborder=\"0\" allow=\"accelerometer; autoplay; clipboard-write; encrypted-media; gyroscope; picture-in-picture; web-share\" referrerpolicy=\"strict-origin-when-cross-origin\" allowfullscreen><\/iframe><\/p>\n<p>&nbsp;<\/p>\n<p>&nbsp;<\/p>\n<p>&nbsp;<\/p>\n","protected":false},"excerpt":{"rendered":"<p>Des de fa anys, a l\u2019escola volem que les col\u00f2nies de sis\u00e8 siguin un moment ben especial, d\u2019aquells que es recorden tota la vida, ja que es tanca tota una etapa de les vides dels infants molt important: curs rere curs van passant de nens&hellip;  <a href=\"https:\/\/agora.xtec.cat\/ceipxarau\/projecte-educatiu\/els-somnis\/\" title=\"Read Somnis\">Llegeix m\u00e9s\u00bb<\/a><\/p>\n","protected":false},"author":1,"featured_media":0,"parent":64,"menu_order":50,"comment_status":"closed","ping_status":"closed","template":"page-templates\/side-menu.php","meta":{"_bbp_topic_count":0,"_bbp_reply_count":0,"_bbp_total_topic_count":0,"_bbp_total_reply_count":0,"_bbp_voice_count":0,"_bbp_anonymous_reply_count":0,"_bbp_topic_count_hidden":0,"_bbp_reply_count_hidden":0,"_bbp_forum_subforum_count":0,"footnotes":""},"class_list":["post-2367","page","type-page","status-publish","hentry"],"post_mailing_queue_ids":[],"_links":{"self":[{"href":"https:\/\/agora.xtec.cat\/ceipxarau\/wp-json\/wp\/v2\/pages\/2367","targetHints":{"allow":["GET"]}}],"collection":[{"href":"https:\/\/agora.xtec.cat\/ceipxarau\/wp-json\/wp\/v2\/pages"}],"about":[{"href":"https:\/\/agora.xtec.cat\/ceipxarau\/wp-json\/wp\/v2\/types\/page"}],"author":[{"embeddable":true,"href":"https:\/\/agora.xtec.cat\/ceipxarau\/wp-json\/wp\/v2\/users\/1"}],"replies":[{"embeddable":true,"href":"https:\/\/agora.xtec.cat\/ceipxarau\/wp-json\/wp\/v2\/comments?post=2367"}],"version-history":[{"count":3,"href":"https:\/\/agora.xtec.cat\/ceipxarau\/wp-json\/wp\/v2\/pages\/2367\/revisions"}],"predecessor-version":[{"id":2523,"href":"https:\/\/agora.xtec.cat\/ceipxarau\/wp-json\/wp\/v2\/pages\/2367\/revisions\/2523"}],"up":[{"embeddable":true,"href":"https:\/\/agora.xtec.cat\/ceipxarau\/wp-json\/wp\/v2\/pages\/64"}],"wp:attachment":[{"href":"https:\/\/agora.xtec.cat\/ceipxarau\/wp-json\/wp\/v2\/media?parent=2367"}],"curies":[{"name":"wp","href":"https:\/\/api.w.org\/{rel}","templated":true}]}}