{"id":2346,"date":"2020-03-20T18:03:09","date_gmt":"2020-03-20T17:03:09","guid":{"rendered":"http:\/\/agora.xtec.cat\/ceipxarau\/?page_id=2346"},"modified":"2021-02-28T20:26:46","modified_gmt":"2021-02-28T19:26:46","slug":"gep","status":"publish","type":"page","link":"https:\/\/agora.xtec.cat\/ceipxarau\/projecte-educatiu\/gep\/","title":{"rendered":"GEP"},"content":{"rendered":"<p>El <strong>Programa de Generaci\u00f3 Pluriling\u00fce<\/strong>, GEP, \u00e9s un projecte d&#8217;innovaci\u00f3 pedag\u00f2gica iniciat pel Departament d&#8217;Ensenyament amb l&#8217;objectiu de millorar la compet\u00e8ncia en lleng\u00fces estrangeres de l&#8217;alumnat, afavorint el seu creixement acad\u00e8mic i la posterior inserci\u00f3 laboral, capacitant-lo per interactuar amb el m\u00f3n en diverses lleng\u00fces i de manera cr\u00edtica.<\/p>\n<p>Aquesta formaci\u00f3 ens permet buscar la manera d&#8217;afavorir l&#8217;increment del temps d&#8217;exposici\u00f3 de l&#8217;alumnat, en el nostre cas a l&#8217;angl\u00e8s, donant-li una major visibilitat i pres\u00e8ncia i integrant-lo en els estructures metodol\u00f2giques de l&#8217;escola, conferint-li una major utilitat. Tamb\u00e9 des del projecte s&#8217;acompanya els centres educatius en el proc\u00e9s de desplegament i consolidaci\u00f3 d\u2019un projecte ling\u00fc\u00edstic pluriling\u00fce propi.<\/p>\n<p>A la nostra escola, i<span style=\"font-weight: 400;\">ntenem que l\u2019angl\u00e8s estigui present al nostre dia a dia, tan a les estones de pati, a les diverses festes que organitzem, com a les sortides. Per aix\u00f2, l<\/span>&#8216;especialista d&#8217;angl\u00e8s parla sempre als infants en aquesta llengua i participa de les activitats de les diferents Comunitats, amb el suport d&#8217;una Auxiliar de Conversa que promou la llengua oral amb els nens i les nenes. <span style=\"font-weight: 400;\">A m\u00e9s a m\u00e9s, estem iniciant un projecte de col\u00b7laboraci\u00f3 amb pares i mares perqu\u00e8 l&#8217;alumnat pugui tenir m\u00e9s exposici\u00f3 oral a aquesta llengua.<\/span><\/p>\n<div style=\"width: 100%;\">\n<div style=\"position: relative; padding-bottom: 56.25%; padding-top: 0; height: 0;\"><iframe loading=\"lazy\" frameborder=\"0\" width=\"1200\" height=\"675\" style=\"position: absolute; top: 0; left: 0; width: 100%; height: 100%;\" src=\"https:\/\/view.genial.ly\/6024e2df1937db0d82234901\" type=\"text\/html\" allowscriptaccess=\"always\" allowfullscreen=\"true\" scrolling=\"yes\" allownetworking=\"all\"><\/iframe> <\/div>\n<\/p><\/div>\n<p>A la <strong>Comunitat de Petits<\/strong>, s&#8217;introdueix de manera puntual, a trav\u00e9s de contes o petites rutines com ara el Bon dia, comptar en angl\u00e8s, etc i cantant algunes can\u00e7ons.<\/p>\n<p>A la <strong>Comunitat de Mitjans<\/strong> s&#8217;integra a les estones de microespais com una proposta m\u00e9s. Es fan jocs en petits grups per fomentar l&#8217;expressi\u00f3 oral i ens trobem tot el grup <span style=\"font-weight: 400;\">un cop per setmana per gaudir junts de can\u00e7ons, contes i fer petits projectes<\/span><\/p>\n<p>A la <strong>Comunitat de Grans <\/strong>s&#8217;ofereix un espai de propostes en angl\u00e8s i <span style=\"font-weight: 400;\">a m\u00e9s a m\u00e9s ens trobem tot el grup dos cops per setmana, organitzant les tasques en petits microespais que ens ajuden a treballar diversos aspectes de la llengua anglesa (l\u2019expressi\u00f3 oral, la comunicaci\u00f3, l\u2019expressi\u00f3 escrita, la comprensi\u00f3 lectora i la comprensi\u00f3 auditiva) en petit grup, seguint la l\u00ednia del que es fa a l&#8217;estona d&#8217;Aprofundim.<\/span><\/p>\n<p>A m\u00e9s a m\u00e9s, estem participant en Projectes E-twinning, d&#8217;intercanvi d&#8217;experi\u00e8ncies amb escoles d&#8217;altres pa\u00efsos, utilitzant la llengua anglesa com vehicle de comunicaci\u00f3.<\/p>\n<p>&nbsp;<\/p>\n<div style=\"width: 100%;\"><\/div>\n<p>Si voleu saber m\u00e9s, cliqueu a l&#8217;enlla\u00e7 del <a href=\"http:\/\/xtec.gencat.cat\/ca\/projectes\/plurilinguisme\/programes\/institucionals\/gep\/\">Departament d&#8217;Ensenyament.<\/a><\/p>\n<p>&nbsp;<\/p>\n<p>&nbsp;<\/p>\n","protected":false},"excerpt":{"rendered":"<p>El Programa de Generaci\u00f3 Pluriling\u00fce, GEP, \u00e9s un projecte d&#8217;innovaci\u00f3 pedag\u00f2gica iniciat pel Departament d&#8217;Ensenyament amb l&#8217;objectiu de millorar la compet\u00e8ncia en lleng\u00fces estrangeres de l&#8217;alumnat, afavorint el seu creixement acad\u00e8mic i la posterior inserci\u00f3 laboral, capacitant-lo per interactuar amb el m\u00f3n en diverses lleng\u00fces&hellip;  <a href=\"https:\/\/agora.xtec.cat\/ceipxarau\/projecte-educatiu\/gep\/\" title=\"Read GEP\">Llegeix m\u00e9s\u00bb<\/a><\/p>\n","protected":false},"author":1,"featured_media":0,"parent":64,"menu_order":40,"comment_status":"closed","ping_status":"closed","template":"page-templates\/side-menu.php","meta":{"_bbp_topic_count":0,"_bbp_reply_count":0,"_bbp_total_topic_count":0,"_bbp_total_reply_count":0,"_bbp_voice_count":0,"_bbp_anonymous_reply_count":0,"_bbp_topic_count_hidden":0,"_bbp_reply_count_hidden":0,"_bbp_forum_subforum_count":0,"footnotes":""},"class_list":["post-2346","page","type-page","status-publish","hentry"],"post_mailing_queue_ids":[],"_links":{"self":[{"href":"https:\/\/agora.xtec.cat\/ceipxarau\/wp-json\/wp\/v2\/pages\/2346","targetHints":{"allow":["GET"]}}],"collection":[{"href":"https:\/\/agora.xtec.cat\/ceipxarau\/wp-json\/wp\/v2\/pages"}],"about":[{"href":"https:\/\/agora.xtec.cat\/ceipxarau\/wp-json\/wp\/v2\/types\/page"}],"author":[{"embeddable":true,"href":"https:\/\/agora.xtec.cat\/ceipxarau\/wp-json\/wp\/v2\/users\/1"}],"replies":[{"embeddable":true,"href":"https:\/\/agora.xtec.cat\/ceipxarau\/wp-json\/wp\/v2\/comments?post=2346"}],"version-history":[{"count":3,"href":"https:\/\/agora.xtec.cat\/ceipxarau\/wp-json\/wp\/v2\/pages\/2346\/revisions"}],"predecessor-version":[{"id":4359,"href":"https:\/\/agora.xtec.cat\/ceipxarau\/wp-json\/wp\/v2\/pages\/2346\/revisions\/4359"}],"up":[{"embeddable":true,"href":"https:\/\/agora.xtec.cat\/ceipxarau\/wp-json\/wp\/v2\/pages\/64"}],"wp:attachment":[{"href":"https:\/\/agora.xtec.cat\/ceipxarau\/wp-json\/wp\/v2\/media?parent=2346"}],"curies":[{"name":"wp","href":"https:\/\/api.w.org\/{rel}","templated":true}]}}