{"id":2342,"date":"2020-03-20T18:03:09","date_gmt":"2020-03-20T17:03:09","guid":{"rendered":"http:\/\/agora.xtec.cat\/ceipxarau\/?page_id=2342"},"modified":"2020-03-24T17:11:07","modified_gmt":"2020-03-24T16:11:07","slug":"formigues-cooperatives","status":"publish","type":"page","link":"https:\/\/agora.xtec.cat\/ceipxarau\/projecte-educatiu\/formigues-cooperatives\/","title":{"rendered":"Formigues cooperatives"},"content":{"rendered":"<h3>Un projecte cooperatiu<\/h3>\n<p>Formigues cooperatives \u00e9s un projecte telem\u00e0tic cooperatiu, d&#8217;\u00e0mbit educatiu, on alumnes de diferents escoles de Catalunya experimenten reptes cooperatius d&#8217;educaci\u00f3 f\u00edsica, inventen de nous i els comparteixen\u00a0 amb infants d&#8217;altres escoles que els proven i fan una valoraci\u00f3.<\/p>\n<p>Podeu trobar m\u00e9s informaci\u00f3 al seg\u00fcent enlla\u00e7:<\/p>\n<p><a href=\"https:\/\/formiguescooperatives.cat\/\">Formigues cooperatives<\/a><\/p>\n","protected":false},"excerpt":{"rendered":"<p>Un projecte cooperatiu<br \/>\nFormigues cooperatives \u00e9s un projecte telem\u00e0tic cooperatiu, d&#8217;\u00e0mbit educatiu, on alumnes de diferents escoles de Catalunya experimenten reptes cooperatius d&#8217;educaci\u00f3 f\u00edsica, inventen de nous i els comparteixen\u00a0 amb infants d&#8217;altres escoles que els proven i fan una valoraci\u00f3.<br \/>\nPodeu trobar m\u00e9s informaci\u00f3 al seg\u00fcent&hellip;  <a href=\"https:\/\/agora.xtec.cat\/ceipxarau\/projecte-educatiu\/formigues-cooperatives\/\" title=\"Read Formigues cooperatives\">Llegeix m\u00e9s\u00bb<\/a><\/p>\n","protected":false},"author":1,"featured_media":0,"parent":64,"menu_order":35,"comment_status":"closed","ping_status":"closed","template":"page-templates\/side-menu.php","meta":{"_bbp_topic_count":0,"_bbp_reply_count":0,"_bbp_total_topic_count":0,"_bbp_total_reply_count":0,"_bbp_voice_count":0,"_bbp_anonymous_reply_count":0,"_bbp_topic_count_hidden":0,"_bbp_reply_count_hidden":0,"_bbp_forum_subforum_count":0,"footnotes":""},"class_list":["post-2342","page","type-page","status-publish","hentry"],"post_mailing_queue_ids":[],"_links":{"self":[{"href":"https:\/\/agora.xtec.cat\/ceipxarau\/wp-json\/wp\/v2\/pages\/2342","targetHints":{"allow":["GET"]}}],"collection":[{"href":"https:\/\/agora.xtec.cat\/ceipxarau\/wp-json\/wp\/v2\/pages"}],"about":[{"href":"https:\/\/agora.xtec.cat\/ceipxarau\/wp-json\/wp\/v2\/types\/page"}],"author":[{"embeddable":true,"href":"https:\/\/agora.xtec.cat\/ceipxarau\/wp-json\/wp\/v2\/users\/1"}],"replies":[{"embeddable":true,"href":"https:\/\/agora.xtec.cat\/ceipxarau\/wp-json\/wp\/v2\/comments?post=2342"}],"version-history":[{"count":2,"href":"https:\/\/agora.xtec.cat\/ceipxarau\/wp-json\/wp\/v2\/pages\/2342\/revisions"}],"predecessor-version":[{"id":2485,"href":"https:\/\/agora.xtec.cat\/ceipxarau\/wp-json\/wp\/v2\/pages\/2342\/revisions\/2485"}],"up":[{"embeddable":true,"href":"https:\/\/agora.xtec.cat\/ceipxarau\/wp-json\/wp\/v2\/pages\/64"}],"wp:attachment":[{"href":"https:\/\/agora.xtec.cat\/ceipxarau\/wp-json\/wp\/v2\/media?parent=2342"}],"curies":[{"name":"wp","href":"https:\/\/api.w.org\/{rel}","templated":true}]}}