{"id":2341,"date":"2020-03-20T18:03:09","date_gmt":"2020-03-20T17:03:09","guid":{"rendered":"http:\/\/agora.xtec.cat\/ceipxarau\/?page_id=2341"},"modified":"2020-03-24T17:04:46","modified_gmt":"2020-03-24T16:04:46","slug":"cantania","status":"publish","type":"page","link":"https:\/\/agora.xtec.cat\/ceipxarau\/projecte-educatiu\/cantania\/","title":{"rendered":"Cant\u00e0nia"},"content":{"rendered":"<p>Cant\u00e0nia \u00e9s una\u00a0<strong>activitat participativa<\/strong> en la que s\u2019inscriuen escolars de cicle mitj\u00e0 i superior de prim\u00e0ria de Catalunya, posant en escena una obra musical feta per <strong>compositors i escriptors catalans de reconegut prestigi, <\/strong>encarregada especialment per a aquesta activitat.\u00a0Els infants participen en la seva posada en escena.<\/p>\n<p>Trobareu m\u00e9s informaci\u00f3 al seg\u00fcent enlla\u00e7:<\/p>\n<p><a href=\"https:\/\/www.auditori.cat\/ca\/cantania-_cat\">Cant\u00e0nia<\/a><\/p>\n","protected":false},"excerpt":{"rendered":"<p>Cant\u00e0nia \u00e9s una\u00a0activitat participativa en la que s\u2019inscriuen escolars de cicle mitj\u00e0 i superior de prim\u00e0ria de Catalunya, posant en escena una obra musical feta per compositors i escriptors catalans de reconegut prestigi, encarregada especialment per a aquesta activitat.\u00a0Els infants participen en la seva posada&hellip;  <a href=\"https:\/\/agora.xtec.cat\/ceipxarau\/projecte-educatiu\/cantania\/\" title=\"Read Cant\u00e0nia\">Llegeix m\u00e9s\u00bb<\/a><\/p>\n","protected":false},"author":1,"featured_media":0,"parent":64,"menu_order":25,"comment_status":"closed","ping_status":"closed","template":"page-templates\/side-menu.php","meta":{"_bbp_topic_count":0,"_bbp_reply_count":0,"_bbp_total_topic_count":0,"_bbp_total_reply_count":0,"_bbp_voice_count":0,"_bbp_anonymous_reply_count":0,"_bbp_topic_count_hidden":0,"_bbp_reply_count_hidden":0,"_bbp_forum_subforum_count":0,"footnotes":""},"class_list":["post-2341","page","type-page","status-publish","hentry"],"post_mailing_queue_ids":[],"_links":{"self":[{"href":"https:\/\/agora.xtec.cat\/ceipxarau\/wp-json\/wp\/v2\/pages\/2341","targetHints":{"allow":["GET"]}}],"collection":[{"href":"https:\/\/agora.xtec.cat\/ceipxarau\/wp-json\/wp\/v2\/pages"}],"about":[{"href":"https:\/\/agora.xtec.cat\/ceipxarau\/wp-json\/wp\/v2\/types\/page"}],"author":[{"embeddable":true,"href":"https:\/\/agora.xtec.cat\/ceipxarau\/wp-json\/wp\/v2\/users\/1"}],"replies":[{"embeddable":true,"href":"https:\/\/agora.xtec.cat\/ceipxarau\/wp-json\/wp\/v2\/comments?post=2341"}],"version-history":[{"count":3,"href":"https:\/\/agora.xtec.cat\/ceipxarau\/wp-json\/wp\/v2\/pages\/2341\/revisions"}],"predecessor-version":[{"id":2484,"href":"https:\/\/agora.xtec.cat\/ceipxarau\/wp-json\/wp\/v2\/pages\/2341\/revisions\/2484"}],"up":[{"embeddable":true,"href":"https:\/\/agora.xtec.cat\/ceipxarau\/wp-json\/wp\/v2\/pages\/64"}],"wp:attachment":[{"href":"https:\/\/agora.xtec.cat\/ceipxarau\/wp-json\/wp\/v2\/media?parent=2341"}],"curies":[{"name":"wp","href":"https:\/\/api.w.org\/{rel}","templated":true}]}}