{"id":2225,"date":"2020-03-15T06:11:24","date_gmt":"2020-03-15T05:11:24","guid":{"rendered":"http:\/\/agora.xtec.cat\/ceipxarau\/?page_id=2225"},"modified":"2025-02-06T16:38:06","modified_gmt":"2025-02-06T15:38:06","slug":"carta-de-compromis","status":"publish","type":"page","link":"https:\/\/agora.xtec.cat\/ceipxarau\/lescola\/document-de-centre\/carta-de-compromis\/","title":{"rendered":"Carta de comprom\u00eds"},"content":{"rendered":"<p>La Carta de Comprom\u00eds Educatiu \u00e9s un document normatiu que hem de tenir tots els centres educatius.<\/p>\n<p>Aquest document s&#8217;ha de signar per les fam\u00edlies i l&#8217;escola en el moment en qu\u00e8 es realitza la matr\u00edcula.<\/p>\n<p><a href=\"https:\/\/agora.xtec.cat\/ceipxarau\/wp-content\/uploads\/usu1524\/2025\/02\/Carta-de-compromis-nova-directora-01-juliol-2024-Gemma-Estopa-Roig-.pdf\">Carta de comprom\u00eds\u00a0<\/a><\/p>\n<p>&nbsp;<\/p>\n<p>&nbsp;<\/p>\n<p>&nbsp;<\/p>\n","protected":false},"excerpt":{"rendered":"<p>La Carta de Comprom\u00eds Educatiu \u00e9s un document normatiu que hem de tenir tots els centres educatius.<br \/>\nAquest document s&#8217;ha de signar per les fam\u00edlies i l&#8217;escola en el moment en qu\u00e8 es realitza la matr\u00edcula.<br \/>\n<a href=\"https:\/\/agora.xtec.cat\/ceipxarau\/wp-content\/uploads\/usu1524\/2025\/02\/Carta-de-compromis-nova-directora-01-juliol-2024-Gemma-Estopa-Roig-.pdf\">Carta de comprom\u00eds\u00a0<\/a><br \/>\n&nbsp;<br \/>\n&nbsp;<br \/>\n&nbsp;<\/p>\n","protected":false},"author":1,"featured_media":0,"parent":2422,"menu_order":0,"comment_status":"closed","ping_status":"closed","template":"page-templates\/side-menu.php","meta":{"_bbp_topic_count":0,"_bbp_reply_count":0,"_bbp_total_topic_count":0,"_bbp_total_reply_count":0,"_bbp_voice_count":0,"_bbp_anonymous_reply_count":0,"_bbp_topic_count_hidden":0,"_bbp_reply_count_hidden":0,"_bbp_forum_subforum_count":0,"footnotes":""},"class_list":["post-2225","page","type-page","status-publish","hentry"],"post_mailing_queue_ids":[],"_links":{"self":[{"href":"https:\/\/agora.xtec.cat\/ceipxarau\/wp-json\/wp\/v2\/pages\/2225","targetHints":{"allow":["GET"]}}],"collection":[{"href":"https:\/\/agora.xtec.cat\/ceipxarau\/wp-json\/wp\/v2\/pages"}],"about":[{"href":"https:\/\/agora.xtec.cat\/ceipxarau\/wp-json\/wp\/v2\/types\/page"}],"author":[{"embeddable":true,"href":"https:\/\/agora.xtec.cat\/ceipxarau\/wp-json\/wp\/v2\/users\/1"}],"replies":[{"embeddable":true,"href":"https:\/\/agora.xtec.cat\/ceipxarau\/wp-json\/wp\/v2\/comments?post=2225"}],"version-history":[{"count":5,"href":"https:\/\/agora.xtec.cat\/ceipxarau\/wp-json\/wp\/v2\/pages\/2225\/revisions"}],"predecessor-version":[{"id":5860,"href":"https:\/\/agora.xtec.cat\/ceipxarau\/wp-json\/wp\/v2\/pages\/2225\/revisions\/5860"}],"up":[{"embeddable":true,"href":"https:\/\/agora.xtec.cat\/ceipxarau\/wp-json\/wp\/v2\/pages\/2422"}],"wp:attachment":[{"href":"https:\/\/agora.xtec.cat\/ceipxarau\/wp-json\/wp\/v2\/media?parent=2225"}],"curies":[{"name":"wp","href":"https:\/\/api.w.org\/{rel}","templated":true}]}}