{"id":1086,"date":"2017-09-20T16:31:50","date_gmt":"2017-09-20T14:31:50","guid":{"rendered":"http:\/\/agora.xtec.cat\/ceipxarau\/?page_id=1086"},"modified":"2017-09-20T16:33:24","modified_gmt":"2017-09-20T14:33:24","slug":"menus-de-setembre","status":"publish","type":"page","link":"https:\/\/agora.xtec.cat\/ceipxarau\/serveis\/menjador-escolar\/menus-de-setembre\/","title":{"rendered":"Men\u00fas"},"content":{"rendered":"<p>Aquests s\u00f3n els men\u00fas que podreu tastar aquest setembre.<\/p>\n<p><a href=\"http:\/\/agora.xtec.cat\/ceipxarau\/wp-content\/uploads\/usu1524\/2017\/09\/MEN\u00daS.pdf\">Men\u00fa de setembre<\/a><\/p>\n<p>Si necessiteu ajuda per triar un sopar equilibrat en relaci\u00f3 al dinar aqu\u00ed teniu la soluci\u00f3<\/p>\n<p><a href=\"http:\/\/agora.xtec.cat\/ceipxarau\/wp-content\/uploads\/usu1524\/2017\/09\/SOPAR.pdf\">Proposta de sopars de setembre<\/a><\/p>\n<p>&nbsp;<\/p>\n","protected":false},"excerpt":{"rendered":"<p>Aquests s\u00f3n els men\u00fas que podreu tastar aquest setembre.<br \/>\n<a href=\"http:\/\/agora.xtec.cat\/ceipxarau\/wp-content\/uploads\/usu1524\/2017\/09\/MEN\u00daS.pdf\">Men\u00fa de setembre<\/a><br \/>\nSi necessiteu ajuda per triar un sopar equilibrat en relaci\u00f3 al dinar aqu\u00ed teniu la soluci\u00f3<br \/>\n<a href=\"http:\/\/agora.xtec.cat\/ceipxarau\/wp-content\/uploads\/usu1524\/2017\/09\/SOPAR.pdf\">Proposta de sopars de setembre<\/a><br \/>\n&nbsp;<\/p>\n","protected":false},"author":1,"featured_media":0,"parent":73,"menu_order":0,"comment_status":"closed","ping_status":"closed","template":"page-templates\/side-menu.php","meta":{"_bbp_topic_count":0,"_bbp_reply_count":0,"_bbp_total_topic_count":0,"_bbp_total_reply_count":0,"_bbp_voice_count":0,"_bbp_anonymous_reply_count":0,"_bbp_topic_count_hidden":0,"_bbp_reply_count_hidden":0,"_bbp_forum_subforum_count":0,"footnotes":""},"class_list":["post-1086","page","type-page","status-publish","hentry"],"post_mailing_queue_ids":[],"_links":{"self":[{"href":"https:\/\/agora.xtec.cat\/ceipxarau\/wp-json\/wp\/v2\/pages\/1086","targetHints":{"allow":["GET"]}}],"collection":[{"href":"https:\/\/agora.xtec.cat\/ceipxarau\/wp-json\/wp\/v2\/pages"}],"about":[{"href":"https:\/\/agora.xtec.cat\/ceipxarau\/wp-json\/wp\/v2\/types\/page"}],"author":[{"embeddable":true,"href":"https:\/\/agora.xtec.cat\/ceipxarau\/wp-json\/wp\/v2\/users\/1"}],"replies":[{"embeddable":true,"href":"https:\/\/agora.xtec.cat\/ceipxarau\/wp-json\/wp\/v2\/comments?post=1086"}],"version-history":[{"count":2,"href":"https:\/\/agora.xtec.cat\/ceipxarau\/wp-json\/wp\/v2\/pages\/1086\/revisions"}],"predecessor-version":[{"id":1089,"href":"https:\/\/agora.xtec.cat\/ceipxarau\/wp-json\/wp\/v2\/pages\/1086\/revisions\/1089"}],"up":[{"embeddable":true,"href":"https:\/\/agora.xtec.cat\/ceipxarau\/wp-json\/wp\/v2\/pages\/73"}],"wp:attachment":[{"href":"https:\/\/agora.xtec.cat\/ceipxarau\/wp-json\/wp\/v2\/media?parent=1086"}],"curies":[{"name":"wp","href":"https:\/\/api.w.org\/{rel}","templated":true}]}}