{"id":8004,"date":"2019-02-27T19:19:32","date_gmt":"2019-02-27T18:19:32","guid":{"rendered":"http:\/\/agora.xtec.cat\/ceipwagner\/?page_id=8004"},"modified":"2026-01-19T13:24:05","modified_gmt":"2026-01-19T12:24:05","slug":"projecte-linguistic","status":"publish","type":"page","link":"https:\/\/agora.xtec.cat\/ceipwagner\/documents-de-centre\/projecte-linguistic\/","title":{"rendered":"Projecte Ling\u00fc\u00edstic de Centre (PLC)"},"content":{"rendered":"<p>Aquest \u00e9s el Projecte Ling\u00fc\u00edstic (PLC) de la nostra escola.<\/p>\n<div style=\"text-align: center;\">\n<div style=\"text-align: center;\">\n<div style=\"margin: 4px 0px 8px;\">\u00a0<\/div>\n<\/div>\n<div style=\"margin: 4px 0px 8px;\">\u00a0<\/div>\n<\/div>\n\n\n<div data-wp-interactive=\"core\/file\" class=\"wp-block-file\"><object data-wp-bind--hidden=\"!state.hasPdfPreview\" hidden class=\"wp-block-file__embed\" data=\"https:\/\/agora.xtec.cat\/ceipwagner\/wp-content\/uploads\/usu1069\/2026\/01\/PLC_24-25.docx.pdf\" type=\"application\/pdf\" style=\"width:100%;height:600px\" aria-label=\"Incrustaci\u00f3 del fitxer PLC_24-25.docx.\"><\/object><a id=\"wp-block-file--media-208f98ea-e064-458b-8408-ce1c58aedb67\" href=\"https:\/\/agora.xtec.cat\/ceipwagner\/wp-content\/uploads\/usu1069\/2026\/01\/PLC_24-25.docx.pdf\">PLC_24-25.docx<\/a><a href=\"https:\/\/agora.xtec.cat\/ceipwagner\/wp-content\/uploads\/usu1069\/2026\/01\/PLC_24-25.docx.pdf\" class=\"wp-block-file__button wp-element-button\" download aria-describedby=\"wp-block-file--media-208f98ea-e064-458b-8408-ce1c58aedb67\">Baixa<\/a><\/div>\n","protected":false},"excerpt":{"rendered":"<p>Aquest \u00e9s el Projecte Ling\u00fc\u00edstic (PLC) de la nostra escola. \u00a0 \u00a0<\/p>\n","protected":false},"author":34,"featured_media":0,"parent":10022,"menu_order":0,"comment_status":"closed","ping_status":"closed","template":"","meta":{"_bbp_topic_count":0,"_bbp_reply_count":0,"_bbp_total_topic_count":0,"_bbp_total_reply_count":0,"_bbp_voice_count":0,"_bbp_anonymous_reply_count":0,"_bbp_topic_count_hidden":0,"_bbp_reply_count_hidden":0,"_bbp_forum_subforum_count":0,"site-sidebar-layout":"default","site-content-layout":"","ast-site-content-layout":"default","site-content-style":"default","site-sidebar-style":"default","ast-global-header-display":"","ast-banner-title-visibility":"","ast-main-header-display":"","ast-hfb-above-header-display":"","ast-hfb-below-header-display":"","ast-hfb-mobile-header-display":"","site-post-title":"","ast-breadcrumbs-content":"","ast-featured-img":"","footer-sml-layout":"","theme-transparent-header-meta":"","adv-header-id-meta":"","stick-header-meta":"","header-above-stick-meta":"","header-main-stick-meta":"","header-below-stick-meta":"","astra-migrate-meta-layouts":"set","ast-page-background-enabled":"default","ast-page-background-meta":{"desktop":{"background-color":"var(--ast-global-color-4)","background-image":"","background-repeat":"repeat","background-position":"center center","background-size":"auto","background-attachment":"scroll","background-type":"","background-media":"","overlay-type":"","overlay-color":"","overlay-opacity":"","overlay-gradient":""},"tablet":{"background-color":"","background-image":"","background-repeat":"repeat","background-position":"center center","background-size":"auto","background-attachment":"scroll","background-type":"","background-media":"","overlay-type":"","overlay-color":"","overlay-opacity":"","overlay-gradient":""},"mobile":{"background-color":"","background-image":"","background-repeat":"repeat","background-position":"center center","background-size":"auto","background-attachment":"scroll","background-type":"","background-media":"","overlay-type":"","overlay-color":"","overlay-opacity":"","overlay-gradient":""}},"ast-content-background-meta":{"desktop":{"background-color":"var(--ast-global-color-5)","background-image":"","background-repeat":"repeat","background-position":"center center","background-size":"auto","background-attachment":"scroll","background-type":"","background-media":"","overlay-type":"","overlay-color":"","overlay-opacity":"","overlay-gradient":""},"tablet":{"background-color":"var(--ast-global-color-5)","background-image":"","background-repeat":"repeat","background-position":"center center","background-size":"auto","background-attachment":"scroll","background-type":"","background-media":"","overlay-type":"","overlay-color":"","overlay-opacity":"","overlay-gradient":""},"mobile":{"background-color":"var(--ast-global-color-5)","background-image":"","background-repeat":"repeat","background-position":"center center","background-size":"auto","background-attachment":"scroll","background-type":"","background-media":"","overlay-type":"","overlay-color":"","overlay-opacity":"","overlay-gradient":""}},"footnotes":""},"class_list":["post-8004","page","type-page","status-publish","hentry"],"post_mailing_queue_ids":[],"_links":{"self":[{"href":"https:\/\/agora.xtec.cat\/ceipwagner\/wp-json\/wp\/v2\/pages\/8004","targetHints":{"allow":["GET"]}}],"collection":[{"href":"https:\/\/agora.xtec.cat\/ceipwagner\/wp-json\/wp\/v2\/pages"}],"about":[{"href":"https:\/\/agora.xtec.cat\/ceipwagner\/wp-json\/wp\/v2\/types\/page"}],"author":[{"embeddable":true,"href":"https:\/\/agora.xtec.cat\/ceipwagner\/wp-json\/wp\/v2\/users\/34"}],"replies":[{"embeddable":true,"href":"https:\/\/agora.xtec.cat\/ceipwagner\/wp-json\/wp\/v2\/comments?post=8004"}],"version-history":[{"count":6,"href":"https:\/\/agora.xtec.cat\/ceipwagner\/wp-json\/wp\/v2\/pages\/8004\/revisions"}],"predecessor-version":[{"id":30800,"href":"https:\/\/agora.xtec.cat\/ceipwagner\/wp-json\/wp\/v2\/pages\/8004\/revisions\/30800"}],"up":[{"embeddable":true,"href":"https:\/\/agora.xtec.cat\/ceipwagner\/wp-json\/wp\/v2\/pages\/10022"}],"wp:attachment":[{"href":"https:\/\/agora.xtec.cat\/ceipwagner\/wp-json\/wp\/v2\/media?parent=8004"}],"curies":[{"name":"wp","href":"https:\/\/api.w.org\/{rel}","templated":true}]}}