{"id":77,"date":"2014-09-18T14:05:08","date_gmt":"2014-09-18T13:05:08","guid":{"rendered":"http:\/\/agora.xtec.cat\/ceipwagner\/?page_id=77"},"modified":"2017-04-06T13:32:55","modified_gmt":"2017-04-06T11:32:55","slug":"acollida","status":"publish","type":"page","link":"https:\/\/agora.xtec.cat\/ceipwagner\/nivells\/acollida\/","title":{"rendered":"Aula d&#8217;Acollida"},"content":{"rendered":"<p>PER FI!!!!!!!!!!!!!!!!!!!!!!!!<\/p>\n<p>Hem aconseguit enllestir el primer programar de r\u00e0dio d&#8217;aula d&#8217;acollida.<\/p>\n<p>Ens ha costat molt perqu\u00e8 no en sabem gaire, per\u00f2 n&#8217;estem aprenent.<\/p>\n<p>Com que \u00e9s el primer ens hem presentat.<\/p>\n<p>Esperem que us agradi.<\/p>\n<!--[if lt IE 9]><script>document.createElement('audio');<\/script><![endif]-->\n<audio class=\"wp-audio-shortcode\" id=\"audio-77-1\" preload=\"none\" style=\"width: 100%;\" controls=\"controls\"><source type=\"audio\/mpeg\" src=\"http:\/\/agora.xtec.cat\/ceipwagner\/wp-content\/uploads\/usu1069\/2014\/09\/presentaci\u00f3-MIRA-QUI-PARLA.mp3?_=1\" \/><a href=\"http:\/\/agora.xtec.cat\/ceipwagner\/wp-content\/uploads\/usu1069\/2014\/09\/presentaci\u00f3-MIRA-QUI-PARLA.mp3\">http:\/\/agora.xtec.cat\/ceipwagner\/wp-content\/uploads\/usu1069\/2014\/09\/presentaci\u00f3-MIRA-QUI-PARLA.mp3<\/a><\/audio>\n","protected":false},"excerpt":{"rendered":"<p>PER FI!!!!!!!!!!!!!!!!!!!!!!!! Hem aconseguit enllestir el primer programar de r\u00e0dio d&#8217;aula d&#8217;acollida. Ens ha costat molt perqu\u00e8 no en sabem gaire, per\u00f2 n&#8217;estem aprenent. Com que \u00e9s el primer ens hem presentat. Esperem que us agradi.<\/p>\n","protected":false},"author":1,"featured_media":0,"parent":87,"menu_order":20,"comment_status":"closed","ping_status":"closed","template":"page-templates\/side-menu.php","meta":{"_bbp_topic_count":0,"_bbp_reply_count":0,"_bbp_total_topic_count":0,"_bbp_total_reply_count":0,"_bbp_voice_count":0,"_bbp_anonymous_reply_count":0,"_bbp_topic_count_hidden":0,"_bbp_reply_count_hidden":0,"_bbp_forum_subforum_count":0,"site-sidebar-layout":"default","site-content-layout":"","ast-site-content-layout":"","site-content-style":"default","site-sidebar-style":"default","ast-global-header-display":"","ast-banner-title-visibility":"","ast-main-header-display":"","ast-hfb-above-header-display":"","ast-hfb-below-header-display":"","ast-hfb-mobile-header-display":"","site-post-title":"","ast-breadcrumbs-content":"","ast-featured-img":"","footer-sml-layout":"","theme-transparent-header-meta":"","adv-header-id-meta":"","stick-header-meta":"","header-above-stick-meta":"","header-main-stick-meta":"","header-below-stick-meta":"","astra-migrate-meta-layouts":"default","ast-page-background-enabled":"default","ast-page-background-meta":{"desktop":{"background-color":"var(--ast-global-color-4)","background-image":"","background-repeat":"repeat","background-position":"center center","background-size":"auto","background-attachment":"scroll","background-type":"","background-media":"","overlay-type":"","overlay-color":"","overlay-opacity":"","overlay-gradient":""},"tablet":{"background-color":"","background-image":"","background-repeat":"repeat","background-position":"center center","background-size":"auto","background-attachment":"scroll","background-type":"","background-media":"","overlay-type":"","overlay-color":"","overlay-opacity":"","overlay-gradient":""},"mobile":{"background-color":"","background-image":"","background-repeat":"repeat","background-position":"center center","background-size":"auto","background-attachment":"scroll","background-type":"","background-media":"","overlay-type":"","overlay-color":"","overlay-opacity":"","overlay-gradient":""}},"ast-content-background-meta":{"desktop":{"background-color":"var(--ast-global-color-5)","background-image":"","background-repeat":"repeat","background-position":"center center","background-size":"auto","background-attachment":"scroll","background-type":"","background-media":"","overlay-type":"","overlay-color":"","overlay-opacity":"","overlay-gradient":""},"tablet":{"background-color":"var(--ast-global-color-5)","background-image":"","background-repeat":"repeat","background-position":"center center","background-size":"auto","background-attachment":"scroll","background-type":"","background-media":"","overlay-type":"","overlay-color":"","overlay-opacity":"","overlay-gradient":""},"mobile":{"background-color":"var(--ast-global-color-5)","background-image":"","background-repeat":"repeat","background-position":"center center","background-size":"auto","background-attachment":"scroll","background-type":"","background-media":"","overlay-type":"","overlay-color":"","overlay-opacity":"","overlay-gradient":""}},"footnotes":""},"class_list":["post-77","page","type-page","status-publish","hentry"],"post_mailing_queue_ids":[],"_links":{"self":[{"href":"https:\/\/agora.xtec.cat\/ceipwagner\/wp-json\/wp\/v2\/pages\/77","targetHints":{"allow":["GET"]}}],"collection":[{"href":"https:\/\/agora.xtec.cat\/ceipwagner\/wp-json\/wp\/v2\/pages"}],"about":[{"href":"https:\/\/agora.xtec.cat\/ceipwagner\/wp-json\/wp\/v2\/types\/page"}],"author":[{"embeddable":true,"href":"https:\/\/agora.xtec.cat\/ceipwagner\/wp-json\/wp\/v2\/users\/1"}],"replies":[{"embeddable":true,"href":"https:\/\/agora.xtec.cat\/ceipwagner\/wp-json\/wp\/v2\/comments?post=77"}],"version-history":[{"count":3,"href":"https:\/\/agora.xtec.cat\/ceipwagner\/wp-json\/wp\/v2\/pages\/77\/revisions"}],"predecessor-version":[{"id":2602,"href":"https:\/\/agora.xtec.cat\/ceipwagner\/wp-json\/wp\/v2\/pages\/77\/revisions\/2602"}],"up":[{"embeddable":true,"href":"https:\/\/agora.xtec.cat\/ceipwagner\/wp-json\/wp\/v2\/pages\/87"}],"wp:attachment":[{"href":"https:\/\/agora.xtec.cat\/ceipwagner\/wp-json\/wp\/v2\/media?parent=77"}],"curies":[{"name":"wp","href":"https:\/\/api.w.org\/{rel}","templated":true}]}}