{"id":4039,"date":"2017-09-27T13:23:44","date_gmt":"2017-09-27T11:23:44","guid":{"rendered":"http:\/\/agora.xtec.cat\/ceipwagner\/?page_id=4039"},"modified":"2025-11-19T09:14:46","modified_gmt":"2025-11-19T08:14:46","slug":"qui-som","status":"publish","type":"page","link":"https:\/\/agora.xtec.cat\/ceipwagner\/qui-som\/","title":{"rendered":"Qui som"},"content":{"rendered":"<ul>\n<li><strong>Equip directiu<\/strong>:\n<ul>\n<li style=\"list-style-type: none;\">\n<ul>\n<li>Directora: Montse M.<\/li>\n<li>Cap d\u2019estudis: Mari R.<\/li>\n<li>Secretari: Juanfran G.<\/li>\n<\/ul>\n<\/li>\n<\/ul>\n<\/li>\n<li><strong>Tutores i tutors<\/strong>:\n<ul>\n<li style=\"list-style-type: none;\">\n<ul>\n<li style=\"list-style-type: none;\">\n<ul>\n<li><strong>I3<\/strong>: Vanesa.<\/li>\n<li><strong>TEI<\/strong>: In\u00e9s H.<\/li>\n<li><strong>I4<\/strong>: Laura D.<\/li>\n<li><strong>I5<\/strong>: Sagrario.<\/li>\n<li><strong>Refor\u00e7 E. Infantil<\/strong>: Montse Morales, Anna G.<\/li>\n<li><strong>1r<\/strong>: Maria C.<\/li>\n<li><strong>2n<\/strong>: Mari Cruz Z.<\/li>\n<li><strong>3r<\/strong>: Laura de la F.<\/li>\n<li><strong>4t<\/strong>: Dolors S.<\/li>\n<li><strong>5\u00e8A<\/strong>: Andrea.<\/li>\n<li><strong>5\u00e8B<\/strong>: A\u00efda<\/li>\n<li><strong>6\u00e8<\/strong>: Marta.<\/li>\n<\/ul>\n<\/li>\n<\/ul>\n<\/li>\n<\/ul>\n<\/li>\n<li><strong>M\u00fasica<\/strong>: Jaime. \/ Ivana P.<\/li>\n<li><strong>English<\/strong>: Elisa. \/ S\u00f2nia T.<\/li>\n<li><strong> F\u00edsica<\/strong>: Juan Carlos \/ Juanfran G.<\/li>\n<li><strong> Especial<\/strong>: Helena G\/Antonio.<\/li>\n<li><strong>Castell\u00e0<\/strong>: Andrea M.<\/li>\n<li><strong>Refor\u00e7os, escriptura, comunicaci\u00f3 oral i treball cooperatiu<\/strong>: Helena. \/ Anna. \/ Montse M. \/ Marta. \/Monte Mora AA. \/A\u00efda. \/Dolors.<\/li>\n<li><strong>Religi\u00f3<\/strong>: Montse F.<\/li>\n<li><strong>Biblioteca<\/strong>: Montse M.<\/li>\n<li><strong>Integradora Social<\/strong>: Marisa.<\/li>\n<li><strong>Consergeria:<\/strong> Antonio<\/li>\n<li><strong>Administraci\u00f3: <\/strong>Leo C.<\/li>\n<li><strong>Coordinadora menjador:<\/strong> Montse M.<\/li>\n<\/ul>\n<p style=\"text-align: right;\"><i><span style=\"font-weight: 400;\">Data d\u2019actualitzaci\u00f3: Octubre 2025<\/span><\/i><\/p>\n","protected":false},"excerpt":{"rendered":"<p>Equip directiu: Directora: Montse M. Cap d\u2019estudis: Mari R. Secretari: Juanfran G. Tutores i tutors: I3: Vanesa. TEI: In\u00e9s H. I4: Laura D. I5: Sagrario. Refor\u00e7 E. Infantil: Montse Morales, Anna G. 1r: Maria C. 2n: Mari Cruz Z. 3r: Laura de la F. 4t: Dolors S. 5\u00e8A: Andrea. 5\u00e8B: A\u00efda 6\u00e8: Marta. M\u00fasica: Jaime. [&hellip;]<\/p>\n","protected":false},"author":34,"featured_media":0,"parent":0,"menu_order":0,"comment_status":"closed","ping_status":"closed","template":"","meta":{"_bbp_topic_count":0,"_bbp_reply_count":0,"_bbp_total_topic_count":0,"_bbp_total_reply_count":0,"_bbp_voice_count":0,"_bbp_anonymous_reply_count":0,"_bbp_topic_count_hidden":0,"_bbp_reply_count_hidden":0,"_bbp_forum_subforum_count":0,"site-sidebar-layout":"default","site-content-layout":"","ast-site-content-layout":"default","site-content-style":"default","site-sidebar-style":"default","ast-global-header-display":"","ast-banner-title-visibility":"","ast-main-header-display":"","ast-hfb-above-header-display":"","ast-hfb-below-header-display":"","ast-hfb-mobile-header-display":"","site-post-title":"","ast-breadcrumbs-content":"","ast-featured-img":"","footer-sml-layout":"","theme-transparent-header-meta":"","adv-header-id-meta":"","stick-header-meta":"","header-above-stick-meta":"","header-main-stick-meta":"","header-below-stick-meta":"","astra-migrate-meta-layouts":"set","ast-page-background-enabled":"default","ast-page-background-meta":{"desktop":{"background-color":"var(--ast-global-color-4)","background-image":"","background-repeat":"repeat","background-position":"center center","background-size":"auto","background-attachment":"scroll","background-type":"","background-media":"","overlay-type":"","overlay-color":"","overlay-opacity":"","overlay-gradient":""},"tablet":{"background-color":"","background-image":"","background-repeat":"repeat","background-position":"center center","background-size":"auto","background-attachment":"scroll","background-type":"","background-media":"","overlay-type":"","overlay-color":"","overlay-opacity":"","overlay-gradient":""},"mobile":{"background-color":"","background-image":"","background-repeat":"repeat","background-position":"center center","background-size":"auto","background-attachment":"scroll","background-type":"","background-media":"","overlay-type":"","overlay-color":"","overlay-opacity":"","overlay-gradient":""}},"ast-content-background-meta":{"desktop":{"background-color":"var(--ast-global-color-5)","background-image":"","background-repeat":"repeat","background-position":"center center","background-size":"auto","background-attachment":"scroll","background-type":"","background-media":"","overlay-type":"","overlay-color":"","overlay-opacity":"","overlay-gradient":""},"tablet":{"background-color":"var(--ast-global-color-5)","background-image":"","background-repeat":"repeat","background-position":"center center","background-size":"auto","background-attachment":"scroll","background-type":"","background-media":"","overlay-type":"","overlay-color":"","overlay-opacity":"","overlay-gradient":""},"mobile":{"background-color":"var(--ast-global-color-5)","background-image":"","background-repeat":"repeat","background-position":"center center","background-size":"auto","background-attachment":"scroll","background-type":"","background-media":"","overlay-type":"","overlay-color":"","overlay-opacity":"","overlay-gradient":""}},"footnotes":""},"class_list":["post-4039","page","type-page","status-publish","hentry"],"post_mailing_queue_ids":[],"_links":{"self":[{"href":"https:\/\/agora.xtec.cat\/ceipwagner\/wp-json\/wp\/v2\/pages\/4039","targetHints":{"allow":["GET"]}}],"collection":[{"href":"https:\/\/agora.xtec.cat\/ceipwagner\/wp-json\/wp\/v2\/pages"}],"about":[{"href":"https:\/\/agora.xtec.cat\/ceipwagner\/wp-json\/wp\/v2\/types\/page"}],"author":[{"embeddable":true,"href":"https:\/\/agora.xtec.cat\/ceipwagner\/wp-json\/wp\/v2\/users\/34"}],"replies":[{"embeddable":true,"href":"https:\/\/agora.xtec.cat\/ceipwagner\/wp-json\/wp\/v2\/comments?post=4039"}],"version-history":[{"count":6,"href":"https:\/\/agora.xtec.cat\/ceipwagner\/wp-json\/wp\/v2\/pages\/4039\/revisions"}],"predecessor-version":[{"id":30089,"href":"https:\/\/agora.xtec.cat\/ceipwagner\/wp-json\/wp\/v2\/pages\/4039\/revisions\/30089"}],"wp:attachment":[{"href":"https:\/\/agora.xtec.cat\/ceipwagner\/wp-json\/wp\/v2\/media?parent=4039"}],"curies":[{"name":"wp","href":"https:\/\/api.w.org\/{rel}","templated":true}]}}