{"id":38,"date":"2014-09-18T12:34:08","date_gmt":"2014-09-18T11:34:08","guid":{"rendered":"http:\/\/agora.xtec.cat\/ceipwagner\/?page_id=38"},"modified":"2017-02-15T13:41:10","modified_gmt":"2017-02-15T12:41:10","slug":"salut","status":"publish","type":"page","link":"https:\/\/agora.xtec.cat\/ceipwagner\/lescola\/salut\/","title":{"rendered":"Salut"},"content":{"rendered":"<ul>\n<li>Si durant l\u2019estada a l\u2019escola, observem que algun nen o nena presenta s\u00edmptomes de malaltia (febre, v\u00f2mits, diarrea, mal de panxa, erupcions a la pell, conjuntivitis, cops o ferides importants) el tutor o la tutora es posar\u00e0 en contacte amb la fam\u00edlia per informar-la. Conv\u00e9, doncs, proporcionar els n\u00fameros de tel\u00e8fon de contacte i actualitzats. Quan els s\u00edmptomes de malaltia s\u00f3n clars, els recomanem que l\u2019alumne\/a descansi i que no assisteixi a l\u2019escola per una bona recuperaci\u00f3 de la seva salut i per evitar possibles contagis.<\/li>\n<li>Si algun nen o nena es fa mal a l\u2019escola o es troba malament i creiem que \u00e9s recomanable portar-lo al metge, primer trucarem la fam\u00edlia (si no es tracta d\u2019una situaci\u00f3 d\u2019urg\u00e8ncia que ho impedeixi) , ja que \u00e9s millor per als nens anar acompanyats pels familiars .<\/li>\n<\/ul>\n<p>En aquest sentit, com ja els record\u00e0vem abans, \u00e9s important que ens facilitin els n\u00fameros de tel\u00e8fon actualitzats<\/p>\n<ul>\n<li>No es donar\u00e0 cap tipus de medicament en horari escolar i del menjador. En cas de necessitar una const\u00e0ncia hor\u00e0ria per a una medicaci\u00f3, cal combinar-ho amb l\u2019horari de casa. Si no fos possible, cal:\n<ul>\n<li>Portar la prescripci\u00f3 m\u00e8dica (amb indicaci\u00f3 concreta de dosi, freq\u00fc\u00e8ncia &#8230;)<\/li>\n<li>Portar una autoritzaci\u00f3 signada pels pares. Si no es porta aquesta autoritzaci\u00f3 no es prendran aquest medicament. (Teniu un model d\u2019autoritzaci\u00f3 al final d\u2019aquest llibret)<\/li>\n<li>Portar tot els estris necessaris per prendre el medicament (got de pl\u00e0stic, cullera, etc&#8230;).<\/li>\n<\/ul>\n<\/li>\n<\/ul>\n<p>Els nens\/nenes hauran de donar els medicaments als mestres juntament amb l\u2019autoritzaci\u00f3.<\/p>\n<p>&nbsp;<\/p>\n<p>&nbsp;<\/p>\n","protected":false},"excerpt":{"rendered":"<p>Si durant l\u2019estada a l\u2019escola, observem que algun nen o nena presenta s\u00edmptomes de malaltia (febre, v\u00f2mits, diarrea, mal de panxa, erupcions a la pell, conjuntivitis, cops o ferides importants) el tutor o la tutora es posar\u00e0 en contacte amb la fam\u00edlia per informar-la. Conv\u00e9, doncs, proporcionar els n\u00fameros de tel\u00e8fon de contacte i actualitzats. [&hellip;]<\/p>\n","protected":false},"author":1,"featured_media":0,"parent":22,"menu_order":80,"comment_status":"closed","ping_status":"closed","template":"page-templates\/side-menu.php","meta":{"_bbp_topic_count":0,"_bbp_reply_count":0,"_bbp_total_topic_count":0,"_bbp_total_reply_count":0,"_bbp_voice_count":0,"_bbp_anonymous_reply_count":0,"_bbp_topic_count_hidden":0,"_bbp_reply_count_hidden":0,"_bbp_forum_subforum_count":0,"site-sidebar-layout":"default","site-content-layout":"","ast-site-content-layout":"","site-content-style":"default","site-sidebar-style":"default","ast-global-header-display":"","ast-banner-title-visibility":"","ast-main-header-display":"","ast-hfb-above-header-display":"","ast-hfb-below-header-display":"","ast-hfb-mobile-header-display":"","site-post-title":"","ast-breadcrumbs-content":"","ast-featured-img":"","footer-sml-layout":"","theme-transparent-header-meta":"","adv-header-id-meta":"","stick-header-meta":"","header-above-stick-meta":"","header-main-stick-meta":"","header-below-stick-meta":"","astra-migrate-meta-layouts":"default","ast-page-background-enabled":"default","ast-page-background-meta":{"desktop":{"background-color":"var(--ast-global-color-4)","background-image":"","background-repeat":"repeat","background-position":"center center","background-size":"auto","background-attachment":"scroll","background-type":"","background-media":"","overlay-type":"","overlay-color":"","overlay-opacity":"","overlay-gradient":""},"tablet":{"background-color":"","background-image":"","background-repeat":"repeat","background-position":"center center","background-size":"auto","background-attachment":"scroll","background-type":"","background-media":"","overlay-type":"","overlay-color":"","overlay-opacity":"","overlay-gradient":""},"mobile":{"background-color":"","background-image":"","background-repeat":"repeat","background-position":"center center","background-size":"auto","background-attachment":"scroll","background-type":"","background-media":"","overlay-type":"","overlay-color":"","overlay-opacity":"","overlay-gradient":""}},"ast-content-background-meta":{"desktop":{"background-color":"var(--ast-global-color-5)","background-image":"","background-repeat":"repeat","background-position":"center center","background-size":"auto","background-attachment":"scroll","background-type":"","background-media":"","overlay-type":"","overlay-color":"","overlay-opacity":"","overlay-gradient":""},"tablet":{"background-color":"var(--ast-global-color-5)","background-image":"","background-repeat":"repeat","background-position":"center center","background-size":"auto","background-attachment":"scroll","background-type":"","background-media":"","overlay-type":"","overlay-color":"","overlay-opacity":"","overlay-gradient":""},"mobile":{"background-color":"var(--ast-global-color-5)","background-image":"","background-repeat":"repeat","background-position":"center center","background-size":"auto","background-attachment":"scroll","background-type":"","background-media":"","overlay-type":"","overlay-color":"","overlay-opacity":"","overlay-gradient":""}},"footnotes":""},"class_list":["post-38","page","type-page","status-publish","hentry"],"post_mailing_queue_ids":[],"_links":{"self":[{"href":"https:\/\/agora.xtec.cat\/ceipwagner\/wp-json\/wp\/v2\/pages\/38","targetHints":{"allow":["GET"]}}],"collection":[{"href":"https:\/\/agora.xtec.cat\/ceipwagner\/wp-json\/wp\/v2\/pages"}],"about":[{"href":"https:\/\/agora.xtec.cat\/ceipwagner\/wp-json\/wp\/v2\/types\/page"}],"author":[{"embeddable":true,"href":"https:\/\/agora.xtec.cat\/ceipwagner\/wp-json\/wp\/v2\/users\/1"}],"replies":[{"embeddable":true,"href":"https:\/\/agora.xtec.cat\/ceipwagner\/wp-json\/wp\/v2\/comments?post=38"}],"version-history":[{"count":3,"href":"https:\/\/agora.xtec.cat\/ceipwagner\/wp-json\/wp\/v2\/pages\/38\/revisions"}],"predecessor-version":[{"id":2240,"href":"https:\/\/agora.xtec.cat\/ceipwagner\/wp-json\/wp\/v2\/pages\/38\/revisions\/2240"}],"up":[{"embeddable":true,"href":"https:\/\/agora.xtec.cat\/ceipwagner\/wp-json\/wp\/v2\/pages\/22"}],"wp:attachment":[{"href":"https:\/\/agora.xtec.cat\/ceipwagner\/wp-json\/wp\/v2\/media?parent=38"}],"curies":[{"name":"wp","href":"https:\/\/api.w.org\/{rel}","templated":true}]}}