{"id":34,"date":"2014-09-18T12:32:18","date_gmt":"2014-09-18T11:32:18","guid":{"rendered":"http:\/\/agora.xtec.cat\/ceipwagner\/?page_id=34"},"modified":"2025-02-12T13:33:21","modified_gmt":"2025-02-12T12:33:21","slug":"oferta-educativa","status":"publish","type":"page","link":"https:\/\/agora.xtec.cat\/ceipwagner\/lescola\/oferta-educativa\/","title":{"rendered":"Oferta educativa"},"content":{"rendered":"<p><img loading=\"lazy\" decoding=\"async\" class=\"size-medium wp-image-2109 aligncenter\" src=\"http:\/\/agora.xtec.cat\/ceipwagner\/wp-content\/uploads\/usu1069\/2014\/09\/eSCOLA-300x155.png\" alt=\"escola\" width=\"300\" height=\"155\" srcset=\"https:\/\/agora.xtec.cat\/ceipwagner\/wp-content\/uploads\/usu1069\/2014\/09\/eSCOLA-300x155.png 300w, https:\/\/agora.xtec.cat\/ceipwagner\/wp-content\/uploads\/usu1069\/2014\/09\/eSCOLA-150x78.png 150w, https:\/\/agora.xtec.cat\/ceipwagner\/wp-content\/uploads\/usu1069\/2014\/09\/eSCOLA.png 392w\" sizes=\"auto, (max-width: 300px) 100vw, 300px\" \/><\/p>\n<p><b><i>Educaci\u00f3 Infantil: <\/i><\/b><i><span style=\"font-weight: 400;\">Fomentem un aprenentatge actiu i din\u00e0mic a trav\u00e9s de racons d&#8217;aprenentatge a l&#8217;aula i ambients internivells, on els nens i nenes exploren, experimenten i comparteixen. Impulsem el desenvolupament integral mitjan\u00e7ant projectes, l&#8217;hora del conte, la m\u00fasica i l&#8217;angl\u00e8s a partir d&#8217;I4. L&#8217;entorn enriquidor promou la creativitat, la cooperaci\u00f3 i l&#8217;autonomia.<\/span><\/i><\/p>\n<p><b><i>Educaci\u00f3 Prim\u00e0ria: <\/i><\/b><i><span style=\"font-weight: 400;\">L\u2019aprenentatge es fa de manera activa i col\u00b7laborativa, mitjan\u00e7ant racons de llengua i matem\u00e0tiques, tallers intercicles i desdoblaments per al treball integrat de les lleng\u00fces i continguts de catal\u00e0 i angl\u00e8s.<\/span><\/i><\/p>\n<p><i><span style=\"font-weight: 400;\">A la sisena hora oferim activitats enriquidores com rob\u00f2tica, ludoteca, taller d&#8217;escriptura, jocs matem\u00e0tics, contes per parlar, teatre i treball de la comprensi\u00f3 lectora amb grups cooperatius. Fomentem la investigaci\u00f3 amb treballs de recerca, projectes i resoluci\u00f3 de problemes.<\/span><\/i><\/p>\n<p><i><span style=\"font-weight: 400;\">Tamb\u00e9, participem en activitats especials com el Musical a 3r i la Cant\u00e0nia a 5\u00e8, que impulsen la creativitat i el treball en equip, i el Premi Atrapallibres i Protagonista Jove.<\/span><\/i><\/p>\n<p><i><span style=\"font-weight: 400;\">La lectura ocupa un lloc central en el nostre projecte educatiu, i la BiblioWagner \u00e9s un espai clau per al foment de la imaginaci\u00f3, l\u2019aprenentatge i l\u2019amor per la lectura des de ben petits.<\/span><\/i><\/p>\n","protected":false},"excerpt":{"rendered":"<p>Educaci\u00f3 Infantil: Fomentem un aprenentatge actiu i din\u00e0mic a trav\u00e9s de racons d&#8217;aprenentatge a l&#8217;aula i ambients internivells, on els nens i nenes exploren, experimenten i comparteixen. Impulsem el desenvolupament integral mitjan\u00e7ant projectes, l&#8217;hora del conte, la m\u00fasica i l&#8217;angl\u00e8s a partir d&#8217;I4. L&#8217;entorn enriquidor promou la creativitat, la cooperaci\u00f3 i l&#8217;autonomia. Educaci\u00f3 Prim\u00e0ria: L\u2019aprenentatge [&hellip;]<\/p>\n","protected":false},"author":1,"featured_media":0,"parent":22,"menu_order":60,"comment_status":"closed","ping_status":"closed","template":"page-templates\/side-menu.php","meta":{"_bbp_topic_count":0,"_bbp_reply_count":0,"_bbp_total_topic_count":0,"_bbp_total_reply_count":0,"_bbp_voice_count":0,"_bbp_anonymous_reply_count":0,"_bbp_topic_count_hidden":0,"_bbp_reply_count_hidden":0,"_bbp_forum_subforum_count":0,"site-sidebar-layout":"default","site-content-layout":"","ast-site-content-layout":"","site-content-style":"default","site-sidebar-style":"default","ast-global-header-display":"","ast-banner-title-visibility":"","ast-main-header-display":"","ast-hfb-above-header-display":"","ast-hfb-below-header-display":"","ast-hfb-mobile-header-display":"","site-post-title":"","ast-breadcrumbs-content":"","ast-featured-img":"","footer-sml-layout":"","theme-transparent-header-meta":"","adv-header-id-meta":"","stick-header-meta":"","header-above-stick-meta":"","header-main-stick-meta":"","header-below-stick-meta":"","astra-migrate-meta-layouts":"default","ast-page-background-enabled":"default","ast-page-background-meta":{"desktop":{"background-color":"var(--ast-global-color-4)","background-image":"","background-repeat":"repeat","background-position":"center center","background-size":"auto","background-attachment":"scroll","background-type":"","background-media":"","overlay-type":"","overlay-color":"","overlay-opacity":"","overlay-gradient":""},"tablet":{"background-color":"","background-image":"","background-repeat":"repeat","background-position":"center center","background-size":"auto","background-attachment":"scroll","background-type":"","background-media":"","overlay-type":"","overlay-color":"","overlay-opacity":"","overlay-gradient":""},"mobile":{"background-color":"","background-image":"","background-repeat":"repeat","background-position":"center center","background-size":"auto","background-attachment":"scroll","background-type":"","background-media":"","overlay-type":"","overlay-color":"","overlay-opacity":"","overlay-gradient":""}},"ast-content-background-meta":{"desktop":{"background-color":"var(--ast-global-color-5)","background-image":"","background-repeat":"repeat","background-position":"center center","background-size":"auto","background-attachment":"scroll","background-type":"","background-media":"","overlay-type":"","overlay-color":"","overlay-opacity":"","overlay-gradient":""},"tablet":{"background-color":"var(--ast-global-color-5)","background-image":"","background-repeat":"repeat","background-position":"center center","background-size":"auto","background-attachment":"scroll","background-type":"","background-media":"","overlay-type":"","overlay-color":"","overlay-opacity":"","overlay-gradient":""},"mobile":{"background-color":"var(--ast-global-color-5)","background-image":"","background-repeat":"repeat","background-position":"center center","background-size":"auto","background-attachment":"scroll","background-type":"","background-media":"","overlay-type":"","overlay-color":"","overlay-opacity":"","overlay-gradient":""}},"footnotes":""},"class_list":["post-34","page","type-page","status-publish","hentry"],"post_mailing_queue_ids":[],"_links":{"self":[{"href":"https:\/\/agora.xtec.cat\/ceipwagner\/wp-json\/wp\/v2\/pages\/34","targetHints":{"allow":["GET"]}}],"collection":[{"href":"https:\/\/agora.xtec.cat\/ceipwagner\/wp-json\/wp\/v2\/pages"}],"about":[{"href":"https:\/\/agora.xtec.cat\/ceipwagner\/wp-json\/wp\/v2\/types\/page"}],"author":[{"embeddable":true,"href":"https:\/\/agora.xtec.cat\/ceipwagner\/wp-json\/wp\/v2\/users\/1"}],"replies":[{"embeddable":true,"href":"https:\/\/agora.xtec.cat\/ceipwagner\/wp-json\/wp\/v2\/comments?post=34"}],"version-history":[{"count":4,"href":"https:\/\/agora.xtec.cat\/ceipwagner\/wp-json\/wp\/v2\/pages\/34\/revisions"}],"predecessor-version":[{"id":25215,"href":"https:\/\/agora.xtec.cat\/ceipwagner\/wp-json\/wp\/v2\/pages\/34\/revisions\/25215"}],"up":[{"embeddable":true,"href":"https:\/\/agora.xtec.cat\/ceipwagner\/wp-json\/wp\/v2\/pages\/22"}],"wp:attachment":[{"href":"https:\/\/agora.xtec.cat\/ceipwagner\/wp-json\/wp\/v2\/media?parent=34"}],"curies":[{"name":"wp","href":"https:\/\/api.w.org\/{rel}","templated":true}]}}