{"id":32,"date":"2014-09-18T12:31:33","date_gmt":"2014-09-18T11:31:33","guid":{"rendered":"http:\/\/agora.xtec.cat\/ceipwagner\/?page_id=32"},"modified":"2025-11-12T09:20:03","modified_gmt":"2025-11-12T08:20:03","slug":"calendari-del-curs","status":"publish","type":"page","link":"https:\/\/agora.xtec.cat\/ceipwagner\/lescola\/calendari-del-curs\/","title":{"rendered":"Calendari del curs"},"content":{"rendered":"<p>L\u2019<b>horari lectiu<\/b>\u00a0del centre \u00e9s:<\/p>\n<p>Per a educaci\u00f3 infantil: De 9:00h a 12:45h i de 15:00h a 16:15h<\/p>\n<p>Per a educaci\u00f3 prim\u00e0ria:\u00a0De 8:30h a 13:00h i de 15:00h a 16:30h<\/p>\n<p><strong>Per als alumnes que inicien l\u2019escolaritzaci\u00f3 a I3 s\u2019organitza un breu per\u00edode d\u2019adaptaci\u00f3 que suposa una certa modificaci\u00f3 dels horaris els primers dies de classe, i que es fa saber a les fam\u00edlies a les reunions pr\u00e8vies corresponents.<\/strong><\/p>\n<p><code><\/code><\/p>\n<div style=\"text-align: center;\">\n<div style=\"margin: 8px 0px 4px;\"><strong>CALENDARI 2025-2026<\/strong><\/div>\n<div>\u00a0<\/div>\n<\/div>\n\n\n<figure class=\"wp-block-image size-large is-resized\"><img loading=\"lazy\" decoding=\"async\" width=\"724\" height=\"1024\" src=\"https:\/\/agora.xtec.cat\/ceipwagner\/wp-content\/uploads\/usu1069\/2025\/11\/CALENDARI-25-26-2-1-724x1024.jpg\" alt=\"\" class=\"wp-image-29955\" style=\"width:621px;height:auto\" srcset=\"https:\/\/agora.xtec.cat\/ceipwagner\/wp-content\/uploads\/usu1069\/2025\/11\/CALENDARI-25-26-2-1-724x1024.jpg 724w, https:\/\/agora.xtec.cat\/ceipwagner\/wp-content\/uploads\/usu1069\/2025\/11\/CALENDARI-25-26-2-1-212x300.jpg 212w, https:\/\/agora.xtec.cat\/ceipwagner\/wp-content\/uploads\/usu1069\/2025\/11\/CALENDARI-25-26-2-1-768x1086.jpg 768w, https:\/\/agora.xtec.cat\/ceipwagner\/wp-content\/uploads\/usu1069\/2025\/11\/CALENDARI-25-26-2-1-1086x1536.jpg 1086w, https:\/\/agora.xtec.cat\/ceipwagner\/wp-content\/uploads\/usu1069\/2025\/11\/CALENDARI-25-26-2-1-1448x2048.jpg 1448w, https:\/\/agora.xtec.cat\/ceipwagner\/wp-content\/uploads\/usu1069\/2025\/11\/CALENDARI-25-26-2-1-scaled.jpg 1810w\" sizes=\"auto, (max-width: 724px) 100vw, 724px\" \/><\/figure>\n","protected":false},"excerpt":{"rendered":"<p>L\u2019horari lectiu\u00a0del centre \u00e9s: Per a educaci\u00f3 infantil: De 9:00h a 12:45h i de 15:00h a 16:15h Per a educaci\u00f3 prim\u00e0ria:\u00a0De 8:30h a 13:00h i de 15:00h a 16:30h Per als alumnes que inicien l\u2019escolaritzaci\u00f3 a I3 s\u2019organitza un breu per\u00edode d\u2019adaptaci\u00f3 que suposa una certa modificaci\u00f3 dels horaris els primers dies de classe, i [&hellip;]<\/p>\n","protected":false},"author":1,"featured_media":0,"parent":22,"menu_order":50,"comment_status":"closed","ping_status":"closed","template":"","meta":{"_bbp_topic_count":0,"_bbp_reply_count":0,"_bbp_total_topic_count":0,"_bbp_total_reply_count":0,"_bbp_voice_count":0,"_bbp_anonymous_reply_count":0,"_bbp_topic_count_hidden":0,"_bbp_reply_count_hidden":0,"_bbp_forum_subforum_count":0,"site-sidebar-layout":"default","site-content-layout":"","ast-site-content-layout":"default","site-content-style":"default","site-sidebar-style":"default","ast-global-header-display":"","ast-banner-title-visibility":"","ast-main-header-display":"","ast-hfb-above-header-display":"","ast-hfb-below-header-display":"","ast-hfb-mobile-header-display":"","site-post-title":"","ast-breadcrumbs-content":"","ast-featured-img":"","footer-sml-layout":"","theme-transparent-header-meta":"","adv-header-id-meta":"","stick-header-meta":"","header-above-stick-meta":"","header-main-stick-meta":"","header-below-stick-meta":"","astra-migrate-meta-layouts":"set","ast-page-background-enabled":"default","ast-page-background-meta":{"desktop":{"background-color":"var(--ast-global-color-4)","background-image":"","background-repeat":"repeat","background-position":"center center","background-size":"auto","background-attachment":"scroll","background-type":"","background-media":"","overlay-type":"","overlay-color":"","overlay-opacity":"","overlay-gradient":""},"tablet":{"background-color":"","background-image":"","background-repeat":"repeat","background-position":"center center","background-size":"auto","background-attachment":"scroll","background-type":"","background-media":"","overlay-type":"","overlay-color":"","overlay-opacity":"","overlay-gradient":""},"mobile":{"background-color":"","background-image":"","background-repeat":"repeat","background-position":"center center","background-size":"auto","background-attachment":"scroll","background-type":"","background-media":"","overlay-type":"","overlay-color":"","overlay-opacity":"","overlay-gradient":""}},"ast-content-background-meta":{"desktop":{"background-color":"var(--ast-global-color-5)","background-image":"","background-repeat":"repeat","background-position":"center center","background-size":"auto","background-attachment":"scroll","background-type":"","background-media":"","overlay-type":"","overlay-color":"","overlay-opacity":"","overlay-gradient":""},"tablet":{"background-color":"var(--ast-global-color-5)","background-image":"","background-repeat":"repeat","background-position":"center center","background-size":"auto","background-attachment":"scroll","background-type":"","background-media":"","overlay-type":"","overlay-color":"","overlay-opacity":"","overlay-gradient":""},"mobile":{"background-color":"var(--ast-global-color-5)","background-image":"","background-repeat":"repeat","background-position":"center center","background-size":"auto","background-attachment":"scroll","background-type":"","background-media":"","overlay-type":"","overlay-color":"","overlay-opacity":"","overlay-gradient":""}},"footnotes":""},"class_list":["post-32","page","type-page","status-publish","hentry"],"post_mailing_queue_ids":[],"_links":{"self":[{"href":"https:\/\/agora.xtec.cat\/ceipwagner\/wp-json\/wp\/v2\/pages\/32","targetHints":{"allow":["GET"]}}],"collection":[{"href":"https:\/\/agora.xtec.cat\/ceipwagner\/wp-json\/wp\/v2\/pages"}],"about":[{"href":"https:\/\/agora.xtec.cat\/ceipwagner\/wp-json\/wp\/v2\/types\/page"}],"author":[{"embeddable":true,"href":"https:\/\/agora.xtec.cat\/ceipwagner\/wp-json\/wp\/v2\/users\/1"}],"replies":[{"embeddable":true,"href":"https:\/\/agora.xtec.cat\/ceipwagner\/wp-json\/wp\/v2\/comments?post=32"}],"version-history":[{"count":6,"href":"https:\/\/agora.xtec.cat\/ceipwagner\/wp-json\/wp\/v2\/pages\/32\/revisions"}],"predecessor-version":[{"id":29956,"href":"https:\/\/agora.xtec.cat\/ceipwagner\/wp-json\/wp\/v2\/pages\/32\/revisions\/29956"}],"up":[{"embeddable":true,"href":"https:\/\/agora.xtec.cat\/ceipwagner\/wp-json\/wp\/v2\/pages\/22"}],"wp:attachment":[{"href":"https:\/\/agora.xtec.cat\/ceipwagner\/wp-json\/wp\/v2\/media?parent=32"}],"curies":[{"name":"wp","href":"https:\/\/api.w.org\/{rel}","templated":true}]}}