{"id":30,"date":"2014-09-18T12:30:23","date_gmt":"2014-09-18T11:30:23","guid":{"rendered":"http:\/\/agora.xtec.cat\/ceipwagner\/?page_id=30"},"modified":"2025-02-12T13:38:57","modified_gmt":"2025-02-12T12:38:57","slug":"instal%c2%b7lacions","status":"publish","type":"page","link":"https:\/\/agora.xtec.cat\/ceipwagner\/lescola\/instal%c2%b7lacions\/","title":{"rendered":"Instal\u00b7lacions"},"content":{"rendered":"<p><strong>L\u2019organitzaci\u00f3 de l\u2019espai \u00e9s el seg\u00fcent:<\/strong><\/p>\n<ul>\n<li>Planta baixa\n<ul>\n<li>Secretaria, consergeria, sala reunions, despatx AFA, sala de mestres i biblioteca.<\/li>\n<li>El menjador i la cuina.<\/li>\n<\/ul>\n<\/li>\n<li>Primer pis:\n<ul>\n<li>Educaci\u00f3 infantil<\/li>\n<li>Ludoteca<\/li>\n<\/ul>\n<\/li>\n<li>Segon pis:\n<ul>\n<li>Primer cicle i Segon Cicle.<\/li>\n<\/ul>\n<\/li>\n<li>Tercer pis:\n<ul>\n<li>Tercer Cicle i aules de refer\u00e8ncia (Aula Fondo i Aula Pla\u00e7a del Rellotge).<\/li>\n<\/ul>\n<\/li>\n<li>Quart pis:\n<ul>\n<li>Aula Angl\u00e8s 1, aula Angl\u00e8s 2, aula d\u2019Educaci\u00f3 Especial, aula Religi\u00f3\/Refor\u00e7, aula de M\u00fasica.<\/li>\n<li>\u00a0Soterrani:\n<ul>\n<li>Gimn\u00e0s i vestuaris.<\/li>\n<\/ul>\n<\/li>\n<\/ul>\n<\/li>\n<li>Pati<\/li>\n<\/ul>\n","protected":false},"excerpt":{"rendered":"<p>L\u2019organitzaci\u00f3 de l\u2019espai \u00e9s el seg\u00fcent: Planta baixa Secretaria, consergeria, sala reunions, despatx AFA, sala de mestres i biblioteca. El menjador i la cuina. Primer pis: Educaci\u00f3 infantil Ludoteca Segon pis: Primer cicle i Segon Cicle. Tercer pis: Tercer Cicle i aules de refer\u00e8ncia (Aula Fondo i Aula Pla\u00e7a del Rellotge). Quart pis: Aula Angl\u00e8s [&hellip;]<\/p>\n","protected":false},"author":1,"featured_media":0,"parent":22,"menu_order":40,"comment_status":"closed","ping_status":"closed","template":"page-templates\/side-menu.php","meta":{"_bbp_topic_count":0,"_bbp_reply_count":0,"_bbp_total_topic_count":0,"_bbp_total_reply_count":0,"_bbp_voice_count":0,"_bbp_anonymous_reply_count":0,"_bbp_topic_count_hidden":0,"_bbp_reply_count_hidden":0,"_bbp_forum_subforum_count":0,"site-sidebar-layout":"default","site-content-layout":"","ast-site-content-layout":"","site-content-style":"default","site-sidebar-style":"default","ast-global-header-display":"","ast-banner-title-visibility":"","ast-main-header-display":"","ast-hfb-above-header-display":"","ast-hfb-below-header-display":"","ast-hfb-mobile-header-display":"","site-post-title":"","ast-breadcrumbs-content":"","ast-featured-img":"","footer-sml-layout":"","theme-transparent-header-meta":"","adv-header-id-meta":"","stick-header-meta":"","header-above-stick-meta":"","header-main-stick-meta":"","header-below-stick-meta":"","astra-migrate-meta-layouts":"default","ast-page-background-enabled":"default","ast-page-background-meta":{"desktop":{"background-color":"var(--ast-global-color-4)","background-image":"","background-repeat":"repeat","background-position":"center center","background-size":"auto","background-attachment":"scroll","background-type":"","background-media":"","overlay-type":"","overlay-color":"","overlay-opacity":"","overlay-gradient":""},"tablet":{"background-color":"","background-image":"","background-repeat":"repeat","background-position":"center center","background-size":"auto","background-attachment":"scroll","background-type":"","background-media":"","overlay-type":"","overlay-color":"","overlay-opacity":"","overlay-gradient":""},"mobile":{"background-color":"","background-image":"","background-repeat":"repeat","background-position":"center center","background-size":"auto","background-attachment":"scroll","background-type":"","background-media":"","overlay-type":"","overlay-color":"","overlay-opacity":"","overlay-gradient":""}},"ast-content-background-meta":{"desktop":{"background-color":"var(--ast-global-color-5)","background-image":"","background-repeat":"repeat","background-position":"center center","background-size":"auto","background-attachment":"scroll","background-type":"","background-media":"","overlay-type":"","overlay-color":"","overlay-opacity":"","overlay-gradient":""},"tablet":{"background-color":"var(--ast-global-color-5)","background-image":"","background-repeat":"repeat","background-position":"center center","background-size":"auto","background-attachment":"scroll","background-type":"","background-media":"","overlay-type":"","overlay-color":"","overlay-opacity":"","overlay-gradient":""},"mobile":{"background-color":"var(--ast-global-color-5)","background-image":"","background-repeat":"repeat","background-position":"center center","background-size":"auto","background-attachment":"scroll","background-type":"","background-media":"","overlay-type":"","overlay-color":"","overlay-opacity":"","overlay-gradient":""}},"footnotes":""},"class_list":["post-30","page","type-page","status-publish","hentry"],"post_mailing_queue_ids":[],"_links":{"self":[{"href":"https:\/\/agora.xtec.cat\/ceipwagner\/wp-json\/wp\/v2\/pages\/30","targetHints":{"allow":["GET"]}}],"collection":[{"href":"https:\/\/agora.xtec.cat\/ceipwagner\/wp-json\/wp\/v2\/pages"}],"about":[{"href":"https:\/\/agora.xtec.cat\/ceipwagner\/wp-json\/wp\/v2\/types\/page"}],"author":[{"embeddable":true,"href":"https:\/\/agora.xtec.cat\/ceipwagner\/wp-json\/wp\/v2\/users\/1"}],"replies":[{"embeddable":true,"href":"https:\/\/agora.xtec.cat\/ceipwagner\/wp-json\/wp\/v2\/comments?post=30"}],"version-history":[{"count":7,"href":"https:\/\/agora.xtec.cat\/ceipwagner\/wp-json\/wp\/v2\/pages\/30\/revisions"}],"predecessor-version":[{"id":25227,"href":"https:\/\/agora.xtec.cat\/ceipwagner\/wp-json\/wp\/v2\/pages\/30\/revisions\/25227"}],"up":[{"embeddable":true,"href":"https:\/\/agora.xtec.cat\/ceipwagner\/wp-json\/wp\/v2\/pages\/22"}],"wp:attachment":[{"href":"https:\/\/agora.xtec.cat\/ceipwagner\/wp-json\/wp\/v2\/media?parent=30"}],"curies":[{"name":"wp","href":"https:\/\/api.w.org\/{rel}","templated":true}]}}