{"id":28,"date":"2014-09-18T12:29:35","date_gmt":"2014-09-18T11:29:35","guid":{"rendered":"http:\/\/agora.xtec.cat\/ceipwagner\/?page_id=28"},"modified":"2025-02-17T16:32:27","modified_gmt":"2025-02-17T15:32:27","slug":"consell-escolar","status":"publish","type":"page","link":"https:\/\/agora.xtec.cat\/ceipwagner\/lescola\/consell-escolar\/","title":{"rendered":"Consell escolar"},"content":{"rendered":"<p data-start=\"80\" data-end=\"129\">\u2500\u2500\u2500\u2500\u2500\u2500\u2500\u2500\u2500\u2500\u2500\u2500\u2500\u2500\u2500\u2500\u2500\u2500\u2500\u2500\u2500\u2500\u2500\u2500\u2500\u2500\u2500\u2500\u2500\u2500\u2500\u2500\u2500\u2500\u2500\u2500\u2500\u2500\u2500\u2500\u2500\u2500\u2500\u2500\u2500\u2500\u2500<\/p>\n<h3 data-start=\"130\" data-end=\"154\"><strong data-start=\"134\" data-end=\"152\">EQUIP DIRECTIU EXTRAORDINARI<\/strong><\/h3>\n<p>\ud83c\udf93 Directora: Montserrrat Mora Bonbeh\u00ed<\/p>\n<p>\ud83d\udcd8 Cap d&#8217;estudis: Mar\u00eda Jes\u00fas Rodr\u00edguez Ruiz<\/p>\n<p>\ud83d\udcdd Secretari: Juan Francisco Garc\u00eda Campa\u00f1a<\/p>\n<p data-start=\"301\" data-end=\"350\">\u2500\u2500\u2500\u2500\u2500\u2500\u2500\u2500\u2500\u2500\u2500\u2500\u2500\u2500\u2500\u2500\u2500\u2500\u2500\u2500\u2500\u2500\u2500\u2500\u2500\u2500\u2500\u2500\u2500\u2500\u2500\u2500\u2500\u2500\u2500\u2500\u2500\u2500\u2500\u2500\u2500\u2500\u2500\u2500\u2500\u2500\u2500<\/p>\n<h3 data-start=\"351\" data-end=\"391\"><strong data-start=\"355\" data-end=\"389\">REPRESENTANT SECTOR PROFESSORS<\/strong><\/h3>\n<p data-start=\"392\" data-end=\"577\">\ud83d\udc69\u200d\ud83c\udfeb M\u00aa Cruz Z\u00fa\u00f1iga<br data-start=\"412\" data-end=\"415\" \/>\ud83d\udc69\u200d\ud83c\udfeb Montserrat Morales Vallve<br data-start=\"446\" data-end=\"449\" \/>\ud83d\udc69\u200d\ud83c\udfeb Marta Barcel\u00f3 Romeu<br data-start=\"474\" data-end=\"477\" \/>\ud83d\udc69\u200d\ud83c\udfeb Dolores S\u00e1nchez Jim\u00e9nez<br data-start=\"506\" data-end=\"509\" \/>\ud83d\udc69\u200d\ud83c\udfeb M\u00aa Sagrario Bombin Castilla<br data-start=\"542\" data-end=\"545\" \/>\ud83d\udc69\u200d\ud83c\udfeb Laura de la Fuente Silvo<\/p>\n<p data-start=\"579\" data-end=\"628\">\u2500\u2500\u2500\u2500\u2500\u2500\u2500\u2500\u2500\u2500\u2500\u2500\u2500\u2500\u2500\u2500\u2500\u2500\u2500\u2500\u2500\u2500\u2500\u2500\u2500\u2500\u2500\u2500\u2500\u2500\u2500\u2500\u2500\u2500\u2500\u2500\u2500\u2500\u2500\u2500\u2500\u2500\u2500\u2500\u2500\u2500\u2500<\/p>\n<h3 data-start=\"629\" data-end=\"674\"><strong data-start=\"633\" data-end=\"672\">REPRESENTANT SECTOR ALUMNES I PARES<\/strong><\/h3>\n<p data-start=\"675\" data-end=\"779\">\ud83c\udf93 Shiwali Vasudez<br data-start=\"693\" data-end=\"696\" \/>\ud83c\udf93 Hakima El Housaini<br data-start=\"717\" data-end=\"720\" \/>\ud83c\udf93 Naoual Zaroual<br data-start=\"737\" data-end=\"740\" \/>\ud83c\udf93 Mercedes Mart\u00ednez<br data-start=\"760\" data-end=\"763\" \/>\ud83c\udf93 Sadia Saqib<\/p>\n<p data-start=\"781\" data-end=\"830\">\u2500\u2500\u2500\u2500\u2500\u2500\u2500\u2500\u2500\u2500\u2500\u2500\u2500\u2500\u2500\u2500\u2500\u2500\u2500\u2500\u2500\u2500\u2500\u2500\u2500\u2500\u2500\u2500\u2500\u2500\u2500\u2500\u2500\u2500\u2500\u2500\u2500\u2500\u2500\u2500\u2500\u2500\u2500\u2500\u2500\u2500\u2500<\/p>\n<h3 data-start=\"831\" data-end=\"861\"><strong data-start=\"835\" data-end=\"859\">ALTRES REPRESENTANTS<\/strong><\/h3>\n<p data-start=\"862\" data-end=\"961\">\ud83c\udfe1 <strong data-start=\"865\" data-end=\"873\">AFA:<\/strong> Belinda Gracia Polo<br data-start=\"893\" data-end=\"896\" \/>\ud83d\udee0\ufe0f <strong data-start=\"900\" data-end=\"908\">PAS:<\/strong> Leo Cano Flores<br data-start=\"924\" data-end=\"927\" \/>\ud83d\udcda <strong data-start=\"930\" data-end=\"938\">PAE:<\/strong> In\u00e9s Hidalgo Hidalgo<\/p>\n<p data-start=\"963\" data-end=\"1012\">\u2500\u2500\u2500\u2500\u2500\u2500\u2500\u2500\u2500\u2500\u2500\u2500\u2500\u2500\u2500\u2500\u2500\u2500\u2500\u2500\u2500\u2500\u2500\u2500\u2500\u2500\u2500\u2500\u2500\u2500\u2500\u2500\u2500\u2500\u2500\u2500\u2500\u2500\u2500\u2500\u2500\u2500\u2500\u2500\u2500\u2500\u2500<\/p>\n\n\n<p>Podeu consultar les actes de les sessions del Consell Escolar fent clic <a href=\"https:\/\/agora.xtec.cat\/ceipwagner\/general\/actes-consell-escolar\/\">aqu\u00ed<\/a>.<\/p>\n","protected":false},"excerpt":{"rendered":"<p>\u2500\u2500\u2500\u2500\u2500\u2500\u2500\u2500\u2500\u2500\u2500\u2500\u2500\u2500\u2500\u2500\u2500\u2500\u2500\u2500\u2500\u2500\u2500\u2500\u2500\u2500\u2500\u2500\u2500\u2500\u2500\u2500\u2500\u2500\u2500\u2500\u2500\u2500\u2500\u2500\u2500\u2500\u2500\u2500\u2500\u2500\u2500 EQUIP DIRECTIU EXTRAORDINARI \ud83c\udf93 Directora: Montserrrat Mora Bonbeh\u00ed \ud83d\udcd8 Cap d&#8217;estudis: Mar\u00eda Jes\u00fas Rodr\u00edguez Ruiz \ud83d\udcdd Secretari: Juan Francisco Garc\u00eda Campa\u00f1a \u2500\u2500\u2500\u2500\u2500\u2500\u2500\u2500\u2500\u2500\u2500\u2500\u2500\u2500\u2500\u2500\u2500\u2500\u2500\u2500\u2500\u2500\u2500\u2500\u2500\u2500\u2500\u2500\u2500\u2500\u2500\u2500\u2500\u2500\u2500\u2500\u2500\u2500\u2500\u2500\u2500\u2500\u2500\u2500\u2500\u2500\u2500 REPRESENTANT SECTOR PROFESSORS \ud83d\udc69\u200d\ud83c\udfeb M\u00aa Cruz Z\u00fa\u00f1iga\ud83d\udc69\u200d\ud83c\udfeb Montserrat Morales Vallve\ud83d\udc69\u200d\ud83c\udfeb Marta Barcel\u00f3 Romeu\ud83d\udc69\u200d\ud83c\udfeb Dolores S\u00e1nchez Jim\u00e9nez\ud83d\udc69\u200d\ud83c\udfeb M\u00aa Sagrario Bombin Castilla\ud83d\udc69\u200d\ud83c\udfeb Laura de la Fuente Silvo \u2500\u2500\u2500\u2500\u2500\u2500\u2500\u2500\u2500\u2500\u2500\u2500\u2500\u2500\u2500\u2500\u2500\u2500\u2500\u2500\u2500\u2500\u2500\u2500\u2500\u2500\u2500\u2500\u2500\u2500\u2500\u2500\u2500\u2500\u2500\u2500\u2500\u2500\u2500\u2500\u2500\u2500\u2500\u2500\u2500\u2500\u2500 REPRESENTANT SECTOR ALUMNES I PARES \ud83c\udf93 [&hellip;]<\/p>\n","protected":false},"author":1,"featured_media":0,"parent":22,"menu_order":30,"comment_status":"closed","ping_status":"closed","template":"page-templates\/side-menu.php","meta":{"_bbp_topic_count":0,"_bbp_reply_count":0,"_bbp_total_topic_count":0,"_bbp_total_reply_count":0,"_bbp_voice_count":0,"_bbp_anonymous_reply_count":0,"_bbp_topic_count_hidden":0,"_bbp_reply_count_hidden":0,"_bbp_forum_subforum_count":0,"site-sidebar-layout":"default","site-content-layout":"","ast-site-content-layout":"","site-content-style":"default","site-sidebar-style":"default","ast-global-header-display":"","ast-banner-title-visibility":"","ast-main-header-display":"","ast-hfb-above-header-display":"","ast-hfb-below-header-display":"","ast-hfb-mobile-header-display":"","site-post-title":"","ast-breadcrumbs-content":"","ast-featured-img":"","footer-sml-layout":"","theme-transparent-header-meta":"","adv-header-id-meta":"","stick-header-meta":"","header-above-stick-meta":"","header-main-stick-meta":"","header-below-stick-meta":"","astra-migrate-meta-layouts":"default","ast-page-background-enabled":"default","ast-page-background-meta":{"desktop":{"background-color":"var(--ast-global-color-4)","background-image":"","background-repeat":"repeat","background-position":"center center","background-size":"auto","background-attachment":"scroll","background-type":"","background-media":"","overlay-type":"","overlay-color":"","overlay-opacity":"","overlay-gradient":""},"tablet":{"background-color":"","background-image":"","background-repeat":"repeat","background-position":"center center","background-size":"auto","background-attachment":"scroll","background-type":"","background-media":"","overlay-type":"","overlay-color":"","overlay-opacity":"","overlay-gradient":""},"mobile":{"background-color":"","background-image":"","background-repeat":"repeat","background-position":"center center","background-size":"auto","background-attachment":"scroll","background-type":"","background-media":"","overlay-type":"","overlay-color":"","overlay-opacity":"","overlay-gradient":""}},"ast-content-background-meta":{"desktop":{"background-color":"var(--ast-global-color-5)","background-image":"","background-repeat":"repeat","background-position":"center center","background-size":"auto","background-attachment":"scroll","background-type":"","background-media":"","overlay-type":"","overlay-color":"","overlay-opacity":"","overlay-gradient":""},"tablet":{"background-color":"var(--ast-global-color-5)","background-image":"","background-repeat":"repeat","background-position":"center center","background-size":"auto","background-attachment":"scroll","background-type":"","background-media":"","overlay-type":"","overlay-color":"","overlay-opacity":"","overlay-gradient":""},"mobile":{"background-color":"var(--ast-global-color-5)","background-image":"","background-repeat":"repeat","background-position":"center center","background-size":"auto","background-attachment":"scroll","background-type":"","background-media":"","overlay-type":"","overlay-color":"","overlay-opacity":"","overlay-gradient":""}},"footnotes":""},"class_list":["post-28","page","type-page","status-publish","hentry"],"post_mailing_queue_ids":[],"_links":{"self":[{"href":"https:\/\/agora.xtec.cat\/ceipwagner\/wp-json\/wp\/v2\/pages\/28","targetHints":{"allow":["GET"]}}],"collection":[{"href":"https:\/\/agora.xtec.cat\/ceipwagner\/wp-json\/wp\/v2\/pages"}],"about":[{"href":"https:\/\/agora.xtec.cat\/ceipwagner\/wp-json\/wp\/v2\/types\/page"}],"author":[{"embeddable":true,"href":"https:\/\/agora.xtec.cat\/ceipwagner\/wp-json\/wp\/v2\/users\/1"}],"replies":[{"embeddable":true,"href":"https:\/\/agora.xtec.cat\/ceipwagner\/wp-json\/wp\/v2\/comments?post=28"}],"version-history":[{"count":5,"href":"https:\/\/agora.xtec.cat\/ceipwagner\/wp-json\/wp\/v2\/pages\/28\/revisions"}],"predecessor-version":[{"id":25273,"href":"https:\/\/agora.xtec.cat\/ceipwagner\/wp-json\/wp\/v2\/pages\/28\/revisions\/25273"}],"up":[{"embeddable":true,"href":"https:\/\/agora.xtec.cat\/ceipwagner\/wp-json\/wp\/v2\/pages\/22"}],"wp:attachment":[{"href":"https:\/\/agora.xtec.cat\/ceipwagner\/wp-json\/wp\/v2\/media?parent=28"}],"curies":[{"name":"wp","href":"https:\/\/api.w.org\/{rel}","templated":true}]}}