{"id":2281,"date":"2017-02-21T12:35:30","date_gmt":"2017-02-21T11:35:30","guid":{"rendered":"http:\/\/agora.xtec.cat\/ceipwagner\/?page_id=2281"},"modified":"2017-02-21T12:35:30","modified_gmt":"2017-02-21T11:35:30","slug":"normes-dentrada-i-sortida-de-lescola","status":"publish","type":"page","link":"https:\/\/agora.xtec.cat\/ceipwagner\/horari-escolar\/normes-dentrada-i-sortida-de-lescola\/","title":{"rendered":"Normes d&#8217;entrada i sortida de l&#8217;escola"},"content":{"rendered":"<p><span style=\"color: #3366ff;\"><strong>ENTRADES I SORTIDES DE L\u2019ESCOLA<\/strong><\/span><\/p>\n<p>El Consell Escolar vol sol\u00b7licitar la col\u00b7laboraci\u00f3 de les fam\u00edlies per tal de facilitar les entrades i les sortides dels nens i les nenes de l\u2019Escola. \u00c9s per aix\u00f2, que recordem els aspectes seg\u00fcents:<\/p>\n<ul>\n<li><strong>Al pati nom\u00e9s han d\u2019entrar els nens\/nenes<\/strong><\/li>\n<li>Les fam\u00edlies han de romandre a les l\u00ednies que hi ha pintades al Passatge Sant Llu\u00eds i no aglomerar-se a la porta. Cal evitar bloquejar el pas per aconseguir que l\u2019entrada i sortida dels\/es nens\/es es realitzi amb flu\u00efdesa.<\/li>\n<li>Per donar qualsevol comunicaci\u00f3 o missatge al professorat, cal fer-ho per escrit (en un paper o a l\u2019agenda), o b\u00e9, trucant-lo per tel\u00e8fon. En cap cas s\u2019ha d\u2019entrar al pati per parlar-hi ja que, en aquests moments, HAN D\u2019ATENDRE EXCLUSIVAMENT ELS NENS I LES NENES.<\/li>\n<li>Els nens i les nenes d\u2019Educaci\u00f3 infantil han d\u2019entrar per la porta dreta (petita) del pati. La resta d\u2019alumnes han d\u2019entrar per la porta del mig del pati.<\/li>\n<li>Les sortides dels nens i de les nenes d\u2019Educaci\u00f3 infantil es faran per la porta petita.<\/li>\n<li>Els nens i les nenes d\u2019Educaci\u00f3 prim\u00e0ria sortiran per la porta gran.<\/li>\n<li>Els nens i les nenes de 3r a 6\u00e8 que no tinguin autoritzaci\u00f3 per sortir sols o soles de l\u2019escola sortiran els \u00faltims per evitar aglomeracions a les sortides.<\/li>\n<li>Els preguem que no se situ\u00efn davant la porta.<\/li>\n<\/ul>\n<p><strong>\u00a0<\/strong><\/p>\n<p><span style=\"color: #3366ff;\"><strong>SORTIDES DIES DE PLUJA<\/strong><\/span><\/p>\n<p>Els pares\/mares entraran al pati i es col\u00b7locaran darrera de la l\u00ednia dibuixada al terra.<\/p>\n<p><strong>Nens\/nenes de Educaci\u00f3 Infantil: <\/strong>Estaran asseguts al vest\u00edbul, i sortiran per la porta del costat de les escales del menjador.<\/p>\n<p><strong>Nens\/nenes de Prim\u00e0ria (1r a 6\u00e8):<\/strong> Els nens i nenes amb autoritzaci\u00f3 per sortir sols\/soles ho faran\u00a0 per la porta del costat del lavabo del pati.<\/p>\n<p>Els nens i nenes sense autoritzaci\u00f3 per sortir sols\/soles ho faran per la porta del costat de les escales del menjador.<\/p>\n<p>Us demanem, si us plau, evitar les aglomeracions\u00a0 a la porta.<\/p>\n","protected":false},"excerpt":{"rendered":"<p>ENTRADES I SORTIDES DE L\u2019ESCOLA El Consell Escolar vol sol\u00b7licitar la col\u00b7laboraci\u00f3 de les fam\u00edlies per tal de facilitar les entrades i les sortides dels nens i les nenes de l\u2019Escola. \u00c9s per aix\u00f2, que recordem els aspectes seg\u00fcents: Al pati nom\u00e9s han d\u2019entrar els nens\/nenes Les fam\u00edlies han de romandre a les l\u00ednies que [&hellip;]<\/p>\n","protected":false},"author":1,"featured_media":0,"parent":2279,"menu_order":0,"comment_status":"closed","ping_status":"closed","template":"","meta":{"_bbp_topic_count":0,"_bbp_reply_count":0,"_bbp_total_topic_count":0,"_bbp_total_reply_count":0,"_bbp_voice_count":0,"_bbp_anonymous_reply_count":0,"_bbp_topic_count_hidden":0,"_bbp_reply_count_hidden":0,"_bbp_forum_subforum_count":0,"site-sidebar-layout":"default","site-content-layout":"","ast-site-content-layout":"","site-content-style":"default","site-sidebar-style":"default","ast-global-header-display":"","ast-banner-title-visibility":"","ast-main-header-display":"","ast-hfb-above-header-display":"","ast-hfb-below-header-display":"","ast-hfb-mobile-header-display":"","site-post-title":"","ast-breadcrumbs-content":"","ast-featured-img":"","footer-sml-layout":"","theme-transparent-header-meta":"","adv-header-id-meta":"","stick-header-meta":"","header-above-stick-meta":"","header-main-stick-meta":"","header-below-stick-meta":"","astra-migrate-meta-layouts":"default","ast-page-background-enabled":"default","ast-page-background-meta":{"desktop":{"background-color":"var(--ast-global-color-4)","background-image":"","background-repeat":"repeat","background-position":"center center","background-size":"auto","background-attachment":"scroll","background-type":"","background-media":"","overlay-type":"","overlay-color":"","overlay-opacity":"","overlay-gradient":""},"tablet":{"background-color":"","background-image":"","background-repeat":"repeat","background-position":"center center","background-size":"auto","background-attachment":"scroll","background-type":"","background-media":"","overlay-type":"","overlay-color":"","overlay-opacity":"","overlay-gradient":""},"mobile":{"background-color":"","background-image":"","background-repeat":"repeat","background-position":"center center","background-size":"auto","background-attachment":"scroll","background-type":"","background-media":"","overlay-type":"","overlay-color":"","overlay-opacity":"","overlay-gradient":""}},"ast-content-background-meta":{"desktop":{"background-color":"var(--ast-global-color-5)","background-image":"","background-repeat":"repeat","background-position":"center center","background-size":"auto","background-attachment":"scroll","background-type":"","background-media":"","overlay-type":"","overlay-color":"","overlay-opacity":"","overlay-gradient":""},"tablet":{"background-color":"var(--ast-global-color-5)","background-image":"","background-repeat":"repeat","background-position":"center center","background-size":"auto","background-attachment":"scroll","background-type":"","background-media":"","overlay-type":"","overlay-color":"","overlay-opacity":"","overlay-gradient":""},"mobile":{"background-color":"var(--ast-global-color-5)","background-image":"","background-repeat":"repeat","background-position":"center center","background-size":"auto","background-attachment":"scroll","background-type":"","background-media":"","overlay-type":"","overlay-color":"","overlay-opacity":"","overlay-gradient":""}},"footnotes":""},"class_list":["post-2281","page","type-page","status-publish","hentry"],"post_mailing_queue_ids":[],"_links":{"self":[{"href":"https:\/\/agora.xtec.cat\/ceipwagner\/wp-json\/wp\/v2\/pages\/2281","targetHints":{"allow":["GET"]}}],"collection":[{"href":"https:\/\/agora.xtec.cat\/ceipwagner\/wp-json\/wp\/v2\/pages"}],"about":[{"href":"https:\/\/agora.xtec.cat\/ceipwagner\/wp-json\/wp\/v2\/types\/page"}],"author":[{"embeddable":true,"href":"https:\/\/agora.xtec.cat\/ceipwagner\/wp-json\/wp\/v2\/users\/1"}],"replies":[{"embeddable":true,"href":"https:\/\/agora.xtec.cat\/ceipwagner\/wp-json\/wp\/v2\/comments?post=2281"}],"version-history":[{"count":2,"href":"https:\/\/agora.xtec.cat\/ceipwagner\/wp-json\/wp\/v2\/pages\/2281\/revisions"}],"predecessor-version":[{"id":2283,"href":"https:\/\/agora.xtec.cat\/ceipwagner\/wp-json\/wp\/v2\/pages\/2281\/revisions\/2283"}],"up":[{"embeddable":true,"href":"https:\/\/agora.xtec.cat\/ceipwagner\/wp-json\/wp\/v2\/pages\/2279"}],"wp:attachment":[{"href":"https:\/\/agora.xtec.cat\/ceipwagner\/wp-json\/wp\/v2\/media?parent=2281"}],"curies":[{"name":"wp","href":"https:\/\/api.w.org\/{rel}","templated":true}]}}