{"id":2279,"date":"2017-02-21T12:32:41","date_gmt":"2017-02-21T11:32:41","guid":{"rendered":"http:\/\/agora.xtec.cat\/ceipwagner\/?page_id=2279"},"modified":"2023-02-08T13:46:29","modified_gmt":"2023-02-08T12:46:29","slug":"horari-escolar","status":"publish","type":"page","link":"https:\/\/agora.xtec.cat\/ceipwagner\/horari-escolar\/","title":{"rendered":"Horari ESCOLAR"},"content":{"rendered":"<p><strong>EDUCACI\u00d3 INFANTIL<\/strong><\/p>\n<table width=\"475\">\n<tbody>\n<tr>\n<td width=\"158\"><strong>\u00a0<\/strong><\/td>\n<td width=\"158\"><strong>INICI<\/strong><\/td>\n<td width=\"158\"><strong>ACABAMENT<\/strong><\/td>\n<\/tr>\n<tr>\n<td width=\"158\">Mat\u00ed<\/td>\n<td width=\"158\">9:00 hores<\/td>\n<td width=\"158\">12:45 hores<\/td>\n<\/tr>\n<tr>\n<td width=\"158\">Tarda<\/td>\n<td width=\"158\">15:00 hores<\/td>\n<td width=\"158\">16:15 hores<\/td>\n<\/tr>\n<tr>\n<td width=\"158\">Jornada Intensiva<\/td>\n<td colspan=\"2\" width=\"317\">De 9 a 13 hores<\/td>\n<\/tr>\n<\/tbody>\n<\/table>\n<p><strong>\u00a0<\/strong><\/p>\n<p><strong>Servei d&#8217;atenci\u00f3 als alumnes d&#8217;Educaci\u00f3 Infantil que tenen germans a prim\u00e0ria:<\/strong><\/p>\n<p>Horari: Els nens i nenes que tenen germans a prim\u00e0ria entraran al mat\u00ed a les\u00a0 8:30 i acabaran\u00a0 a 13 hores al migdia.<\/p>\n<p><strong>\u00a0<\/strong><\/p>\n<p><strong>EDUCACI\u00d3 PRIM\u00c0RIA<\/strong><\/p>\n<table width=\"475\">\n<tbody>\n<tr>\n<td width=\"158\"><strong>\u00a0<\/strong><\/td>\n<td width=\"158\"><strong>INICI<\/strong><\/td>\n<td width=\"158\"><strong>ACABAMENT<\/strong><\/td>\n<\/tr>\n<tr>\n<td width=\"158\">Mat\u00ed<\/td>\n<td width=\"158\">8:30 hores<\/td>\n<td width=\"158\">13:00 hores<\/td>\n<\/tr>\n<tr>\n<td width=\"158\">Tarda<\/td>\n<td width=\"158\">15:00 hores<\/td>\n<td width=\"158\">16:30 hores<\/td>\n<\/tr>\n<tr>\n<td width=\"158\">Jornada Intensiva<\/td>\n<td colspan=\"2\" width=\"317\">De 9 a 13 hores<\/td>\n<\/tr>\n<\/tbody>\n<\/table>\n<p>&nbsp;<\/p>\n","protected":false},"excerpt":{"rendered":"<p>EDUCACI\u00d3 INFANTIL \u00a0 INICI ACABAMENT Mat\u00ed 9:00 hores 12:45 hores Tarda 15:00 hores 16:15 hores Jornada Intensiva De 9 a 13 hores \u00a0 Servei d&#8217;atenci\u00f3 als alumnes d&#8217;Educaci\u00f3 Infantil que tenen germans a prim\u00e0ria: Horari: Els nens i nenes que tenen germans a prim\u00e0ria entraran al mat\u00ed a les\u00a0 8:30 i acabaran\u00a0 a 13 hores [&hellip;]<\/p>\n","protected":false},"author":1,"featured_media":0,"parent":0,"menu_order":0,"comment_status":"closed","ping_status":"closed","template":"","meta":{"_bbp_topic_count":0,"_bbp_reply_count":0,"_bbp_total_topic_count":0,"_bbp_total_reply_count":0,"_bbp_voice_count":0,"_bbp_anonymous_reply_count":0,"_bbp_topic_count_hidden":0,"_bbp_reply_count_hidden":0,"_bbp_forum_subforum_count":0,"site-sidebar-layout":"default","site-content-layout":"","ast-site-content-layout":"","site-content-style":"default","site-sidebar-style":"default","ast-global-header-display":"","ast-banner-title-visibility":"","ast-main-header-display":"","ast-hfb-above-header-display":"","ast-hfb-below-header-display":"","ast-hfb-mobile-header-display":"","site-post-title":"","ast-breadcrumbs-content":"","ast-featured-img":"","footer-sml-layout":"","theme-transparent-header-meta":"","adv-header-id-meta":"","stick-header-meta":"","header-above-stick-meta":"","header-main-stick-meta":"","header-below-stick-meta":"","astra-migrate-meta-layouts":"default","ast-page-background-enabled":"default","ast-page-background-meta":{"desktop":{"background-color":"var(--ast-global-color-4)","background-image":"","background-repeat":"repeat","background-position":"center center","background-size":"auto","background-attachment":"scroll","background-type":"","background-media":"","overlay-type":"","overlay-color":"","overlay-opacity":"","overlay-gradient":""},"tablet":{"background-color":"","background-image":"","background-repeat":"repeat","background-position":"center center","background-size":"auto","background-attachment":"scroll","background-type":"","background-media":"","overlay-type":"","overlay-color":"","overlay-opacity":"","overlay-gradient":""},"mobile":{"background-color":"","background-image":"","background-repeat":"repeat","background-position":"center center","background-size":"auto","background-attachment":"scroll","background-type":"","background-media":"","overlay-type":"","overlay-color":"","overlay-opacity":"","overlay-gradient":""}},"ast-content-background-meta":{"desktop":{"background-color":"var(--ast-global-color-5)","background-image":"","background-repeat":"repeat","background-position":"center center","background-size":"auto","background-attachment":"scroll","background-type":"","background-media":"","overlay-type":"","overlay-color":"","overlay-opacity":"","overlay-gradient":""},"tablet":{"background-color":"var(--ast-global-color-5)","background-image":"","background-repeat":"repeat","background-position":"center center","background-size":"auto","background-attachment":"scroll","background-type":"","background-media":"","overlay-type":"","overlay-color":"","overlay-opacity":"","overlay-gradient":""},"mobile":{"background-color":"var(--ast-global-color-5)","background-image":"","background-repeat":"repeat","background-position":"center center","background-size":"auto","background-attachment":"scroll","background-type":"","background-media":"","overlay-type":"","overlay-color":"","overlay-opacity":"","overlay-gradient":""}},"footnotes":""},"class_list":["post-2279","page","type-page","status-publish","hentry"],"post_mailing_queue_ids":[],"_links":{"self":[{"href":"https:\/\/agora.xtec.cat\/ceipwagner\/wp-json\/wp\/v2\/pages\/2279","targetHints":{"allow":["GET"]}}],"collection":[{"href":"https:\/\/agora.xtec.cat\/ceipwagner\/wp-json\/wp\/v2\/pages"}],"about":[{"href":"https:\/\/agora.xtec.cat\/ceipwagner\/wp-json\/wp\/v2\/types\/page"}],"author":[{"embeddable":true,"href":"https:\/\/agora.xtec.cat\/ceipwagner\/wp-json\/wp\/v2\/users\/1"}],"replies":[{"embeddable":true,"href":"https:\/\/agora.xtec.cat\/ceipwagner\/wp-json\/wp\/v2\/comments?post=2279"}],"version-history":[{"count":2,"href":"https:\/\/agora.xtec.cat\/ceipwagner\/wp-json\/wp\/v2\/pages\/2279\/revisions"}],"predecessor-version":[{"id":18631,"href":"https:\/\/agora.xtec.cat\/ceipwagner\/wp-json\/wp\/v2\/pages\/2279\/revisions\/18631"}],"wp:attachment":[{"href":"https:\/\/agora.xtec.cat\/ceipwagner\/wp-json\/wp\/v2\/media?parent=2279"}],"curies":[{"name":"wp","href":"https:\/\/api.w.org\/{rel}","templated":true}]}}