{"id":20892,"date":"2023-11-23T13:49:43","date_gmt":"2023-11-23T12:49:43","guid":{"rendered":"https:\/\/agora.xtec.cat\/ceipwagner\/?page_id=20892"},"modified":"2023-11-23T14:03:55","modified_gmt":"2023-11-23T13:03:55","slug":"erasmus-k120-cete-mc-biblioteques-escolars-puntedu","status":"publish","type":"page","link":"https:\/\/agora.xtec.cat\/ceipwagner\/documents-de-centre\/erasmus-k120-cete-mc-biblioteques-escolars-puntedu\/","title":{"rendered":"ERASMUS+ K120 CETE+ MC BIBLIOTEQUES ESCOLARS PUNTEDU"},"content":{"rendered":"<p><img loading=\"lazy\" decoding=\"async\" class=\"aligncenter wp-image-20730 size-full\" src=\"https:\/\/agora.xtec.cat\/ceipwagner\/wp-content\/uploads\/usu1069\/2023\/11\/mascotaBW_LOGO.jpg\" alt=\"\" width=\"1600\" height=\"280\" srcset=\"https:\/\/agora.xtec.cat\/ceipwagner\/wp-content\/uploads\/usu1069\/2023\/11\/mascotaBW_LOGO.jpg 1600w, https:\/\/agora.xtec.cat\/ceipwagner\/wp-content\/uploads\/usu1069\/2023\/11\/mascotaBW_LOGO-300x53.jpg 300w, https:\/\/agora.xtec.cat\/ceipwagner\/wp-content\/uploads\/usu1069\/2023\/11\/mascotaBW_LOGO-1024x179.jpg 1024w, https:\/\/agora.xtec.cat\/ceipwagner\/wp-content\/uploads\/usu1069\/2023\/11\/mascotaBW_LOGO-150x26.jpg 150w, https:\/\/agora.xtec.cat\/ceipwagner\/wp-content\/uploads\/usu1069\/2023\/11\/mascotaBW_LOGO-768x134.jpg 768w, https:\/\/agora.xtec.cat\/ceipwagner\/wp-content\/uploads\/usu1069\/2023\/11\/mascotaBW_LOGO-1536x269.jpg 1536w\" sizes=\"auto, (max-width: 1600px) 100vw, 1600px\" \/><\/p>\n<p>Ens plau informar-vos que l\u2019Escola Wagner participa en el projecte europeu <strong>ERASMUS+ CETE+<\/strong> juntament amb cinc centres educatius de Catalunya i d\u2019altres pa\u00efsos europeus, concretament a <strong>KA120 CETE+ MC BIBLIOTEQUES ESCOLARS PUNTEDU<\/strong><\/p>\n<p>El projecte CETE+ (Consorci Europeu per a la Transformaci\u00f3 Educativa) \u00e9s un projecte subvencionat per la Uni\u00f3 Europea amb l\u2019objectiu de millorar l\u2019aprenentatge de l\u2019alumnat i dels centres educatius que hi participen.<\/p>\n<p>La participaci\u00f3 de l\u2019escola Wagner \u00e9s amb el programa de Biblioteques Escolars PuntEdu.<\/p>\n<p><img loading=\"lazy\" decoding=\"async\" class=\"alignnone wp-image-20801\" src=\"https:\/\/agora.xtec.cat\/ceipwagner\/wp-content\/uploads\/usu1069\/2023\/11\/imatge1-300x63.jpg\" alt=\"\" width=\"233\" height=\"49\" srcset=\"https:\/\/agora.xtec.cat\/ceipwagner\/wp-content\/uploads\/usu1069\/2023\/11\/imatge1-300x63.jpg 300w, https:\/\/agora.xtec.cat\/ceipwagner\/wp-content\/uploads\/usu1069\/2023\/11\/imatge1-150x31.jpg 150w, https:\/\/agora.xtec.cat\/ceipwagner\/wp-content\/uploads\/usu1069\/2023\/11\/imatge1.jpg 429w\" sizes=\"auto, (max-width: 233px) 100vw, 233px\" \/> <img loading=\"lazy\" decoding=\"async\" class=\"alignnone wp-image-20802\" src=\"https:\/\/agora.xtec.cat\/ceipwagner\/wp-content\/uploads\/usu1069\/2023\/11\/logotip-fons-blanc-300x257.jpg\" alt=\"\" width=\"78\" height=\"67\" srcset=\"https:\/\/agora.xtec.cat\/ceipwagner\/wp-content\/uploads\/usu1069\/2023\/11\/logotip-fons-blanc-300x257.jpg 300w, https:\/\/agora.xtec.cat\/ceipwagner\/wp-content\/uploads\/usu1069\/2023\/11\/logotip-fons-blanc-150x128.jpg 150w, https:\/\/agora.xtec.cat\/ceipwagner\/wp-content\/uploads\/usu1069\/2023\/11\/logotip-fons-blanc.jpg 400w\" sizes=\"auto, (max-width: 78px) 100vw, 78px\" \/><img loading=\"lazy\" decoding=\"async\" class=\"alignnone size-medium wp-image-20803\" src=\"https:\/\/agora.xtec.cat\/ceipwagner\/wp-content\/uploads\/usu1069\/2023\/11\/Departament-dEducacio-300x63.png\" alt=\"\" width=\"300\" height=\"63\" srcset=\"https:\/\/agora.xtec.cat\/ceipwagner\/wp-content\/uploads\/usu1069\/2023\/11\/Departament-dEducacio-300x63.png 300w, https:\/\/agora.xtec.cat\/ceipwagner\/wp-content\/uploads\/usu1069\/2023\/11\/Departament-dEducacio-150x31.png 150w, https:\/\/agora.xtec.cat\/ceipwagner\/wp-content\/uploads\/usu1069\/2023\/11\/Departament-dEducacio.png 682w\" sizes=\"auto, (max-width: 300px) 100vw, 300px\" \/><\/p>\n<p>&nbsp;<\/p>\n<p data-original-attrs=\"{&quot;style&quot;:&quot;&quot;}\"><strong>Els objectius del nostre projecte s\u00f3n els seg\u00fcents<\/strong>:<\/p>\n<ul data-original-attrs=\"{&quot;style&quot;:&quot;&quot;}\">\n<li>Adquirir nous coneixements i afavorir la millora de la pr\u00e0ctica di\u00e0ria de la nostra biblioteca i compartir-los amb les biblioteques d\u2019altres centres.<\/li>\n<li>Internacionalitzar el centre i sobretot la biblioteca.<\/li>\n<li>Visibilitzar els projectes i activitats de la biblioWagner entre el consorci i les escoles europees participants en el projecte.<\/li>\n<li>Implicar a tota la comunitat educativa en les accions que realitza la biblioteca. (alumnes, pares i mestres).<\/li>\n<li>Millorar i enfortir la nostra biblioteca escolar, perqu\u00e8 l\u2019entenem com un espai d\u2019equitat i de cohesi\u00f3 social.<\/li>\n<li>Ampliar la nostra oferta d\u2019activitats i motivar i animar l\u2019alumnat en l\u2019h\u00e0bit lector, en el gust per la lectura i en la lectura com a font de coneixements.<\/li>\n<li>Promoure l&#8217;\u00fas de la biblioteca com a espai lector (lectura lliure, hora del conte, lectura col\u00b7lectiva, &#8230;)<\/li>\n<li>Cercar assessorament per a l&#8217;adquisici\u00f3 i selecci\u00f3 de llibres de coneixements de qualitat i llibres en altres lleng\u00fces .<\/li>\n<li>Aplicar les eines i recursos per a la recollida d&#8217;evid\u00e8ncies i per a l&#8217;avaluaci\u00f3 del funcionament i organitzaci\u00f3 de la biblioteca.<\/li>\n<li>Crear un espai digital per a la consulta de cat\u00e0leg de la BiblioWagner i de les biblioteques de la ciutat.<\/li>\n<\/ul>\n<p>&nbsp;<\/p>\n<p><strong>Si voleu fer seguiment de tots els projectes CETE+<\/strong> que es realitzen actualment a Catalunya cliqueu <a href=\"https:\/\/projectes.xtec.cat\/cete\/\">aqu\u00ed<\/a><\/p>\n<p data-original-attrs=\"{&quot;style&quot;:&quot;&quot;}\">El projecte Erasmus+ KA120 Biblioteca Escolar PuntEdu est\u00e0 cofinanciat pel programa Erasmus+ de la Uni\u00f3 Europea. El contingut d&#8217;aquesta publicaci\u00f3n \u00e9s responsabilitat exclusiva del CEIP Wagner i ni la Comissi\u00f3 Europea, ni el Servicio Espa\u00f1ol para la Internacionalizaci\u00f3n de la Educaci\u00f3n (SEPIE) s\u00f3n responsables de l&#8217;\u00fas que pugui fer-se de la informaci\u00f3 aqu\u00ed difosa.<\/p>\n<p data-original-attrs=\"{&quot;style&quot;:&quot;&quot;}\">El proyecto\u00a0Erasmus+ KA120 Biblioteca Escolar PuntEdu est\u00e1 cofinanciado por el programa Erasmus+ de la Uni\u00f3n Europea. El contenido de esta publicaci\u00f3n es responsabilidad exclusiva del CEIP Wagner y ni la Comisi\u00f3n Europea, ni el Servicio Espa\u00f1ol para la Internacionalizaci\u00f3n de la Educaci\u00f3n (SEPIE) son responsables del uso que pueda hacerse de la informaci\u00f3n aqu\u00ed difundida.<\/p>\n<p data-original-attrs=\"{&quot;style&quot;:&quot;&quot;}\">The project\u00a0Erasmus+ KA120 Biblioteca Escolar PuntEdu\u00a0has been funded with support from the European Commission. This publication reflects the views \u00a0only of the CEIP Wagner, and the Commission cannot be held responsible for any use which may be made of the \u00a0information contained therein.<\/p>\n<p data-original-attrs=\"{&quot;style&quot;:&quot;&quot;}\"><a href=\"https:\/\/agora.xtec.cat\/ceipwagner\/tag\/erasmus\/\"><img loading=\"lazy\" decoding=\"async\" class=\"alignnone wp-image-20898\" src=\"https:\/\/agora.xtec.cat\/ceipwagner\/wp-content\/uploads\/usu1069\/2023\/11\/mascota-300x161.png\" alt=\"\" width=\"112\" height=\"60\" srcset=\"https:\/\/agora.xtec.cat\/ceipwagner\/wp-content\/uploads\/usu1069\/2023\/11\/mascota-300x161.png 300w, https:\/\/agora.xtec.cat\/ceipwagner\/wp-content\/uploads\/usu1069\/2023\/11\/mascota-150x80.png 150w, https:\/\/agora.xtec.cat\/ceipwagner\/wp-content\/uploads\/usu1069\/2023\/11\/mascota.png 429w\" sizes=\"auto, (max-width: 112px) 100vw, 112px\" \/><\/a> <a href=\"https:\/\/agora.xtec.cat\/ceipwagner\/tag\/erasmus\/\"><strong>Activitats ERASMUS +<\/strong><\/a><\/p>\n","protected":false},"excerpt":{"rendered":"<p>Ens plau informar-vos que l\u2019Escola Wagner participa en el projecte europeu ERASMUS+ CETE+ juntament amb cinc centres educatius de Catalunya i d\u2019altres pa\u00efsos europeus, concretament a KA120 CETE+ MC BIBLIOTEQUES ESCOLARS PUNTEDU El projecte CETE+ (Consorci Europeu per a la Transformaci\u00f3 Educativa) \u00e9s un projecte subvencionat per la Uni\u00f3 Europea amb l\u2019objectiu de millorar l\u2019aprenentatge [&hellip;]<\/p>\n","protected":false},"author":1,"featured_media":0,"parent":10022,"menu_order":0,"comment_status":"closed","ping_status":"closed","template":"","meta":{"_bbp_topic_count":0,"_bbp_reply_count":0,"_bbp_total_topic_count":0,"_bbp_total_reply_count":0,"_bbp_voice_count":0,"_bbp_anonymous_reply_count":0,"_bbp_topic_count_hidden":0,"_bbp_reply_count_hidden":0,"_bbp_forum_subforum_count":0,"site-sidebar-layout":"default","site-content-layout":"","ast-site-content-layout":"","site-content-style":"default","site-sidebar-style":"default","ast-global-header-display":"","ast-banner-title-visibility":"","ast-main-header-display":"","ast-hfb-above-header-display":"","ast-hfb-below-header-display":"","ast-hfb-mobile-header-display":"","site-post-title":"","ast-breadcrumbs-content":"","ast-featured-img":"","footer-sml-layout":"","theme-transparent-header-meta":"","adv-header-id-meta":"","stick-header-meta":"","header-above-stick-meta":"","header-main-stick-meta":"","header-below-stick-meta":"","astra-migrate-meta-layouts":"default","ast-page-background-enabled":"default","ast-page-background-meta":{"desktop":{"background-color":"var(--ast-global-color-4)","background-image":"","background-repeat":"repeat","background-position":"center center","background-size":"auto","background-attachment":"scroll","background-type":"","background-media":"","overlay-type":"","overlay-color":"","overlay-opacity":"","overlay-gradient":""},"tablet":{"background-color":"","background-image":"","background-repeat":"repeat","background-position":"center center","background-size":"auto","background-attachment":"scroll","background-type":"","background-media":"","overlay-type":"","overlay-color":"","overlay-opacity":"","overlay-gradient":""},"mobile":{"background-color":"","background-image":"","background-repeat":"repeat","background-position":"center center","background-size":"auto","background-attachment":"scroll","background-type":"","background-media":"","overlay-type":"","overlay-color":"","overlay-opacity":"","overlay-gradient":""}},"ast-content-background-meta":{"desktop":{"background-color":"var(--ast-global-color-5)","background-image":"","background-repeat":"repeat","background-position":"center center","background-size":"auto","background-attachment":"scroll","background-type":"","background-media":"","overlay-type":"","overlay-color":"","overlay-opacity":"","overlay-gradient":""},"tablet":{"background-color":"var(--ast-global-color-5)","background-image":"","background-repeat":"repeat","background-position":"center center","background-size":"auto","background-attachment":"scroll","background-type":"","background-media":"","overlay-type":"","overlay-color":"","overlay-opacity":"","overlay-gradient":""},"mobile":{"background-color":"var(--ast-global-color-5)","background-image":"","background-repeat":"repeat","background-position":"center center","background-size":"auto","background-attachment":"scroll","background-type":"","background-media":"","overlay-type":"","overlay-color":"","overlay-opacity":"","overlay-gradient":""}},"footnotes":""},"class_list":["post-20892","page","type-page","status-publish","hentry"],"post_mailing_queue_ids":[],"_links":{"self":[{"href":"https:\/\/agora.xtec.cat\/ceipwagner\/wp-json\/wp\/v2\/pages\/20892","targetHints":{"allow":["GET"]}}],"collection":[{"href":"https:\/\/agora.xtec.cat\/ceipwagner\/wp-json\/wp\/v2\/pages"}],"about":[{"href":"https:\/\/agora.xtec.cat\/ceipwagner\/wp-json\/wp\/v2\/types\/page"}],"author":[{"embeddable":true,"href":"https:\/\/agora.xtec.cat\/ceipwagner\/wp-json\/wp\/v2\/users\/1"}],"replies":[{"embeddable":true,"href":"https:\/\/agora.xtec.cat\/ceipwagner\/wp-json\/wp\/v2\/comments?post=20892"}],"version-history":[{"count":6,"href":"https:\/\/agora.xtec.cat\/ceipwagner\/wp-json\/wp\/v2\/pages\/20892\/revisions"}],"predecessor-version":[{"id":20900,"href":"https:\/\/agora.xtec.cat\/ceipwagner\/wp-json\/wp\/v2\/pages\/20892\/revisions\/20900"}],"up":[{"embeddable":true,"href":"https:\/\/agora.xtec.cat\/ceipwagner\/wp-json\/wp\/v2\/pages\/10022"}],"wp:attachment":[{"href":"https:\/\/agora.xtec.cat\/ceipwagner\/wp-json\/wp\/v2\/media?parent=20892"}],"curies":[{"name":"wp","href":"https:\/\/api.w.org\/{rel}","templated":true}]}}