{"id":12156,"date":"2026-02-05T10:12:31","date_gmt":"2026-02-05T09:12:31","guid":{"rendered":"https:\/\/agora.xtec.cat\/ceipvoradelmar\/?page_id=12156"},"modified":"2026-02-05T11:11:03","modified_gmt":"2026-02-05T10:11:03","slug":"consell-escolar","status":"publish","type":"page","link":"https:\/\/agora.xtec.cat\/ceipvoradelmar\/consell-escolar\/","title":{"rendered":"Consell Escolar"},"content":{"rendered":"<div style=\"max-width: 900px; margin: 0 auto; background-color: #ffffff; padding: 30px; border-radius: 12px; line-height: 1.7;\">\n<p style=\"text-align: justify;\">El <strong>Consell Escolar<\/strong> \u00e9s un \u00f2rgan de participaci\u00f3 del centre educatiu.<br \/>\n\u00c9s l\u2019espai on estan representats els diferents sectors de la comunitat educativa<br \/>\ni on es comparteixen, es debaten i es prenen decisions importants relacionades amb<br \/>\nel funcionament general de l\u2019escola.<\/p>\n<h3 style=\"margin-top: 30px;\">Qu\u00e8 \u00e9s el Consell Escolar?<\/h3>\n<p style=\"text-align: justify;\">El Consell Escolar \u00e9s un espai de trobada i de di\u00e0leg.<br \/>\nServeix per informar, valorar i fer aportacions sobre aspectes rellevants del centre,<br \/>\ncom ara el projecte educatiu, les normes de funcionament, les activitats generals<br \/>\no altres decisions que afecten la vida escolar.<\/p>\n<h3 style=\"margin-top: 30px;\">Qui forma el Consell Escolar?<\/h3>\n<p style=\"text-align: justify;\">El Consell Escolar est\u00e0 format per representants de tots els col\u00b7lectius que formen part<br \/>\nde la comunitat educativa:<\/p>\n<div>\n<div dir=\"ltr\" align=\"left\">\n<table>\n<tbody>\n<tr>\n<td>\n<p dir=\"ltr\">MEMBRES DEL CONSELL<\/p>\n<\/td>\n<td>\n<p dir=\"ltr\">FUNCI\u00d3<\/p>\n<\/td>\n<\/tr>\n<tr>\n<td>\n<p dir=\"ltr\">Renata Bedos<\/p>\n<\/td>\n<td>\n<p dir=\"ltr\">Regidor o representant Ajuntament<\/p>\n<\/td>\n<\/tr>\n<tr>\n<td>\n<p dir=\"ltr\">Silvia Nieto<\/p>\n<\/td>\n<td>\n<p dir=\"ltr\">Representant sector professors<\/p>\n<\/td>\n<\/tr>\n<tr>\n<td>\n<p dir=\"ltr\">Elena P\u00e9rez<\/p>\n<\/td>\n<td>\n<p dir=\"ltr\">Representant sector professors<\/p>\n<\/td>\n<\/tr>\n<tr>\n<td>\n<p dir=\"ltr\">Elisabet Herrera<\/p>\n<\/td>\n<td>\n<p dir=\"ltr\">Representant sector professors<\/p>\n<\/td>\n<\/tr>\n<tr>\n<td>\n<p dir=\"ltr\">Montse Camp\u00e1n<\/p>\n<\/td>\n<td>\n<p dir=\"ltr\">Representant sector professors<\/p>\n<\/td>\n<\/tr>\n<tr>\n<td>\n<p dir=\"ltr\">Cristina Selfa<\/p>\n<\/td>\n<td>\n<p dir=\"ltr\">Representant sector professors<\/p>\n<\/td>\n<\/tr>\n<tr>\n<td>\n<p dir=\"ltr\">Cristina Rold\u00e1n<\/p>\n<\/td>\n<td>\n<p dir=\"ltr\">Representant sector professors<\/p>\n<\/td>\n<\/tr>\n<tr>\n<td>\n<p dir=\"ltr\">Pere Sallent<\/p>\n<p dir=\"ltr\">Cora Hinojosa<\/p>\n<\/td>\n<td>\n<p dir=\"ltr\">Representant sector alumnat i fam\u00edlies d\u2019alumnes<\/p>\n<p dir=\"ltr\">Representant sector alumnat i fam\u00edlies d\u2019alumnes<\/p>\n<\/td>\n<\/tr>\n<tr>\n<td>\n<p dir=\"ltr\">Anna Poch<\/p>\n<\/td>\n<td>\n<p dir=\"ltr\">Representant sector alumnes i fam\u00edlies d\u2019alumnes<\/p>\n<\/td>\n<\/tr>\n<tr>\n<td>\n<p dir=\"ltr\">Carlos Rojas<\/p>\n<\/td>\n<td>\n<p dir=\"ltr\">Representant sector alumnes i fam\u00edlies d\u2019alumnes<\/p>\n<\/td>\n<\/tr>\n<tr>\n<td>\n<p dir=\"ltr\">Mar\u00eda Cosano<\/p>\n<\/td>\n<td>\n<p dir=\"ltr\">Representant sector alumnes i\u00a0 fam\u00edlies d\u2019alumnes<\/p>\n<\/td>\n<\/tr>\n<tr>\n<td>\n<p dir=\"ltr\">Saray Ximenez<\/p>\n<\/td>\n<td>\n<p dir=\"ltr\">Representant\u00a0 AFA<\/p>\n<\/td>\n<\/tr>\n<tr>\n<td>\n<p dir=\"ltr\">Toni Teres<\/p>\n<\/td>\n<td>\n<p dir=\"ltr\">Representant sector PAS<\/p>\n<\/td>\n<\/tr>\n<tr>\n<td>\n<p dir=\"ltr\">M\u00aa \u00c1ngela Agredano<\/p>\n<\/td>\n<td>\n<p dir=\"ltr\">Representant PAE<\/p>\n<\/td>\n<\/tr>\n<tr>\n<td>\n<p dir=\"ltr\">Belen Garrote Fari\u00f1as<\/p>\n<\/td>\n<td>\n<p dir=\"ltr\">Secret\u00e0ria<\/p>\n<\/td>\n<\/tr>\n<tr>\n<td>\n<p dir=\"ltr\">Eva Soriano<\/p>\n<\/td>\n<td>\n<p dir=\"ltr\">Cap d\u2019estudis<\/p>\n<\/td>\n<\/tr>\n<tr>\n<td>\n<p dir=\"ltr\">Sara Verdaguer<\/p>\n<\/td>\n<td>\n<p dir=\"ltr\">Presidenta<\/p>\n<\/td>\n<\/tr>\n<\/tbody>\n<\/table>\n<\/div>\n<\/div>\n<div><\/div>\n<p style=\"text-align: justify;\">Tots aquests membres participen amb l\u2019objectiu de vetllar pel bon funcionament del centre<br \/>\ni pel benestar de l\u2019alumnat.<\/p>\n<h3 style=\"margin-top: 30px;\">Informaci\u00f3 i acords del Consell Escolar<\/h3>\n<p style=\"text-align: justify;\">En el seg\u00fcent enlla\u00e7 es pot consultar la documentaci\u00f3 actualitzada del Consell Escolar.<br \/>\nL\u2019equip directiu hi anir\u00e0 incorporant les actes, informacions i acords de cada sessi\u00f3.<\/p>\n<div style=\"text-align: center; margin-top: 25px;\"><a style=\"display: inline-block; padding: 12px 24px; background-color: #0a6e6a; color: #ffffff; text-decoration: none; border-radius: 8px; font-weight: bold;\" href=\"https:\/\/drive.google.com\/drive\/folders\/1SPbG_LDnZX69yvuIxR4gTNaJfDYAuWzo\" target=\"_blank\" rel=\"noopener\"><br \/>\nAcc\u00e9s a la documentaci\u00f3 del Consell Escolar<br \/>\n<\/a><\/div>\n<\/div>\n","protected":false},"excerpt":{"rendered":"<p>El Consell Escolar \u00e9s un \u00f2rgan de participaci\u00f3 del centre educatiu. \u00c9s l\u2019espai on estan representats els diferents sectors de [&hellip;]<\/p>\n","protected":false},"author":1,"featured_media":0,"parent":0,"menu_order":0,"comment_status":"closed","ping_status":"closed","template":"","meta":{"_bbp_topic_count":0,"_bbp_reply_count":0,"_bbp_total_topic_count":0,"_bbp_total_reply_count":0,"_bbp_voice_count":0,"_bbp_anonymous_reply_count":0,"_bbp_topic_count_hidden":0,"_bbp_reply_count_hidden":0,"_bbp_forum_subforum_count":0,"site-sidebar-layout":"default","site-content-layout":"","ast-site-content-layout":"default","site-content-style":"default","site-sidebar-style":"default","ast-global-header-display":"","ast-banner-title-visibility":"","ast-main-header-display":"","ast-hfb-above-header-display":"","ast-hfb-below-header-display":"","ast-hfb-mobile-header-display":"","site-post-title":"","ast-breadcrumbs-content":"","ast-featured-img":"","footer-sml-layout":"","theme-transparent-header-meta":"default","adv-header-id-meta":"","stick-header-meta":"","header-above-stick-meta":"","header-main-stick-meta":"","header-below-stick-meta":"","astra-migrate-meta-layouts":"set","ast-page-background-enabled":"default","ast-page-background-meta":{"desktop":{"background-color":"var(--ast-global-color-4)","background-image":"","background-repeat":"repeat","background-position":"center center","background-size":"auto","background-attachment":"scroll","background-type":"","background-media":"","overlay-type":"","overlay-color":"","overlay-opacity":"","overlay-gradient":""},"tablet":{"background-color":"","background-image":"","background-repeat":"repeat","background-position":"center center","background-size":"auto","background-attachment":"scroll","background-type":"","background-media":"","overlay-type":"","overlay-color":"","overlay-opacity":"","overlay-gradient":""},"mobile":{"background-color":"","background-image":"","background-repeat":"repeat","background-position":"center center","background-size":"auto","background-attachment":"scroll","background-type":"","background-media":"","overlay-type":"","overlay-color":"","overlay-opacity":"","overlay-gradient":""}},"ast-content-background-meta":{"desktop":{"background-color":"var(--ast-global-color-5)","background-image":"","background-repeat":"repeat","background-position":"center center","background-size":"auto","background-attachment":"scroll","background-type":"","background-media":"","overlay-type":"","overlay-color":"","overlay-opacity":"","overlay-gradient":""},"tablet":{"background-color":"var(--ast-global-color-5)","background-image":"","background-repeat":"repeat","background-position":"center center","background-size":"auto","background-attachment":"scroll","background-type":"","background-media":"","overlay-type":"","overlay-color":"","overlay-opacity":"","overlay-gradient":""},"mobile":{"background-color":"var(--ast-global-color-5)","background-image":"","background-repeat":"repeat","background-position":"center center","background-size":"auto","background-attachment":"scroll","background-type":"","background-media":"","overlay-type":"","overlay-color":"","overlay-opacity":"","overlay-gradient":""}},"footnotes":""},"class_list":["post-12156","page","type-page","status-publish","hentry"],"post_mailing_queue_ids":[],"_links":{"self":[{"href":"https:\/\/agora.xtec.cat\/ceipvoradelmar\/wp-json\/wp\/v2\/pages\/12156","targetHints":{"allow":["GET"]}}],"collection":[{"href":"https:\/\/agora.xtec.cat\/ceipvoradelmar\/wp-json\/wp\/v2\/pages"}],"about":[{"href":"https:\/\/agora.xtec.cat\/ceipvoradelmar\/wp-json\/wp\/v2\/types\/page"}],"author":[{"embeddable":true,"href":"https:\/\/agora.xtec.cat\/ceipvoradelmar\/wp-json\/wp\/v2\/users\/1"}],"replies":[{"embeddable":true,"href":"https:\/\/agora.xtec.cat\/ceipvoradelmar\/wp-json\/wp\/v2\/comments?post=12156"}],"version-history":[{"count":7,"href":"https:\/\/agora.xtec.cat\/ceipvoradelmar\/wp-json\/wp\/v2\/pages\/12156\/revisions"}],"predecessor-version":[{"id":12211,"href":"https:\/\/agora.xtec.cat\/ceipvoradelmar\/wp-json\/wp\/v2\/pages\/12156\/revisions\/12211"}],"wp:attachment":[{"href":"https:\/\/agora.xtec.cat\/ceipvoradelmar\/wp-json\/wp\/v2\/media?parent=12156"}],"curies":[{"name":"wp","href":"https:\/\/api.w.org\/{rel}","templated":true}]}}