{"id":12149,"date":"2026-02-05T10:09:34","date_gmt":"2026-02-05T09:09:34","guid":{"rendered":"https:\/\/agora.xtec.cat\/ceipvoradelmar\/?page_id=12149"},"modified":"2026-02-05T12:23:40","modified_gmt":"2026-02-05T11:23:40","slug":"comunicacio-escola-familia","status":"publish","type":"page","link":"https:\/\/agora.xtec.cat\/ceipvoradelmar\/comunicacio-escola-familia\/","title":{"rendered":"Comunicaci\u00f3 Escola-Fam\u00edlia"},"content":{"rendered":"<h2>Comunicaci\u00f3 fam\u00edlia\u2013escola<\/h2>\n<p>La comunicaci\u00f3 entre les fam\u00edlies i l\u2019Escola Vora del Mar es basa en els principis de<br \/>\n<strong>claredat, transpar\u00e8ncia i respecte mutu<\/strong>, i es realitza a trav\u00e9s de<br \/>\n<strong>vies de comunicaci\u00f3 definides i oficials<\/strong>, amb l\u2019objectiu de garantir una informaci\u00f3 ordenada,<br \/>\naccessible i equitativa per a tota la comunitat educativa.<\/p>\n<p>El centre utilitza diferents canals per <strong>informar<\/strong> les fam\u00edlies de la vida escolar,<br \/>\nles activitats i les novetats del centre. Aquesta web institucional i el perfil d\u2019Instagram<br \/>\nde l\u2019escola s\u00f3n espais de <strong>difusi\u00f3 i transpar\u00e8ncia<\/strong>, on es publiquen informacions,<br \/>\ncomunicats i continguts d\u2019inter\u00e8s general.<\/p>\n<p>Pel que fa a la <strong>comunicaci\u00f3 directa entre les fam\u00edlies i el centre<\/strong>, per compartir<br \/>\nq\u00fcestions relacionades amb l\u2019alumnat o fer consultes concretes, aquesta es realitza exclusivament<br \/>\na trav\u00e9s dels <strong>canals oficials de comunicaci\u00f3<\/strong>:<\/p>\n<ul>\n<li>El <strong>TPV<\/strong>, com a eina principal de comunicaci\u00f3 entre l\u2019escola i les fam\u00edlies.<\/li>\n<li>Els <strong>correus electr\u00f2nics corporatius del professorat<\/strong> i del centre.<\/li>\n<\/ul>\n<p>Aquests canals permeten garantir una comunicaci\u00f3 adequada, respectuosa amb els temps de resposta<br \/>\ni coherent amb l\u2019organitzaci\u00f3 i el funcionament del centre.<\/p>\n<p><!-- Bot\u00f3 \/ enlla\u00e7 TPV en taronja --><\/p>\n<p style=\"margin: 22px 0;\"><a style=\"display: inline-block; padding: 12px 22px; background-color: #f28c28; color: #ffffff; text-decoration: none; border-radius: 6px; font-weight: 600;\" href=\"https:\/\/tpvescola.com\/DesktopNew\/Acces.aspx?\" target=\"_blank\" rel=\"noopener\"><br \/>\nAcc\u00e9s a la plataforma de comunicaci\u00f3 TPV<br \/>\n<\/a><\/p>\n<p>Els <strong>contactes oficials del centre<\/strong> (correus electr\u00f2nics i tel\u00e8fons) es poden consultar<br \/>\nen el llistat corresponent disponible en aquesta mateixa web.<\/p>\n<p><a href=\"https:\/\/agora.xtec.cat\/ceipvoradelmar\/wp-content\/uploads\/usu590\/2025\/11\/Correus-mestres-escola-Vora-del-Mar-2025-26.pdf\"><img loading=\"lazy\" decoding=\"async\" class=\"alignnone wp-image-12007 size-full\" src=\"https:\/\/agora.xtec.cat\/ceipvoradelmar\/wp-content\/uploads\/usu590\/2025\/11\/contactes1.jpg\" alt=\"\" width=\"403\" height=\"539\" srcset=\"https:\/\/agora.xtec.cat\/ceipvoradelmar\/wp-content\/uploads\/usu590\/2025\/11\/contactes1.jpg 403w, https:\/\/agora.xtec.cat\/ceipvoradelmar\/wp-content\/uploads\/usu590\/2025\/11\/contactes1-224x300.jpg 224w\" sizes=\"auto, (max-width: 403px) 100vw, 403px\" \/><\/a><\/p>\n<p><a href=\"https:\/\/agora.xtec.cat\/ceipvoradelmar\/wp-content\/uploads\/usu590\/2025\/11\/Correus-mestres-escola-Vora-del-Mar-2025-26.pdf\"><img loading=\"lazy\" decoding=\"async\" class=\"alignnone wp-image-12008 size-full\" src=\"https:\/\/agora.xtec.cat\/ceipvoradelmar\/wp-content\/uploads\/usu590\/2025\/11\/contactes2.jpg\" alt=\"\" width=\"402\" height=\"388\" srcset=\"https:\/\/agora.xtec.cat\/ceipvoradelmar\/wp-content\/uploads\/usu590\/2025\/11\/contactes2.jpg 402w, https:\/\/agora.xtec.cat\/ceipvoradelmar\/wp-content\/uploads\/usu590\/2025\/11\/contactes2-300x290.jpg 300w\" sizes=\"auto, (max-width: 402px) 100vw, 402px\" \/><\/a><\/p>\n<p><!-- Bloc imatge Atenci\u00f3 a les fam\u00edlies --><\/p>\n","protected":false},"excerpt":{"rendered":"<p>Comunicaci\u00f3 fam\u00edlia\u2013escola La comunicaci\u00f3 entre les fam\u00edlies i l\u2019Escola Vora del Mar es basa en els principis de claredat, transpar\u00e8ncia [&hellip;]<\/p>\n","protected":false},"author":1,"featured_media":0,"parent":0,"menu_order":0,"comment_status":"closed","ping_status":"closed","template":"","meta":{"_bbp_topic_count":0,"_bbp_reply_count":0,"_bbp_total_topic_count":0,"_bbp_total_reply_count":0,"_bbp_voice_count":0,"_bbp_anonymous_reply_count":0,"_bbp_topic_count_hidden":0,"_bbp_reply_count_hidden":0,"_bbp_forum_subforum_count":0,"site-sidebar-layout":"default","site-content-layout":"","ast-site-content-layout":"default","site-content-style":"default","site-sidebar-style":"default","ast-global-header-display":"","ast-banner-title-visibility":"","ast-main-header-display":"","ast-hfb-above-header-display":"","ast-hfb-below-header-display":"","ast-hfb-mobile-header-display":"","site-post-title":"","ast-breadcrumbs-content":"","ast-featured-img":"","footer-sml-layout":"","theme-transparent-header-meta":"default","adv-header-id-meta":"","stick-header-meta":"","header-above-stick-meta":"","header-main-stick-meta":"","header-below-stick-meta":"","astra-migrate-meta-layouts":"set","ast-page-background-enabled":"default","ast-page-background-meta":{"desktop":{"background-color":"var(--ast-global-color-4)","background-image":"","background-repeat":"repeat","background-position":"center center","background-size":"auto","background-attachment":"scroll","background-type":"","background-media":"","overlay-type":"","overlay-color":"","overlay-opacity":"","overlay-gradient":""},"tablet":{"background-color":"","background-image":"","background-repeat":"repeat","background-position":"center center","background-size":"auto","background-attachment":"scroll","background-type":"","background-media":"","overlay-type":"","overlay-color":"","overlay-opacity":"","overlay-gradient":""},"mobile":{"background-color":"","background-image":"","background-repeat":"repeat","background-position":"center center","background-size":"auto","background-attachment":"scroll","background-type":"","background-media":"","overlay-type":"","overlay-color":"","overlay-opacity":"","overlay-gradient":""}},"ast-content-background-meta":{"desktop":{"background-color":"var(--ast-global-color-5)","background-image":"","background-repeat":"repeat","background-position":"center center","background-size":"auto","background-attachment":"scroll","background-type":"","background-media":"","overlay-type":"","overlay-color":"","overlay-opacity":"","overlay-gradient":""},"tablet":{"background-color":"var(--ast-global-color-5)","background-image":"","background-repeat":"repeat","background-position":"center center","background-size":"auto","background-attachment":"scroll","background-type":"","background-media":"","overlay-type":"","overlay-color":"","overlay-opacity":"","overlay-gradient":""},"mobile":{"background-color":"var(--ast-global-color-5)","background-image":"","background-repeat":"repeat","background-position":"center center","background-size":"auto","background-attachment":"scroll","background-type":"","background-media":"","overlay-type":"","overlay-color":"","overlay-opacity":"","overlay-gradient":""}},"footnotes":""},"class_list":["post-12149","page","type-page","status-publish","hentry"],"post_mailing_queue_ids":[],"_links":{"self":[{"href":"https:\/\/agora.xtec.cat\/ceipvoradelmar\/wp-json\/wp\/v2\/pages\/12149","targetHints":{"allow":["GET"]}}],"collection":[{"href":"https:\/\/agora.xtec.cat\/ceipvoradelmar\/wp-json\/wp\/v2\/pages"}],"about":[{"href":"https:\/\/agora.xtec.cat\/ceipvoradelmar\/wp-json\/wp\/v2\/types\/page"}],"author":[{"embeddable":true,"href":"https:\/\/agora.xtec.cat\/ceipvoradelmar\/wp-json\/wp\/v2\/users\/1"}],"replies":[{"embeddable":true,"href":"https:\/\/agora.xtec.cat\/ceipvoradelmar\/wp-json\/wp\/v2\/comments?post=12149"}],"version-history":[{"count":4,"href":"https:\/\/agora.xtec.cat\/ceipvoradelmar\/wp-json\/wp\/v2\/pages\/12149\/revisions"}],"predecessor-version":[{"id":12189,"href":"https:\/\/agora.xtec.cat\/ceipvoradelmar\/wp-json\/wp\/v2\/pages\/12149\/revisions\/12189"}],"wp:attachment":[{"href":"https:\/\/agora.xtec.cat\/ceipvoradelmar\/wp-json\/wp\/v2\/media?parent=12149"}],"curies":[{"name":"wp","href":"https:\/\/api.w.org\/{rel}","templated":true}]}}