{"id":12071,"date":"2026-01-26T09:34:14","date_gmt":"2026-01-26T08:34:14","guid":{"rendered":"https:\/\/agora.xtec.cat\/ceipvoradelmar\/?page_id=12071"},"modified":"2026-02-25T09:30:32","modified_gmt":"2026-02-25T08:30:32","slug":"portes-obertes-2026","status":"publish","type":"page","link":"https:\/\/agora.xtec.cat\/ceipvoradelmar\/portes-obertes-2026\/","title":{"rendered":"Portes Obertes 2026"},"content":{"rendered":"<p>Benvolgudes fam\u00edlies,<br \/>\nUs compartim les primeres informacions sobre la Jornada de Portes Obertes 2026 de l\u2019Escola Vora del Mar.<br \/>\nProperament publicarem en aquest mateix espai el formulari de reserva de pla\u00e7a, amb tots els detalls sobre dates, horaris i funcionament de la jornada.<br \/>\nUs animem a seguir-nos i a tornar a visitar la web en els pr\u00f2xims dies.<br \/>\nUs hi esperem!<br \/>\n<a href=\"https:\/\/docs.google.com\/forms\/d\/e\/1FAIpQLSd2YBjypfhkeTZ3Eciy26rgz94g_R3ozS6yZ2bEE0OzULLdeQ\/viewform\"><img loading=\"lazy\" decoding=\"async\" class=\"alignnone wp-image-12086 size-full\" src=\"https:\/\/agora.xtec.cat\/ceipvoradelmar\/wp-content\/uploads\/usu590\/2026\/01\/PORTES-OBERTES-PAGINA-WEB-2026.png\" alt=\"\" width=\"1414\" height=\"2000\" srcset=\"https:\/\/agora.xtec.cat\/ceipvoradelmar\/wp-content\/uploads\/usu590\/2026\/01\/PORTES-OBERTES-PAGINA-WEB-2026.png 1414w, https:\/\/agora.xtec.cat\/ceipvoradelmar\/wp-content\/uploads\/usu590\/2026\/01\/PORTES-OBERTES-PAGINA-WEB-2026-212x300.png 212w, https:\/\/agora.xtec.cat\/ceipvoradelmar\/wp-content\/uploads\/usu590\/2026\/01\/PORTES-OBERTES-PAGINA-WEB-2026-724x1024.png 724w, https:\/\/agora.xtec.cat\/ceipvoradelmar\/wp-content\/uploads\/usu590\/2026\/01\/PORTES-OBERTES-PAGINA-WEB-2026-768x1086.png 768w, https:\/\/agora.xtec.cat\/ceipvoradelmar\/wp-content\/uploads\/usu590\/2026\/01\/PORTES-OBERTES-PAGINA-WEB-2026-1086x1536.png 1086w\" sizes=\"auto, (max-width: 1414px) 100vw, 1414px\" \/><\/a><\/p>\n<p>&nbsp;<\/p>\n<div><i data-removefontsize=\"true\" data-originalcomputedfontsize=\"16\">Benvolgudes fam\u00edlies de portes obertes,<\/i><\/div>\n<div><i data-removefontsize=\"true\" data-originalcomputedfontsize=\"16\">ha estat un plaer compartir amb vosaltres les Jornades de Portes Obertes. Tal com vam comentar durant les sessions, us deixem la presentaci\u00f3 perqu\u00e8 pugueu consultar amb calma tots els enlla\u00e7os i la informaci\u00f3 relacionada amb el proc\u00e9s de preinscripci\u00f3.\u00a0\u00a0<\/i><i data-removefontsize=\"true\" data-originalcomputedfontsize=\"16\">Si teniu qualsevol dubte o necessiteu aclariments, ens podeu trucar o escriure sempre que ho necessiteu.<\/i><\/div>\n<div><i data-removefontsize=\"true\" data-originalcomputedfontsize=\"16\">Gr\u00e0cies per apropar-vos a l\u2019Escola Vora del Mar.<\/i><\/div>\n<div>\n<figure id=\"attachment_12203\" aria-describedby=\"caption-attachment-12203\" style=\"width: 1920px\" class=\"wp-caption alignnone\"><a href=\"https:\/\/drive.google.com\/file\/d\/1x8KqeRQNrnVrtsVyNNQBSTO9IRFAdDnW\/view?usp=drivesdk\"><img loading=\"lazy\" decoding=\"async\" class=\"size-full wp-image-12203\" src=\"https:\/\/agora.xtec.cat\/ceipvoradelmar\/wp-content\/uploads\/usu590\/2026\/02\/IMG_0028.png\" alt=\"L\" width=\"1920\" height=\"1080\" srcset=\"https:\/\/agora.xtec.cat\/ceipvoradelmar\/wp-content\/uploads\/usu590\/2026\/02\/IMG_0028.png 1920w, https:\/\/agora.xtec.cat\/ceipvoradelmar\/wp-content\/uploads\/usu590\/2026\/02\/IMG_0028-300x169.png 300w, https:\/\/agora.xtec.cat\/ceipvoradelmar\/wp-content\/uploads\/usu590\/2026\/02\/IMG_0028-1024x576.png 1024w, https:\/\/agora.xtec.cat\/ceipvoradelmar\/wp-content\/uploads\/usu590\/2026\/02\/IMG_0028-768x432.png 768w, https:\/\/agora.xtec.cat\/ceipvoradelmar\/wp-content\/uploads\/usu590\/2026\/02\/IMG_0028-1536x864.png 1536w\" sizes=\"auto, (max-width: 1920px) 100vw, 1920px\" \/><\/a><figcaption id=\"caption-attachment-12203\" class=\"wp-caption-text\">.<\/figcaption><\/figure>\n<\/div>\n<div style=\"width: 720px;\" class=\"wp-video\"><!--[if lt IE 9]><script>document.createElement('video');<\/script><![endif]-->\n<video class=\"wp-video-shortcode\" id=\"video-12071-1\" width=\"720\" height=\"1280\" preload=\"metadata\" controls=\"controls\"><source type=\"video\/mp4\" src=\"https:\/\/agora.xtec.cat\/ceipvoradelmar\/wp-content\/uploads\/usu590\/2026\/02\/VID-20260205-WA0002.mp4?_=1\" \/><a href=\"https:\/\/agora.xtec.cat\/ceipvoradelmar\/wp-content\/uploads\/usu590\/2026\/02\/VID-20260205-WA0002.mp4\">https:\/\/agora.xtec.cat\/ceipvoradelmar\/wp-content\/uploads\/usu590\/2026\/02\/VID-20260205-WA0002.mp4<\/a><\/video><\/div>\n","protected":false},"excerpt":{"rendered":"<p>Benvolgudes fam\u00edlies, Us compartim les primeres informacions sobre la Jornada de Portes Obertes 2026 de l\u2019Escola Vora del Mar. Properament [&hellip;]<\/p>\n","protected":false},"author":1,"featured_media":0,"parent":0,"menu_order":0,"comment_status":"closed","ping_status":"closed","template":"","meta":{"_bbp_topic_count":0,"_bbp_reply_count":0,"_bbp_total_topic_count":0,"_bbp_total_reply_count":0,"_bbp_voice_count":0,"_bbp_anonymous_reply_count":0,"_bbp_topic_count_hidden":0,"_bbp_reply_count_hidden":0,"_bbp_forum_subforum_count":0,"site-sidebar-layout":"default","site-content-layout":"","ast-site-content-layout":"default","site-content-style":"default","site-sidebar-style":"default","ast-global-header-display":"","ast-banner-title-visibility":"","ast-main-header-display":"","ast-hfb-above-header-display":"","ast-hfb-below-header-display":"","ast-hfb-mobile-header-display":"","site-post-title":"","ast-breadcrumbs-content":"","ast-featured-img":"","footer-sml-layout":"","theme-transparent-header-meta":"default","adv-header-id-meta":"","stick-header-meta":"","header-above-stick-meta":"","header-main-stick-meta":"","header-below-stick-meta":"","astra-migrate-meta-layouts":"set","ast-page-background-enabled":"default","ast-page-background-meta":{"desktop":{"background-color":"var(--ast-global-color-4)","background-image":"","background-repeat":"repeat","background-position":"center center","background-size":"auto","background-attachment":"scroll","background-type":"","background-media":"","overlay-type":"","overlay-color":"","overlay-opacity":"","overlay-gradient":""},"tablet":{"background-color":"","background-image":"","background-repeat":"repeat","background-position":"center center","background-size":"auto","background-attachment":"scroll","background-type":"","background-media":"","overlay-type":"","overlay-color":"","overlay-opacity":"","overlay-gradient":""},"mobile":{"background-color":"","background-image":"","background-repeat":"repeat","background-position":"center center","background-size":"auto","background-attachment":"scroll","background-type":"","background-media":"","overlay-type":"","overlay-color":"","overlay-opacity":"","overlay-gradient":""}},"ast-content-background-meta":{"desktop":{"background-color":"var(--ast-global-color-5)","background-image":"","background-repeat":"repeat","background-position":"center center","background-size":"auto","background-attachment":"scroll","background-type":"","background-media":"","overlay-type":"","overlay-color":"","overlay-opacity":"","overlay-gradient":""},"tablet":{"background-color":"var(--ast-global-color-5)","background-image":"","background-repeat":"repeat","background-position":"center center","background-size":"auto","background-attachment":"scroll","background-type":"","background-media":"","overlay-type":"","overlay-color":"","overlay-opacity":"","overlay-gradient":""},"mobile":{"background-color":"var(--ast-global-color-5)","background-image":"","background-repeat":"repeat","background-position":"center center","background-size":"auto","background-attachment":"scroll","background-type":"","background-media":"","overlay-type":"","overlay-color":"","overlay-opacity":"","overlay-gradient":""}},"footnotes":""},"class_list":["post-12071","page","type-page","status-publish","hentry"],"post_mailing_queue_ids":[],"_links":{"self":[{"href":"https:\/\/agora.xtec.cat\/ceipvoradelmar\/wp-json\/wp\/v2\/pages\/12071","targetHints":{"allow":["GET"]}}],"collection":[{"href":"https:\/\/agora.xtec.cat\/ceipvoradelmar\/wp-json\/wp\/v2\/pages"}],"about":[{"href":"https:\/\/agora.xtec.cat\/ceipvoradelmar\/wp-json\/wp\/v2\/types\/page"}],"author":[{"embeddable":true,"href":"https:\/\/agora.xtec.cat\/ceipvoradelmar\/wp-json\/wp\/v2\/users\/1"}],"replies":[{"embeddable":true,"href":"https:\/\/agora.xtec.cat\/ceipvoradelmar\/wp-json\/wp\/v2\/comments?post=12071"}],"version-history":[{"count":6,"href":"https:\/\/agora.xtec.cat\/ceipvoradelmar\/wp-json\/wp\/v2\/pages\/12071\/revisions"}],"predecessor-version":[{"id":12206,"href":"https:\/\/agora.xtec.cat\/ceipvoradelmar\/wp-json\/wp\/v2\/pages\/12071\/revisions\/12206"}],"wp:attachment":[{"href":"https:\/\/agora.xtec.cat\/ceipvoradelmar\/wp-json\/wp\/v2\/media?parent=12071"}],"curies":[{"name":"wp","href":"https:\/\/api.w.org\/{rel}","templated":true}]}}