{"id":11965,"date":"2025-10-23T09:45:17","date_gmt":"2025-10-23T07:45:17","guid":{"rendered":"https:\/\/agora.xtec.cat\/ceipvoradelmar\/?page_id=11965"},"modified":"2025-12-16T09:45:56","modified_gmt":"2025-12-16T08:45:56","slug":"comunitat-de-grans","status":"publish","type":"page","link":"https:\/\/agora.xtec.cat\/ceipvoradelmar\/comunitat-de-grans\/","title":{"rendered":"Comunitat de grans"},"content":{"rendered":"<h2>Aprenem angl\u00e8s cantant, escoltant i comunicant-nos<\/h2>\n<p>A la comunitat de grans aprenem angl\u00e8s de manera din\u00e0mica i motivadora a trav\u00e9s de can\u00e7ons i v\u00eddeos. Mitjan\u00e7ant la m\u00fasica i materials audiovisuals, treballem la comprensi\u00f3 oral, la pronunciaci\u00f3 i el vocabulari, aix\u00ed com expressions i estructures pr\u00f2pies de la llengua anglesa.<br \/>\nEls v\u00eddeos ens ajuden a entendre millor el significat del que escoltem i a utilitzar l\u2019angl\u00e8s en situacions properes al nostre dia a dia. D\u2019aquesta manera, afavorim la participaci\u00f3 activa de l\u2019alumnat i fem de l\u2019angl\u00e8s una eina per expressar-nos, comunicar-nos i gaudir aprenent.<\/p>\n<div style=\"display: flex; justify-content: center; align-items: center; gap: 20px; margin-top: 20px; flex-wrap: nowrap; overflow-x: auto; padding: 10px; -webkit-overflow-scrolling: touch;\">\n<div style=\"display: flex; justify-content: center; align-items: center; gap: 20px; margin-top: 20px; flex-wrap: nowrap; overflow-x: auto; padding: 10px; -webkit-overflow-scrolling: touch;\">\n<p><a href=\"https:\/\/sites.google.com\/escolavoradelmar.com\/4th?usp=sharing\" target=\"_blank\" rel=\"noopener\"><img loading=\"lazy\" decoding=\"async\" class=\"alignnone wp-image-11974 size-full\" src=\"https:\/\/agora.xtec.cat\/ceipvoradelmar\/wp-content\/uploads\/usu590\/2025\/10\/ChatGPT-Image-27-doct.-del-2025-11_12_24.png\" alt=\"\" width=\"230\" height=\"80\" \/><\/a><a href=\"https:\/\/sites.google.com\/escolavoradelmar.com\/5th?usp=sharing\" rel=\"attachment wp-att-11975\"><img loading=\"lazy\" decoding=\"async\" class=\"alignnone wp-image-11975 size-full\" src=\"https:\/\/agora.xtec.cat\/ceipvoradelmar\/wp-content\/uploads\/usu590\/2025\/10\/ChatGPT-Image-27-doct.-del-2025-11_15_52.png\" alt=\"\" width=\"230\" height=\"80\" \/><\/a><a href=\"https:\/\/sites.google.com\/escolavoradelmar.com\/6th?usp=sharing\" target=\"_blank\" rel=\"noopener\"><img loading=\"lazy\" decoding=\"async\" class=\"alignnone wp-image-11977 size-full\" src=\"https:\/\/agora.xtec.cat\/ceipvoradelmar\/wp-content\/uploads\/usu590\/2025\/10\/ChatGPT-Image-27-doct.-del-2025-11_15_55.png\" alt=\"\" width=\"230\" height=\"80\" \/><\/a><\/p>\n<\/div>\n<\/div>\n","protected":false},"excerpt":{"rendered":"<p>Aprenem angl\u00e8s cantant, escoltant i comunicant-nos A la comunitat de grans aprenem angl\u00e8s de manera din\u00e0mica i motivadora a trav\u00e9s [&hellip;]<\/p>\n","protected":false},"author":1,"featured_media":0,"parent":0,"menu_order":0,"comment_status":"closed","ping_status":"closed","template":"","meta":{"_bbp_topic_count":0,"_bbp_reply_count":0,"_bbp_total_topic_count":0,"_bbp_total_reply_count":0,"_bbp_voice_count":0,"_bbp_anonymous_reply_count":0,"_bbp_topic_count_hidden":0,"_bbp_reply_count_hidden":0,"_bbp_forum_subforum_count":0,"site-sidebar-layout":"default","site-content-layout":"","ast-site-content-layout":"default","site-content-style":"default","site-sidebar-style":"default","ast-global-header-display":"","ast-banner-title-visibility":"","ast-main-header-display":"","ast-hfb-above-header-display":"","ast-hfb-below-header-display":"","ast-hfb-mobile-header-display":"","site-post-title":"","ast-breadcrumbs-content":"","ast-featured-img":"","footer-sml-layout":"","theme-transparent-header-meta":"default","adv-header-id-meta":"","stick-header-meta":"","header-above-stick-meta":"","header-main-stick-meta":"","header-below-stick-meta":"","astra-migrate-meta-layouts":"set","ast-page-background-enabled":"default","ast-page-background-meta":{"desktop":{"background-color":"var(--ast-global-color-4)","background-image":"","background-repeat":"repeat","background-position":"center center","background-size":"auto","background-attachment":"scroll","background-type":"","background-media":"","overlay-type":"","overlay-color":"","overlay-opacity":"","overlay-gradient":""},"tablet":{"background-color":"","background-image":"","background-repeat":"repeat","background-position":"center center","background-size":"auto","background-attachment":"scroll","background-type":"","background-media":"","overlay-type":"","overlay-color":"","overlay-opacity":"","overlay-gradient":""},"mobile":{"background-color":"","background-image":"","background-repeat":"repeat","background-position":"center center","background-size":"auto","background-attachment":"scroll","background-type":"","background-media":"","overlay-type":"","overlay-color":"","overlay-opacity":"","overlay-gradient":""}},"ast-content-background-meta":{"desktop":{"background-color":"var(--ast-global-color-5)","background-image":"","background-repeat":"repeat","background-position":"center center","background-size":"auto","background-attachment":"scroll","background-type":"","background-media":"","overlay-type":"","overlay-color":"","overlay-opacity":"","overlay-gradient":""},"tablet":{"background-color":"var(--ast-global-color-5)","background-image":"","background-repeat":"repeat","background-position":"center center","background-size":"auto","background-attachment":"scroll","background-type":"","background-media":"","overlay-type":"","overlay-color":"","overlay-opacity":"","overlay-gradient":""},"mobile":{"background-color":"var(--ast-global-color-5)","background-image":"","background-repeat":"repeat","background-position":"center center","background-size":"auto","background-attachment":"scroll","background-type":"","background-media":"","overlay-type":"","overlay-color":"","overlay-opacity":"","overlay-gradient":""}},"footnotes":""},"class_list":["post-11965","page","type-page","status-publish","hentry"],"post_mailing_queue_ids":[],"_links":{"self":[{"href":"https:\/\/agora.xtec.cat\/ceipvoradelmar\/wp-json\/wp\/v2\/pages\/11965","targetHints":{"allow":["GET"]}}],"collection":[{"href":"https:\/\/agora.xtec.cat\/ceipvoradelmar\/wp-json\/wp\/v2\/pages"}],"about":[{"href":"https:\/\/agora.xtec.cat\/ceipvoradelmar\/wp-json\/wp\/v2\/types\/page"}],"author":[{"embeddable":true,"href":"https:\/\/agora.xtec.cat\/ceipvoradelmar\/wp-json\/wp\/v2\/users\/1"}],"replies":[{"embeddable":true,"href":"https:\/\/agora.xtec.cat\/ceipvoradelmar\/wp-json\/wp\/v2\/comments?post=11965"}],"version-history":[{"count":7,"href":"https:\/\/agora.xtec.cat\/ceipvoradelmar\/wp-json\/wp\/v2\/pages\/11965\/revisions"}],"predecessor-version":[{"id":12061,"href":"https:\/\/agora.xtec.cat\/ceipvoradelmar\/wp-json\/wp\/v2\/pages\/11965\/revisions\/12061"}],"wp:attachment":[{"href":"https:\/\/agora.xtec.cat\/ceipvoradelmar\/wp-json\/wp\/v2\/media?parent=11965"}],"curies":[{"name":"wp","href":"https:\/\/api.w.org\/{rel}","templated":true}]}}