{"id":11961,"date":"2025-10-23T09:32:11","date_gmt":"2025-10-23T07:32:11","guid":{"rendered":"https:\/\/agora.xtec.cat\/ceipvoradelmar\/?page_id=11961"},"modified":"2025-10-23T11:29:59","modified_gmt":"2025-10-23T09:29:59","slug":"comunitat-mitjans","status":"publish","type":"page","link":"https:\/\/agora.xtec.cat\/ceipvoradelmar\/comunitat-mitjans\/","title":{"rendered":"Comunitat mitjans"},"content":{"rendered":"<h2>Juguem, cantem i ens comuniquem en angl\u00e8s<\/h2>\n<p>A la comunitat de mitjans aprenem angl\u00e8s tot jugant i experimentant. A trav\u00e9s de jocs de rol, can\u00e7ons i activitats relacionades amb el nostre entorn i les diferents estacions de l\u2019any, utilitzem la llengua per expressar-nos i comunicar-nos de manera viva. Parlem de situacions del dia a dia, compartim emocions i descobrim nou vocabulari que ens ajuda a entendre millor el m\u00f3n que ens envolta. L\u2019angl\u00e8s esdev\u00e9 aix\u00ed una eina per cr\u00e9ixer i connectar amb els altres.<\/p>\n<div style=\"display: flex; justify-content: center; align-items: center; gap: 20px; margin-top: 20px; flex-wrap: nowrap; overflow-x: auto; padding: 10px; -webkit-overflow-scrolling: touch;\">\n<p><a style=\"text-decoration: none;\" href=\"https:\/\/sites.google.com\/escolavoradelmar.com\/1st\/p%C3%A0gina-principal\" target=\"_blank\" rel=\"noopener\"><br \/>\n<img decoding=\"async\" class=\"aligncenter\" style=\"width: 230px; max-width: 80vw; height: auto; border: none;\" src=\"https:\/\/agora.xtec.cat\/ceipvoradelmar\/wp-content\/uploads\/usu590\/2025\/09\/1st.png\" alt=\"1st\" \/><br \/>\n<\/a><\/p>\n<p><a style=\"text-decoration: none;\" href=\"https:\/\/sites.google.com\/escolavoradelmar.com\/2nd?usp=sharing\" target=\"_blank\" rel=\"noopener\"><br \/>\n<img decoding=\"async\" class=\"aligncenter\" style=\"width: 230px; max-width: 80vw; height: auto; border: none;\" src=\"https:\/\/agora.xtec.cat\/ceipvoradelmar\/wp-content\/uploads\/usu590\/2025\/09\/ChatGPT-Image-30-sept-2025-11_04_28.png\" alt=\"2nd\" \/><br \/>\n<\/a><\/p>\n<p><a style=\"text-decoration: none;\" href=\"https:\/\/sites.google.com\/escolavoradelmar.com\/3rd?usp=sharing\" target=\"_blank\" rel=\"noopener\"><br \/>\n<img decoding=\"async\" class=\"aligncenter\" style=\"width: 230px; max-width: 80vw; height: auto; border: none;\" src=\"https:\/\/agora.xtec.cat\/ceipvoradelmar\/wp-content\/uploads\/usu590\/2025\/09\/ChatGPT-Image-30-sept-2025-11_05_54.png\" alt=\"3rd\" \/><br \/>\n<\/a><\/p>\n<\/div>\n","protected":false},"excerpt":{"rendered":"<p>Juguem, cantem i ens comuniquem en angl\u00e8s A la comunitat de mitjans aprenem angl\u00e8s tot jugant i experimentant. A trav\u00e9s [&hellip;]<\/p>\n","protected":false},"author":1,"featured_media":0,"parent":0,"menu_order":0,"comment_status":"closed","ping_status":"closed","template":"","meta":{"_bbp_topic_count":0,"_bbp_reply_count":0,"_bbp_total_topic_count":0,"_bbp_total_reply_count":0,"_bbp_voice_count":0,"_bbp_anonymous_reply_count":0,"_bbp_topic_count_hidden":0,"_bbp_reply_count_hidden":0,"_bbp_forum_subforum_count":0,"site-sidebar-layout":"default","site-content-layout":"","ast-site-content-layout":"default","site-content-style":"default","site-sidebar-style":"default","ast-global-header-display":"","ast-banner-title-visibility":"","ast-main-header-display":"","ast-hfb-above-header-display":"","ast-hfb-below-header-display":"","ast-hfb-mobile-header-display":"","site-post-title":"","ast-breadcrumbs-content":"","ast-featured-img":"","footer-sml-layout":"","theme-transparent-header-meta":"default","adv-header-id-meta":"","stick-header-meta":"","header-above-stick-meta":"","header-main-stick-meta":"","header-below-stick-meta":"","astra-migrate-meta-layouts":"set","ast-page-background-enabled":"default","ast-page-background-meta":{"desktop":{"background-color":"var(--ast-global-color-4)","background-image":"","background-repeat":"repeat","background-position":"center center","background-size":"auto","background-attachment":"scroll","background-type":"","background-media":"","overlay-type":"","overlay-color":"","overlay-opacity":"","overlay-gradient":""},"tablet":{"background-color":"","background-image":"","background-repeat":"repeat","background-position":"center center","background-size":"auto","background-attachment":"scroll","background-type":"","background-media":"","overlay-type":"","overlay-color":"","overlay-opacity":"","overlay-gradient":""},"mobile":{"background-color":"","background-image":"","background-repeat":"repeat","background-position":"center center","background-size":"auto","background-attachment":"scroll","background-type":"","background-media":"","overlay-type":"","overlay-color":"","overlay-opacity":"","overlay-gradient":""}},"ast-content-background-meta":{"desktop":{"background-color":"var(--ast-global-color-5)","background-image":"","background-repeat":"repeat","background-position":"center center","background-size":"auto","background-attachment":"scroll","background-type":"","background-media":"","overlay-type":"","overlay-color":"","overlay-opacity":"","overlay-gradient":""},"tablet":{"background-color":"var(--ast-global-color-5)","background-image":"","background-repeat":"repeat","background-position":"center center","background-size":"auto","background-attachment":"scroll","background-type":"","background-media":"","overlay-type":"","overlay-color":"","overlay-opacity":"","overlay-gradient":""},"mobile":{"background-color":"var(--ast-global-color-5)","background-image":"","background-repeat":"repeat","background-position":"center center","background-size":"auto","background-attachment":"scroll","background-type":"","background-media":"","overlay-type":"","overlay-color":"","overlay-opacity":"","overlay-gradient":""}},"footnotes":""},"class_list":["post-11961","page","type-page","status-publish","hentry"],"post_mailing_queue_ids":[],"_links":{"self":[{"href":"https:\/\/agora.xtec.cat\/ceipvoradelmar\/wp-json\/wp\/v2\/pages\/11961","targetHints":{"allow":["GET"]}}],"collection":[{"href":"https:\/\/agora.xtec.cat\/ceipvoradelmar\/wp-json\/wp\/v2\/pages"}],"about":[{"href":"https:\/\/agora.xtec.cat\/ceipvoradelmar\/wp-json\/wp\/v2\/types\/page"}],"author":[{"embeddable":true,"href":"https:\/\/agora.xtec.cat\/ceipvoradelmar\/wp-json\/wp\/v2\/users\/1"}],"replies":[{"embeddable":true,"href":"https:\/\/agora.xtec.cat\/ceipvoradelmar\/wp-json\/wp\/v2\/comments?post=11961"}],"version-history":[{"count":3,"href":"https:\/\/agora.xtec.cat\/ceipvoradelmar\/wp-json\/wp\/v2\/pages\/11961\/revisions"}],"predecessor-version":[{"id":11972,"href":"https:\/\/agora.xtec.cat\/ceipvoradelmar\/wp-json\/wp\/v2\/pages\/11961\/revisions\/11972"}],"wp:attachment":[{"href":"https:\/\/agora.xtec.cat\/ceipvoradelmar\/wp-json\/wp\/v2\/media?parent=11961"}],"curies":[{"name":"wp","href":"https:\/\/api.w.org\/{rel}","templated":true}]}}