{"id":10673,"date":"2024-09-20T10:42:37","date_gmt":"2024-09-20T08:42:37","guid":{"rendered":"https:\/\/agora.xtec.cat\/ceipvoradelmar\/?page_id=10673"},"modified":"2025-05-30T09:11:53","modified_gmt":"2025-05-30T07:11:53","slug":"lescola-3","status":"publish","type":"page","link":"https:\/\/agora.xtec.cat\/ceipvoradelmar\/lescola-3\/","title":{"rendered":"L&#8217;escola"},"content":{"rendered":"<p style=\"text-align: justify;\">Benvinguts a la nostra escola <strong>Vora del Mar<\/strong> situada a <strong>C\/Verge del Pilar, 10, 08880 Cubelles, a Barcelona. <\/strong>Som una escola compromesa amb l&#8217;educaci\u00f3 i el benestar dels infants, oferint un entorn acollidor i estimulant des d&#8217; <strong>I3 fins a 6\u00e8 de prim\u00e0ria<\/strong>. Comptem amb unes instal\u00b7lacions modernes i un servei de menjador complet amb cuina pr\u00f2pia perqu\u00e8 els infants gaudeixin d&#8217;una alimentaci\u00f3 equilibrada i saludable. Aqu\u00ed, a la nostra escola, ens esforcem cada dia per fomentar el creixement acad\u00e8mic i personal dels alumnes, preparant-los per a un futur ple d&#8217;oportunitats.<\/p>\n<p><a href=\"https:\/\/agora.xtec.cat\/ceipvoradelmar\/lescola-3\/attachment\/logo-vora-del-mar\/\" rel=\"attachment wp-att-10941\"><img loading=\"lazy\" decoding=\"async\" class=\"size-full wp-image-10941 aligncenter\" src=\"https:\/\/agora.xtec.cat\/ceipvoradelmar\/wp-content\/uploads\/usu590\/2024\/11\/Logo-vora-del-mar.jpg\" alt=\"\" width=\"334\" height=\"316\" srcset=\"https:\/\/agora.xtec.cat\/ceipvoradelmar\/wp-content\/uploads\/usu590\/2024\/11\/Logo-vora-del-mar.jpg 334w, https:\/\/agora.xtec.cat\/ceipvoradelmar\/wp-content\/uploads\/usu590\/2024\/11\/Logo-vora-del-mar-300x284.jpg 300w\" sizes=\"auto, (max-width: 334px) 100vw, 334px\" \/><\/a><\/p>\n<p style=\"text-align: justify;\">El nostre projecte educatiu no nom\u00e9s est\u00e0 centrat en els aspectes acad\u00e8mics, sin\u00f3 tamb\u00e9 en el creixement personal i emocional de cada alumne, preparant-los per afrontar amb confian\u00e7a els reptes del futur. Tant si ens visiteu com si formeu part de la nostra comunitat educativa, estem segurs que trobareu una escola on els infants s\u00f3n sempre el centre de tot. Us convidem a con\u00e8ixer-nos! \ud83d\ude04<\/p>\n<p style=\"text-align: justify;\">Per veure el centre feu click a\u00a0 \u27a1\ufe0f\u00a0 <span style=\"color: #000000;\"><em><strong>&#8220;<a style=\"color: #000000;\" href=\"https:\/\/agora.xtec.cat\/ceipvoradelmar\/installacions-del-centre-2\/\">Instal\u00b7lacions del centre<\/a>&#8220;<\/strong><\/em>.<\/span><\/p>\n<p>&nbsp;<\/p>\n","protected":false},"excerpt":{"rendered":"<p>Benvinguts a la nostra escola Vora del Mar situada a C\/Verge del Pilar, 10, 08880 Cubelles, a Barcelona. Som una [&hellip;]<\/p>\n","protected":false},"author":1,"featured_media":0,"parent":0,"menu_order":0,"comment_status":"closed","ping_status":"closed","template":"","meta":{"_bbp_topic_count":0,"_bbp_reply_count":0,"_bbp_total_topic_count":0,"_bbp_total_reply_count":0,"_bbp_voice_count":0,"_bbp_anonymous_reply_count":0,"_bbp_topic_count_hidden":0,"_bbp_reply_count_hidden":0,"_bbp_forum_subforum_count":0,"site-sidebar-layout":"default","site-content-layout":"","ast-site-content-layout":"default","site-content-style":"default","site-sidebar-style":"default","ast-global-header-display":"","ast-banner-title-visibility":"","ast-main-header-display":"","ast-hfb-above-header-display":"","ast-hfb-below-header-display":"","ast-hfb-mobile-header-display":"","site-post-title":"","ast-breadcrumbs-content":"","ast-featured-img":"","footer-sml-layout":"","theme-transparent-header-meta":"default","adv-header-id-meta":"","stick-header-meta":"","header-above-stick-meta":"","header-main-stick-meta":"","header-below-stick-meta":"","astra-migrate-meta-layouts":"set","ast-page-background-enabled":"default","ast-page-background-meta":{"desktop":{"background-color":"var(--ast-global-color-4)","background-image":"","background-repeat":"repeat","background-position":"center center","background-size":"auto","background-attachment":"scroll","background-type":"","background-media":"","overlay-type":"","overlay-color":"","overlay-opacity":"","overlay-gradient":""},"tablet":{"background-color":"","background-image":"","background-repeat":"repeat","background-position":"center center","background-size":"auto","background-attachment":"scroll","background-type":"","background-media":"","overlay-type":"","overlay-color":"","overlay-opacity":"","overlay-gradient":""},"mobile":{"background-color":"","background-image":"","background-repeat":"repeat","background-position":"center center","background-size":"auto","background-attachment":"scroll","background-type":"","background-media":"","overlay-type":"","overlay-color":"","overlay-opacity":"","overlay-gradient":""}},"ast-content-background-meta":{"desktop":{"background-color":"var(--ast-global-color-5)","background-image":"","background-repeat":"repeat","background-position":"center center","background-size":"auto","background-attachment":"scroll","background-type":"","background-media":"","overlay-type":"","overlay-color":"","overlay-opacity":"","overlay-gradient":""},"tablet":{"background-color":"var(--ast-global-color-5)","background-image":"","background-repeat":"repeat","background-position":"center center","background-size":"auto","background-attachment":"scroll","background-type":"","background-media":"","overlay-type":"","overlay-color":"","overlay-opacity":"","overlay-gradient":""},"mobile":{"background-color":"var(--ast-global-color-5)","background-image":"","background-repeat":"repeat","background-position":"center center","background-size":"auto","background-attachment":"scroll","background-type":"","background-media":"","overlay-type":"","overlay-color":"","overlay-opacity":"","overlay-gradient":""}},"footnotes":""},"class_list":["post-10673","page","type-page","status-publish","hentry"],"post_mailing_queue_ids":[],"_links":{"self":[{"href":"https:\/\/agora.xtec.cat\/ceipvoradelmar\/wp-json\/wp\/v2\/pages\/10673","targetHints":{"allow":["GET"]}}],"collection":[{"href":"https:\/\/agora.xtec.cat\/ceipvoradelmar\/wp-json\/wp\/v2\/pages"}],"about":[{"href":"https:\/\/agora.xtec.cat\/ceipvoradelmar\/wp-json\/wp\/v2\/types\/page"}],"author":[{"embeddable":true,"href":"https:\/\/agora.xtec.cat\/ceipvoradelmar\/wp-json\/wp\/v2\/users\/1"}],"replies":[{"embeddable":true,"href":"https:\/\/agora.xtec.cat\/ceipvoradelmar\/wp-json\/wp\/v2\/comments?post=10673"}],"version-history":[{"count":7,"href":"https:\/\/agora.xtec.cat\/ceipvoradelmar\/wp-json\/wp\/v2\/pages\/10673\/revisions"}],"predecessor-version":[{"id":11703,"href":"https:\/\/agora.xtec.cat\/ceipvoradelmar\/wp-json\/wp\/v2\/pages\/10673\/revisions\/11703"}],"wp:attachment":[{"href":"https:\/\/agora.xtec.cat\/ceipvoradelmar\/wp-json\/wp\/v2\/media?parent=10673"}],"curies":[{"name":"wp","href":"https:\/\/api.w.org\/{rel}","templated":true}]}}