{"id":621,"date":"2019-02-27T11:42:46","date_gmt":"2019-02-27T10:42:46","guid":{"rendered":"https:\/\/agora.xtec.cat\/ceipvistaalegre\/?page_id=621"},"modified":"2019-02-28T13:23:31","modified_gmt":"2019-02-28T12:23:31","slug":"programa-si","status":"publish","type":"page","link":"https:\/\/agora.xtec.cat\/ceipvistaalegre\/projecte-educatiu\/programa-si\/","title":{"rendered":"Programa Si!"},"content":{"rendered":"<h6>Aquest \u00e9s un programa d&#8217;intervenci\u00f3 escolar dirigit a nens i nenes de 3 a 16 anys amb un clar objectiu: demostrar que l&#8217;adquisici\u00f3 d&#8217;h\u00e0bits saludables des de la inf\u00e0ncia redueix els riscs de patir malalties cardiovasculars i millora la qualitat de vida en l&#8217;edat adulta.<\/h6>\n<p>La investigaci\u00f3 en salut p\u00fablica ha assenyalat que les iniciatives de promoci\u00f3 de la salut han de comen\u00e7ar en la inf\u00e0ncia per aconseguir un canvi de comportament durador i efica\u00e7 i que les intervencions escolars s\u00f3n les m\u00e9s efectives. Els tens i nenes treballen diverses activitats a l&#8217;aula, conjuntament amb les fam\u00edlies, per tal que aquests h\u00e0bits es consolidin.<\/p>\n<p><img loading=\"lazy\" decoding=\"async\" class=\"aligncenter\" src=\"https:\/\/www.cnic.es\/sites\/default\/files\/untitled-1_0.png\" alt=\"Resultat d'imatges de programa si\" width=\"442\" height=\"191\" \/><\/p>\n<div id=\"rt-maintop\">\n<div class=\"rt-container\">\n<div class=\"clear\"><\/div>\n<\/div>\n<\/div>\n","protected":false},"excerpt":{"rendered":"<p>Aquest \u00e9s un programa d&#8217;intervenci\u00f3 escolar dirigit a nens i nenes de 3 a 16 anys amb un clar objectiu: demostrar que l&#8217;adquisici\u00f3 d&#8217;h\u00e0bits saludables des de la inf\u00e0ncia redueix els riscs de patir malalties cardiovasculars i millora la qualitat de vida en l&#8217;edat adulta.<br \/>\nLa&hellip;  <a href=\"https:\/\/agora.xtec.cat\/ceipvistaalegre\/projecte-educatiu\/programa-si\/\" title=\"Read Programa Si!\">Llegeix m\u00e9s\u00bb<\/a><\/p>\n","protected":false},"author":1,"featured_media":0,"parent":64,"menu_order":0,"comment_status":"closed","ping_status":"closed","template":"page-templates\/side-menu.php","meta":{"_bbp_topic_count":0,"_bbp_reply_count":0,"_bbp_total_topic_count":0,"_bbp_total_reply_count":0,"_bbp_voice_count":0,"_bbp_anonymous_reply_count":0,"_bbp_topic_count_hidden":0,"_bbp_reply_count_hidden":0,"_bbp_forum_subforum_count":0,"footnotes":""},"class_list":["post-621","page","type-page","status-publish","hentry"],"post_mailing_queue_ids":[],"_links":{"self":[{"href":"https:\/\/agora.xtec.cat\/ceipvistaalegre\/wp-json\/wp\/v2\/pages\/621","targetHints":{"allow":["GET"]}}],"collection":[{"href":"https:\/\/agora.xtec.cat\/ceipvistaalegre\/wp-json\/wp\/v2\/pages"}],"about":[{"href":"https:\/\/agora.xtec.cat\/ceipvistaalegre\/wp-json\/wp\/v2\/types\/page"}],"author":[{"embeddable":true,"href":"https:\/\/agora.xtec.cat\/ceipvistaalegre\/wp-json\/wp\/v2\/users\/1"}],"replies":[{"embeddable":true,"href":"https:\/\/agora.xtec.cat\/ceipvistaalegre\/wp-json\/wp\/v2\/comments?post=621"}],"version-history":[{"count":3,"href":"https:\/\/agora.xtec.cat\/ceipvistaalegre\/wp-json\/wp\/v2\/pages\/621\/revisions"}],"predecessor-version":[{"id":670,"href":"https:\/\/agora.xtec.cat\/ceipvistaalegre\/wp-json\/wp\/v2\/pages\/621\/revisions\/670"}],"up":[{"embeddable":true,"href":"https:\/\/agora.xtec.cat\/ceipvistaalegre\/wp-json\/wp\/v2\/pages\/64"}],"wp:attachment":[{"href":"https:\/\/agora.xtec.cat\/ceipvistaalegre\/wp-json\/wp\/v2\/media?parent=621"}],"curies":[{"name":"wp","href":"https:\/\/api.w.org\/{rel}","templated":true}]}}