{"id":619,"date":"2019-02-27T11:41:44","date_gmt":"2019-02-27T10:41:44","guid":{"rendered":"https:\/\/agora.xtec.cat\/ceipvistaalegre\/?page_id=619"},"modified":"2020-12-03T10:30:27","modified_gmt":"2020-12-03T09:30:27","slug":"mate","status":"publish","type":"page","link":"https:\/\/agora.xtec.cat\/ceipvistaalegre\/projecte-educatiu\/mate\/","title":{"rendered":"Espais matem\u00e0tics a Prim\u00e0ria"},"content":{"rendered":"<p>El nostre objectiu \u00e9s ensenyar les Matem\u00e0tiques d&#8217;una forma diferent, aprofitant les estrat\u00e8gies d&#8217;aprenentatge dels alumnes. Es dona protagonisme a l&#8217;infant i als seus interessos, motivant-los i respectant el seu ritme d&#8217;aprenentatge.<\/p>\n<p>Es proposen diferents espais matem\u00e0tics\u00a0(<i>Numeraci\u00f3, mesura, geometria, operacions i recta num\u00e8rica<\/i>), la manipulaci\u00f3 i l\u2019experimentaci\u00f3 s&#8217;aconsegueix un aprenentatge m\u00e9s significatiu i competencial.<\/p>\n<p>&nbsp;<\/p>\n<p>&nbsp;<\/p>\n","protected":false},"excerpt":{"rendered":"<p>El nostre objectiu \u00e9s ensenyar les Matem\u00e0tiques d&#8217;una forma diferent, aprofitant les estrat\u00e8gies d&#8217;aprenentatge dels alumnes. Es dona protagonisme a l&#8217;infant i als seus interessos, motivant-los i respectant el seu ritme d&#8217;aprenentatge.<br \/>\nEs proposen diferents espais matem\u00e0tics\u00a0(Numeraci\u00f3, mesura, geometria, operacions i recta num\u00e8rica), la manipulaci\u00f3 i&hellip;  <a href=\"https:\/\/agora.xtec.cat\/ceipvistaalegre\/projecte-educatiu\/mate\/\" title=\"Read Espais matem\u00e0tics a Prim\u00e0ria\">Llegeix m\u00e9s\u00bb<\/a><\/p>\n","protected":false},"author":1,"featured_media":0,"parent":64,"menu_order":0,"comment_status":"closed","ping_status":"closed","template":"page-templates\/side-menu.php","meta":{"_bbp_topic_count":0,"_bbp_reply_count":0,"_bbp_total_topic_count":0,"_bbp_total_reply_count":0,"_bbp_voice_count":0,"_bbp_anonymous_reply_count":0,"_bbp_topic_count_hidden":0,"_bbp_reply_count_hidden":0,"_bbp_forum_subforum_count":0,"footnotes":""},"class_list":["post-619","page","type-page","status-publish","hentry"],"post_mailing_queue_ids":[],"_links":{"self":[{"href":"https:\/\/agora.xtec.cat\/ceipvistaalegre\/wp-json\/wp\/v2\/pages\/619","targetHints":{"allow":["GET"]}}],"collection":[{"href":"https:\/\/agora.xtec.cat\/ceipvistaalegre\/wp-json\/wp\/v2\/pages"}],"about":[{"href":"https:\/\/agora.xtec.cat\/ceipvistaalegre\/wp-json\/wp\/v2\/types\/page"}],"author":[{"embeddable":true,"href":"https:\/\/agora.xtec.cat\/ceipvistaalegre\/wp-json\/wp\/v2\/users\/1"}],"replies":[{"embeddable":true,"href":"https:\/\/agora.xtec.cat\/ceipvistaalegre\/wp-json\/wp\/v2\/comments?post=619"}],"version-history":[{"count":4,"href":"https:\/\/agora.xtec.cat\/ceipvistaalegre\/wp-json\/wp\/v2\/pages\/619\/revisions"}],"predecessor-version":[{"id":3461,"href":"https:\/\/agora.xtec.cat\/ceipvistaalegre\/wp-json\/wp\/v2\/pages\/619\/revisions\/3461"}],"up":[{"embeddable":true,"href":"https:\/\/agora.xtec.cat\/ceipvistaalegre\/wp-json\/wp\/v2\/pages\/64"}],"wp:attachment":[{"href":"https:\/\/agora.xtec.cat\/ceipvistaalegre\/wp-json\/wp\/v2\/media?parent=619"}],"curies":[{"name":"wp","href":"https:\/\/api.w.org\/{rel}","templated":true}]}}