{"id":589,"date":"2019-02-26T18:14:34","date_gmt":"2019-02-26T17:14:34","guid":{"rendered":"https:\/\/agora.xtec.cat\/ceipvistaalegre\/?page_id=589"},"modified":"2025-01-09T13:46:46","modified_gmt":"2025-01-09T12:46:46","slug":"awalo","status":"publish","type":"page","link":"https:\/\/agora.xtec.cat\/ceipvistaalegre\/projecte-de-ciutat\/awalo\/","title":{"rendered":"Awal\u00e9"},"content":{"rendered":"<p>L\u2019 awal\u00e8 \u00e9s un joc de taula molt antic. T\u00e9 els seus or\u00edgens al continent afric\u00e0. Pertany al gran grup\u00a0dels jocs de\u00a0Mancala. En\u00a0aquests jocs els jugadors han de moure peces d\u2019un forat a l\u2019altre del tauler en el seu torn. \u00c9s un joc d\u2019habilitat i\u00a0din\u00e0mic. La sort no hi est\u00e0 implicada. Nom\u00e9s la pr\u00e0ctica\u00a0permet arribar a tenir\u00a0un nivell alt de domini. Les regles de l\u2019aual\u00e9 s\u00f3n simples i el joc \u00e9s en realitat molt\u00a0f\u00e0cil d\u2019aprendre. El seu origen es\u00a0perd en la nit dels temps.<\/p>\n<p>L\u2019 awal\u00e9 o aual\u00e9 amb diversos noms com per exemple: ay\u00f2, awal\u00e9, awalet\u00e9, awel\u00e9, oware, wari, woli,\u2026 es juga a pa\u00efsos d\u2019\u00c0frica occidental com Senegal, G\u00e0mbia, Cap Verd, Guinea, Sierra Leone, Lib\u00e8ria, Costa d\u2019Ivori, Burkina Faso, Mali, Ghana, Togo, Benin, Nig\u00e8ria i Camerun. Tamb\u00e9 es troba a les Antilles i al continent americ\u00e0 com per exemple: a Surinam, Guyana, Grenada, Barbados, Sta. Lucia, Martinica, Dominica, Antigua i St Kitts, Rep. Dominicana, Cuba, Brasil, etc. com a resultat del tr\u00e0fic d\u2019esclaus que provenia d\u2019aquesta zona africana. L\u2019objectiu del joc \u00e9s el de capturar m\u00e9s lla<em>vors <\/em>que l\u2019adversari. Guanya el jugador que captura el major nombre de llavors al final de la partida.\u201d<\/p>\n<p><img loading=\"lazy\" decoding=\"async\" class=\"attachment-medium wp-post-image aligncenter\" src=\"http:\/\/www.tocamates.com\/wp-content\/uploads\/f1845-img_1116-375x500.jpg\" sizes=\"auto, (max-width: 375px) 100vw, 375px\" srcset=\"\/\/www.tocamates.com\/wp-content\/uploads\/f1845-img_1116-375x500.jpg 375w, \/\/www.tocamates.com\/wp-content\/uploads\/f1845-img_1116-750x1000.jpg 750w, \/\/www.tocamates.com\/wp-content\/uploads\/f1845-img_1116.jpg 1200w\" alt=\"primer plano de un tablero de wari o awal\u00e9\" width=\"264\" height=\"352\" \/><\/p>\n<p>Aquest \u00e9s un projecte co-gestionat per l\u2019Institut d\u2019Esports, el Servei de Nova Ciutadania, Institut Municipal d\u2019Educaci\u00f3 i el Departament d\u2019Educaci\u00f3 de la Generalitat, que el Pla Educatiu d&#8217;Entorn ofereix als centres escolars. Ofereix la possibilitat de que els nens i nenes de 6\u00e8 descobreixin aquest joc com a mitj\u00e0 d\u2019apropament a altres cultures. Cada escola participant, per grup- classe, disposa de 3 sessions amb una persona especialista del joc de l\u2019aual\u00e9, on, en primer lloc es fa una introducci\u00f3 de la cultura africana i, finalment, una formaci\u00f3 del joc. Al final es\u00a0fa una trobada amb totes les escoles implicades i es fa un campionat.<\/p>\n","protected":false},"excerpt":{"rendered":"<p>L\u2019 awal\u00e8 \u00e9s un joc de taula molt antic. T\u00e9 els seus or\u00edgens al continent afric\u00e0. Pertany al gran grup\u00a0dels jocs de\u00a0Mancala. En\u00a0aquests jocs els jugadors han de moure peces d\u2019un forat a l\u2019altre del tauler en el seu torn. \u00c9s un joc d\u2019habilitat i\u00a0din\u00e0mic.&hellip;  <a href=\"https:\/\/agora.xtec.cat\/ceipvistaalegre\/projecte-de-ciutat\/awalo\/\" title=\"Read Awal\u00e9\">Llegeix m\u00e9s\u00bb<\/a><\/p>\n","protected":false},"author":1,"featured_media":0,"parent":504,"menu_order":55,"comment_status":"closed","ping_status":"closed","template":"page-templates\/side-menu.php","meta":{"_bbp_topic_count":0,"_bbp_reply_count":0,"_bbp_total_topic_count":0,"_bbp_total_reply_count":0,"_bbp_voice_count":0,"_bbp_anonymous_reply_count":0,"_bbp_topic_count_hidden":0,"_bbp_reply_count_hidden":0,"_bbp_forum_subforum_count":0,"footnotes":""},"class_list":["post-589","page","type-page","status-publish","hentry"],"post_mailing_queue_ids":[],"_links":{"self":[{"href":"https:\/\/agora.xtec.cat\/ceipvistaalegre\/wp-json\/wp\/v2\/pages\/589","targetHints":{"allow":["GET"]}}],"collection":[{"href":"https:\/\/agora.xtec.cat\/ceipvistaalegre\/wp-json\/wp\/v2\/pages"}],"about":[{"href":"https:\/\/agora.xtec.cat\/ceipvistaalegre\/wp-json\/wp\/v2\/types\/page"}],"author":[{"embeddable":true,"href":"https:\/\/agora.xtec.cat\/ceipvistaalegre\/wp-json\/wp\/v2\/users\/1"}],"replies":[{"embeddable":true,"href":"https:\/\/agora.xtec.cat\/ceipvistaalegre\/wp-json\/wp\/v2\/comments?post=589"}],"version-history":[{"count":5,"href":"https:\/\/agora.xtec.cat\/ceipvistaalegre\/wp-json\/wp\/v2\/pages\/589\/revisions"}],"predecessor-version":[{"id":10838,"href":"https:\/\/agora.xtec.cat\/ceipvistaalegre\/wp-json\/wp\/v2\/pages\/589\/revisions\/10838"}],"up":[{"embeddable":true,"href":"https:\/\/agora.xtec.cat\/ceipvistaalegre\/wp-json\/wp\/v2\/pages\/504"}],"wp:attachment":[{"href":"https:\/\/agora.xtec.cat\/ceipvistaalegre\/wp-json\/wp\/v2\/media?parent=589"}],"curies":[{"name":"wp","href":"https:\/\/api.w.org\/{rel}","templated":true}]}}