{"id":862,"date":"2015-10-06T15:35:37","date_gmt":"2015-10-06T13:35:37","guid":{"rendered":"http:\/\/blocs.xtec.cat\/vinyadelsastret\/?page_id=59"},"modified":"2025-11-20T13:39:59","modified_gmt":"2025-11-20T12:39:59","slug":"equip-professional","status":"publish","type":"page","link":"https:\/\/agora.xtec.cat\/ceipvinyadelsastret\/org\/equip-professional\/","title":{"rendered":"Equip de mestres"},"content":{"rendered":"<p>&nbsp;<\/p>\n<p><strong><a href=\"https:\/\/agora.xtec.cat\/ceipvinyadelsastret\/wp-content\/uploads\/usu1006\/2023\/01\/equip-de-mestres.png\"><img loading=\"lazy\" decoding=\"async\" class=\"aligncenter size-full wp-image-3919\" src=\"https:\/\/agora.xtec.cat\/ceipvinyadelsastret\/wp-content\/uploads\/usu1006\/2023\/01\/equip-de-mestres.png\" alt=\"\" width=\"944\" height=\"134\" srcset=\"https:\/\/agora.xtec.cat\/ceipvinyadelsastret\/wp-content\/uploads\/usu1006\/2023\/01\/equip-de-mestres.png 944w, https:\/\/agora.xtec.cat\/ceipvinyadelsastret\/wp-content\/uploads\/usu1006\/2023\/01\/equip-de-mestres-300x43.png 300w, https:\/\/agora.xtec.cat\/ceipvinyadelsastret\/wp-content\/uploads\/usu1006\/2023\/01\/equip-de-mestres-768x109.png 768w\" sizes=\"auto, (max-width: 944px) 100vw, 944px\" \/><\/a><br \/>\n<\/strong><\/p>\n<p style=\"text-align: left;\"><strong><span style=\"text-decoration: underline;\">EQUIP DIRECTIU<\/span><\/strong><\/p>\n<p style=\"text-align: left;\"><strong>Directora:<\/strong> Montse Pedrola<\/p>\n<p style=\"text-align: left;\"><strong>Cap d\u2019estudis:<\/strong>\u00a0Mari Palaz\u00f3n<\/p>\n<p style=\"text-align: left;\"><strong>Secret\u00e0ria:\u00a0<\/strong>Vero Morlanes<\/p>\n<p><span style=\"text-decoration: underline;\">Horari d\u2019atenci\u00f3 de Direcci\u00f3:<\/span>\u00a0<em>Demanar cita pr\u00e8via.<\/em><\/p>\n<p><span style=\"text-decoration: underline;\"><strong>PERSONAL D\u2019ADMINISTRACI\u00d3 I SERVEIS<\/strong><\/span><\/p>\n<p><strong>Conserge:<\/strong> Amadeu Rodr\u00edguez<br \/>\n<strong>Administrativa<\/strong>: Yolanda P\u00e9rez<\/p>\n<p><span style=\"text-decoration: underline;\">Horari d&#8217;atenci\u00f3 d&#8217;administraci\u00f3:<\/span><\/p>\n<p><em>Demanar cita pr\u00e8via<\/em><\/p>\n<p><strong>Vetlladora<\/strong>: Conxita Vi\u00f1es<\/p>\n<p><strong>Psicopedagoga de l&#8217;EAP de Martorell:<\/strong> In\u00e9s Portero<\/p>\n<p>&nbsp;<\/p>\n<p><span style=\"text-decoration: underline;\"><strong>PERSONAL DOCENT CURS 2025-2026<\/strong><\/span><\/p>\n<h2 style=\"color: #333333;\">EDUCACI\u00d3 INFANTIL<\/h2>\n<p><strong>I3\u00a0 \u00a0 \u00a0 \u00a0 \u00a0<\/strong> Esther Mar\u00edn<\/p>\n<p><strong>I4A<\/strong> <strong>\u00a0 \u00a0 \u00a0 \u00a0<\/strong>Anna Calabuig<\/p>\n<p><strong>I4B\u00a0<\/strong> \u00a0 \u00a0 \u00a0 Carme Brioso<\/p>\n<p><strong>I5A\u00a0 \u00a0 \u00a0 <\/strong>Sara \u00c1lvarez<\/p>\n<p><strong>I5B<\/strong>\u00a0 \u00a0 \u00a0Sora Garc\u00eda<\/p>\n<p><strong style=\"font-family: inherit; font-size: 1em;\">Especialistes:<\/strong> Cristina Garc\u00eda i <span style=\"font-family: inherit; font-size: 1em;\">Merche Saborido<\/span><\/p>\n<h2 style=\"color: #333333;\">EDUCACI\u00d3 PRIM\u00c0RIA<\/h2>\n<p style=\"color: #333333;\"><strong>1r \u00a0 \u00a0 \u00a0<\/strong>Tony G\u00f3mez<\/p>\n<p><strong>2n\u00a0 \u00a0 \u00a0<\/strong>Cristina Garc\u00eda<\/p>\n<p><strong>3rA\u00a0 \u00a0<\/strong>Alba Becerra<\/p>\n<p><strong>3rA\u00a0 \u00a0<\/strong>Sara Trillo<\/p>\n<p><strong>4t \u00a0 \u00a0 \u00a0<\/strong>L\u00faa Pereira<\/p>\n<p><strong>5\u00e8 \u00a0 \u00a0\u00a0<\/strong>S\u00edlvia Valdepe\u00f1as<\/p>\n<p><strong>6\u00e8\u00a0 \u00a0 \u00a0<\/strong>Jordi Figuerola<\/p>\n<p><span style=\"text-decoration: underline;\"><strong>ESPECIALISTES<\/strong><\/span><\/p>\n<p><strong>LLENGUA ANGLESA: <\/strong>Cristina Garc\u00eda, Sara Trillo i Xavier Carol<\/p>\n<p><strong style=\"color: #333333; font-family: inherit; font-size: 1em;\">M\u00daSICA:\u00a0<\/strong><span style=\"color: #333333; font-family: inherit; font-size: 1em;\">Montse Pedrola i Alba Becerra<\/span><\/p>\n<p style=\"color: #333333;\"><strong>EDUCACI\u00d3 ESPECIAL:\u00a0<\/strong>Lita Mart\u00ednez (substituta: Eli Torres)<\/p>\n<p style=\"color: #333333;\"><strong>RELIGI\u00d3: <\/strong>Elena Mart\u00edn<\/p>\n<p style=\"color: #333333;\"><strong>Especialista Prim\u00e0ria:<\/strong> Vero Morlanes i Mari Palaz\u00f3n<\/p>\n<p><strong>EDUCACI\u00d3 F\u00cdSICA:\u00a0<\/strong>Marta Nogueira<\/p>\n<p><strong>ARTS AND CRAFTS:\u00a0<\/strong>Xavier Carol<\/p>\n<p><a href=\"https:\/\/agora.xtec.cat\/ceipvinyadelsastret\/wp-content\/uploads\/usu1006\/2025\/09\/Sense-titol.png\"><img loading=\"lazy\" decoding=\"async\" class=\"aligncenter wp-image-4572\" src=\"https:\/\/agora.xtec.cat\/ceipvinyadelsastret\/wp-content\/uploads\/usu1006\/2025\/09\/Sense-titol-1024x672.png\" alt=\"\" width=\"541\" height=\"355\" srcset=\"https:\/\/agora.xtec.cat\/ceipvinyadelsastret\/wp-content\/uploads\/usu1006\/2025\/09\/Sense-titol-1024x672.png 1024w, https:\/\/agora.xtec.cat\/ceipvinyadelsastret\/wp-content\/uploads\/usu1006\/2025\/09\/Sense-titol-300x197.png 300w, https:\/\/agora.xtec.cat\/ceipvinyadelsastret\/wp-content\/uploads\/usu1006\/2025\/09\/Sense-titol-768x504.png 768w, https:\/\/agora.xtec.cat\/ceipvinyadelsastret\/wp-content\/uploads\/usu1006\/2025\/09\/Sense-titol-1536x1008.png 1536w, https:\/\/agora.xtec.cat\/ceipvinyadelsastret\/wp-content\/uploads\/usu1006\/2025\/09\/Sense-titol.png 2007w\" sizes=\"auto, (max-width: 541px) 100vw, 541px\" \/><\/a><\/p>\n","protected":false},"excerpt":{"rendered":"<p>&nbsp; EQUIP DIRECTIU Directora: Montse Pedrola Cap d\u2019estudis:\u00a0Mari Palaz\u00f3n Secret\u00e0ria:\u00a0Vero Morlanes Horari d\u2019atenci\u00f3 de Direcci\u00f3:\u00a0Demanar cita pr\u00e8via. PERSONAL D\u2019ADMINISTRACI\u00d3 I SERVEIS Conserge: Amadeu Rodr\u00edguez Administrativa: Yolanda P\u00e9rez Horari d&#8217;atenci\u00f3 d&#8217;administraci\u00f3: Demanar cita pr\u00e8via Vetlladora: Conxita Vi\u00f1es Psicopedagoga de l&#8217;EAP de Martorell: In\u00e9s Portero &nbsp; PERSONAL DOCENT CURS 2025-2026 EDUCACI\u00d3 INFANTIL I3\u00a0 \u00a0 \u00a0 \u00a0 \u00a0 [&hellip;]<\/p>\n","protected":false},"author":1,"featured_media":0,"parent":801,"menu_order":1,"comment_status":"closed","ping_status":"closed","template":"","meta":{"_bbp_topic_count":0,"_bbp_reply_count":0,"_bbp_total_topic_count":0,"_bbp_total_reply_count":0,"_bbp_voice_count":0,"_bbp_anonymous_reply_count":0,"_bbp_topic_count_hidden":0,"_bbp_reply_count_hidden":0,"_bbp_forum_subforum_count":0,"site-sidebar-layout":"default","site-content-layout":"","ast-site-content-layout":"default","site-content-style":"default","site-sidebar-style":"default","ast-global-header-display":"","ast-banner-title-visibility":"","ast-main-header-display":"","ast-hfb-above-header-display":"","ast-hfb-below-header-display":"","ast-hfb-mobile-header-display":"","site-post-title":"","ast-breadcrumbs-content":"","ast-featured-img":"","footer-sml-layout":"","theme-transparent-header-meta":"default","adv-header-id-meta":"","stick-header-meta":"","header-above-stick-meta":"","header-main-stick-meta":"","header-below-stick-meta":"","astra-migrate-meta-layouts":"set","ast-page-background-enabled":"default","ast-page-background-meta":{"desktop":{"background-color":"var(--ast-global-color-4)","background-image":"","background-repeat":"repeat","background-position":"center center","background-size":"auto","background-attachment":"scroll","background-type":"","background-media":"","overlay-type":"","overlay-color":"","overlay-opacity":"","overlay-gradient":""},"tablet":{"background-color":"","background-image":"","background-repeat":"repeat","background-position":"center center","background-size":"auto","background-attachment":"scroll","background-type":"","background-media":"","overlay-type":"","overlay-color":"","overlay-opacity":"","overlay-gradient":""},"mobile":{"background-color":"","background-image":"","background-repeat":"repeat","background-position":"center center","background-size":"auto","background-attachment":"scroll","background-type":"","background-media":"","overlay-type":"","overlay-color":"","overlay-opacity":"","overlay-gradient":""}},"ast-content-background-meta":{"desktop":{"background-color":"var(--ast-global-color-5)","background-image":"","background-repeat":"repeat","background-position":"center center","background-size":"auto","background-attachment":"scroll","background-type":"","background-media":"","overlay-type":"","overlay-color":"","overlay-opacity":"","overlay-gradient":""},"tablet":{"background-color":"var(--ast-global-color-5)","background-image":"","background-repeat":"repeat","background-position":"center center","background-size":"auto","background-attachment":"scroll","background-type":"","background-media":"","overlay-type":"","overlay-color":"","overlay-opacity":"","overlay-gradient":""},"mobile":{"background-color":"var(--ast-global-color-5)","background-image":"","background-repeat":"repeat","background-position":"center center","background-size":"auto","background-attachment":"scroll","background-type":"","background-media":"","overlay-type":"","overlay-color":"","overlay-opacity":"","overlay-gradient":""}},"footnotes":""},"class_list":["post-862","page","type-page","status-publish","hentry"],"post_mailing_queue_ids":[],"_links":{"self":[{"href":"https:\/\/agora.xtec.cat\/ceipvinyadelsastret\/wp-json\/wp\/v2\/pages\/862","targetHints":{"allow":["GET"]}}],"collection":[{"href":"https:\/\/agora.xtec.cat\/ceipvinyadelsastret\/wp-json\/wp\/v2\/pages"}],"about":[{"href":"https:\/\/agora.xtec.cat\/ceipvinyadelsastret\/wp-json\/wp\/v2\/types\/page"}],"author":[{"embeddable":true,"href":"https:\/\/agora.xtec.cat\/ceipvinyadelsastret\/wp-json\/wp\/v2\/users\/1"}],"replies":[{"embeddable":true,"href":"https:\/\/agora.xtec.cat\/ceipvinyadelsastret\/wp-json\/wp\/v2\/comments?post=862"}],"version-history":[{"count":6,"href":"https:\/\/agora.xtec.cat\/ceipvinyadelsastret\/wp-json\/wp\/v2\/pages\/862\/revisions"}],"predecessor-version":[{"id":4623,"href":"https:\/\/agora.xtec.cat\/ceipvinyadelsastret\/wp-json\/wp\/v2\/pages\/862\/revisions\/4623"}],"up":[{"embeddable":true,"href":"https:\/\/agora.xtec.cat\/ceipvinyadelsastret\/wp-json\/wp\/v2\/pages\/801"}],"wp:attachment":[{"href":"https:\/\/agora.xtec.cat\/ceipvinyadelsastret\/wp-json\/wp\/v2\/media?parent=862"}],"curies":[{"name":"wp","href":"https:\/\/api.w.org\/{rel}","templated":true}]}}