{"id":805,"date":"2013-10-09T08:48:06","date_gmt":"2013-10-09T08:48:06","guid":{"rendered":"http:\/\/blocs.xtec.cat\/vinyadelsastret\/?page_id=70"},"modified":"2023-01-19T15:40:43","modified_gmt":"2023-01-19T14:40:43","slug":"menjador","status":"publish","type":"page","link":"https:\/\/agora.xtec.cat\/ceipvinyadelsastret\/serveis-2\/menjador\/","title":{"rendered":"Menjador escolar"},"content":{"rendered":"<div align=\"center\">\n<div>\n<div><i><input height=\"117\" src=\"http:\/\/phobos.xtec.cat\/a8059810\/images\/stories\/7itriajpeg_332.jpg\" type=\"image\" width=\"150\" \/>Campos Estela\u00a0<\/i>\u00e9s l\u2019empresa contractada per aquest servei i el gestiona l\u2019AMPA.<\/div>\n<div><\/div>\n<div><b>L\u2019horari d\u2019atenci\u00f3 a les fam\u00edlies \u00e9s de 9h a 9.30h i us hi podeu adre\u00e7ar:<\/b><\/div>\n<div>&#8211;\u00a0\u00a0\u00a0\u00a0\u00a0\u00a0\u00a0\u00a0\u00a0\u00a0\u00a0Trucant al m\u00f2bil 628 19 67 28.<\/div>\n<div>&#8211;\u00a0\u00a0\u00a0\u00a0\u00a0\u00a0\u00a0\u00a0\u00a0\u00a0\u00a0Al despatx de l\u2019AMPA, en l\u2019horari d\u2019atenci\u00f3.<\/div>\n<div><\/div>\n<div><b>Preus:<\/b><\/div>\n<div><b>Usuari fix: 6,10\u20ac\/dia<\/b>. Es considera fix aquell alumne que es quedi sempre els mateixos dies de la setmana, com a m\u00ednim 2 dies per setmana.<\/div>\n<div>Els alumnes fixos que no puguin assistir al menjador hauran d\u2019avisar el dia d\u2019abans o, com a molt tard, el mateix dia dins l\u2019horari establert (9h a 9.30h).<\/div>\n<p><b>Usuari eventual: 6.30\u20ac\/dia<\/b>. Aquests hauran d\u2019avisar a la coordinadora de menjador el dia abans, dins l\u2019horari establert, i portar un tiquet per dia.<\/p>\n<\/div>\n<div style=\"text-align: center;\"><\/div>\n<\/div>\n<h4 style=\"text-align: center;\">PODEU DESCARREGAR-VOS \u00a0ELS MEN\u00daS \u00a0FACILITATS PER L&#8217;EMPRESA A L&#8217;APARTAT\u00a0DOCUMENTS\/MENJADOR.<\/h4>\n<p>&nbsp;<\/p>\n","protected":false},"excerpt":{"rendered":"<p>Campos Estela\u00a0\u00e9s l\u2019empresa contractada per aquest servei i el gestiona l\u2019AMPA. L\u2019horari d\u2019atenci\u00f3 a les fam\u00edlies \u00e9s de 9h a 9.30h i us hi podeu adre\u00e7ar: &#8211;\u00a0\u00a0\u00a0\u00a0\u00a0\u00a0\u00a0\u00a0\u00a0\u00a0\u00a0Trucant al m\u00f2bil 628 19 67 28. &#8211;\u00a0\u00a0\u00a0\u00a0\u00a0\u00a0\u00a0\u00a0\u00a0\u00a0\u00a0Al despatx de l\u2019AMPA, en l\u2019horari d\u2019atenci\u00f3. Preus: Usuari fix: 6,10\u20ac\/dia. Es considera fix aquell alumne que es quedi sempre els mateixos [&hellip;]<\/p>\n","protected":false},"author":1,"featured_media":0,"parent":802,"menu_order":1,"comment_status":"open","ping_status":"open","template":"","meta":{"_bbp_topic_count":0,"_bbp_reply_count":0,"_bbp_total_topic_count":0,"_bbp_total_reply_count":0,"_bbp_voice_count":0,"_bbp_anonymous_reply_count":0,"_bbp_topic_count_hidden":0,"_bbp_reply_count_hidden":0,"_bbp_forum_subforum_count":0,"site-sidebar-layout":"default","site-content-layout":"","ast-site-content-layout":"","site-content-style":"default","site-sidebar-style":"default","ast-global-header-display":"","ast-banner-title-visibility":"","ast-main-header-display":"","ast-hfb-above-header-display":"","ast-hfb-below-header-display":"","ast-hfb-mobile-header-display":"","site-post-title":"","ast-breadcrumbs-content":"","ast-featured-img":"","footer-sml-layout":"","theme-transparent-header-meta":"","adv-header-id-meta":"","stick-header-meta":"","header-above-stick-meta":"","header-main-stick-meta":"","header-below-stick-meta":"","astra-migrate-meta-layouts":"default","ast-page-background-enabled":"default","ast-page-background-meta":{"desktop":{"background-color":"var(--ast-global-color-4)","background-image":"","background-repeat":"repeat","background-position":"center center","background-size":"auto","background-attachment":"scroll","background-type":"","background-media":"","overlay-type":"","overlay-color":"","overlay-opacity":"","overlay-gradient":""},"tablet":{"background-color":"","background-image":"","background-repeat":"repeat","background-position":"center center","background-size":"auto","background-attachment":"scroll","background-type":"","background-media":"","overlay-type":"","overlay-color":"","overlay-opacity":"","overlay-gradient":""},"mobile":{"background-color":"","background-image":"","background-repeat":"repeat","background-position":"center center","background-size":"auto","background-attachment":"scroll","background-type":"","background-media":"","overlay-type":"","overlay-color":"","overlay-opacity":"","overlay-gradient":""}},"ast-content-background-meta":{"desktop":{"background-color":"var(--ast-global-color-5)","background-image":"","background-repeat":"repeat","background-position":"center center","background-size":"auto","background-attachment":"scroll","background-type":"","background-media":"","overlay-type":"","overlay-color":"","overlay-opacity":"","overlay-gradient":""},"tablet":{"background-color":"var(--ast-global-color-5)","background-image":"","background-repeat":"repeat","background-position":"center center","background-size":"auto","background-attachment":"scroll","background-type":"","background-media":"","overlay-type":"","overlay-color":"","overlay-opacity":"","overlay-gradient":""},"mobile":{"background-color":"var(--ast-global-color-5)","background-image":"","background-repeat":"repeat","background-position":"center center","background-size":"auto","background-attachment":"scroll","background-type":"","background-media":"","overlay-type":"","overlay-color":"","overlay-opacity":"","overlay-gradient":""}},"footnotes":""},"class_list":["post-805","page","type-page","status-publish","hentry"],"post_mailing_queue_ids":[],"_links":{"self":[{"href":"https:\/\/agora.xtec.cat\/ceipvinyadelsastret\/wp-json\/wp\/v2\/pages\/805","targetHints":{"allow":["GET"]}}],"collection":[{"href":"https:\/\/agora.xtec.cat\/ceipvinyadelsastret\/wp-json\/wp\/v2\/pages"}],"about":[{"href":"https:\/\/agora.xtec.cat\/ceipvinyadelsastret\/wp-json\/wp\/v2\/types\/page"}],"author":[{"embeddable":true,"href":"https:\/\/agora.xtec.cat\/ceipvinyadelsastret\/wp-json\/wp\/v2\/users\/1"}],"replies":[{"embeddable":true,"href":"https:\/\/agora.xtec.cat\/ceipvinyadelsastret\/wp-json\/wp\/v2\/comments?post=805"}],"version-history":[{"count":1,"href":"https:\/\/agora.xtec.cat\/ceipvinyadelsastret\/wp-json\/wp\/v2\/pages\/805\/revisions"}],"predecessor-version":[{"id":3978,"href":"https:\/\/agora.xtec.cat\/ceipvinyadelsastret\/wp-json\/wp\/v2\/pages\/805\/revisions\/3978"}],"up":[{"embeddable":true,"href":"https:\/\/agora.xtec.cat\/ceipvinyadelsastret\/wp-json\/wp\/v2\/pages\/802"}],"wp:attachment":[{"href":"https:\/\/agora.xtec.cat\/ceipvinyadelsastret\/wp-json\/wp\/v2\/media?parent=805"}],"curies":[{"name":"wp","href":"https:\/\/api.w.org\/{rel}","templated":true}]}}