{"id":804,"date":"2013-10-09T08:38:47","date_gmt":"2013-10-09T08:38:47","guid":{"rendered":"http:\/\/blocs.xtec.cat\/vinyadelsastret\/?page_id=64"},"modified":"2025-09-29T15:44:12","modified_gmt":"2025-09-29T13:44:12","slug":"horaris","status":"publish","type":"page","link":"https:\/\/agora.xtec.cat\/ceipvinyadelsastret\/org\/horaris\/","title":{"rendered":"Horaris"},"content":{"rendered":"<p>&nbsp;<\/p>\n<p><a href=\"https:\/\/agora.xtec.cat\/ceipvinyadelsastret\/wp-content\/uploads\/usu1006\/2023\/01\/horari.png\"><img loading=\"lazy\" decoding=\"async\" class=\"aligncenter size-full wp-image-3915\" src=\"https:\/\/agora.xtec.cat\/ceipvinyadelsastret\/wp-content\/uploads\/usu1006\/2023\/01\/horari.png\" alt=\"\" width=\"958\" height=\"147\" srcset=\"https:\/\/agora.xtec.cat\/ceipvinyadelsastret\/wp-content\/uploads\/usu1006\/2023\/01\/horari.png 958w, https:\/\/agora.xtec.cat\/ceipvinyadelsastret\/wp-content\/uploads\/usu1006\/2023\/01\/horari-300x46.png 300w, https:\/\/agora.xtec.cat\/ceipvinyadelsastret\/wp-content\/uploads\/usu1006\/2023\/01\/horari-768x118.png 768w\" sizes=\"auto, (max-width: 958px) 100vw, 958px\" \/><\/a><\/p>\n<p>&nbsp;<\/p>\n<ul>\n<li><b>L\u2019horari escolar <\/b>\u00e9s el seg\u00fcent: de 9 a 12.30h i de 15 a 16.30h.<\/li>\n<\/ul>\n<div>\n<table style=\"height: 135px; width: 74.0905%; border-color: #969595; border-style: solid;\">\n<tbody>\n<tr style=\"height: 177px;\">\n<td style=\"width: 16.2875%; height: 45px; border-style: solid; border-color: #aba4a4;\"><b>Grup<\/b><\/td>\n<td style=\"width: 19.916%; height: 45px; border-style: solid; border-color: #aba4a4;\"><strong>Acc\u00e9s<\/strong><\/td>\n<td style=\"width: 16.1448%; height: 45px; border-style: solid; border-color: #aba4a4;\"><strong>Horari <\/strong><strong>entrada al <\/strong><strong>mat\u00ed<\/strong><\/td>\n<td style=\"width: 14.9706%; height: 45px; border-style: solid; border-color: #aba4a4;\"><strong>Horari\u00a0<\/strong><strong>sortida <\/strong><strong>migdia<\/strong><\/td>\n<td style=\"width: 16.1448%; height: 45px; border-style: solid; border-color: #aba4a4;\"><strong>Horari <\/strong><strong>entrada <\/strong><strong>tarda<\/strong><\/td>\n<td style=\"width: 14.9706%; height: 45px; border-style: solid; border-color: #aba4a4;\"><strong>Horari <\/strong><strong>sortida <\/strong><strong>tarda<\/strong><\/td>\n<\/tr>\n<tr style=\"height: 34px;\">\n<td style=\"width: 16.2875%; height: 34px; background-color: #2888ad; border-style: solid; border-color: #aba4a4;\"><strong>I4, i4 I i5<\/strong><\/td>\n<td style=\"height: 34px; width: 19.916%; border-style: solid; border-color: #aba4a4;\"><strong>Porta principal<\/strong><\/td>\n<td style=\"width: 16.1448%; height: 90px; border-style: solid; border-color: #aba4a4;\" rowspan=\"3\">&nbsp;<\/p>\n<p>9h<\/td>\n<td style=\"width: 14.9706%; height: 90px; border-style: solid; border-color: #aba4a4;\" rowspan=\"3\">&nbsp;<\/p>\n<p>12.30h<\/td>\n<td style=\"width: 16.1448%; height: 90px; border-style: solid; border-color: #aba4a4;\" rowspan=\"3\">&nbsp;<\/p>\n<p>15h<\/td>\n<td style=\"width: 14.9706%; height: 90px; border-style: solid; border-color: #aba4a4;\" rowspan=\"3\">&nbsp;<\/p>\n<p>16.30h<\/td>\n<\/tr>\n<tr style=\"height: 34px;\">\n<td style=\"width: 16.2875%; height: 22px; background-color: #f50f35; border-style: solid; border-color: #aba4a4;\"><strong>1r, 2n<\/strong><\/td>\n<td style=\"width: 19.916%; height: 22px; border-style: solid; border-color: #aba4a4;\"><strong>Porta principal<\/strong><\/td>\n<\/tr>\n<tr style=\"height: 34px;\">\n<td style=\"width: 16.2875%; height: 34px; background-color: #02fa55; border-style: solid; border-color: #aba4a4;\"><strong>3r, 4t, 5\u00e8 i 6\u00e8<\/strong><\/td>\n<td style=\"width: 19.916%; height: 34px; border-style: solid; border-color: #aba4a4;\"><strong>Porta de dalt<\/strong><\/td>\n<\/tr>\n<\/tbody>\n<\/table>\n<\/div>\n<div><b>\u00a0<\/b><\/div>\n<ul>\n<li><b>L\u2019horari de jornada intensiva<\/b> \u00e9s de 9 a 13h.<\/li>\n<li><strong>L&#8217;horari de menjador<\/strong>\u00a0 \u00e9s de\u00a0 12.30 a 15h (excepte al mes de setembre i durant la jornada intensiva de juny que \u00e9s de 13 a 15.30h).<\/li>\n<li><strong>L&#8217;horari de lleure escolar<\/strong> durant el mes de setembre \u00e9s de 15.30 a 16.30h (monitoratge menjador).<\/li>\n<\/ul>\n","protected":false},"excerpt":{"rendered":"<p>&nbsp; &nbsp; L\u2019horari escolar \u00e9s el seg\u00fcent: de 9 a 12.30h i de 15 a 16.30h. Grup Acc\u00e9s Horari entrada al mat\u00ed Horari\u00a0sortida migdia Horari entrada tarda Horari sortida tarda I4, i4 I i5 Porta principal &nbsp; 9h &nbsp; 12.30h &nbsp; 15h &nbsp; 16.30h 1r, 2n Porta principal 3r, 4t, 5\u00e8 i 6\u00e8 Porta de [&hellip;]<\/p>\n","protected":false},"author":1,"featured_media":0,"parent":801,"menu_order":3,"comment_status":"open","ping_status":"open","template":"","meta":{"_bbp_topic_count":0,"_bbp_reply_count":0,"_bbp_total_topic_count":0,"_bbp_total_reply_count":0,"_bbp_voice_count":0,"_bbp_anonymous_reply_count":0,"_bbp_topic_count_hidden":0,"_bbp_reply_count_hidden":0,"_bbp_forum_subforum_count":0,"site-sidebar-layout":"default","site-content-layout":"","ast-site-content-layout":"default","site-content-style":"default","site-sidebar-style":"default","ast-global-header-display":"","ast-banner-title-visibility":"","ast-main-header-display":"","ast-hfb-above-header-display":"","ast-hfb-below-header-display":"","ast-hfb-mobile-header-display":"","site-post-title":"","ast-breadcrumbs-content":"","ast-featured-img":"","footer-sml-layout":"","theme-transparent-header-meta":"default","adv-header-id-meta":"","stick-header-meta":"","header-above-stick-meta":"","header-main-stick-meta":"","header-below-stick-meta":"","astra-migrate-meta-layouts":"set","ast-page-background-enabled":"default","ast-page-background-meta":{"desktop":{"background-color":"var(--ast-global-color-4)","background-image":"","background-repeat":"repeat","background-position":"center center","background-size":"auto","background-attachment":"scroll","background-type":"","background-media":"","overlay-type":"","overlay-color":"","overlay-opacity":"","overlay-gradient":""},"tablet":{"background-color":"","background-image":"","background-repeat":"repeat","background-position":"center center","background-size":"auto","background-attachment":"scroll","background-type":"","background-media":"","overlay-type":"","overlay-color":"","overlay-opacity":"","overlay-gradient":""},"mobile":{"background-color":"","background-image":"","background-repeat":"repeat","background-position":"center center","background-size":"auto","background-attachment":"scroll","background-type":"","background-media":"","overlay-type":"","overlay-color":"","overlay-opacity":"","overlay-gradient":""}},"ast-content-background-meta":{"desktop":{"background-color":"var(--ast-global-color-5)","background-image":"","background-repeat":"repeat","background-position":"center center","background-size":"auto","background-attachment":"scroll","background-type":"","background-media":"","overlay-type":"","overlay-color":"","overlay-opacity":"","overlay-gradient":""},"tablet":{"background-color":"var(--ast-global-color-5)","background-image":"","background-repeat":"repeat","background-position":"center center","background-size":"auto","background-attachment":"scroll","background-type":"","background-media":"","overlay-type":"","overlay-color":"","overlay-opacity":"","overlay-gradient":""},"mobile":{"background-color":"var(--ast-global-color-5)","background-image":"","background-repeat":"repeat","background-position":"center center","background-size":"auto","background-attachment":"scroll","background-type":"","background-media":"","overlay-type":"","overlay-color":"","overlay-opacity":"","overlay-gradient":""}},"footnotes":""},"class_list":["post-804","page","type-page","status-publish","hentry"],"post_mailing_queue_ids":[],"_links":{"self":[{"href":"https:\/\/agora.xtec.cat\/ceipvinyadelsastret\/wp-json\/wp\/v2\/pages\/804","targetHints":{"allow":["GET"]}}],"collection":[{"href":"https:\/\/agora.xtec.cat\/ceipvinyadelsastret\/wp-json\/wp\/v2\/pages"}],"about":[{"href":"https:\/\/agora.xtec.cat\/ceipvinyadelsastret\/wp-json\/wp\/v2\/types\/page"}],"author":[{"embeddable":true,"href":"https:\/\/agora.xtec.cat\/ceipvinyadelsastret\/wp-json\/wp\/v2\/users\/1"}],"replies":[{"embeddable":true,"href":"https:\/\/agora.xtec.cat\/ceipvinyadelsastret\/wp-json\/wp\/v2\/comments?post=804"}],"version-history":[{"count":7,"href":"https:\/\/agora.xtec.cat\/ceipvinyadelsastret\/wp-json\/wp\/v2\/pages\/804\/revisions"}],"predecessor-version":[{"id":4599,"href":"https:\/\/agora.xtec.cat\/ceipvinyadelsastret\/wp-json\/wp\/v2\/pages\/804\/revisions\/4599"}],"up":[{"embeddable":true,"href":"https:\/\/agora.xtec.cat\/ceipvinyadelsastret\/wp-json\/wp\/v2\/pages\/801"}],"wp:attachment":[{"href":"https:\/\/agora.xtec.cat\/ceipvinyadelsastret\/wp-json\/wp\/v2\/media?parent=804"}],"curies":[{"name":"wp","href":"https:\/\/api.w.org\/{rel}","templated":true}]}}