{"id":73,"date":"2014-09-18T14:01:51","date_gmt":"2014-09-18T13:01:51","guid":{"rendered":"http:\/\/agora.xtec.cat\/ceipvinyadelsastret\/?page_id=73"},"modified":"2026-02-26T15:45:20","modified_gmt":"2026-02-26T14:45:20","slug":"menjador-escolar","status":"publish","type":"page","link":"https:\/\/agora.xtec.cat\/ceipvinyadelsastret\/serveis\/menjador-escolar\/","title":{"rendered":"Menjador escolar"},"content":{"rendered":"<div align=\"center\">\n<p>&nbsp;<\/p>\n<p><a href=\"https:\/\/agora.xtec.cat\/ceipvinyadelsastret\/wp-content\/uploads\/usu1006\/2023\/01\/menjador.png\"><img loading=\"lazy\" decoding=\"async\" class=\"aligncenter size-full wp-image-3944\" src=\"https:\/\/agora.xtec.cat\/ceipvinyadelsastret\/wp-content\/uploads\/usu1006\/2023\/01\/menjador.png\" alt=\"\" width=\"951\" height=\"144\" srcset=\"https:\/\/agora.xtec.cat\/ceipvinyadelsastret\/wp-content\/uploads\/usu1006\/2023\/01\/menjador.png 951w, https:\/\/agora.xtec.cat\/ceipvinyadelsastret\/wp-content\/uploads\/usu1006\/2023\/01\/menjador-300x45.png 300w, https:\/\/agora.xtec.cat\/ceipvinyadelsastret\/wp-content\/uploads\/usu1006\/2023\/01\/menjador-768x116.png 768w\" sizes=\"auto, (max-width: 951px) 100vw, 951px\" \/><\/a><\/p>\n<p>&nbsp;<\/p>\n<p style=\"text-align: left;\">L&#8217;AFA de la nostra escola gestiona el servei de menjador. L&#8217;empresa contractada per portar-lo a terme \u00e9s <em><strong>&#8220;Sabe que alimenta&#8221; <\/strong><\/em><a href=\"http:\/\/www.camposestela.com\/\">Campos Estela<\/a>.<\/p>\n<p style=\"text-align: left;\">Per <a href=\"https:\/\/drive.google.com\/file\/d\/1rBIh-YLYW9neb83dlbipP0Qz3NchfNIy\/view?usp=drive_link\">donar-se d&#8217;alta<\/a> al servei de menjador i\/o acollida cal inscriure&#8217;s a trav\u00e9s de l&#8217;App de Campos Estela:<\/p>\n<ul>\n<li style=\"text-align: left;\">Fam\u00edlies del centre: es renova de manera autom\u00e0tica.<\/li>\n<li style=\"text-align: left;\">Fam\u00edlies noves: inscripci\u00f3 App Campos Estela.<\/li>\n<\/ul>\n<p style=\"text-align: left;\">Qualsevol gesti\u00f3 s&#8217;ha de fer a trav\u00e9s de l&#8217;App.<\/p>\n<p style=\"text-align: left;\">Podeu descarregar-vos els men\u00fas facilitats per l&#8217;empresa, clicant al seg\u00fcent <a href=\"https:\/\/camposestela.com\/menus\/\">enlla\u00e7.<\/a><\/p>\n<p style=\"text-align: left;\"><strong><a href=\"https:\/\/drive.google.com\/file\/d\/1Q6iROsOehWz1uzGsx1Arcw9wA5I33AN_\/view?usp=drive_link\">Normativa<\/a> de l&#8217;\u00fas de menjador:<\/strong><\/p>\n<ul>\n<li style=\"text-align: left;\">No es pot fer \u00fas del menjador amb rebuts <span style=\"text-decoration: underline;\">pendents de pagament<\/span> de cursos o mesos anteriors.<\/li>\n<li style=\"text-align: left;\">Els alumnes que utilitzen el servei de menjador han de respectar la normativa de menjador. Cap alumne podr\u00e0 marxar del menjador sense justificaci\u00f3 i notificaci\u00f3 pr\u00e8via.<\/li>\n<li style=\"text-align: left;\">Les fam\u00edlies rebran un <span style=\"text-decoration: underline;\">informe<\/span> peri\u00f2dic d&#8217;h\u00e0bits i comportament per escrit per a tots els alumnes.<\/li>\n<li style=\"text-align: left;\">Adequar l&#8217;horari d&#8217;administraci\u00f3 de <span style=\"text-decoration: underline;\">medicaments<\/span> a fora d&#8217;hores de menjador. En cas que aix\u00f2 sigui impossible, contacteu amb la coordinadora i lliureu-li la prescripci\u00f3 m\u00e8dica.<\/li>\n<li style=\"text-align: left;\">Els alumnes amb <span style=\"text-decoration: underline;\">al\u00b7l\u00e8rgies o intoler\u00e0ncies aliment\u00e0ries<\/span> han de lliurar el certificat m\u00e8dic actualitzat a la coordinadora.<\/li>\n<li style=\"text-align: left;\">Els dies d&#8217;excursi\u00f3 es facilitar\u00e0 un PICNIC a tots aquells alumnes fixes de menjador. En cas que no es vulgui, han de comunicar-ho al servei de menjador amb un m\u00ednim de 2 dies d&#8217;antelaci\u00f3.<\/li>\n<\/ul>\n<p style=\"text-align: left;\"><strong>Preus:<\/strong><\/p>\n<ul>\n<li style=\"text-align: left;\">Preu men\u00fa\u00a0<strong>fix: 7,20\u20ac \/ dia.<\/strong> Es considera fix aquell infant que es quedi sempre els mateixos dies de la setmana, com a m\u00ednim 2 dies per setmana. Els alumnes fixos que no puguin assistir al menjador hauran d\u2019avisar el dia d\u2019abans o, com a molt tard, el mateix dia dins l\u2019horari establert (9h a 9.30h).<\/li>\n<li style=\"text-align: left;\">Preu men\u00fa\u00a0<strong>espor\u00e0dic<\/strong><span style=\"font-family: inherit; font-size: 1em;\"><strong>: 7,92\u20ac \/ dia.<\/strong> \u00a0Aquests hauran d\u2019avisar a la coordinadora de menjador dins l\u2019horari establert.<\/span><\/li>\n<\/ul>\n<p style=\"text-align: left;\"><strong>Horaris:<\/strong><\/p>\n<p style=\"text-align: justify;\">L&#8217;horari habitual de menjador durant el curs escolar ser\u00e0 de <strong>12.30h a 15.00h.<\/strong><\/p>\n<p style=\"text-align: justify;\">L&#8217;horari dels dies de jornada intensiva ser\u00e0 de\u00a0<strong>13.00h a 15.30h.<\/strong><\/p>\n<p style=\"text-align: justify;\">L&#8217;horari d&#8217;atenci\u00f3 a les fam\u00edlies ser\u00e0 de dilluns a divendres, de <strong>9h a 9.30h al menjador escolar.<\/strong><\/p>\n<p style=\"text-align: left;\"><strong>Contacte:<\/strong><\/p>\n<ul>\n<li style=\"text-align: left;\">Tel\u00e8fon coordinadora: 628 19 67 28 (Anna Tena)<\/li>\n<\/ul>\n<\/div>\n<ul>\n<li>El correu electr\u00f2nic de l&#8217;AFA per q\u00fcestions sobre el servei de menjador \u00e9s <strong>ceipvinyadelsastret@camposestela.com<\/strong><\/li>\n<\/ul>\n","protected":false},"excerpt":{"rendered":"<p>&nbsp; &nbsp; L&#8217;AFA de la nostra escola gestiona el servei de menjador. L&#8217;empresa contractada per portar-lo a terme \u00e9s &#8220;Sabe que alimenta&#8221; Campos Estela. Per donar-se d&#8217;alta al servei de menjador i\/o acollida cal inscriure&#8217;s a trav\u00e9s de l&#8217;App de Campos Estela: Fam\u00edlies del centre: es renova de manera autom\u00e0tica. Fam\u00edlies noves: inscripci\u00f3 App Campos [&hellip;]<\/p>\n","protected":false},"author":1,"featured_media":0,"parent":66,"menu_order":1,"comment_status":"closed","ping_status":"closed","template":"","meta":{"_bbp_topic_count":0,"_bbp_reply_count":0,"_bbp_total_topic_count":0,"_bbp_total_reply_count":0,"_bbp_voice_count":0,"_bbp_anonymous_reply_count":0,"_bbp_topic_count_hidden":0,"_bbp_reply_count_hidden":0,"_bbp_forum_subforum_count":0,"site-sidebar-layout":"default","site-content-layout":"","ast-site-content-layout":"default","site-content-style":"default","site-sidebar-style":"default","ast-global-header-display":"","ast-banner-title-visibility":"","ast-main-header-display":"","ast-hfb-above-header-display":"","ast-hfb-below-header-display":"","ast-hfb-mobile-header-display":"","site-post-title":"","ast-breadcrumbs-content":"","ast-featured-img":"","footer-sml-layout":"","theme-transparent-header-meta":"default","adv-header-id-meta":"","stick-header-meta":"","header-above-stick-meta":"","header-main-stick-meta":"","header-below-stick-meta":"","astra-migrate-meta-layouts":"set","ast-page-background-enabled":"default","ast-page-background-meta":{"desktop":{"background-color":"var(--ast-global-color-4)","background-image":"","background-repeat":"repeat","background-position":"center center","background-size":"auto","background-attachment":"scroll","background-type":"","background-media":"","overlay-type":"","overlay-color":"","overlay-opacity":"","overlay-gradient":""},"tablet":{"background-color":"","background-image":"","background-repeat":"repeat","background-position":"center center","background-size":"auto","background-attachment":"scroll","background-type":"","background-media":"","overlay-type":"","overlay-color":"","overlay-opacity":"","overlay-gradient":""},"mobile":{"background-color":"","background-image":"","background-repeat":"repeat","background-position":"center center","background-size":"auto","background-attachment":"scroll","background-type":"","background-media":"","overlay-type":"","overlay-color":"","overlay-opacity":"","overlay-gradient":""}},"ast-content-background-meta":{"desktop":{"background-color":"var(--ast-global-color-5)","background-image":"","background-repeat":"repeat","background-position":"center center","background-size":"auto","background-attachment":"scroll","background-type":"","background-media":"","overlay-type":"","overlay-color":"","overlay-opacity":"","overlay-gradient":""},"tablet":{"background-color":"var(--ast-global-color-5)","background-image":"","background-repeat":"repeat","background-position":"center center","background-size":"auto","background-attachment":"scroll","background-type":"","background-media":"","overlay-type":"","overlay-color":"","overlay-opacity":"","overlay-gradient":""},"mobile":{"background-color":"var(--ast-global-color-5)","background-image":"","background-repeat":"repeat","background-position":"center center","background-size":"auto","background-attachment":"scroll","background-type":"","background-media":"","overlay-type":"","overlay-color":"","overlay-opacity":"","overlay-gradient":""}},"footnotes":""},"class_list":["post-73","page","type-page","status-publish","hentry"],"post_mailing_queue_ids":[],"_links":{"self":[{"href":"https:\/\/agora.xtec.cat\/ceipvinyadelsastret\/wp-json\/wp\/v2\/pages\/73","targetHints":{"allow":["GET"]}}],"collection":[{"href":"https:\/\/agora.xtec.cat\/ceipvinyadelsastret\/wp-json\/wp\/v2\/pages"}],"about":[{"href":"https:\/\/agora.xtec.cat\/ceipvinyadelsastret\/wp-json\/wp\/v2\/types\/page"}],"author":[{"embeddable":true,"href":"https:\/\/agora.xtec.cat\/ceipvinyadelsastret\/wp-json\/wp\/v2\/users\/1"}],"replies":[{"embeddable":true,"href":"https:\/\/agora.xtec.cat\/ceipvinyadelsastret\/wp-json\/wp\/v2\/comments?post=73"}],"version-history":[{"count":7,"href":"https:\/\/agora.xtec.cat\/ceipvinyadelsastret\/wp-json\/wp\/v2\/pages\/73\/revisions"}],"predecessor-version":[{"id":4643,"href":"https:\/\/agora.xtec.cat\/ceipvinyadelsastret\/wp-json\/wp\/v2\/pages\/73\/revisions\/4643"}],"up":[{"embeddable":true,"href":"https:\/\/agora.xtec.cat\/ceipvinyadelsastret\/wp-json\/wp\/v2\/pages\/66"}],"wp:attachment":[{"href":"https:\/\/agora.xtec.cat\/ceipvinyadelsastret\/wp-json\/wp\/v2\/media?parent=73"}],"curies":[{"name":"wp","href":"https:\/\/api.w.org\/{rel}","templated":true}]}}