{"id":64,"date":"2014-09-18T12:39:08","date_gmt":"2014-09-18T11:39:08","guid":{"rendered":"http:\/\/agora.xtec.cat\/ceipvinyadelsastret\/?page_id=64"},"modified":"2026-04-17T10:26:10","modified_gmt":"2026-04-17T08:26:10","slug":"projecte-educatiu","status":"publish","type":"page","link":"https:\/\/agora.xtec.cat\/ceipvinyadelsastret\/projectes\/projecte-educatiu\/","title":{"rendered":"Documents de centre"},"content":{"rendered":"<p><a href=\"https:\/\/agora.xtec.cat\/ceipvinyadelsastret\/wp-content\/uploads\/usu1006\/2023\/01\/documents-de-centre.png\"><img loading=\"lazy\" decoding=\"async\" class=\"aligncenter size-full wp-image-3925\" src=\"https:\/\/agora.xtec.cat\/ceipvinyadelsastret\/wp-content\/uploads\/usu1006\/2023\/01\/documents-de-centre.png\" alt=\"\" width=\"960\" height=\"146\" srcset=\"https:\/\/agora.xtec.cat\/ceipvinyadelsastret\/wp-content\/uploads\/usu1006\/2023\/01\/documents-de-centre.png 960w, https:\/\/agora.xtec.cat\/ceipvinyadelsastret\/wp-content\/uploads\/usu1006\/2023\/01\/documents-de-centre-300x46.png 300w, https:\/\/agora.xtec.cat\/ceipvinyadelsastret\/wp-content\/uploads\/usu1006\/2023\/01\/documents-de-centre-768x117.png 768w\" sizes=\"auto, (max-width: 960px) 100vw, 960px\" \/><\/a><\/p>\n<p>&nbsp;<\/p>\n<table style=\"border-collapse: collapse; width: 100%;\">\n<tbody>\n<tr>\n<td style=\"width: 33.3333%;\"><a href=\"https:\/\/agora.xtec.cat\/ceipvinyadelsastret\/wp-content\/uploads\/usu1006\/2023\/01\/PEC-1.png\"><img loading=\"lazy\" decoding=\"async\" class=\"aligncenter size-full wp-image-3930\" src=\"https:\/\/agora.xtec.cat\/ceipvinyadelsastret\/wp-content\/uploads\/usu1006\/2023\/01\/PEC-1.png\" alt=\"\" width=\"947\" height=\"133\" srcset=\"https:\/\/agora.xtec.cat\/ceipvinyadelsastret\/wp-content\/uploads\/usu1006\/2023\/01\/PEC-1.png 947w, https:\/\/agora.xtec.cat\/ceipvinyadelsastret\/wp-content\/uploads\/usu1006\/2023\/01\/PEC-1-300x42.png 300w, https:\/\/agora.xtec.cat\/ceipvinyadelsastret\/wp-content\/uploads\/usu1006\/2023\/01\/PEC-1-768x108.png 768w\" sizes=\"auto, (max-width: 947px) 100vw, 947px\" \/><\/a><\/td>\n<td style=\"width: 33.3333%;\"><a href=\"https:\/\/agora.xtec.cat\/ceipvinyadelsastret\/wp-content\/uploads\/usu1006\/2023\/01\/NOFC.png\"><img loading=\"lazy\" decoding=\"async\" class=\"aligncenter size-full wp-image-3928\" src=\"https:\/\/agora.xtec.cat\/ceipvinyadelsastret\/wp-content\/uploads\/usu1006\/2023\/01\/NOFC.png\" alt=\"\" width=\"867\" height=\"100\" srcset=\"https:\/\/agora.xtec.cat\/ceipvinyadelsastret\/wp-content\/uploads\/usu1006\/2023\/01\/NOFC.png 867w, https:\/\/agora.xtec.cat\/ceipvinyadelsastret\/wp-content\/uploads\/usu1006\/2023\/01\/NOFC-300x35.png 300w, https:\/\/agora.xtec.cat\/ceipvinyadelsastret\/wp-content\/uploads\/usu1006\/2023\/01\/NOFC-768x89.png 768w\" sizes=\"auto, (max-width: 867px) 100vw, 867px\" \/><\/a><\/td>\n<td style=\"width: 33.3333%;\"><a href=\"https:\/\/agora.xtec.cat\/ceipvinyadelsastret\/wp-content\/uploads\/usu1006\/2023\/01\/plc.png\"><img loading=\"lazy\" decoding=\"async\" class=\"aligncenter size-full wp-image-3931\" src=\"https:\/\/agora.xtec.cat\/ceipvinyadelsastret\/wp-content\/uploads\/usu1006\/2023\/01\/plc.png\" alt=\"\" width=\"957\" height=\"127\" srcset=\"https:\/\/agora.xtec.cat\/ceipvinyadelsastret\/wp-content\/uploads\/usu1006\/2023\/01\/plc.png 957w, https:\/\/agora.xtec.cat\/ceipvinyadelsastret\/wp-content\/uploads\/usu1006\/2023\/01\/plc-300x40.png 300w, https:\/\/agora.xtec.cat\/ceipvinyadelsastret\/wp-content\/uploads\/usu1006\/2023\/01\/plc-768x102.png 768w\" sizes=\"auto, (max-width: 957px) 100vw, 957px\" \/><\/a><\/td>\n<\/tr>\n<tr>\n<td style=\"width: 33.3333%;\">\n<ul>\n<li><a href=\"https:\/\/docs.google.com\/document\/d\/17KG6QFH39Jv6CLBhbQJbHfj0_IE7A_Ov\/edit?usp=sharing&amp;ouid=115065751651873277495&amp;rtpof=true&amp;sd=true\"><img loading=\"lazy\" decoding=\"async\" class=\"aligncenter wp-image-3327\" src=\"https:\/\/agora.xtec.cat\/ceipvinyadelsastret\/wp-content\/uploads\/usu1006\/2020\/11\/Sin-t\u00edtulo.png\" alt=\"\" width=\"228\" height=\"299\" srcset=\"https:\/\/agora.xtec.cat\/ceipvinyadelsastret\/wp-content\/uploads\/usu1006\/2020\/11\/Sin-t\u00edtulo.png 388w, https:\/\/agora.xtec.cat\/ceipvinyadelsastret\/wp-content\/uploads\/usu1006\/2020\/11\/Sin-t\u00edtulo-229x300.png 229w\" sizes=\"auto, (max-width: 228px) 100vw, 228px\" \/><\/a><\/li>\n<\/ul>\n<\/td>\n<td style=\"width: 33.3333%;\"><a href=\"https:\/\/drive.google.com\/file\/d\/1xg-sheYZaFEr2Zlcx4lYTxobdvlUuVCa\/view?usp=sharing\"><img loading=\"lazy\" decoding=\"async\" class=\"aligncenter wp-image-3726\" src=\"https:\/\/agora.xtec.cat\/ceipvinyadelsastret\/wp-content\/uploads\/usu1006\/2022\/02\/NOFC-IMATGE.png\" alt=\"\" width=\"213\" height=\"278\" srcset=\"https:\/\/agora.xtec.cat\/ceipvinyadelsastret\/wp-content\/uploads\/usu1006\/2022\/02\/NOFC-IMATGE.png 592w, https:\/\/agora.xtec.cat\/ceipvinyadelsastret\/wp-content\/uploads\/usu1006\/2022\/02\/NOFC-IMATGE-230x300.png 230w\" sizes=\"auto, (max-width: 213px) 100vw, 213px\" \/><\/a><\/td>\n<td style=\"width: 33.3333%;\"><a href=\"https:\/\/drive.google.com\/file\/d\/1JqtlZ-Fp7Ibn4kTSphhkJTkHzBpQBCGl\/view?usp=sharing\"><img loading=\"lazy\" decoding=\"async\" class=\"aligncenter wp-image-3727\" src=\"https:\/\/agora.xtec.cat\/ceipvinyadelsastret\/wp-content\/uploads\/usu1006\/2022\/02\/PLC-IMATGE.png\" alt=\"\" width=\"221\" height=\"277\" srcset=\"https:\/\/agora.xtec.cat\/ceipvinyadelsastret\/wp-content\/uploads\/usu1006\/2022\/02\/PLC-IMATGE.png 614w, https:\/\/agora.xtec.cat\/ceipvinyadelsastret\/wp-content\/uploads\/usu1006\/2022\/02\/PLC-IMATGE-239x300.png 239w\" sizes=\"auto, (max-width: 221px) 100vw, 221px\" \/><\/a><\/td>\n<\/tr>\n<tr>\n<td style=\"width: 33.3333%; text-align: center;\">PEC<\/td>\n<td style=\"width: 33.3333%; text-align: center;\">NOFC<\/td>\n<td style=\"width: 33.3333%; text-align: center;\">PLC<\/td>\n<\/tr>\n<\/tbody>\n<\/table>\n<p>&nbsp;<\/p>\n<table style=\"border-collapse: collapse; width: 100%; height: 111px;\">\n<tbody>\n<tr style=\"height: 79px;\">\n<td style=\"width: 33.3333%; height: 79px;\"><a href=\"https:\/\/agora.xtec.cat\/ceipvinyadelsastret\/wp-content\/uploads\/usu1006\/2023\/04\/carta-compromis.jpg\" rel=\"https:\/\/drive.google.com\/file\/d\/1F_5E55pyz7UsgglpwEDsef22_1X-hv9V\/view?usp=share_link\"><img loading=\"lazy\" decoding=\"async\" class=\"aligncenter wp-image-4251 size-full\" src=\"https:\/\/agora.xtec.cat\/ceipvinyadelsastret\/wp-content\/uploads\/usu1006\/2023\/04\/carta-compromis.jpg\" alt=\"\" width=\"944\" height=\"142\" srcset=\"https:\/\/agora.xtec.cat\/ceipvinyadelsastret\/wp-content\/uploads\/usu1006\/2023\/04\/carta-compromis.jpg 944w, https:\/\/agora.xtec.cat\/ceipvinyadelsastret\/wp-content\/uploads\/usu1006\/2023\/04\/carta-compromis-300x45.jpg 300w, https:\/\/agora.xtec.cat\/ceipvinyadelsastret\/wp-content\/uploads\/usu1006\/2023\/04\/carta-compromis-768x116.jpg 768w\" sizes=\"auto, (max-width: 944px) 100vw, 944px\" \/><\/a><\/td>\n<td style=\"width: 33.3333%; height: 79px;\"><a href=\"https:\/\/agora.xtec.cat\/ceipvinyadelsastret\/wp-content\/uploads\/usu1006\/2024\/05\/Banner-Electronica-y-Tecnologia-Exhibicion-Moderno-Retractable-Azul-y-Rosa-1.png\"><img loading=\"lazy\" decoding=\"async\" class=\"aligncenter wp-image-4456\" src=\"https:\/\/agora.xtec.cat\/ceipvinyadelsastret\/wp-content\/uploads\/usu1006\/2024\/05\/Banner-Electronica-y-Tecnologia-Exhibicion-Moderno-Retractable-Azul-y-Rosa-1-1024x256.png\" alt=\"\" width=\"261\" height=\"65\" srcset=\"https:\/\/agora.xtec.cat\/ceipvinyadelsastret\/wp-content\/uploads\/usu1006\/2024\/05\/Banner-Electronica-y-Tecnologia-Exhibicion-Moderno-Retractable-Azul-y-Rosa-1-1024x256.png 1024w, https:\/\/agora.xtec.cat\/ceipvinyadelsastret\/wp-content\/uploads\/usu1006\/2024\/05\/Banner-Electronica-y-Tecnologia-Exhibicion-Moderno-Retractable-Azul-y-Rosa-1-300x75.png 300w, https:\/\/agora.xtec.cat\/ceipvinyadelsastret\/wp-content\/uploads\/usu1006\/2024\/05\/Banner-Electronica-y-Tecnologia-Exhibicion-Moderno-Retractable-Azul-y-Rosa-1-768x192.png 768w, https:\/\/agora.xtec.cat\/ceipvinyadelsastret\/wp-content\/uploads\/usu1006\/2024\/05\/Banner-Electronica-y-Tecnologia-Exhibicion-Moderno-Retractable-Azul-y-Rosa-1-1536x384.png 1536w, https:\/\/agora.xtec.cat\/ceipvinyadelsastret\/wp-content\/uploads\/usu1006\/2024\/05\/Banner-Electronica-y-Tecnologia-Exhibicion-Moderno-Retractable-Azul-y-Rosa-1-2048x512.png 2048w\" sizes=\"auto, (max-width: 261px) 100vw, 261px\" \/><\/a><\/td>\n<td style=\"width: 33.3333%; height: 79px;\"><\/td>\n<\/tr>\n<tr style=\"height: 32px;\">\n<td style=\"width: 33.3333%; text-align: center; height: 32px;\"><a href=\"https:\/\/agora.xtec.cat\/ceipvinyadelsastret\/wp-content\/uploads\/usu1006\/2024\/05\/Carta-de-compromis-educatiu-23-24.pdf\">CARTA DE COMPROM\u00cdS EDUCATIU<\/a><\/p>\n<p><a href=\"https:\/\/agora.xtec.cat\/ceipvinyadelsastret\/carta-de-compromis-educatiu\/\">QU\u00c8 \u00c9S LA CARTA?<\/a><\/td>\n<td style=\"width: 33.3333%; height: 32px;\">\n<p style=\"text-align: center;\"><a href=\"https:\/\/agora.xtec.cat\/ceipvinyadelsastret\/wp-content\/uploads\/usu1006\/2024\/05\/LIQUIDACIO-DE-LEXERCICI-2023.pdf\">LIQUIDACI\u00d3 DE L&#8217;EXERCICI 2023<\/a><\/p>\n<p style=\"text-align: center;\"><a href=\"https:\/\/agora.xtec.cat\/ceipvinyadelsastret\/wp-content\/uploads\/usu1006\/2024\/05\/PRESSUPOST-EXERCICI-2024.pdf\">PRESSUPOST EXERCICI 2024<\/a><\/p>\n<\/td>\n<td style=\"width: 33.3333%; height: 32px;\"><\/td>\n<\/tr>\n<\/tbody>\n<\/table>\n","protected":false},"excerpt":{"rendered":"<p>&nbsp; PEC NOFC PLC &nbsp; CARTA DE COMPROM\u00cdS EDUCATIU QU\u00c8 \u00c9S LA CARTA? LIQUIDACI\u00d3 DE L&#8217;EXERCICI 2023 PRESSUPOST EXERCICI 2024<\/p>\n","protected":false},"author":1,"featured_media":0,"parent":1595,"menu_order":1,"comment_status":"closed","ping_status":"closed","template":"","meta":{"_bbp_topic_count":0,"_bbp_reply_count":0,"_bbp_total_topic_count":0,"_bbp_total_reply_count":0,"_bbp_voice_count":0,"_bbp_anonymous_reply_count":0,"_bbp_topic_count_hidden":0,"_bbp_reply_count_hidden":0,"_bbp_forum_subforum_count":0,"site-sidebar-layout":"default","site-content-layout":"","ast-site-content-layout":"default","site-content-style":"default","site-sidebar-style":"default","ast-global-header-display":"","ast-banner-title-visibility":"","ast-main-header-display":"","ast-hfb-above-header-display":"","ast-hfb-below-header-display":"","ast-hfb-mobile-header-display":"","site-post-title":"","ast-breadcrumbs-content":"","ast-featured-img":"","footer-sml-layout":"","theme-transparent-header-meta":"default","adv-header-id-meta":"","stick-header-meta":"","header-above-stick-meta":"","header-main-stick-meta":"","header-below-stick-meta":"","astra-migrate-meta-layouts":"set","ast-page-background-enabled":"default","ast-page-background-meta":{"desktop":{"background-color":"var(--ast-global-color-4)","background-image":"","background-repeat":"repeat","background-position":"center center","background-size":"auto","background-attachment":"scroll","background-type":"","background-media":"","overlay-type":"","overlay-color":"","overlay-opacity":"","overlay-gradient":""},"tablet":{"background-color":"","background-image":"","background-repeat":"repeat","background-position":"center center","background-size":"auto","background-attachment":"scroll","background-type":"","background-media":"","overlay-type":"","overlay-color":"","overlay-opacity":"","overlay-gradient":""},"mobile":{"background-color":"","background-image":"","background-repeat":"repeat","background-position":"center center","background-size":"auto","background-attachment":"scroll","background-type":"","background-media":"","overlay-type":"","overlay-color":"","overlay-opacity":"","overlay-gradient":""}},"ast-content-background-meta":{"desktop":{"background-color":"var(--ast-global-color-5)","background-image":"","background-repeat":"repeat","background-position":"center center","background-size":"auto","background-attachment":"scroll","background-type":"","background-media":"","overlay-type":"","overlay-color":"","overlay-opacity":"","overlay-gradient":""},"tablet":{"background-color":"var(--ast-global-color-5)","background-image":"","background-repeat":"repeat","background-position":"center center","background-size":"auto","background-attachment":"scroll","background-type":"","background-media":"","overlay-type":"","overlay-color":"","overlay-opacity":"","overlay-gradient":""},"mobile":{"background-color":"var(--ast-global-color-5)","background-image":"","background-repeat":"repeat","background-position":"center center","background-size":"auto","background-attachment":"scroll","background-type":"","background-media":"","overlay-type":"","overlay-color":"","overlay-opacity":"","overlay-gradient":""}},"footnotes":""},"class_list":["post-64","page","type-page","status-publish","hentry"],"post_mailing_queue_ids":[],"_links":{"self":[{"href":"https:\/\/agora.xtec.cat\/ceipvinyadelsastret\/wp-json\/wp\/v2\/pages\/64","targetHints":{"allow":["GET"]}}],"collection":[{"href":"https:\/\/agora.xtec.cat\/ceipvinyadelsastret\/wp-json\/wp\/v2\/pages"}],"about":[{"href":"https:\/\/agora.xtec.cat\/ceipvinyadelsastret\/wp-json\/wp\/v2\/types\/page"}],"author":[{"embeddable":true,"href":"https:\/\/agora.xtec.cat\/ceipvinyadelsastret\/wp-json\/wp\/v2\/users\/1"}],"replies":[{"embeddable":true,"href":"https:\/\/agora.xtec.cat\/ceipvinyadelsastret\/wp-json\/wp\/v2\/comments?post=64"}],"version-history":[{"count":7,"href":"https:\/\/agora.xtec.cat\/ceipvinyadelsastret\/wp-json\/wp\/v2\/pages\/64\/revisions"}],"predecessor-version":[{"id":4671,"href":"https:\/\/agora.xtec.cat\/ceipvinyadelsastret\/wp-json\/wp\/v2\/pages\/64\/revisions\/4671"}],"up":[{"embeddable":true,"href":"https:\/\/agora.xtec.cat\/ceipvinyadelsastret\/wp-json\/wp\/v2\/pages\/1595"}],"wp:attachment":[{"href":"https:\/\/agora.xtec.cat\/ceipvinyadelsastret\/wp-json\/wp\/v2\/media?parent=64"}],"curies":[{"name":"wp","href":"https:\/\/api.w.org\/{rel}","templated":true}]}}