{"id":4397,"date":"2023-10-30T13:10:32","date_gmt":"2023-10-30T12:10:32","guid":{"rendered":"https:\/\/agora.xtec.cat\/ceipvinyadelsastret\/?page_id=4397"},"modified":"2026-03-06T10:48:12","modified_gmt":"2026-03-06T09:48:12","slug":"membres-del-consell-escolar","status":"publish","type":"page","link":"https:\/\/agora.xtec.cat\/ceipvinyadelsastret\/membres-del-consell-escolar\/","title":{"rendered":"MEMBRES DEL CONSELL ESCOLAR"},"content":{"rendered":"<p>Actualment, els i les membres que en formen part s\u00f3n:<\/p>\n<table style=\"width: 471px;\" border=\"0\" cellspacing=\"0\" cellpadding=\"0\" align=\"left\">\n<tbody>\n<tr>\n<td style=\"width: 469px;\" colspan=\"2\" valign=\"top\"><strong>Equip directiu<\/strong><\/p>\n<p><strong><em>Presidenta :\u00a0<\/em><\/strong>Montse Pedrola (Directora)<\/p>\n<p>Mari Palaz\u00f3n (Cap d&#8217;estudis)<\/p>\n<p>Ver\u00f2nica Morlanes (Secret\u00e0ria)<\/td>\n<\/tr>\n<tr>\n<td style=\"width: 469px;\" colspan=\"2\" valign=\"top\">\n<div><b>Representants de les mares i els pares<\/b><\/div>\n<div><\/div>\n<\/td>\n<\/tr>\n<tr>\n<td style=\"width: 48px;\" valign=\"top\"><\/td>\n<td style=\"width: 421px;\" valign=\"top\">\n<div><\/div>\n<div>Marina Grillo<\/div>\n<div><\/div>\n<div>Viviana Garc\u00eda<\/div>\n<div><\/div>\n<div>Miquel Mateos<\/div>\n<div><\/div>\n<div>Noa Gal\u00e1n<\/div>\n<div><\/div>\n<\/td>\n<\/tr>\n<tr>\n<td style=\"width: 469px;\" colspan=\"2\" valign=\"top\">\n<div><b>Representants del personal d&#8217;administraci\u00f3 i serveis<\/b><\/div>\n<div><\/div>\n<\/td>\n<\/tr>\n<tr>\n<td style=\"width: 48px;\" valign=\"top\"><\/td>\n<td style=\"width: 421px;\" valign=\"top\">\n<div>Yolanda P\u00e9rez<\/div>\n<div><\/div>\n<\/td>\n<\/tr>\n<tr>\n<td style=\"width: 469px;\" colspan=\"2\" valign=\"top\">\n<div><b>Representant de l&#8217;AFA<\/b><\/div>\n<div><\/div>\n<\/td>\n<\/tr>\n<tr>\n<td style=\"width: 48px;\" valign=\"top\"><\/td>\n<td style=\"width: 421px;\" valign=\"top\">\n<div>Ginebra Silva<\/div>\n<div><\/div>\n<\/td>\n<\/tr>\n<tr>\n<td style=\"width: 469px;\" colspan=\"2\" valign=\"top\">\n<div><b>Representant municipal<\/b><\/div>\n<div><\/div>\n<\/td>\n<\/tr>\n<tr>\n<td style=\"width: 48px;\" valign=\"top\"><\/td>\n<td style=\"width: 421px;\" valign=\"top\">Oscar Rodr\u00edguez<\/td>\n<\/tr>\n<tr>\n<td style=\"width: 469px;\" colspan=\"2\" valign=\"top\">\n<div><b>Representants de mestres<\/b><\/div>\n<div><\/div>\n<\/td>\n<\/tr>\n<tr>\n<td style=\"width: 48px;\" valign=\"top\"><\/td>\n<td style=\"width: 421px;\" valign=\"top\">\n<div>Sara Trillo<\/div>\n<div><\/div>\n<div>Carme Brioso<\/div>\n<div><\/div>\n<div>L\u00faa Pereira<\/div>\n<div><\/div>\n<div>Xavier Carol<\/div>\n<div><\/div>\n<div>Anna Calabuig<\/div>\n<div><\/div>\n<div><\/div>\n<\/td>\n<\/tr>\n<\/tbody>\n<\/table>\n","protected":false},"excerpt":{"rendered":"<p>Actualment, els i les membres que en formen part s\u00f3n: Equip directiu Presidenta :\u00a0Montse Pedrola (Directora) Mari Palaz\u00f3n (Cap d&#8217;estudis) Ver\u00f2nica Morlanes (Secret\u00e0ria) Representants de les mares i els pares Marina Grillo Viviana Garc\u00eda Miquel Mateos Noa Gal\u00e1n Representants del personal d&#8217;administraci\u00f3 i serveis Yolanda P\u00e9rez Representant de l&#8217;AFA Ginebra Silva Representant municipal Oscar Rodr\u00edguez [&hellip;]<\/p>\n","protected":false},"author":1,"featured_media":0,"parent":0,"menu_order":0,"comment_status":"closed","ping_status":"closed","template":"","meta":{"_bbp_topic_count":0,"_bbp_reply_count":0,"_bbp_total_topic_count":0,"_bbp_total_reply_count":0,"_bbp_voice_count":0,"_bbp_anonymous_reply_count":0,"_bbp_topic_count_hidden":0,"_bbp_reply_count_hidden":0,"_bbp_forum_subforum_count":0,"site-sidebar-layout":"default","site-content-layout":"","ast-site-content-layout":"default","site-content-style":"default","site-sidebar-style":"default","ast-global-header-display":"","ast-banner-title-visibility":"","ast-main-header-display":"","ast-hfb-above-header-display":"","ast-hfb-below-header-display":"","ast-hfb-mobile-header-display":"","site-post-title":"","ast-breadcrumbs-content":"","ast-featured-img":"","footer-sml-layout":"","theme-transparent-header-meta":"default","adv-header-id-meta":"","stick-header-meta":"","header-above-stick-meta":"","header-main-stick-meta":"","header-below-stick-meta":"","astra-migrate-meta-layouts":"set","ast-page-background-enabled":"default","ast-page-background-meta":{"desktop":{"background-color":"var(--ast-global-color-4)","background-image":"","background-repeat":"repeat","background-position":"center center","background-size":"auto","background-attachment":"scroll","background-type":"","background-media":"","overlay-type":"","overlay-color":"","overlay-opacity":"","overlay-gradient":""},"tablet":{"background-color":"","background-image":"","background-repeat":"repeat","background-position":"center center","background-size":"auto","background-attachment":"scroll","background-type":"","background-media":"","overlay-type":"","overlay-color":"","overlay-opacity":"","overlay-gradient":""},"mobile":{"background-color":"","background-image":"","background-repeat":"repeat","background-position":"center center","background-size":"auto","background-attachment":"scroll","background-type":"","background-media":"","overlay-type":"","overlay-color":"","overlay-opacity":"","overlay-gradient":""}},"ast-content-background-meta":{"desktop":{"background-color":"var(--ast-global-color-5)","background-image":"","background-repeat":"repeat","background-position":"center center","background-size":"auto","background-attachment":"scroll","background-type":"","background-media":"","overlay-type":"","overlay-color":"","overlay-opacity":"","overlay-gradient":""},"tablet":{"background-color":"var(--ast-global-color-5)","background-image":"","background-repeat":"repeat","background-position":"center center","background-size":"auto","background-attachment":"scroll","background-type":"","background-media":"","overlay-type":"","overlay-color":"","overlay-opacity":"","overlay-gradient":""},"mobile":{"background-color":"var(--ast-global-color-5)","background-image":"","background-repeat":"repeat","background-position":"center center","background-size":"auto","background-attachment":"scroll","background-type":"","background-media":"","overlay-type":"","overlay-color":"","overlay-opacity":"","overlay-gradient":""}},"footnotes":""},"class_list":["post-4397","page","type-page","status-publish","hentry"],"post_mailing_queue_ids":[],"_links":{"self":[{"href":"https:\/\/agora.xtec.cat\/ceipvinyadelsastret\/wp-json\/wp\/v2\/pages\/4397","targetHints":{"allow":["GET"]}}],"collection":[{"href":"https:\/\/agora.xtec.cat\/ceipvinyadelsastret\/wp-json\/wp\/v2\/pages"}],"about":[{"href":"https:\/\/agora.xtec.cat\/ceipvinyadelsastret\/wp-json\/wp\/v2\/types\/page"}],"author":[{"embeddable":true,"href":"https:\/\/agora.xtec.cat\/ceipvinyadelsastret\/wp-json\/wp\/v2\/users\/1"}],"replies":[{"embeddable":true,"href":"https:\/\/agora.xtec.cat\/ceipvinyadelsastret\/wp-json\/wp\/v2\/comments?post=4397"}],"version-history":[{"count":6,"href":"https:\/\/agora.xtec.cat\/ceipvinyadelsastret\/wp-json\/wp\/v2\/pages\/4397\/revisions"}],"predecessor-version":[{"id":4659,"href":"https:\/\/agora.xtec.cat\/ceipvinyadelsastret\/wp-json\/wp\/v2\/pages\/4397\/revisions\/4659"}],"wp:attachment":[{"href":"https:\/\/agora.xtec.cat\/ceipvinyadelsastret\/wp-json\/wp\/v2\/media?parent=4397"}],"curies":[{"name":"wp","href":"https:\/\/api.w.org\/{rel}","templated":true}]}}