{"id":4384,"date":"2023-10-24T12:08:04","date_gmt":"2023-10-24T10:08:04","guid":{"rendered":"https:\/\/agora.xtec.cat\/ceipvinyadelsastret\/?page_id=4384"},"modified":"2023-10-30T13:19:00","modified_gmt":"2023-10-30T12:19:00","slug":"coeducacio","status":"publish","type":"page","link":"https:\/\/agora.xtec.cat\/ceipvinyadelsastret\/coeducacio\/","title":{"rendered":"Coeducaci\u00f3"},"content":{"rendered":"<p><a href=\"https:\/\/agora.xtec.cat\/ceipvinyadelsastret\/wp-content\/uploads\/usu1006\/2023\/10\/4.png\"><img loading=\"lazy\" decoding=\"async\" class=\"aligncenter  wp-image-4405\" src=\"https:\/\/agora.xtec.cat\/ceipvinyadelsastret\/wp-content\/uploads\/usu1006\/2023\/10\/4-1024x256.png\" alt=\"\" width=\"1196\" height=\"299\" srcset=\"https:\/\/agora.xtec.cat\/ceipvinyadelsastret\/wp-content\/uploads\/usu1006\/2023\/10\/4-1024x256.png 1024w, https:\/\/agora.xtec.cat\/ceipvinyadelsastret\/wp-content\/uploads\/usu1006\/2023\/10\/4-300x75.png 300w, https:\/\/agora.xtec.cat\/ceipvinyadelsastret\/wp-content\/uploads\/usu1006\/2023\/10\/4-768x192.png 768w, https:\/\/agora.xtec.cat\/ceipvinyadelsastret\/wp-content\/uploads\/usu1006\/2023\/10\/4-1536x384.png 1536w, https:\/\/agora.xtec.cat\/ceipvinyadelsastret\/wp-content\/uploads\/usu1006\/2023\/10\/4-2048x512.png 2048w\" sizes=\"auto, (max-width: 1196px) 100vw, 1196px\" \/><\/a><\/p>\n<p>La\u00a0<strong>coeducaci\u00f3\u00a0<\/strong>\u00e9s l\u2019acci\u00f3 educadora que potencia la igualtat real d\u2019oportunitats i valora indistintament l\u2019experi\u00e8ncia, les aptituds i l\u2019aportaci\u00f3 social i cultural de dones i homes, en igualtat de drets, sense estereotips sexistes, homof\u00f2bics, bif\u00f2bics, transf\u00f2bics o androc\u00e8ntrics ni actituds discriminat\u00f2ries per ra\u00f3 de sexe, orientaci\u00f3 sexual, identitat de g\u00e8nere o expressi\u00f3 de g\u00e8nere.<\/p>\n<p>Des del l\u2019escola Vinya del Sastret, treballem amb perspectiva de g\u00e8nere, considerant les difer\u00e8ncies per sexe i g\u00e8nere en tota activitat, amb l\u2019objectiu de reflexionar-hi per trobar l\u00ednies d\u2019acci\u00f3 que permetin prevenir i resoldre desigualtats. Alhora, implementem la perspectiva de g\u00e8nere amb una mirada interseccional, valorant com el g\u00e8nere interactua amb altres condicionants que tamb\u00e9 travessen les persones, com poden ser la situaci\u00f3 de discapacitat, origen, classe.<\/p>\n<p>Incorporem la coeducaci\u00f3 a tots els nivells, en la programaci\u00f3 educativa i el curr\u00edculum, a l\u2019efecte d\u2019afavorir el desenvolupament de les persones al marge dels estereotips i rols en funci\u00f3 del sexe, garantint una orientaci\u00f3 personal, acad\u00e8mica i professional lliure de biaixos sexistes i androc\u00e8ntrics, evitant tota discriminaci\u00f3 associada al sexe o g\u00e8nere.<\/p>\n<p>La coeducaci\u00f3 \u00e9s l\u2019eina que permet prevenir i abordar les viol\u00e8ncies masclistes.<\/p>\n","protected":false},"excerpt":{"rendered":"<p>La\u00a0coeducaci\u00f3\u00a0\u00e9s l\u2019acci\u00f3 educadora que potencia la igualtat real d\u2019oportunitats i valora indistintament l\u2019experi\u00e8ncia, les aptituds i l\u2019aportaci\u00f3 social i cultural de dones i homes, en igualtat de drets, sense estereotips sexistes, homof\u00f2bics, bif\u00f2bics, transf\u00f2bics o androc\u00e8ntrics ni actituds discriminat\u00f2ries per ra\u00f3 de sexe, orientaci\u00f3 sexual, identitat de g\u00e8nere o expressi\u00f3 de g\u00e8nere. Des del l\u2019escola [&hellip;]<\/p>\n","protected":false},"author":1,"featured_media":0,"parent":0,"menu_order":0,"comment_status":"closed","ping_status":"closed","template":"","meta":{"_bbp_topic_count":0,"_bbp_reply_count":0,"_bbp_total_topic_count":0,"_bbp_total_reply_count":0,"_bbp_voice_count":0,"_bbp_anonymous_reply_count":0,"_bbp_topic_count_hidden":0,"_bbp_reply_count_hidden":0,"_bbp_forum_subforum_count":0,"site-sidebar-layout":"default","site-content-layout":"","ast-site-content-layout":"","site-content-style":"default","site-sidebar-style":"default","ast-global-header-display":"","ast-banner-title-visibility":"","ast-main-header-display":"","ast-hfb-above-header-display":"","ast-hfb-below-header-display":"","ast-hfb-mobile-header-display":"","site-post-title":"","ast-breadcrumbs-content":"","ast-featured-img":"","footer-sml-layout":"","theme-transparent-header-meta":"","adv-header-id-meta":"","stick-header-meta":"","header-above-stick-meta":"","header-main-stick-meta":"","header-below-stick-meta":"","astra-migrate-meta-layouts":"default","ast-page-background-enabled":"default","ast-page-background-meta":{"desktop":{"background-color":"var(--ast-global-color-4)","background-image":"","background-repeat":"repeat","background-position":"center center","background-size":"auto","background-attachment":"scroll","background-type":"","background-media":"","overlay-type":"","overlay-color":"","overlay-opacity":"","overlay-gradient":""},"tablet":{"background-color":"","background-image":"","background-repeat":"repeat","background-position":"center center","background-size":"auto","background-attachment":"scroll","background-type":"","background-media":"","overlay-type":"","overlay-color":"","overlay-opacity":"","overlay-gradient":""},"mobile":{"background-color":"","background-image":"","background-repeat":"repeat","background-position":"center center","background-size":"auto","background-attachment":"scroll","background-type":"","background-media":"","overlay-type":"","overlay-color":"","overlay-opacity":"","overlay-gradient":""}},"ast-content-background-meta":{"desktop":{"background-color":"var(--ast-global-color-5)","background-image":"","background-repeat":"repeat","background-position":"center center","background-size":"auto","background-attachment":"scroll","background-type":"","background-media":"","overlay-type":"","overlay-color":"","overlay-opacity":"","overlay-gradient":""},"tablet":{"background-color":"var(--ast-global-color-5)","background-image":"","background-repeat":"repeat","background-position":"center center","background-size":"auto","background-attachment":"scroll","background-type":"","background-media":"","overlay-type":"","overlay-color":"","overlay-opacity":"","overlay-gradient":""},"mobile":{"background-color":"var(--ast-global-color-5)","background-image":"","background-repeat":"repeat","background-position":"center center","background-size":"auto","background-attachment":"scroll","background-type":"","background-media":"","overlay-type":"","overlay-color":"","overlay-opacity":"","overlay-gradient":""}},"footnotes":""},"class_list":["post-4384","page","type-page","status-publish","hentry"],"post_mailing_queue_ids":[],"_links":{"self":[{"href":"https:\/\/agora.xtec.cat\/ceipvinyadelsastret\/wp-json\/wp\/v2\/pages\/4384","targetHints":{"allow":["GET"]}}],"collection":[{"href":"https:\/\/agora.xtec.cat\/ceipvinyadelsastret\/wp-json\/wp\/v2\/pages"}],"about":[{"href":"https:\/\/agora.xtec.cat\/ceipvinyadelsastret\/wp-json\/wp\/v2\/types\/page"}],"author":[{"embeddable":true,"href":"https:\/\/agora.xtec.cat\/ceipvinyadelsastret\/wp-json\/wp\/v2\/users\/1"}],"replies":[{"embeddable":true,"href":"https:\/\/agora.xtec.cat\/ceipvinyadelsastret\/wp-json\/wp\/v2\/comments?post=4384"}],"version-history":[{"count":4,"href":"https:\/\/agora.xtec.cat\/ceipvinyadelsastret\/wp-json\/wp\/v2\/pages\/4384\/revisions"}],"predecessor-version":[{"id":4407,"href":"https:\/\/agora.xtec.cat\/ceipvinyadelsastret\/wp-json\/wp\/v2\/pages\/4384\/revisions\/4407"}],"wp:attachment":[{"href":"https:\/\/agora.xtec.cat\/ceipvinyadelsastret\/wp-json\/wp\/v2\/media?parent=4384"}],"curies":[{"name":"wp","href":"https:\/\/api.w.org\/{rel}","templated":true}]}}