{"id":4283,"date":"2023-05-04T18:15:50","date_gmt":"2023-05-04T16:15:50","guid":{"rendered":"https:\/\/agora.xtec.cat\/ceipvinyadelsastret\/?page_id=4283"},"modified":"2023-06-12T13:06:52","modified_gmt":"2023-06-12T11:06:52","slug":"estrategia-digital-de-centre","status":"publish","type":"page","link":"https:\/\/agora.xtec.cat\/ceipvinyadelsastret\/estrategia-digital-de-centre\/","title":{"rendered":"Estrat\u00e8gia Digital de Centre"},"content":{"rendered":"<div style=\"width: 100%;\">\n<div>\n<p style=\"background: white; margin: 0cm 0cm 15pt; text-align: left;\"><span style=\"font-size: 11.0pt; font-family: 'Arial','sans-serif';\">El Pla d\u2019educaci\u00f3 digital de Catalunya (PEDC) indica la necessitat d\u2019assolir la fita d\u2019una societat digitalment competent, fent \u00e8mfasi en l\u2019equitat i tenint en compte l\u2019evoluci\u00f3 del context social i tecnol\u00f2gic donat que vivim en una societat on els canvis tecnol\u00f2gics es produeixen cada cop a un ritme m\u00e9s accelerat, tecnologies digitals que apareixen i d\u2019altres que deixen de ser utilitzades. Els centres hem de concretar l&#8217;Estrat\u00e8gia Digital de Centre (<a href=\"https:\/\/projectes.xtec.cat\/edc-suport\/\">EDC<\/a>) que ens permetr\u00e0\u00a0<\/span><span style=\"font-family: Arial, sans-serif;\"><span style=\"font-size: 14.6667px;\">definir i concretar les l\u00ednies d\u2019actuaci\u00f3 d\u2019un centre que fan possible que docents, alumnat i centre assoleixin la compet\u00e8ncia digital.\u00a0<\/span><\/span><span style=\"font-size: 11.0pt; font-family: 'Arial','sans-serif';\">Per tant, les tecnologies digitals poden tenir un impacte\u00a0 favorable en l\u2019aprenentatge dels alumnes si s\u2019utilitzen de manera adequada, amb objectius clars i definits.<\/span><\/p>\n<p style=\"background: white; box-sizing: border-box; text-rendering: optimizelegibility; font-variant-ligatures: normal; font-variant-caps: normal; orphans: 2; widows: 2; -webkit-text-stroke-width: 0px; text-decoration-thickness: initial; text-decoration-style: initial; text-decoration-color: initial; word-spacing: 0px; margin: 0cm 0cm 15pt; text-align: left;\"><span style=\"font-size: 11.0pt; font-family: 'Arial','sans-serif';\">El Pla TAC en fa aquesta funci\u00f3, per\u00f2 els canvis dels darrers anys obliguen a fer-ne un replantejament, per tal de definir les estrat\u00e8gies a seguir vers l&#8217;acc\u00e9s a les<span style=\"font-size: 14.6667px;\"> tecnologies digitals, per tal de treure\u2019n el m\u00e0xim profit educatiu. \u00c9s per aix\u00f2 que s&#8217;est\u00e0 elaborant el document de l&#8217;Estrat\u00e8gia Digital de Centre (EDC) <\/span><\/span><span style=\"font-family: Arial, 'sans-serif'; font-size: 14.6667px;\">amb la finalitat de donar resposta a les noves necessitats i de ser una eina \u00e0gil i flexible.<\/span><\/p>\n<p style=\"background: white; box-sizing: border-box; text-rendering: optimizelegibility; font-variant-ligatures: normal; font-variant-caps: normal; orphans: 2; widows: 2; -webkit-text-stroke-width: 0px; text-decoration-thickness: initial; text-decoration-style: initial; text-decoration-color: initial; word-spacing: 0px; margin: 0cm 0cm 15pt; text-align: left;\"><span style=\"font-size: 11.0pt; font-family: 'Arial','sans-serif';\">Aquest compr\u00e8n <\/span><span style=\"font-size: 11.0pt; font-family: 'Arial','sans-serif';\">els \u00e0mbits organitzatius, metodol\u00f2gics, curriculars i comunicatius, els quals s\u2019han de veure necess\u00e0riament implicats i, si escau, transformats, de<\/span><span style=\"font-family: Arial, 'sans-serif'; font-size: 11pt;\">s d\u2019una perspectiva d\u2019innovaci\u00f3 i de millora cont\u00ednua.<\/span><\/p>\n<\/div>\n<div style=\"position: relative; padding-bottom: 56.25%; padding-top: 0; height: 0;\"><iframe loading=\"lazy\" style=\"position: absolute; top: 0; left: 0; width: 100%; height: 100%;\" title=\"ESTRAT\u00c8GIA DIGITAL DE CENTRE\" src=\"https:\/\/view.genial.ly\/63fc9ec7092f88001737a943\" width=\"1200\" height=\"675\" frameborder=\"0\" scrolling=\"yes\" allowfullscreen=\"allowfullscreen\"><\/iframe><\/div>\n<\/div>\n","protected":false},"excerpt":{"rendered":"<p>El Pla d\u2019educaci\u00f3 digital de Catalunya (PEDC) indica la necessitat d\u2019assolir la fita d\u2019una societat digitalment competent, fent \u00e8mfasi en l\u2019equitat i tenint en compte l\u2019evoluci\u00f3 del context social i tecnol\u00f2gic donat que vivim en una societat on els canvis tecnol\u00f2gics es produeixen cada cop a un ritme m\u00e9s accelerat, tecnologies digitals que apareixen i [&hellip;]<\/p>\n","protected":false},"author":1,"featured_media":0,"parent":0,"menu_order":0,"comment_status":"closed","ping_status":"closed","template":"","meta":{"_bbp_topic_count":0,"_bbp_reply_count":0,"_bbp_total_topic_count":0,"_bbp_total_reply_count":0,"_bbp_voice_count":0,"_bbp_anonymous_reply_count":0,"_bbp_topic_count_hidden":0,"_bbp_reply_count_hidden":0,"_bbp_forum_subforum_count":0,"site-sidebar-layout":"default","site-content-layout":"","ast-site-content-layout":"","site-content-style":"default","site-sidebar-style":"default","ast-global-header-display":"","ast-banner-title-visibility":"","ast-main-header-display":"","ast-hfb-above-header-display":"","ast-hfb-below-header-display":"","ast-hfb-mobile-header-display":"","site-post-title":"","ast-breadcrumbs-content":"","ast-featured-img":"","footer-sml-layout":"","theme-transparent-header-meta":"","adv-header-id-meta":"","stick-header-meta":"","header-above-stick-meta":"","header-main-stick-meta":"","header-below-stick-meta":"","astra-migrate-meta-layouts":"default","ast-page-background-enabled":"default","ast-page-background-meta":{"desktop":{"background-color":"var(--ast-global-color-4)","background-image":"","background-repeat":"repeat","background-position":"center center","background-size":"auto","background-attachment":"scroll","background-type":"","background-media":"","overlay-type":"","overlay-color":"","overlay-opacity":"","overlay-gradient":""},"tablet":{"background-color":"","background-image":"","background-repeat":"repeat","background-position":"center center","background-size":"auto","background-attachment":"scroll","background-type":"","background-media":"","overlay-type":"","overlay-color":"","overlay-opacity":"","overlay-gradient":""},"mobile":{"background-color":"","background-image":"","background-repeat":"repeat","background-position":"center center","background-size":"auto","background-attachment":"scroll","background-type":"","background-media":"","overlay-type":"","overlay-color":"","overlay-opacity":"","overlay-gradient":""}},"ast-content-background-meta":{"desktop":{"background-color":"var(--ast-global-color-5)","background-image":"","background-repeat":"repeat","background-position":"center center","background-size":"auto","background-attachment":"scroll","background-type":"","background-media":"","overlay-type":"","overlay-color":"","overlay-opacity":"","overlay-gradient":""},"tablet":{"background-color":"var(--ast-global-color-5)","background-image":"","background-repeat":"repeat","background-position":"center center","background-size":"auto","background-attachment":"scroll","background-type":"","background-media":"","overlay-type":"","overlay-color":"","overlay-opacity":"","overlay-gradient":""},"mobile":{"background-color":"var(--ast-global-color-5)","background-image":"","background-repeat":"repeat","background-position":"center center","background-size":"auto","background-attachment":"scroll","background-type":"","background-media":"","overlay-type":"","overlay-color":"","overlay-opacity":"","overlay-gradient":""}},"footnotes":""},"class_list":["post-4283","page","type-page","status-publish","hentry"],"post_mailing_queue_ids":[],"_links":{"self":[{"href":"https:\/\/agora.xtec.cat\/ceipvinyadelsastret\/wp-json\/wp\/v2\/pages\/4283","targetHints":{"allow":["GET"]}}],"collection":[{"href":"https:\/\/agora.xtec.cat\/ceipvinyadelsastret\/wp-json\/wp\/v2\/pages"}],"about":[{"href":"https:\/\/agora.xtec.cat\/ceipvinyadelsastret\/wp-json\/wp\/v2\/types\/page"}],"author":[{"embeddable":true,"href":"https:\/\/agora.xtec.cat\/ceipvinyadelsastret\/wp-json\/wp\/v2\/users\/1"}],"replies":[{"embeddable":true,"href":"https:\/\/agora.xtec.cat\/ceipvinyadelsastret\/wp-json\/wp\/v2\/comments?post=4283"}],"version-history":[{"count":3,"href":"https:\/\/agora.xtec.cat\/ceipvinyadelsastret\/wp-json\/wp\/v2\/pages\/4283\/revisions"}],"predecessor-version":[{"id":4343,"href":"https:\/\/agora.xtec.cat\/ceipvinyadelsastret\/wp-json\/wp\/v2\/pages\/4283\/revisions\/4343"}],"wp:attachment":[{"href":"https:\/\/agora.xtec.cat\/ceipvinyadelsastret\/wp-json\/wp\/v2\/media?parent=4283"}],"curies":[{"name":"wp","href":"https:\/\/api.w.org\/{rel}","templated":true}]}}