{"id":4000,"date":"2023-01-19T15:57:06","date_gmt":"2023-01-19T14:57:06","guid":{"rendered":"https:\/\/agora.xtec.cat\/ceipvinyadelsastret\/?page_id=4000"},"modified":"2023-02-09T17:55:07","modified_gmt":"2023-02-09T16:55:07","slug":"escola-sostenible","status":"publish","type":"page","link":"https:\/\/agora.xtec.cat\/ceipvinyadelsastret\/escola-sostenible\/","title":{"rendered":"Escola per a la sostenibilitat"},"content":{"rendered":"<ul>\n<li><b> Projecte SOSTENIBILITAT<\/b><\/li>\n<\/ul>\n<p><span style=\"font-weight: 400;\">Des dels seus inicis, l\u2019escola vetlla per establir actuacions di\u00e0ries vers la cura del medi ambient en la que l\u2019alumnat prengui consci\u00e8ncia de la import\u00e0ncia que t\u00e9 per aconseguir entre tothom un m\u00f3n m\u00e9s sostenible.\u00a0<\/span><\/p>\n<p><span style=\"font-weight: 400;\">Les actuacions que es porten a terme s\u00f3n: <\/span><i><span style=\"font-weight: 400;\">Projecte de Banc de llibres,<\/span><\/i><span style=\"font-weight: 400;\">\u00a0<\/span><i><span style=\"font-weight: 400;\">Esmorzar saludable<\/span><\/i><span style=\"font-weight: 400;\">, el <\/span><i><span style=\"font-weight: 400;\">Dia de la fruita<\/span><\/i><span style=\"font-weight: 400;\">, <\/span><i><span style=\"font-weight: 400;\">Hort escolar<\/span><\/i><span style=\"font-weight: 400;\">, Projecte <a href=\"https:\/\/labustia.cat\/el-projecte-mentali-reparteix-2-950-apats-a-families-de-sant-esteve\/\">Mentali<\/a> i la <\/span><i><span style=\"font-weight: 400;\">Diada del medi Ambient <\/span><\/i><span style=\"font-weight: 400;\">on es realitzen activitats en relaci\u00f3 a l\u2019observaci\u00f3 i cura de l\u2019entorn (reciclatge, recollida selectiva de residus,&#8230;) i on la participaci\u00f3 de les fam\u00edlies esdev\u00e9 cabdal. Aquest curs continuem promovent accions amb el comprom\u00eds de tots els membres del claustre i de la comunitat educativa.<\/span><\/p>\n<ul style=\"list-style-type: disc;\">\n<li><strong>L&#8217;hort escolar<\/strong><\/li>\n<\/ul>\n<p>El treball de l\u2019hort a l\u2019escola, \u00e9s la manera m\u00e9s adient d\u2019oferir als nostres infants una educaci\u00f3 mediambiental, basada en la cura, respecte i defensa de la natura. L\u2019hort aporta una s\u00e8rie d\u2019estrat\u00e8gies gratificants i \u00faniques per a l\u2019alumnat i permet fer-lo servir per treballar amb alumnes de diferents edats i en diferents \u00e0rees curriculars. L\u2019hort ofereix un context idoni per aprendre a pensar, per educar emocionalment i per tenir domini de les habilitats socials, englobat en un marc pr\u00e0ctic, vivencial i manipulatiu.<\/p>\n<p>Objectius generals:<\/p>\n<ol>\n<li>Ajudar a l&#8217;alumnat a pendre conci\u00e8ncia i sensibilitat davant les q\u00fcestions mediambientals.<\/li>\n<li>Promoure el coneixement del medi, les seves interrelacions i els seus problemes.<\/li>\n<li>Fomentar l\u2019adquisici\u00f3 de valors que els motivin a sentir preocupaci\u00f3 pel medi ambient.<\/li>\n<li>Capacitar els alumnes perqu\u00e8 puguin trobar solucions als problemes ambientals.<\/li>\n<li>Con\u00e8ixer i aprendre els productes, les eines les t\u00e8cniques de treball agr\u00edcola.<\/li>\n<li>Recon\u00e8ixer la depend\u00e8ncia de l\u2019agricultura que t\u00e9 la humanitat.<\/li>\n<li>Treballar el projecte de l\u2019hort d\u2019una manera interdisciplinar amb la resta de assignatures.<\/li>\n<\/ol>\n<p><span style=\"font-weight: 400;\"> <a href=\"https:\/\/agora.xtec.cat\/ceipvinyadelsastret\/wp-content\/uploads\/usu1006\/2023\/02\/foto-hort.jpg\"><img loading=\"lazy\" decoding=\"async\" class=\"aligncenter size-full wp-image-4129\" src=\"https:\/\/agora.xtec.cat\/ceipvinyadelsastret\/wp-content\/uploads\/usu1006\/2023\/02\/foto-hort.jpg\" alt=\"\" width=\"1024\" height=\"768\" srcset=\"https:\/\/agora.xtec.cat\/ceipvinyadelsastret\/wp-content\/uploads\/usu1006\/2023\/02\/foto-hort.jpg 1024w, https:\/\/agora.xtec.cat\/ceipvinyadelsastret\/wp-content\/uploads\/usu1006\/2023\/02\/foto-hort-300x225.jpg 300w, https:\/\/agora.xtec.cat\/ceipvinyadelsastret\/wp-content\/uploads\/usu1006\/2023\/02\/foto-hort-768x576.jpg 768w, https:\/\/agora.xtec.cat\/ceipvinyadelsastret\/wp-content\/uploads\/usu1006\/2023\/02\/foto-hort-200x150.jpg 200w\" sizes=\"auto, (max-width: 1024px) 100vw, 1024px\" \/><\/a><\/span><\/p>\n<ul>\n<li><b>Projecte BANC DE LLIBRES<\/b><\/li>\n<\/ul>\n<p><span style=\"font-weight: 400;\">\u00c9s un programa cooperatiu per al foment de la socialitzaci\u00f3 i la reutilitzaci\u00f3 de llibres de text. Els seus objectius s\u00f3n: educar en la solidaritat, la igualtat, la sostenibilitat i la responsabilitat; promoure la cultura del reciclatge i al reutilitzaci\u00f3 de recursos; fomentar la cooperaci\u00f3 entre l\u2019alumnat, les fam\u00edlies i el professorat; fomentar valors com el respecte al b\u00e9 com\u00fa i la capacitat de compartir i reduir la despesa familiar en concepte de llibres de text.\u00a0<\/span><\/p>\n","protected":false},"excerpt":{"rendered":"<p>Projecte SOSTENIBILITAT Des dels seus inicis, l\u2019escola vetlla per establir actuacions di\u00e0ries vers la cura del medi ambient en la que l\u2019alumnat prengui consci\u00e8ncia de la import\u00e0ncia que t\u00e9 per aconseguir entre tothom un m\u00f3n m\u00e9s sostenible.\u00a0 Les actuacions que es porten a terme s\u00f3n: Projecte de Banc de llibres,\u00a0Esmorzar saludable, el Dia de la [&hellip;]<\/p>\n","protected":false},"author":1,"featured_media":0,"parent":0,"menu_order":0,"comment_status":"closed","ping_status":"closed","template":"","meta":{"_bbp_topic_count":0,"_bbp_reply_count":0,"_bbp_total_topic_count":0,"_bbp_total_reply_count":0,"_bbp_voice_count":0,"_bbp_anonymous_reply_count":0,"_bbp_topic_count_hidden":0,"_bbp_reply_count_hidden":0,"_bbp_forum_subforum_count":0,"site-sidebar-layout":"default","site-content-layout":"","ast-site-content-layout":"","site-content-style":"default","site-sidebar-style":"default","ast-global-header-display":"","ast-banner-title-visibility":"","ast-main-header-display":"","ast-hfb-above-header-display":"","ast-hfb-below-header-display":"","ast-hfb-mobile-header-display":"","site-post-title":"","ast-breadcrumbs-content":"","ast-featured-img":"","footer-sml-layout":"","theme-transparent-header-meta":"","adv-header-id-meta":"","stick-header-meta":"","header-above-stick-meta":"","header-main-stick-meta":"","header-below-stick-meta":"","astra-migrate-meta-layouts":"default","ast-page-background-enabled":"default","ast-page-background-meta":{"desktop":{"background-color":"var(--ast-global-color-4)","background-image":"","background-repeat":"repeat","background-position":"center center","background-size":"auto","background-attachment":"scroll","background-type":"","background-media":"","overlay-type":"","overlay-color":"","overlay-opacity":"","overlay-gradient":""},"tablet":{"background-color":"","background-image":"","background-repeat":"repeat","background-position":"center center","background-size":"auto","background-attachment":"scroll","background-type":"","background-media":"","overlay-type":"","overlay-color":"","overlay-opacity":"","overlay-gradient":""},"mobile":{"background-color":"","background-image":"","background-repeat":"repeat","background-position":"center center","background-size":"auto","background-attachment":"scroll","background-type":"","background-media":"","overlay-type":"","overlay-color":"","overlay-opacity":"","overlay-gradient":""}},"ast-content-background-meta":{"desktop":{"background-color":"var(--ast-global-color-5)","background-image":"","background-repeat":"repeat","background-position":"center center","background-size":"auto","background-attachment":"scroll","background-type":"","background-media":"","overlay-type":"","overlay-color":"","overlay-opacity":"","overlay-gradient":""},"tablet":{"background-color":"var(--ast-global-color-5)","background-image":"","background-repeat":"repeat","background-position":"center center","background-size":"auto","background-attachment":"scroll","background-type":"","background-media":"","overlay-type":"","overlay-color":"","overlay-opacity":"","overlay-gradient":""},"mobile":{"background-color":"var(--ast-global-color-5)","background-image":"","background-repeat":"repeat","background-position":"center center","background-size":"auto","background-attachment":"scroll","background-type":"","background-media":"","overlay-type":"","overlay-color":"","overlay-opacity":"","overlay-gradient":""}},"footnotes":""},"class_list":["post-4000","page","type-page","status-publish","hentry"],"post_mailing_queue_ids":[],"_links":{"self":[{"href":"https:\/\/agora.xtec.cat\/ceipvinyadelsastret\/wp-json\/wp\/v2\/pages\/4000","targetHints":{"allow":["GET"]}}],"collection":[{"href":"https:\/\/agora.xtec.cat\/ceipvinyadelsastret\/wp-json\/wp\/v2\/pages"}],"about":[{"href":"https:\/\/agora.xtec.cat\/ceipvinyadelsastret\/wp-json\/wp\/v2\/types\/page"}],"author":[{"embeddable":true,"href":"https:\/\/agora.xtec.cat\/ceipvinyadelsastret\/wp-json\/wp\/v2\/users\/1"}],"replies":[{"embeddable":true,"href":"https:\/\/agora.xtec.cat\/ceipvinyadelsastret\/wp-json\/wp\/v2\/comments?post=4000"}],"version-history":[{"count":3,"href":"https:\/\/agora.xtec.cat\/ceipvinyadelsastret\/wp-json\/wp\/v2\/pages\/4000\/revisions"}],"predecessor-version":[{"id":4150,"href":"https:\/\/agora.xtec.cat\/ceipvinyadelsastret\/wp-json\/wp\/v2\/pages\/4000\/revisions\/4150"}],"wp:attachment":[{"href":"https:\/\/agora.xtec.cat\/ceipvinyadelsastret\/wp-json\/wp\/v2\/media?parent=4000"}],"curies":[{"name":"wp","href":"https:\/\/api.w.org\/{rel}","templated":true}]}}