{"id":3993,"date":"2023-01-19T15:55:04","date_gmt":"2023-01-19T14:55:04","guid":{"rendered":"https:\/\/agora.xtec.cat\/ceipvinyadelsastret\/?page_id=3993"},"modified":"2023-02-17T19:10:23","modified_gmt":"2023-02-17T18:10:23","slug":"projectes-de-collaboracio","status":"publish","type":"page","link":"https:\/\/agora.xtec.cat\/ceipvinyadelsastret\/projectes-de-collaboracio\/","title":{"rendered":"Projectes de col\u00b7laboraci\u00f3"},"content":{"rendered":"<ul>\n<li><b><i> <\/i><\/b><b>INFADIMED<\/b><\/li>\n<\/ul>\n<p><span style=\"font-weight: 400;\">Projecte iniciat el curs 2017-2018 en col\u00b7laboraci\u00f3 del CAP del poble.\u00a0<\/span><\/p>\n<p><span style=\"font-weight: 400;\">De forma mensual, infermeres del Centre d\u2019Atenci\u00f3 Prim\u00e0ria assisteixen al centre per treballar amb l\u2019alumnat d&#8217; I5-1r-2n-3r-4t els h\u00e0bits i l\u2019alimentaci\u00f3 saludable a trav\u00e9s d\u2019un centre d\u2019inter\u00e8s del \u201ccapit\u00e0 Vitamines\u201d.\u00a0<\/span><\/p>\n<ul>\n<li><b> Projecte MENTAL\u00cd<\/b><\/li>\n<\/ul>\n<p><span style=\"font-weight: 400;\">Projecte iniciat el curs 2017-2018 a trav\u00e9s de l\u2019empresa que gestiona el servei de menjador escolar i l\u2019Ajuntament del poble.\u00a0<\/span><\/p>\n<p><span style=\"font-weight: 400;\">El projecte MENTALI t\u00e9 la missi\u00f3 d\u2019abastir amb \u00e0pats preparats, excedents de la restauraci\u00f3, a les fam\u00edlies de la poblaci\u00f3 m\u00e9s vulnerables, ja sigui per la seva situaci\u00f3 econ\u00f2mica com per la seva situaci\u00f3 de depend\u00e8ncia, garantint la inclusi\u00f3 social, al mateix temps que es redueix el malbaratament alimentari i es promociona la solidaritat comunit\u00e0ria.\u00a0<\/span><\/p>\n<ul>\n<li><b>Projecte VINCLES<\/b><\/li>\n<\/ul>\n<p><span style=\"font-weight: 400;\">Projecte de col\u00b7laboraci\u00f3 amb l\u2019Institut, iniciat el curs 2015-2016.\u00a0<\/span><\/p>\n<p><span style=\"font-weight: 400;\">\u00c9s un programa de diversificaci\u00f3 curricular adre\u00e7at als alumnes del segon cicle d\u2019ESO. El format permet una organitzaci\u00f3 dels continguts i les mat\u00e8ries diferent a l\u2019establerta per afavorir que els alumnes assoleixin els objectius de l\u2019etapa. L\u2019escola dona cabuda a l\u2019alumnat de Vincles de l\u2019institut Montserrat Colomer.<\/span><\/p>\n<ul>\n<li><b>Centre FORMADOR<\/b><\/li>\n<\/ul>\n<p><span style=\"font-weight: 400;\">L\u2019escola acull alumnat universitari del grau de mestre com a centre de pr\u00e0ctiques. Disposem d\u2019un conveni amb la UNIR, la UAB i la UB. D\u2019aquesta manera contribu\u00efm en la formaci\u00f3 del professorat novell i aprenem els uns dels altres.\u00a0 Aquest curs escolar tindrem alumnat en pr\u00e0ctiques.<\/span><\/p>\n","protected":false},"excerpt":{"rendered":"<p>INFADIMED Projecte iniciat el curs 2017-2018 en col\u00b7laboraci\u00f3 del CAP del poble.\u00a0 De forma mensual, infermeres del Centre d\u2019Atenci\u00f3 Prim\u00e0ria assisteixen al centre per treballar amb l\u2019alumnat d&#8217; I5-1r-2n-3r-4t els h\u00e0bits i l\u2019alimentaci\u00f3 saludable a trav\u00e9s d\u2019un centre d\u2019inter\u00e8s del \u201ccapit\u00e0 Vitamines\u201d.\u00a0 Projecte MENTAL\u00cd Projecte iniciat el curs 2017-2018 a trav\u00e9s de l\u2019empresa que gestiona [&hellip;]<\/p>\n","protected":false},"author":1,"featured_media":0,"parent":0,"menu_order":0,"comment_status":"closed","ping_status":"closed","template":"","meta":{"_bbp_topic_count":0,"_bbp_reply_count":0,"_bbp_total_topic_count":0,"_bbp_total_reply_count":0,"_bbp_voice_count":0,"_bbp_anonymous_reply_count":0,"_bbp_topic_count_hidden":0,"_bbp_reply_count_hidden":0,"_bbp_forum_subforum_count":0,"site-sidebar-layout":"default","site-content-layout":"","ast-site-content-layout":"","site-content-style":"default","site-sidebar-style":"default","ast-global-header-display":"","ast-banner-title-visibility":"","ast-main-header-display":"","ast-hfb-above-header-display":"","ast-hfb-below-header-display":"","ast-hfb-mobile-header-display":"","site-post-title":"","ast-breadcrumbs-content":"","ast-featured-img":"","footer-sml-layout":"","theme-transparent-header-meta":"","adv-header-id-meta":"","stick-header-meta":"","header-above-stick-meta":"","header-main-stick-meta":"","header-below-stick-meta":"","astra-migrate-meta-layouts":"default","ast-page-background-enabled":"default","ast-page-background-meta":{"desktop":{"background-color":"var(--ast-global-color-4)","background-image":"","background-repeat":"repeat","background-position":"center center","background-size":"auto","background-attachment":"scroll","background-type":"","background-media":"","overlay-type":"","overlay-color":"","overlay-opacity":"","overlay-gradient":""},"tablet":{"background-color":"","background-image":"","background-repeat":"repeat","background-position":"center center","background-size":"auto","background-attachment":"scroll","background-type":"","background-media":"","overlay-type":"","overlay-color":"","overlay-opacity":"","overlay-gradient":""},"mobile":{"background-color":"","background-image":"","background-repeat":"repeat","background-position":"center center","background-size":"auto","background-attachment":"scroll","background-type":"","background-media":"","overlay-type":"","overlay-color":"","overlay-opacity":"","overlay-gradient":""}},"ast-content-background-meta":{"desktop":{"background-color":"var(--ast-global-color-5)","background-image":"","background-repeat":"repeat","background-position":"center center","background-size":"auto","background-attachment":"scroll","background-type":"","background-media":"","overlay-type":"","overlay-color":"","overlay-opacity":"","overlay-gradient":""},"tablet":{"background-color":"var(--ast-global-color-5)","background-image":"","background-repeat":"repeat","background-position":"center center","background-size":"auto","background-attachment":"scroll","background-type":"","background-media":"","overlay-type":"","overlay-color":"","overlay-opacity":"","overlay-gradient":""},"mobile":{"background-color":"var(--ast-global-color-5)","background-image":"","background-repeat":"repeat","background-position":"center center","background-size":"auto","background-attachment":"scroll","background-type":"","background-media":"","overlay-type":"","overlay-color":"","overlay-opacity":"","overlay-gradient":""}},"footnotes":""},"class_list":["post-3993","page","type-page","status-publish","hentry"],"post_mailing_queue_ids":[],"_links":{"self":[{"href":"https:\/\/agora.xtec.cat\/ceipvinyadelsastret\/wp-json\/wp\/v2\/pages\/3993","targetHints":{"allow":["GET"]}}],"collection":[{"href":"https:\/\/agora.xtec.cat\/ceipvinyadelsastret\/wp-json\/wp\/v2\/pages"}],"about":[{"href":"https:\/\/agora.xtec.cat\/ceipvinyadelsastret\/wp-json\/wp\/v2\/types\/page"}],"author":[{"embeddable":true,"href":"https:\/\/agora.xtec.cat\/ceipvinyadelsastret\/wp-json\/wp\/v2\/users\/1"}],"replies":[{"embeddable":true,"href":"https:\/\/agora.xtec.cat\/ceipvinyadelsastret\/wp-json\/wp\/v2\/comments?post=3993"}],"version-history":[{"count":3,"href":"https:\/\/agora.xtec.cat\/ceipvinyadelsastret\/wp-json\/wp\/v2\/pages\/3993\/revisions"}],"predecessor-version":[{"id":4209,"href":"https:\/\/agora.xtec.cat\/ceipvinyadelsastret\/wp-json\/wp\/v2\/pages\/3993\/revisions\/4209"}],"wp:attachment":[{"href":"https:\/\/agora.xtec.cat\/ceipvinyadelsastret\/wp-json\/wp\/v2\/media?parent=3993"}],"curies":[{"name":"wp","href":"https:\/\/api.w.org\/{rel}","templated":true}]}}