{"id":3494,"date":"2021-07-25T22:39:46","date_gmt":"2021-07-25T20:39:46","guid":{"rendered":"https:\/\/agora.xtec.cat\/ceipvinyadelsastret\/?page_id=3494"},"modified":"2026-02-26T15:42:44","modified_gmt":"2026-02-26T14:42:44","slug":"ampa","status":"publish","type":"page","link":"https:\/\/agora.xtec.cat\/ceipvinyadelsastret\/serveis-2\/ampa\/","title":{"rendered":"AFA"},"content":{"rendered":"<p>L\u2019AFA de l\u2019Escola Vinya del Sastret \u00e9s una associaci\u00f3 sense \u00e0nim de lucre que formen les fam\u00edlies del centre amb el prop\u00f2sit principal de col\u00b7laborar amb l\u2019escola per complementar la tasca educativa de l\u2019alumnat i per vetllar pels interessos comuns de les fam\u00edlies.<br \/>\nL\u2019AFA col\u00b7labora activament en diverses \u00e0rees, des de la gesti\u00f3 de serveis b\u00e0sics fins a l\u2019organitzaci\u00f3 d\u2019activitats de lleure.<\/p>\n<p>Concretament, L\u2019AFA:<\/p>\n<ul>\n<li>contracta i supervisa el servei de menjador i l\u2019acollida de mat\u00ed i tarda.<\/li>\n<li>coordina les activitats extraescolars.<\/li>\n<li>signa el conveni del transport escolar i gestiona els pagaments<\/li>\n<li>proporciona les agendes a l\u2019alumnat del centre<\/li>\n<li>participa en l\u2019organitzaci\u00f3 de les festes<\/li>\n<li>dona suport al projecte educatiu del centre i col\u00b7labora en la dotaci\u00f3 d\u2019equipaments<\/li>\n<li>col\u00b7labora en el projecte Nept\u00fa de nataci\u00f3 i en altres iniciatives municipals.<\/li>\n<\/ul>\n<p><strong>Contacte:<\/strong><br \/>\nAdre\u00e7a electr\u00f2nica: afavinyadelsastret@gmail.com<\/p>\n<p>Instagram: @AfaVinyadelSastret<\/p>\n<p><strong>LA JUNTA DIRECTIVA<\/strong><br \/>\nLa Junta directiva de l\u2019associaci\u00f3 es renova cada tres anys i est\u00e0 actualment formada pels\u00a0 seg\u00fcents c\u00e0rrecs:<\/p>\n<ul>\n<li>Presidenta: Jessica Pell\u00edn<\/li>\n<li>Secretaria: Ginebra Silva<\/li>\n<li>Tresorer: Enrico Petrangelo<\/li>\n<li>Vocals: Irene Mart\u00ednez, Tatiana Giralt i Vanessa Montalb\u00e1n<\/li>\n<li>Representant del Consell Escolar: Ginebra Silva<\/li>\n<\/ul>\n<p>A m\u00e9s, l\u2019AFA compte amb un grup de persones col\u00b7laboradors\/es\u00a0 que\u00a0 participen en les comissions de treball de manera puntual.<\/p>\n","protected":false},"excerpt":{"rendered":"<p>L\u2019AFA de l\u2019Escola Vinya del Sastret \u00e9s una associaci\u00f3 sense \u00e0nim de lucre que formen les fam\u00edlies del centre amb el prop\u00f2sit principal de col\u00b7laborar amb l\u2019escola per complementar la tasca educativa de l\u2019alumnat i per vetllar pels interessos comuns de les fam\u00edlies. L\u2019AFA col\u00b7labora activament en diverses \u00e0rees, des de la gesti\u00f3 de serveis [&hellip;]<\/p>\n","protected":false},"author":1,"featured_media":0,"parent":802,"menu_order":0,"comment_status":"closed","ping_status":"closed","template":"","meta":{"_bbp_topic_count":0,"_bbp_reply_count":0,"_bbp_total_topic_count":0,"_bbp_total_reply_count":0,"_bbp_voice_count":0,"_bbp_anonymous_reply_count":0,"_bbp_topic_count_hidden":0,"_bbp_reply_count_hidden":0,"_bbp_forum_subforum_count":0,"site-sidebar-layout":"default","site-content-layout":"","ast-site-content-layout":"default","site-content-style":"default","site-sidebar-style":"default","ast-global-header-display":"","ast-banner-title-visibility":"","ast-main-header-display":"","ast-hfb-above-header-display":"","ast-hfb-below-header-display":"","ast-hfb-mobile-header-display":"","site-post-title":"","ast-breadcrumbs-content":"","ast-featured-img":"","footer-sml-layout":"","theme-transparent-header-meta":"default","adv-header-id-meta":"","stick-header-meta":"","header-above-stick-meta":"","header-main-stick-meta":"","header-below-stick-meta":"","astra-migrate-meta-layouts":"set","ast-page-background-enabled":"default","ast-page-background-meta":{"desktop":{"background-color":"var(--ast-global-color-4)","background-image":"","background-repeat":"repeat","background-position":"center center","background-size":"auto","background-attachment":"scroll","background-type":"","background-media":"","overlay-type":"","overlay-color":"","overlay-opacity":"","overlay-gradient":""},"tablet":{"background-color":"","background-image":"","background-repeat":"repeat","background-position":"center center","background-size":"auto","background-attachment":"scroll","background-type":"","background-media":"","overlay-type":"","overlay-color":"","overlay-opacity":"","overlay-gradient":""},"mobile":{"background-color":"","background-image":"","background-repeat":"repeat","background-position":"center center","background-size":"auto","background-attachment":"scroll","background-type":"","background-media":"","overlay-type":"","overlay-color":"","overlay-opacity":"","overlay-gradient":""}},"ast-content-background-meta":{"desktop":{"background-color":"var(--ast-global-color-5)","background-image":"","background-repeat":"repeat","background-position":"center center","background-size":"auto","background-attachment":"scroll","background-type":"","background-media":"","overlay-type":"","overlay-color":"","overlay-opacity":"","overlay-gradient":""},"tablet":{"background-color":"var(--ast-global-color-5)","background-image":"","background-repeat":"repeat","background-position":"center center","background-size":"auto","background-attachment":"scroll","background-type":"","background-media":"","overlay-type":"","overlay-color":"","overlay-opacity":"","overlay-gradient":""},"mobile":{"background-color":"var(--ast-global-color-5)","background-image":"","background-repeat":"repeat","background-position":"center center","background-size":"auto","background-attachment":"scroll","background-type":"","background-media":"","overlay-type":"","overlay-color":"","overlay-opacity":"","overlay-gradient":""}},"footnotes":""},"class_list":["post-3494","page","type-page","status-publish","hentry"],"post_mailing_queue_ids":[],"_links":{"self":[{"href":"https:\/\/agora.xtec.cat\/ceipvinyadelsastret\/wp-json\/wp\/v2\/pages\/3494","targetHints":{"allow":["GET"]}}],"collection":[{"href":"https:\/\/agora.xtec.cat\/ceipvinyadelsastret\/wp-json\/wp\/v2\/pages"}],"about":[{"href":"https:\/\/agora.xtec.cat\/ceipvinyadelsastret\/wp-json\/wp\/v2\/types\/page"}],"author":[{"embeddable":true,"href":"https:\/\/agora.xtec.cat\/ceipvinyadelsastret\/wp-json\/wp\/v2\/users\/1"}],"replies":[{"embeddable":true,"href":"https:\/\/agora.xtec.cat\/ceipvinyadelsastret\/wp-json\/wp\/v2\/comments?post=3494"}],"version-history":[{"count":6,"href":"https:\/\/agora.xtec.cat\/ceipvinyadelsastret\/wp-json\/wp\/v2\/pages\/3494\/revisions"}],"predecessor-version":[{"id":4641,"href":"https:\/\/agora.xtec.cat\/ceipvinyadelsastret\/wp-json\/wp\/v2\/pages\/3494\/revisions\/4641"}],"up":[{"embeddable":true,"href":"https:\/\/agora.xtec.cat\/ceipvinyadelsastret\/wp-json\/wp\/v2\/pages\/802"}],"wp:attachment":[{"href":"https:\/\/agora.xtec.cat\/ceipvinyadelsastret\/wp-json\/wp\/v2\/media?parent=3494"}],"curies":[{"name":"wp","href":"https:\/\/api.w.org\/{rel}","templated":true}]}}