{"id":30,"date":"2014-09-18T12:30:23","date_gmt":"2014-09-18T11:30:23","guid":{"rendered":"http:\/\/agora.xtec.cat\/ceipvinyadelsastret\/?page_id=30"},"modified":"2023-01-20T10:22:34","modified_gmt":"2023-01-20T09:22:34","slug":"instal%c2%b7lacions","status":"publish","type":"page","link":"https:\/\/agora.xtec.cat\/ceipvinyadelsastret\/lescola\/instal%c2%b7lacions\/","title":{"rendered":"Instal\u00b7lacions"},"content":{"rendered":"<p><a href=\"https:\/\/agora.xtec.cat\/ceipvinyadelsastret\/wp-content\/uploads\/usu1006\/2023\/01\/installacions.png\"><img loading=\"lazy\" decoding=\"async\" class=\"aligncenter size-full wp-image-3910\" src=\"https:\/\/agora.xtec.cat\/ceipvinyadelsastret\/wp-content\/uploads\/usu1006\/2023\/01\/installacions.png\" alt=\"\" width=\"958\" height=\"146\" srcset=\"https:\/\/agora.xtec.cat\/ceipvinyadelsastret\/wp-content\/uploads\/usu1006\/2023\/01\/installacions.png 958w, https:\/\/agora.xtec.cat\/ceipvinyadelsastret\/wp-content\/uploads\/usu1006\/2023\/01\/installacions-300x46.png 300w, https:\/\/agora.xtec.cat\/ceipvinyadelsastret\/wp-content\/uploads\/usu1006\/2023\/01\/installacions-768x117.png 768w\" sizes=\"auto, (max-width: 958px) 100vw, 958px\" \/><\/a><\/p>\n<p>L&#8217;escola est\u00e0 distribu\u00efda en dos blocs d&#8217;edificis comunicats entre ells, en una mitja planta s&#8217;hi troba el menjador escolar i en un edifici annex s&#8217;hi troba el gimn\u00e0s, les diferents zones d\u2019esbarjo i l\u2019hort escolar.<\/p>\n<ul style=\"list-style-type: square;\">\n<li>\n<h4><strong>Edifici principal:\u00a0<\/strong><\/h4>\n<ul>\n<li>Consergeria<\/li>\n<li>Direcci\u00f3 i administraci\u00f3<\/li>\n<li>Aules d&#8217;educaci\u00f3 infantil<\/li>\n<li>Aula polivalent \/ PDI<\/li>\n<li>Aula de racons\/ joc simb\u00f2lic<\/li>\n<li>Sala de psicomotricitat \/ dormitori de P3<\/li>\n<li>Sala de reunions<\/li>\n<li>Zona d&#8217;esbarjo d&#8217;educaci\u00f3 infantil<\/li>\n<\/ul>\n<\/li>\n<\/ul>\n<ul style=\"list-style-type: square;\">\n<li>\n<h4><strong>Edifici de prim\u00e0ria: <\/strong><\/h4>\n<\/li>\n<\/ul>\n<p>Aquest sector est\u00e0 distribu\u00eft en tres plantes:<\/p>\n<p><strong>Planta 1<\/strong><\/p>\n<ul style=\"list-style-type: square;\">\n<li style=\"list-style-type: none;\">\n<ul>\n<li>Aules de cicle inicial: 1r i 2n<\/li>\n<li>Aula de m\u00fasica<\/li>\n<li>Aula polivalent \/ desdoblaments<\/li>\n<li>Biblioteca<\/li>\n<\/ul>\n<\/li>\n<\/ul>\n<p><strong>Planta 2<\/strong><\/p>\n<ul style=\"list-style-type: square;\">\n<li style=\"list-style-type: none;\">\n<ul>\n<li>Aules de cicle mitj\u00e0: 3r i 4t<\/li>\n<li>Aula de religi\u00f3<\/li>\n<li>Aula d&#8217;educaci\u00f3 especial<\/li>\n<li>Aula de ci\u00e8ncies<\/li>\n<li>Sala de mestres<\/li>\n<\/ul>\n<\/li>\n<\/ul>\n<p><strong>Planta 3<\/strong><\/p>\n<ul style=\"list-style-type: square;\">\n<li style=\"list-style-type: none;\">\n<ul>\n<li>Aules de cicle superior: 5\u00e8 i 6\u00e8<\/li>\n<li>Aula d\u2019inform\u00e0tica<\/li>\n<li>Aula digital<\/li>\n<li>Aula d\u2019angl\u00e8s<\/li>\n<li>Aula de pl\u00e0stica<\/li>\n<li>Aula Chroma<\/li>\n<\/ul>\n<\/li>\n<\/ul>\n<p>&nbsp;<\/p>\n","protected":false},"excerpt":{"rendered":"<p>L&#8217;escola est\u00e0 distribu\u00efda en dos blocs d&#8217;edificis comunicats entre ells, en una mitja planta s&#8217;hi troba el menjador escolar i en un edifici annex s&#8217;hi troba el gimn\u00e0s, les diferents zones d\u2019esbarjo i l\u2019hort escolar. Edifici principal:\u00a0 Consergeria Direcci\u00f3 i administraci\u00f3 Aules d&#8217;educaci\u00f3 infantil Aula polivalent \/ PDI Aula de racons\/ joc simb\u00f2lic Sala de [&hellip;]<\/p>\n","protected":false},"author":1,"featured_media":0,"parent":22,"menu_order":3,"comment_status":"closed","ping_status":"closed","template":"page-templates\/side-menu.php","meta":{"_bbp_topic_count":0,"_bbp_reply_count":0,"_bbp_total_topic_count":0,"_bbp_total_reply_count":0,"_bbp_voice_count":0,"_bbp_anonymous_reply_count":0,"_bbp_topic_count_hidden":0,"_bbp_reply_count_hidden":0,"_bbp_forum_subforum_count":0,"site-sidebar-layout":"default","site-content-layout":"","ast-site-content-layout":"","site-content-style":"default","site-sidebar-style":"default","ast-global-header-display":"","ast-banner-title-visibility":"","ast-main-header-display":"","ast-hfb-above-header-display":"","ast-hfb-below-header-display":"","ast-hfb-mobile-header-display":"","site-post-title":"","ast-breadcrumbs-content":"","ast-featured-img":"","footer-sml-layout":"","theme-transparent-header-meta":"","adv-header-id-meta":"","stick-header-meta":"","header-above-stick-meta":"","header-main-stick-meta":"","header-below-stick-meta":"","astra-migrate-meta-layouts":"default","ast-page-background-enabled":"default","ast-page-background-meta":{"desktop":{"background-color":"var(--ast-global-color-4)","background-image":"","background-repeat":"repeat","background-position":"center center","background-size":"auto","background-attachment":"scroll","background-type":"","background-media":"","overlay-type":"","overlay-color":"","overlay-opacity":"","overlay-gradient":""},"tablet":{"background-color":"","background-image":"","background-repeat":"repeat","background-position":"center center","background-size":"auto","background-attachment":"scroll","background-type":"","background-media":"","overlay-type":"","overlay-color":"","overlay-opacity":"","overlay-gradient":""},"mobile":{"background-color":"","background-image":"","background-repeat":"repeat","background-position":"center center","background-size":"auto","background-attachment":"scroll","background-type":"","background-media":"","overlay-type":"","overlay-color":"","overlay-opacity":"","overlay-gradient":""}},"ast-content-background-meta":{"desktop":{"background-color":"var(--ast-global-color-5)","background-image":"","background-repeat":"repeat","background-position":"center center","background-size":"auto","background-attachment":"scroll","background-type":"","background-media":"","overlay-type":"","overlay-color":"","overlay-opacity":"","overlay-gradient":""},"tablet":{"background-color":"var(--ast-global-color-5)","background-image":"","background-repeat":"repeat","background-position":"center center","background-size":"auto","background-attachment":"scroll","background-type":"","background-media":"","overlay-type":"","overlay-color":"","overlay-opacity":"","overlay-gradient":""},"mobile":{"background-color":"var(--ast-global-color-5)","background-image":"","background-repeat":"repeat","background-position":"center center","background-size":"auto","background-attachment":"scroll","background-type":"","background-media":"","overlay-type":"","overlay-color":"","overlay-opacity":"","overlay-gradient":""}},"footnotes":""},"class_list":["post-30","page","type-page","status-publish","hentry"],"post_mailing_queue_ids":[],"_links":{"self":[{"href":"https:\/\/agora.xtec.cat\/ceipvinyadelsastret\/wp-json\/wp\/v2\/pages\/30","targetHints":{"allow":["GET"]}}],"collection":[{"href":"https:\/\/agora.xtec.cat\/ceipvinyadelsastret\/wp-json\/wp\/v2\/pages"}],"about":[{"href":"https:\/\/agora.xtec.cat\/ceipvinyadelsastret\/wp-json\/wp\/v2\/types\/page"}],"author":[{"embeddable":true,"href":"https:\/\/agora.xtec.cat\/ceipvinyadelsastret\/wp-json\/wp\/v2\/users\/1"}],"replies":[{"embeddable":true,"href":"https:\/\/agora.xtec.cat\/ceipvinyadelsastret\/wp-json\/wp\/v2\/comments?post=30"}],"version-history":[{"count":4,"href":"https:\/\/agora.xtec.cat\/ceipvinyadelsastret\/wp-json\/wp\/v2\/pages\/30\/revisions"}],"predecessor-version":[{"id":4017,"href":"https:\/\/agora.xtec.cat\/ceipvinyadelsastret\/wp-json\/wp\/v2\/pages\/30\/revisions\/4017"}],"up":[{"embeddable":true,"href":"https:\/\/agora.xtec.cat\/ceipvinyadelsastret\/wp-json\/wp\/v2\/pages\/22"}],"wp:attachment":[{"href":"https:\/\/agora.xtec.cat\/ceipvinyadelsastret\/wp-json\/wp\/v2\/media?parent=30"}],"curies":[{"name":"wp","href":"https:\/\/api.w.org\/{rel}","templated":true}]}}