{"id":24,"date":"2014-09-18T12:23:15","date_gmt":"2014-09-18T11:23:15","guid":{"rendered":"http:\/\/agora.xtec.cat\/ceipvinyadelsastret\/?page_id=24"},"modified":"2023-02-10T10:03:28","modified_gmt":"2023-02-10T09:03:28","slug":"on-som","status":"publish","type":"page","link":"https:\/\/agora.xtec.cat\/ceipvinyadelsastret\/lescola\/on-som\/","title":{"rendered":"On som"},"content":{"rendered":"<p><a href=\"https:\/\/agora.xtec.cat\/ceipvinyadelsastret\/wp-content\/uploads\/usu1006\/2023\/01\/on-som.png\"><img loading=\"lazy\" decoding=\"async\" class=\"aligncenter size-full wp-image-3908\" src=\"https:\/\/agora.xtec.cat\/ceipvinyadelsastret\/wp-content\/uploads\/usu1006\/2023\/01\/on-som.png\" alt=\"\" width=\"960\" height=\"142\" srcset=\"https:\/\/agora.xtec.cat\/ceipvinyadelsastret\/wp-content\/uploads\/usu1006\/2023\/01\/on-som.png 960w, https:\/\/agora.xtec.cat\/ceipvinyadelsastret\/wp-content\/uploads\/usu1006\/2023\/01\/on-som-300x44.png 300w, https:\/\/agora.xtec.cat\/ceipvinyadelsastret\/wp-content\/uploads\/usu1006\/2023\/01\/on-som-768x114.png 768w\" sizes=\"auto, (max-width: 960px) 100vw, 960px\" \/><\/a><\/p>\n<p style=\"color: #666666; text-align: center;\"><strong>Escola Vinya del Sastret<\/strong><br \/>\nC.Escoles s\/n<br \/>\n08635 Sant Esteve Sesrovires<\/p>\n<p style=\"text-align: center;\">Tel. 93 779 88 42<br \/>\na8059810@xtec.cat<\/p>\n<p>L\u2019Escola Vinya del Sastret est\u00e0 ubicada a Sant Esteve Sesrovires, un municipi de la comarca del Baix Llobregat i de la comarca natural del Montserrat\u00ed.<\/p>\n<p>Sant Esteve Sesrovires \u00e9s un petit poble que\u00a0 compta amb diferents urbanitzacions properes que nodreixen les dues escoles p\u00fabliques, la llar d\u2019infants i l\u2019institut del municipi.<\/p>\n<p>Les urbanitzacions de Sant Esteve que aporten alumnat al nostre centre s\u00f3n:<\/p>\n<p>\u2010 Vallserrat.<br \/>\n\u2010 Ca&#8217;n Amat.<br \/>\n\u2010 Ca&#8217;n Prats.<br \/>\n\u2010 Ca&#8217;n Bargall\u00f3.<\/p>\n<p>Actualment compta amb una poblaci\u00f3 activa d\u2019uns 7.889 habitants (Idescat 2022)<\/p>\n<p><iframe loading=\"lazy\" src=\"https:\/\/www.google.com\/maps\/embed?pb=!1m18!1m12!1m3!1d2988.0103702906717!2d1.863965815086107!3d41.504050079253616!2m3!1f0!2f0!3f0!3m2!1i1024!2i768!4f13.1!3m3!1m2!1s0x12a489872c3bd819%3A0x887c2c163ad47a80!2sCarrer+les+Escoles%2C+08635+Sant+Esteve+Sesrovires%2C+Barcelona!5e0!3m2!1sca!2ses!4v1493892839997\" width=\"600\" height=\"450\" frameborder=\"0\"><\/iframe><br \/>\n<strong>Com arribar-hi:<\/strong><\/p>\n<p><strong>Tren:\u00a0<\/strong>Ferrocarrils Catalans l\u00ednia R6 i R60. M\u00e9s info i horaris a <a href=\"http:\/\/www.fgc.at\">www.fgc.cat<\/a><\/p>\n","protected":false},"excerpt":{"rendered":"<p>Escola Vinya del Sastret C.Escoles s\/n 08635 Sant Esteve Sesrovires Tel. 93 779 88 42 a8059810@xtec.cat L\u2019Escola Vinya del Sastret est\u00e0 ubicada a Sant Esteve Sesrovires, un municipi de la comarca del Baix Llobregat i de la comarca natural del Montserrat\u00ed. Sant Esteve Sesrovires \u00e9s un petit poble que\u00a0 compta amb diferents urbanitzacions properes que [&hellip;]<\/p>\n","protected":false},"author":1,"featured_media":0,"parent":22,"menu_order":2,"comment_status":"closed","ping_status":"closed","template":"page-templates\/side-menu.php","meta":{"_bbp_topic_count":0,"_bbp_reply_count":0,"_bbp_total_topic_count":0,"_bbp_total_reply_count":0,"_bbp_voice_count":0,"_bbp_anonymous_reply_count":0,"_bbp_topic_count_hidden":0,"_bbp_reply_count_hidden":0,"_bbp_forum_subforum_count":0,"site-sidebar-layout":"default","site-content-layout":"","ast-site-content-layout":"","site-content-style":"default","site-sidebar-style":"default","ast-global-header-display":"","ast-banner-title-visibility":"","ast-main-header-display":"","ast-hfb-above-header-display":"","ast-hfb-below-header-display":"","ast-hfb-mobile-header-display":"","site-post-title":"","ast-breadcrumbs-content":"","ast-featured-img":"","footer-sml-layout":"","theme-transparent-header-meta":"","adv-header-id-meta":"","stick-header-meta":"","header-above-stick-meta":"","header-main-stick-meta":"","header-below-stick-meta":"","astra-migrate-meta-layouts":"default","ast-page-background-enabled":"default","ast-page-background-meta":{"desktop":{"background-color":"var(--ast-global-color-4)","background-image":"","background-repeat":"repeat","background-position":"center center","background-size":"auto","background-attachment":"scroll","background-type":"","background-media":"","overlay-type":"","overlay-color":"","overlay-opacity":"","overlay-gradient":""},"tablet":{"background-color":"","background-image":"","background-repeat":"repeat","background-position":"center center","background-size":"auto","background-attachment":"scroll","background-type":"","background-media":"","overlay-type":"","overlay-color":"","overlay-opacity":"","overlay-gradient":""},"mobile":{"background-color":"","background-image":"","background-repeat":"repeat","background-position":"center center","background-size":"auto","background-attachment":"scroll","background-type":"","background-media":"","overlay-type":"","overlay-color":"","overlay-opacity":"","overlay-gradient":""}},"ast-content-background-meta":{"desktop":{"background-color":"var(--ast-global-color-5)","background-image":"","background-repeat":"repeat","background-position":"center center","background-size":"auto","background-attachment":"scroll","background-type":"","background-media":"","overlay-type":"","overlay-color":"","overlay-opacity":"","overlay-gradient":""},"tablet":{"background-color":"var(--ast-global-color-5)","background-image":"","background-repeat":"repeat","background-position":"center center","background-size":"auto","background-attachment":"scroll","background-type":"","background-media":"","overlay-type":"","overlay-color":"","overlay-opacity":"","overlay-gradient":""},"mobile":{"background-color":"var(--ast-global-color-5)","background-image":"","background-repeat":"repeat","background-position":"center center","background-size":"auto","background-attachment":"scroll","background-type":"","background-media":"","overlay-type":"","overlay-color":"","overlay-opacity":"","overlay-gradient":""}},"footnotes":""},"class_list":["post-24","page","type-page","status-publish","hentry"],"post_mailing_queue_ids":[],"_links":{"self":[{"href":"https:\/\/agora.xtec.cat\/ceipvinyadelsastret\/wp-json\/wp\/v2\/pages\/24","targetHints":{"allow":["GET"]}}],"collection":[{"href":"https:\/\/agora.xtec.cat\/ceipvinyadelsastret\/wp-json\/wp\/v2\/pages"}],"about":[{"href":"https:\/\/agora.xtec.cat\/ceipvinyadelsastret\/wp-json\/wp\/v2\/types\/page"}],"author":[{"embeddable":true,"href":"https:\/\/agora.xtec.cat\/ceipvinyadelsastret\/wp-json\/wp\/v2\/users\/1"}],"replies":[{"embeddable":true,"href":"https:\/\/agora.xtec.cat\/ceipvinyadelsastret\/wp-json\/wp\/v2\/comments?post=24"}],"version-history":[{"count":4,"href":"https:\/\/agora.xtec.cat\/ceipvinyadelsastret\/wp-json\/wp\/v2\/pages\/24\/revisions"}],"predecessor-version":[{"id":3979,"href":"https:\/\/agora.xtec.cat\/ceipvinyadelsastret\/wp-json\/wp\/v2\/pages\/24\/revisions\/3979"}],"up":[{"embeddable":true,"href":"https:\/\/agora.xtec.cat\/ceipvinyadelsastret\/wp-json\/wp\/v2\/pages\/22"}],"wp:attachment":[{"href":"https:\/\/agora.xtec.cat\/ceipvinyadelsastret\/wp-json\/wp\/v2\/media?parent=24"}],"curies":[{"name":"wp","href":"https:\/\/api.w.org\/{rel}","templated":true}]}}