{"id":1940,"date":"2018-10-02T11:15:36","date_gmt":"2018-10-02T09:15:36","guid":{"rendered":"http:\/\/agora.xtec.cat\/ceipvinyadelsastret\/?page_id=1940"},"modified":"2023-01-20T11:53:00","modified_gmt":"2023-01-20T10:53:00","slug":"gep-generacio-plurilingue","status":"publish","type":"page","link":"https:\/\/agora.xtec.cat\/ceipvinyadelsastret\/gep-generacio-plurilingue\/","title":{"rendered":"GEP &#8211; Generaci\u00f3 Pluriling\u00fce"},"content":{"rendered":"<p><a href=\"http:\/\/agora.xtec.cat\/ceipvinyadelsastret\/wp-content\/uploads\/usu1006\/2018\/10\/Som-escola-GEP-1.jpg\"><img loading=\"lazy\" decoding=\"async\" class=\"aligncenter size-full wp-image-1945\" src=\"http:\/\/agora.xtec.cat\/ceipvinyadelsastret\/wp-content\/uploads\/usu1006\/2018\/10\/Som-escola-GEP-1.jpg\" alt=\"\" width=\"820\" height=\"312\" srcset=\"https:\/\/agora.xtec.cat\/ceipvinyadelsastret\/wp-content\/uploads\/usu1006\/2018\/10\/Som-escola-GEP-1.jpg 820w, https:\/\/agora.xtec.cat\/ceipvinyadelsastret\/wp-content\/uploads\/usu1006\/2018\/10\/Som-escola-GEP-1-300x114.jpg 300w, https:\/\/agora.xtec.cat\/ceipvinyadelsastret\/wp-content\/uploads\/usu1006\/2018\/10\/Som-escola-GEP-1-768x292.jpg 768w\" sizes=\"auto, (max-width: 820px) 100vw, 820px\" \/><\/a><\/p>\n<p>El curs escolar 2018-2019 v\u00e0rem iniciar la nostra participaci\u00f3 en el projecte <a href=\"http:\/\/xtec.gencat.cat\/ca\/projectes\/plurilinguisme\/programes\/pluri\/gep\/\"><strong>Generaci\u00f3 Pluriling\u00fce (GEP)<\/strong><\/a> impulsat pel Departament d&#8217;Educaci\u00f3.<\/p>\n<p>Aquest projecte promou la millora de la compet\u00e8ncia comunicativa en llengua anglesa de l&#8217;alumnat mitjan\u00e7ant la realitzaci\u00f3 de mat\u00e8ries no ling\u00fc\u00edstiques (<strong>Science<\/strong>). Est\u00e0 adre\u00e7at a l&#8217;alumnat de cicle mitj\u00e0 i superior.<\/p>\n<p>Els seus principals objectius s\u00f3n:<\/p>\n<ul>\n<li>Millorar la compet\u00e8ncia comunicativa en llengua estrangera<\/li>\n<li>Desenvolupar compet\u00e8ncies clau per al s. XXI (b\u00e0siques, del pensament i actitudinals o personals)<\/li>\n<li>Fomentar el treball cooperatiu i per projectes<\/li>\n<li>Adquirir estrat\u00e8gies per a l\u2019aprenentatge aut\u00f2nom (aprendre a aprendre)<\/li>\n<\/ul>\n<p>Comptem amb un grup impulsor format per la Montse Pedrola (directora del centre), la Sara Trillo (coordinadora GEP) i mestres especialistes d&#8217;angl\u00e8s,\u00a0 aix\u00ed com el recolzament del claustre i del Consell Escolar.<\/p>\n<p>Per saber m\u00e9s sobre les activitats en llengua anglesa a la nostra escola, visita el blog d&#8217;<a href=\"https:\/\/sites.google.com\/xtec.cat\/english-vinya-del-sastret\/inici\">English at Vinya del Sastret<\/a>!<\/p>\n","protected":false},"excerpt":{"rendered":"<p>El curs escolar 2018-2019 v\u00e0rem iniciar la nostra participaci\u00f3 en el projecte Generaci\u00f3 Pluriling\u00fce (GEP) impulsat pel Departament d&#8217;Educaci\u00f3. Aquest projecte promou la millora de la compet\u00e8ncia comunicativa en llengua anglesa de l&#8217;alumnat mitjan\u00e7ant la realitzaci\u00f3 de mat\u00e8ries no ling\u00fc\u00edstiques (Science). Est\u00e0 adre\u00e7at a l&#8217;alumnat de cicle mitj\u00e0 i superior. Els seus principals objectius s\u00f3n: [&hellip;]<\/p>\n","protected":false},"author":1,"featured_media":0,"parent":0,"menu_order":7,"comment_status":"closed","ping_status":"closed","template":"page-templates\/side-menu.php","meta":{"_bbp_topic_count":0,"_bbp_reply_count":0,"_bbp_total_topic_count":0,"_bbp_total_reply_count":0,"_bbp_voice_count":0,"_bbp_anonymous_reply_count":0,"_bbp_topic_count_hidden":0,"_bbp_reply_count_hidden":0,"_bbp_forum_subforum_count":0,"site-sidebar-layout":"default","site-content-layout":"","ast-site-content-layout":"","site-content-style":"default","site-sidebar-style":"default","ast-global-header-display":"","ast-banner-title-visibility":"","ast-main-header-display":"","ast-hfb-above-header-display":"","ast-hfb-below-header-display":"","ast-hfb-mobile-header-display":"","site-post-title":"","ast-breadcrumbs-content":"","ast-featured-img":"","footer-sml-layout":"","theme-transparent-header-meta":"","adv-header-id-meta":"","stick-header-meta":"","header-above-stick-meta":"","header-main-stick-meta":"","header-below-stick-meta":"","astra-migrate-meta-layouts":"default","ast-page-background-enabled":"default","ast-page-background-meta":{"desktop":{"background-color":"var(--ast-global-color-4)","background-image":"","background-repeat":"repeat","background-position":"center center","background-size":"auto","background-attachment":"scroll","background-type":"","background-media":"","overlay-type":"","overlay-color":"","overlay-opacity":"","overlay-gradient":""},"tablet":{"background-color":"","background-image":"","background-repeat":"repeat","background-position":"center center","background-size":"auto","background-attachment":"scroll","background-type":"","background-media":"","overlay-type":"","overlay-color":"","overlay-opacity":"","overlay-gradient":""},"mobile":{"background-color":"","background-image":"","background-repeat":"repeat","background-position":"center center","background-size":"auto","background-attachment":"scroll","background-type":"","background-media":"","overlay-type":"","overlay-color":"","overlay-opacity":"","overlay-gradient":""}},"ast-content-background-meta":{"desktop":{"background-color":"var(--ast-global-color-5)","background-image":"","background-repeat":"repeat","background-position":"center center","background-size":"auto","background-attachment":"scroll","background-type":"","background-media":"","overlay-type":"","overlay-color":"","overlay-opacity":"","overlay-gradient":""},"tablet":{"background-color":"var(--ast-global-color-5)","background-image":"","background-repeat":"repeat","background-position":"center center","background-size":"auto","background-attachment":"scroll","background-type":"","background-media":"","overlay-type":"","overlay-color":"","overlay-opacity":"","overlay-gradient":""},"mobile":{"background-color":"var(--ast-global-color-5)","background-image":"","background-repeat":"repeat","background-position":"center center","background-size":"auto","background-attachment":"scroll","background-type":"","background-media":"","overlay-type":"","overlay-color":"","overlay-opacity":"","overlay-gradient":""}},"footnotes":""},"class_list":["post-1940","page","type-page","status-publish","hentry"],"post_mailing_queue_ids":[],"_links":{"self":[{"href":"https:\/\/agora.xtec.cat\/ceipvinyadelsastret\/wp-json\/wp\/v2\/pages\/1940","targetHints":{"allow":["GET"]}}],"collection":[{"href":"https:\/\/agora.xtec.cat\/ceipvinyadelsastret\/wp-json\/wp\/v2\/pages"}],"about":[{"href":"https:\/\/agora.xtec.cat\/ceipvinyadelsastret\/wp-json\/wp\/v2\/types\/page"}],"author":[{"embeddable":true,"href":"https:\/\/agora.xtec.cat\/ceipvinyadelsastret\/wp-json\/wp\/v2\/users\/1"}],"replies":[{"embeddable":true,"href":"https:\/\/agora.xtec.cat\/ceipvinyadelsastret\/wp-json\/wp\/v2\/comments?post=1940"}],"version-history":[{"count":3,"href":"https:\/\/agora.xtec.cat\/ceipvinyadelsastret\/wp-json\/wp\/v2\/pages\/1940\/revisions"}],"predecessor-version":[{"id":4028,"href":"https:\/\/agora.xtec.cat\/ceipvinyadelsastret\/wp-json\/wp\/v2\/pages\/1940\/revisions\/4028"}],"wp:attachment":[{"href":"https:\/\/agora.xtec.cat\/ceipvinyadelsastret\/wp-json\/wp\/v2\/media?parent=1940"}],"curies":[{"name":"wp","href":"https:\/\/api.w.org\/{rel}","templated":true}]}}