{"id":908,"date":"2024-03-21T12:34:25","date_gmt":"2024-03-21T11:34:25","guid":{"rendered":"https:\/\/agora.xtec.cat\/ceipvilaroja\/?page_id=908"},"modified":"2025-11-05T12:28:23","modified_gmt":"2025-11-05T11:28:23","slug":"acords-consell-escolar","status":"publish","type":"page","link":"https:\/\/agora.xtec.cat\/ceipvilaroja\/projecte-educatiu\/acords-consell-escolar\/","title":{"rendered":"Acords Consell Escolar"},"content":{"rendered":"<p>Atenent a la normativa vigent, fem p\u00fablics els acords presos al consell escolar tenint en compte que la mateixa normativa destaca que \u201cnom\u00e9s cal especificar els acords presos de forma breu i tenint en compte la protecci\u00f3 de dades personals.\u201d<\/p>\n<p><strong>Consell Escolar 27\/10\/25<\/strong><\/p>\n<p>Aprovaci\u00f3 del PEM PROA+ 24-28<\/p>\n<p><strong>Consell Escolar 25\/09\/25<\/strong><\/p>\n<ol>\n<li>Aprovaci\u00f3 de la mem\u00f2ria anual 24-25<\/li>\n<li>Aprovaci\u00f3 de la PGA 25-26<\/li>\n<li>Aprovaci\u00f3 del pla de funcionament de menjador 25-26<\/li>\n<li>Aprovaci\u00f3 de l\u2019aportaci\u00f3 de les fam\u00edlies destinada a material escolar i AFA<\/li>\n<li>Aprovaci\u00f3 de les sortides i activitats del curs 25-26<\/li>\n<li>Informaci\u00f3 de les subvencions de l\u2019Ajuntament de Girona per al curs 2025\/2026: \u201cIgualtat d\u2019oportunitats\u201d, \u201cActiva el teu pati&#8221;, \u201cActiva el teu projecte\u201d, \u201cFoment de la Promoci\u00f3 i l\u2019esport escolar\u201d, \u201cAjut de biblioteques escolars\u201d i \u201cAjut de despla\u00e7aments\u201d<\/li>\n<li>Informaci\u00f3 de l\u2019ajut per a l\u2019adquisici\u00f3 de llibres de text i material did\u00e0ctic complementari de la Generalitat de Catalunya.<\/li>\n<li>Informaci\u00f3 incorporaci\u00f3 TIS<\/li>\n<li style=\"list-style-type: none;\"><\/li>\n<\/ol>\n<p><strong><a href=\"https:\/\/agora.xtec.cat\/ceipvilaroja\/wp-content\/uploads\/usu2929\/2025\/10\/Convocatoria-CE5-250625.pdf\">Consell Escolar 25\/06\/25<\/a><\/strong><\/p>\n<p>Aprovaci\u00f3 modificaci\u00f3 punt Acollida abs\u00e8ncies a les NOFC<br \/>\nAprovaci\u00f3 del calendari escolar per al curs 2025-26<br \/>\nInici de curs<br \/>\nJornada continuada al juny i desembre<br \/>\nDies de lliure disposici\u00f3<br \/>\nAprovaci\u00f3 de quota material curs 2025-26 i \u00fas dels vals escolars<\/p>\n<p><a href=\"https:\/\/agora.xtec.cat\/ceipvilaroja\/wp-content\/uploads\/usu2929\/2025\/10\/Convocatoria-CE4-050325-.pdf\"><strong>Consell Escolar\u00a0 05\/03\/25<\/strong><\/a><\/p>\n<p>Aprovaci\u00f3 PROA+<\/p>\n<p><a href=\"https:\/\/agora.xtec.cat\/ceipvilaroja\/wp-content\/uploads\/usu2929\/2025\/10\/Convocatoria-CE3-270225.pdf\"><strong>Consell Escolar 27\/02\/25<\/strong><\/a><\/p>\n<p>Delegaci\u00f3 funcions direcci\u00f3 a coordinadora prim\u00e0ria<\/p>\n<p><strong><a href=\"https:\/\/agora.xtec.cat\/ceipvilaroja\/wp-content\/uploads\/usu2929\/2025\/10\/Convocatoria-CE2-280125-.pdf\">Consell Escolar 28\/01\/25<\/a><\/strong><\/p>\n<p>Pressupostos 2024<\/p>\n<p><strong><a href=\"https:\/\/agora.xtec.cat\/ceipvilaroja\/wp-content\/uploads\/usu2929\/2025\/10\/Convocatoria-CE1-240924.pdf\">Consell escolar\u00a0 24\/09\/24<\/a><\/strong><\/p>\n<p style=\"text-align: left;\">1. Aprovaci\u00f3 de la mem\u00f2ria anual 23-24<br \/>\n2. Aprovaci\u00f3 de la PGA 24-25<br \/>\n3. Aprovaci\u00f3 del PEC 24-25<br \/>\n4. Aprovaci\u00f3 del pla de funcionament de menjador 24-25<br \/>\n5. Aprovaci\u00f3 de l\u2019aportaci\u00f3 de les fam\u00edlies destinada a material escolar i AFA<br \/>\n6. Aprovaci\u00f3 de les sortides i activitats del curs 24-25<br \/>\n7. Informaci\u00f3 de les subvencions de l\u2019Ajuntament de Girona per al curs 2024\/2025:<br \/>\na. \u201cIgualtat d\u2019oportunitats\u201d<br \/>\nb. \u201cActiva el teu pati\u201d<br \/>\nc. \u201cActiva el teu projecte\u201d<br \/>\nd. \u201cFoment de la Promoci\u00f3 i l\u2019esport escolar\u201d<br \/>\ne. \u201cAjut de biblioteques escolars\u201d<br \/>\nf. \u201cAjut de despla\u00e7aments\u201d<br \/>\n8. Informaci\u00f3 de l\u2019ajut per a l\u2019adquisici\u00f3 de llibres de text i material did\u00e0ctic<br \/>\ncomplementari de la Generalitat de Catalunya.<\/p>\n<p>&nbsp;<\/p>\n<p><strong>Consell Escolar 25\/06\/24<\/strong><br \/>\nAprovaci\u00f3 calendari escolar 2024-2025<br \/>\nAprovaci\u00f3 quota material 2024-2025<\/p>\n<p><strong>Consell Escolar 23\/01\/24<br \/>\n<\/strong>Pressupostos 2024<\/p>\n<p><strong>Consell Escolar 18\/12\/23<br \/>\n<\/strong>Aprovaci\u00f3 de la constituci\u00f3 del nou Consell Escolar<\/p>\n<p><strong>Consell Escolar 14\/09\/23<\/strong><br \/>\nAprovaci\u00f3 de la PGA 23-24<br \/>\nAprovaci\u00f3 del pla de funcionament de menjador 23-24<br \/>\nAprovaci\u00f3 del PEC<br \/>\nAprovaci\u00f3 de l\u2019actualitzaci\u00f3 del pla de conviv\u00e8ncia<br \/>\nAprovaci\u00f3 de l\u2019actualitzaci\u00f3 del pla d\u2019acollida<br \/>\nAprovaci\u00f3 de l\u2019aportaci\u00f3 de les fam\u00edlies destinada a material escolar i AFA<br \/>\nAprovaci\u00f3 de les sortides i activitats del curs 23-24<br \/>\nInformaci\u00f3 de les subvencions de l\u2019Ajuntament de Girona per al curs 2022\/2023:<\/p>\n<p style=\"padding-left: 40px;\">\u201cIgualtat d\u2019oportunitats\u201d<br \/>\n\u201cActiva el teu pati\u201d<br \/>\n\u201cActiva el teu projecte\u201d<br \/>\n\u201cFoment de la Promoci\u00f3 i l\u2019esport escolar\u201d<br \/>\n\u201cAjut de biblioteques escolars\u201d<br \/>\n\u201cAjut de despla\u00e7aments\u201d<\/p>\n<p>Informaci\u00f3 de l\u2019ajut per a l\u2019adquisici\u00f3 de llibres de text i material did\u00e0ctic<br \/>\ncomplementari de la Generalitat de Catalunya.<\/p>\n","protected":false},"excerpt":{"rendered":"<p>Atenent a la normativa vigent, fem p\u00fablics els acords presos al consell escolar tenint en compte que la mateixa normativa destaca que \u201cnom\u00e9s cal especificar els acords presos de forma breu i tenint en compte la protecci\u00f3 de dades personals.\u201d<br \/>\nConsell Escolar 27\/10\/25<br \/>\nAprovaci\u00f3 del PEM PROA+&hellip;  <a href=\"https:\/\/agora.xtec.cat\/ceipvilaroja\/projecte-educatiu\/acords-consell-escolar\/\" title=\"Read Acords Consell Escolar\">Llegeix m\u00e9s\u00bb<\/a><\/p>\n","protected":false},"author":3,"featured_media":0,"parent":64,"menu_order":0,"comment_status":"closed","ping_status":"closed","template":"","meta":{"_bbp_topic_count":0,"_bbp_reply_count":0,"_bbp_total_topic_count":0,"_bbp_total_reply_count":0,"_bbp_voice_count":0,"_bbp_anonymous_reply_count":0,"_bbp_topic_count_hidden":0,"_bbp_reply_count_hidden":0,"_bbp_forum_subforum_count":0,"footnotes":""},"class_list":["post-908","page","type-page","status-publish","hentry"],"post_mailing_queue_ids":[],"_links":{"self":[{"href":"https:\/\/agora.xtec.cat\/ceipvilaroja\/wp-json\/wp\/v2\/pages\/908","targetHints":{"allow":["GET"]}}],"collection":[{"href":"https:\/\/agora.xtec.cat\/ceipvilaroja\/wp-json\/wp\/v2\/pages"}],"about":[{"href":"https:\/\/agora.xtec.cat\/ceipvilaroja\/wp-json\/wp\/v2\/types\/page"}],"author":[{"embeddable":true,"href":"https:\/\/agora.xtec.cat\/ceipvilaroja\/wp-json\/wp\/v2\/users\/3"}],"replies":[{"embeddable":true,"href":"https:\/\/agora.xtec.cat\/ceipvilaroja\/wp-json\/wp\/v2\/comments?post=908"}],"version-history":[{"count":7,"href":"https:\/\/agora.xtec.cat\/ceipvilaroja\/wp-json\/wp\/v2\/pages\/908\/revisions"}],"predecessor-version":[{"id":1022,"href":"https:\/\/agora.xtec.cat\/ceipvilaroja\/wp-json\/wp\/v2\/pages\/908\/revisions\/1022"}],"up":[{"embeddable":true,"href":"https:\/\/agora.xtec.cat\/ceipvilaroja\/wp-json\/wp\/v2\/pages\/64"}],"wp:attachment":[{"href":"https:\/\/agora.xtec.cat\/ceipvilaroja\/wp-json\/wp\/v2\/media?parent=908"}],"curies":[{"name":"wp","href":"https:\/\/api.w.org\/{rel}","templated":true}]}}