{"id":84,"date":"2014-09-18T14:11:31","date_gmt":"2014-09-18T13:11:31","guid":{"rendered":"http:\/\/agora.xtec.cat\/ceipvilaroja\/?page_id=84"},"modified":"2021-12-14T16:23:40","modified_gmt":"2021-12-14T15:23:40","slug":"activitats-extraescolars","status":"publish","type":"page","link":"https:\/\/agora.xtec.cat\/ceipvilaroja\/serveis\/activitats-extraescolars\/","title":{"rendered":"Activitats extraescolars"},"content":{"rendered":"<p>Les\u00a0activitats extraescolars\u00a0s\u00f3n aquelles que tenen lloc\u00a0fora de l\u2019horari lectiu escolar. Les oportunitats educatives fora del temps lectiu escolar s\u00f3n essencials en el desenvolupament i l\u2019itinerari vital dels infants i joves.<\/p>\n<p><span style=\"font-family: inherit; font-size: 1em;\">Les extraescolars que es realitzen en el recinte escolar, aquest curs es fan en horari de temps de migdia.\u00a0<\/span><\/p>\n<p>A principi de curs o de trimestre, segons com organitzem les activitats, rebreu tota la informaci\u00f3 i condicions de les activitats.<\/p>\n<p>Aquest curs les activitats extraescolars que es duen a terme, gr\u00e0cies a les subvencions s\u00f3n: \u00e0rab, e\u00efnes digitals, musicoter\u00e0pia, multiesport, <span style=\"font-family: inherit; font-size: 1em;\">zumba.<\/span><\/p>\n<p>&nbsp;<\/p>\n","protected":false},"excerpt":{"rendered":"<p>Les\u00a0activitats extraescolars\u00a0s\u00f3n aquelles que tenen lloc\u00a0fora de l\u2019horari lectiu escolar. Les oportunitats educatives fora del temps lectiu escolar s\u00f3n essencials en el desenvolupament i l\u2019itinerari vital dels infants i joves.<br \/>\nLes extraescolars que es realitzen en el recinte escolar, aquest curs es fan en horari de&hellip;  <a href=\"https:\/\/agora.xtec.cat\/ceipvilaroja\/serveis\/activitats-extraescolars\/\" title=\"Read Activitats extraescolars\">Llegeix m\u00e9s\u00bb<\/a><\/p>\n","protected":false},"author":1,"featured_media":0,"parent":66,"menu_order":60,"comment_status":"closed","ping_status":"closed","template":"page-templates\/side-menu.php","meta":{"_bbp_topic_count":0,"_bbp_reply_count":0,"_bbp_total_topic_count":0,"_bbp_total_reply_count":0,"_bbp_voice_count":0,"_bbp_anonymous_reply_count":0,"_bbp_topic_count_hidden":0,"_bbp_reply_count_hidden":0,"_bbp_forum_subforum_count":0,"footnotes":""},"class_list":["post-84","page","type-page","status-publish","hentry"],"post_mailing_queue_ids":[],"_links":{"self":[{"href":"https:\/\/agora.xtec.cat\/ceipvilaroja\/wp-json\/wp\/v2\/pages\/84","targetHints":{"allow":["GET"]}}],"collection":[{"href":"https:\/\/agora.xtec.cat\/ceipvilaroja\/wp-json\/wp\/v2\/pages"}],"about":[{"href":"https:\/\/agora.xtec.cat\/ceipvilaroja\/wp-json\/wp\/v2\/types\/page"}],"author":[{"embeddable":true,"href":"https:\/\/agora.xtec.cat\/ceipvilaroja\/wp-json\/wp\/v2\/users\/1"}],"replies":[{"embeddable":true,"href":"https:\/\/agora.xtec.cat\/ceipvilaroja\/wp-json\/wp\/v2\/comments?post=84"}],"version-history":[{"count":3,"href":"https:\/\/agora.xtec.cat\/ceipvilaroja\/wp-json\/wp\/v2\/pages\/84\/revisions"}],"predecessor-version":[{"id":671,"href":"https:\/\/agora.xtec.cat\/ceipvilaroja\/wp-json\/wp\/v2\/pages\/84\/revisions\/671"}],"up":[{"embeddable":true,"href":"https:\/\/agora.xtec.cat\/ceipvilaroja\/wp-json\/wp\/v2\/pages\/66"}],"wp:attachment":[{"href":"https:\/\/agora.xtec.cat\/ceipvilaroja\/wp-json\/wp\/v2\/media?parent=84"}],"curies":[{"name":"wp","href":"https:\/\/api.w.org\/{rel}","templated":true}]}}