{"id":762,"date":"2022-09-15T20:44:09","date_gmt":"2022-09-15T18:44:09","guid":{"rendered":"https:\/\/agora.xtec.cat\/ceipvilaroja\/?page_id=762"},"modified":"2023-10-11T14:09:52","modified_gmt":"2023-10-11T12:09:52","slug":"pla-de-convivencia","status":"publish","type":"page","link":"https:\/\/agora.xtec.cat\/ceipvilaroja\/projecte-educatiu\/pla-de-convivencia\/","title":{"rendered":"Pla de Conviv\u00e8ncia"},"content":{"rendered":"<p>L\u2019escola Vila-roja, \u00e9s un centre p\u00fablic d\u2019una sola l\u00ednia i est\u00e0 qualificat com a Centre de M\u00e0xima Complexitat i de tipologia C pel seu grau de dificultat. Es defineix com a inclusiva, laica i respectuosa amb la pluralitat, trets definidors del seu car\u00e0cter propi.<br \/>\nLa plantilla de mestres s\u2019adequa a una escola d\u2019una l\u00ednia de la tipologia esmentada, m\u00e9s una T\u00e8cnica d\u2019Integraci\u00f3 Social (TIS). Tamb\u00e9, disposem dos cops per setmana, d\u2019un psic\u00f2leg que cobreix les necessitats emocionals i afectives de tota la comunitat educativa realitzant diferents accions pels diferents sectors (alumnat, fam\u00edlies i professionals). I per poder oferir m\u00e9s cohesi\u00f3 als\/les nostres alumnes magrebins\/es participem del programa LACM amb un professor que ofereix una hora setmanal de classe d\u2019\u00e0rab i cultura marroquina m\u00e9s el servei de mediaci\u00f3 i traducci\u00f3, si s\u2019escau.<br \/>\nEl centre ha estat durant 3 anys, des del 2019 fins el 2022, en proc\u00e9s d\u2019innovaci\u00f3 i recerca de la pedagogia art\u00edstica, concretament, de les arts esc\u00e8niques. De manera que, es proposa l\u2019art\u00edstica des d\u2019una visi\u00f3 globalitzada, provocant viv\u00e8ncies sensorials, experimentals, generant reflexi\u00f3 i creant infants cr\u00edtics. Tot aix\u00f2 ha estat possible gr\u00e0cies al programa Escoles T\u00e0ndem i Fundaci\u00f3 Catalunya la Pedrera.<br \/>\nEs dona molta import\u00e0ncia al treball de l\u2019Educaci\u00f3 Emocional (EMO) a tots nivells, ja que com he comentat anteriorment, hi ha un alumnat amb una gran necessitat afectiva i de gesti\u00f3 i control de les emocions. Tamb\u00e9 \u00e9s un recurs utilitzat per crear vincle i cohesi\u00f3 de l\u2019alumnat amb aquells que s\u00f3n nouvinguts.<br \/>\nEn el cas del curs 2022-23 es tindr\u00e0 en compte aquest treball d\u2019EMO per l\u2019arribada de tot l\u2019alumnat de prim\u00e0ria de l\u2019escola de Font de la P\u00f3lvora.<br \/>\nA l\u2019escola es treballa amb metodologies participatives i actives, per estimular l\u2019esperit cr\u00edtic i aprendre a viure i compartir en societat mitjan\u00e7ant el Projecte participatiu d\u2019Assemblea. Se celebren com a m\u00ednim 3 assemblees generals, una per trimestre i hi assisteixen l\u2019equip directiu, la TIS i el delegat\/da, subdelegat\/da i secretari\/\u00e0ria de cada curs.<br \/>\nFent refer\u00e8ncia als punts que es tracten al pla de conviv\u00e8ncia, i que nosaltres tractem a l\u2019escola, destacar\u00edem com a importants els aspectes relacionats amb: la conflictivitat, l\u2019absentisme, la resoluci\u00f3 positiva de conflictes, la inclusi\u00f3, la participaci\u00f3 i implicaci\u00f3 de les fam\u00edlies, els temes vinculats amb la cultura pr\u00f2pia de l&#8217;alumnat i els aspectes relacionats amb l\u2019esfor\u00e7 i la responsabilitat, el respecte i la coeducaci\u00f3.<\/p>\n<p>En el seg\u00fcent enlla\u00e7 podeu consultar el document:<\/p>\n<p><a href=\"https:\/\/drive.google.com\/file\/d\/1S_EaBdUpCijbJtlc3H4QNgcYbxUCbdMc\/view?usp=sharing\">Pla de Conviv\u00e8ncia<\/a><\/p>\n","protected":false},"excerpt":{"rendered":"<p>L\u2019escola Vila-roja, \u00e9s un centre p\u00fablic d\u2019una sola l\u00ednia i est\u00e0 qualificat com a Centre de M\u00e0xima Complexitat i de tipologia C pel seu grau de dificultat. Es defineix com a inclusiva, laica i respectuosa amb la pluralitat, trets definidors del seu car\u00e0cter propi.<br \/>\nLa plantilla&hellip;  <a href=\"https:\/\/agora.xtec.cat\/ceipvilaroja\/projecte-educatiu\/pla-de-convivencia\/\" title=\"Read Pla de Conviv\u00e8ncia\">Llegeix m\u00e9s\u00bb<\/a><\/p>\n","protected":false},"author":3,"featured_media":0,"parent":64,"menu_order":0,"comment_status":"closed","ping_status":"closed","template":"page-templates\/side-menu.php","meta":{"_bbp_topic_count":0,"_bbp_reply_count":0,"_bbp_total_topic_count":0,"_bbp_total_reply_count":0,"_bbp_voice_count":0,"_bbp_anonymous_reply_count":0,"_bbp_topic_count_hidden":0,"_bbp_reply_count_hidden":0,"_bbp_forum_subforum_count":0,"footnotes":""},"class_list":["post-762","page","type-page","status-publish","hentry"],"post_mailing_queue_ids":[],"_links":{"self":[{"href":"https:\/\/agora.xtec.cat\/ceipvilaroja\/wp-json\/wp\/v2\/pages\/762","targetHints":{"allow":["GET"]}}],"collection":[{"href":"https:\/\/agora.xtec.cat\/ceipvilaroja\/wp-json\/wp\/v2\/pages"}],"about":[{"href":"https:\/\/agora.xtec.cat\/ceipvilaroja\/wp-json\/wp\/v2\/types\/page"}],"author":[{"embeddable":true,"href":"https:\/\/agora.xtec.cat\/ceipvilaroja\/wp-json\/wp\/v2\/users\/3"}],"replies":[{"embeddable":true,"href":"https:\/\/agora.xtec.cat\/ceipvilaroja\/wp-json\/wp\/v2\/comments?post=762"}],"version-history":[{"count":3,"href":"https:\/\/agora.xtec.cat\/ceipvilaroja\/wp-json\/wp\/v2\/pages\/762\/revisions"}],"predecessor-version":[{"id":867,"href":"https:\/\/agora.xtec.cat\/ceipvilaroja\/wp-json\/wp\/v2\/pages\/762\/revisions\/867"}],"up":[{"embeddable":true,"href":"https:\/\/agora.xtec.cat\/ceipvilaroja\/wp-json\/wp\/v2\/pages\/64"}],"wp:attachment":[{"href":"https:\/\/agora.xtec.cat\/ceipvilaroja\/wp-json\/wp\/v2\/media?parent=762"}],"curies":[{"name":"wp","href":"https:\/\/api.w.org\/{rel}","templated":true}]}}