{"id":73,"date":"2014-09-18T14:01:51","date_gmt":"2014-09-18T13:01:51","guid":{"rendered":"http:\/\/agora.xtec.cat\/ceipvilaroja\/?page_id=73"},"modified":"2024-03-21T12:13:26","modified_gmt":"2024-03-21T11:13:26","slug":"menjador-escolar","status":"publish","type":"page","link":"https:\/\/agora.xtec.cat\/ceipvilaroja\/serveis\/menjador-escolar\/","title":{"rendered":"Menjador escolar, temps de migdia"},"content":{"rendered":"<ul>\n<li>Entenem l&#8217;espai del migdia com un <strong>espai educatiu<\/strong> m\u00e9s de l&#8217;escola, amb mirada 360, on es promou, amplia i connecta el temps, espais i agents educatius del centre.<\/li>\n<li>Es tenen en compte uns <strong>objectius generals<\/strong> vers a un mateix identificats mitjan\u00e7ant els h\u00e0bits en el menjar i el menjador i uns objectius generals vers els altres a trav\u00e9s del respecte als\/les companys\/es i monitors\/es.<\/li>\n<li>Fruit del conveni de delegaci\u00f3 de compet\u00e8ncies del Departament d\u2019Ensenyament en favor dels Consells Comarcals, \u00e9s el<strong> Consell Comarcal del Giron\u00e8s<\/strong> qui gestiona el servei de menjador.<\/li>\n<li>Podran sol\u00b7licitar el servei de menjador tots els alumnes del centre, el professorat, el personal d\u2019administraci\u00f3 i serveis i el personal no docent del centre.<br \/>\nEl servei per als alumnes es podr\u00e0 sol\u00b7licitar en dues modalitats: fixe o espor\u00e0dic\u00a0Els preus i la forma d\u2019accedir al servei es realitzar\u00e0 segons determina la normativa reguladora de les ordenances de preus p\u00fablics que aprova el Consell Comarcal del Giron\u00e8s per cada curs escolar. Es pot consultar al <a href=\"https:\/\/www.girones.cat\/2019\/08\/02\/centres-escolars-gestio-de-menjadors\/\" target=\"_blank\" rel=\"noopener\">link<\/a> seg\u00fcent:<br \/>\n\u00b7 Normativa<br \/>\n\u00b7 Inscripci\u00f3 on-line<br \/>\n\u00b7 Fitxa de creditors<br \/>\n\u00b7 Formulari de baixa<\/li>\n<li>Consulta el <a href=\"https:\/\/agora.xtec.cat\/ceipvilaroja\/wp-content\/uploads\/usu2929\/2024\/03\/20240229-Girona-Escola-de-Vila-roja-REV.pdf\">Informe de Valoraci\u00f3 dels Men\u00fas<\/a><\/li>\n<\/ul>\n","protected":false},"excerpt":{"rendered":"<ul>\n<li>Entenem l&#8217;espai del migdia com un espai educatiu m\u00e9s de l&#8217;escola, amb mirada 360, on es promou, amplia i connecta el temps, espais i agents educatius del centre.<\/li>\n<li>Es tenen en compte uns objectius generals vers a un mateix identificats mitjan\u00e7ant els h\u00e0bits en el menjar&hellip;  <a href=\"https:\/\/agora.xtec.cat\/ceipvilaroja\/serveis\/menjador-escolar\/\" title=\"Read Menjador escolar, temps de migdia\">Llegeix m\u00e9s\u00bb<\/a><br \/>\n","protected":false},"author":1,"featured_media":0,"parent":66,"menu_order":30,"comment_status":"closed","ping_status":"closed","template":"page-templates\/side-menu.php","meta":{"_bbp_topic_count":0,"_bbp_reply_count":0,"_bbp_total_topic_count":0,"_bbp_total_reply_count":0,"_bbp_voice_count":0,"_bbp_anonymous_reply_count":0,"_bbp_topic_count_hidden":0,"_bbp_reply_count_hidden":0,"_bbp_forum_subforum_count":0,"footnotes":""},"class_list":["post-73","page","type-page","status-publish","hentry"],"post_mailing_queue_ids":[],"_links":{"self":[{"href":"https:\/\/agora.xtec.cat\/ceipvilaroja\/wp-json\/wp\/v2\/pages\/73","targetHints":{"allow":["GET"]}}],"collection":[{"href":"https:\/\/agora.xtec.cat\/ceipvilaroja\/wp-json\/wp\/v2\/pages"}],"about":[{"href":"https:\/\/agora.xtec.cat\/ceipvilaroja\/wp-json\/wp\/v2\/types\/page"}],"author":[{"embeddable":true,"href":"https:\/\/agora.xtec.cat\/ceipvilaroja\/wp-json\/wp\/v2\/users\/1"}],"replies":[{"embeddable":true,"href":"https:\/\/agora.xtec.cat\/ceipvilaroja\/wp-json\/wp\/v2\/comments?post=73"}],"version-history":[{"count":5,"href":"https:\/\/agora.xtec.cat\/ceipvilaroja\/wp-json\/wp\/v2\/pages\/73\/revisions"}],"predecessor-version":[{"id":907,"href":"https:\/\/agora.xtec.cat\/ceipvilaroja\/wp-json\/wp\/v2\/pages\/73\/revisions\/907"}],"up":[{"embeddable":true,"href":"https:\/\/agora.xtec.cat\/ceipvilaroja\/wp-json\/wp\/v2\/pages\/66"}],"wp:attachment":[{"href":"https:\/\/agora.xtec.cat\/ceipvilaroja\/wp-json\/wp\/v2\/media?parent=73"}],"curies":[{"name":"wp","href":"https:\/\/api.w.org\/{rel}","templated":true}]}}