{"id":71,"date":"2014-09-18T12:44:56","date_gmt":"2014-09-18T11:44:56","guid":{"rendered":"http:\/\/agora.xtec.cat\/ceipvilaroja\/?page_id=71"},"modified":"2023-06-29T13:07:17","modified_gmt":"2023-06-29T11:07:17","slug":"serveis-digitals","status":"publish","type":"page","link":"https:\/\/agora.xtec.cat\/ceipvilaroja\/serveis\/serveis-digitals\/","title":{"rendered":"Serveis digitals"},"content":{"rendered":"<p>L&#8217;oferta de <strong>serveis\u00a0digitals<\/strong>\u00a0constitueix un element\u00a0molt important de l&#8217;engranatge d&#8217;un centre educatiu.<\/p>\n<p>L&#8217;escola t\u00e9 la <strong>p\u00e0gina web<\/strong> on es pot consultar la informaci\u00f3 rellevant en quant a documentaci\u00f3 del centre i organitzaci\u00f3 del propi centre.<\/p>\n<p>El centre posa a disposici\u00f3 de les fam\u00edlies l&#8217;aplicaci\u00f3 <strong>Dinantia<\/strong> com a mitj\u00e0 de comunicaci\u00f3 amb les fam\u00edlies via telem\u00e0tica. Aix\u00ed mateix, l&#8217;escola tamb\u00e9 disposa de <strong>Whatsapp<\/strong>.<\/p>\n<p>La comunitat pot assabentar-se del dia a dia de l&#8217;escola a trav\u00e9s de la plataforma <strong>Instagram<\/strong> on el centre penja les diferents activitats que es van fent al llarg del curs.<\/p>\n<p>Finalment, el Cicle Superior del centre, 5\u00e8 i 6\u00e8, fan l&#8217;extraescolar d&#8217;Apr\u00e8n que treballen les eines digitals per tal d&#8217;arribar un nivell de compet\u00e8ncia digital pel seu futur proper a l&#8217;educaci\u00f3 secund\u00e0ria.<\/p>\n","protected":false},"excerpt":{"rendered":"<p>L&#8217;oferta de serveis\u00a0digitals\u00a0constitueix un element\u00a0molt important de l&#8217;engranatge d&#8217;un centre educatiu.<br \/>\nL&#8217;escola t\u00e9 la p\u00e0gina web on es pot consultar la informaci\u00f3 rellevant en quant a documentaci\u00f3 del centre i organitzaci\u00f3 del propi centre.<br \/>\nEl centre posa a disposici\u00f3 de les fam\u00edlies l&#8217;aplicaci\u00f3 Dinantia com a mitj\u00e0&hellip;  <a href=\"https:\/\/agora.xtec.cat\/ceipvilaroja\/serveis\/serveis-digitals\/\" title=\"Read Serveis digitals\">Llegeix m\u00e9s\u00bb<\/a><\/p>\n","protected":false},"author":1,"featured_media":0,"parent":66,"menu_order":10,"comment_status":"closed","ping_status":"closed","template":"page-templates\/side-menu.php","meta":{"_bbp_topic_count":0,"_bbp_reply_count":0,"_bbp_total_topic_count":0,"_bbp_total_reply_count":0,"_bbp_voice_count":0,"_bbp_anonymous_reply_count":0,"_bbp_topic_count_hidden":0,"_bbp_reply_count_hidden":0,"_bbp_forum_subforum_count":0,"footnotes":""},"class_list":["post-71","page","type-page","status-publish","hentry"],"post_mailing_queue_ids":[],"_links":{"self":[{"href":"https:\/\/agora.xtec.cat\/ceipvilaroja\/wp-json\/wp\/v2\/pages\/71","targetHints":{"allow":["GET"]}}],"collection":[{"href":"https:\/\/agora.xtec.cat\/ceipvilaroja\/wp-json\/wp\/v2\/pages"}],"about":[{"href":"https:\/\/agora.xtec.cat\/ceipvilaroja\/wp-json\/wp\/v2\/types\/page"}],"author":[{"embeddable":true,"href":"https:\/\/agora.xtec.cat\/ceipvilaroja\/wp-json\/wp\/v2\/users\/1"}],"replies":[{"embeddable":true,"href":"https:\/\/agora.xtec.cat\/ceipvilaroja\/wp-json\/wp\/v2\/comments?post=71"}],"version-history":[{"count":4,"href":"https:\/\/agora.xtec.cat\/ceipvilaroja\/wp-json\/wp\/v2\/pages\/71\/revisions"}],"predecessor-version":[{"id":842,"href":"https:\/\/agora.xtec.cat\/ceipvilaroja\/wp-json\/wp\/v2\/pages\/71\/revisions\/842"}],"up":[{"embeddable":true,"href":"https:\/\/agora.xtec.cat\/ceipvilaroja\/wp-json\/wp\/v2\/pages\/66"}],"wp:attachment":[{"href":"https:\/\/agora.xtec.cat\/ceipvilaroja\/wp-json\/wp\/v2\/media?parent=71"}],"curies":[{"name":"wp","href":"https:\/\/api.w.org\/{rel}","templated":true}]}}