{"id":555,"date":"2021-11-08T17:45:49","date_gmt":"2021-11-08T16:45:49","guid":{"rendered":"https:\/\/agora.xtec.cat\/ceipvilaroja\/?page_id=555"},"modified":"2024-09-05T10:30:20","modified_gmt":"2024-09-05T08:30:20","slug":"qui-som","status":"publish","type":"page","link":"https:\/\/agora.xtec.cat\/ceipvilaroja\/lescola\/qui-som\/","title":{"rendered":"Qui som?"},"content":{"rendered":"<h2><strong>EQUIP EDUCATIU 24-25<\/strong><\/h2>\n<h4><strong>EQUIP DIRECTIU:<\/strong><\/h4>\n<table style=\"border-collapse: collapse; width: 56.6061%; height: 91px;\">\n<tbody>\n<tr style=\"height: 27px;\">\n<td style=\"width: 20.4242%; height: 27px;\"><strong><span style=\"font-size: 16px;\">Directora:\u00a0 \u00a0 \u00a0 \u00a0 \u00a0 \u00a0 \u00a0 \u00a0 \u00a0\u00a0<\/span><\/strong><\/td>\n<td style=\"width: 36.1819%; height: 27px;\"><span style=\"font-size: 16px;\">M\u00f2nica Bracero\u00a0\u00a0<\/span><\/td>\n<\/tr>\n<tr style=\"height: 32px;\">\n<td style=\"width: 20.4242%; height: 32px;\"><strong><span style=\"font-size: 16px; background-color: #ffffff;\">Cap d\u2019estudis:<\/span><\/strong><\/td>\n<td style=\"width: 36.1819%; height: 32px;\"><span style=\"font-size: 16px; background-color: #ffffff;\">Montse Marqu\u00e8s\u00a0\u00a0<\/span><\/td>\n<\/tr>\n<tr style=\"height: 32px;\">\n<td style=\"width: 20.4242%; height: 32px;\"><strong><span style=\"font-size: 16px;\">Secret\u00e0ria:\u00a0<\/span><\/strong><\/td>\n<td style=\"width: 36.1819%; height: 32px;\"><span style=\"font-size: 16px;\">Irene Brun<\/span><\/td>\n<\/tr>\n<\/tbody>\n<\/table>\n<h4><strong>MESTRES:<\/strong><\/h4>\n<table style=\"border-collapse: collapse; width: 56.9697%; height: 416px;\">\n<tbody>\n<tr style=\"height: 32px;\">\n<td style=\"width: 19.2121%; height: 32px;\"><strong><span style=\"font-size: 16px;\">1r:<\/span><\/strong><\/td>\n<td style=\"width: 33.8991%; height: 32px;\"><span style=\"font-size: 16px;\">Estrella Rodr\u00edguez<\/span><\/td>\n<\/tr>\n<tr style=\"height: 32px;\">\n<td style=\"width: 19.2121%; height: 32px;\"><strong><span style=\"font-size: 16px;\">2n:<\/span><\/strong><\/td>\n<td style=\"width: 33.8991%; height: 32px;\"><span style=\"font-size: 16px; background-color: #ffffff;\">Marta Saubi, Laura Vila<\/span><\/td>\n<\/tr>\n<tr style=\"height: 32px;\">\n<td style=\"width: 19.2121%; height: 32px;\"><strong><span style=\"font-size: 16px;\">3r:\u00a0<\/span><\/strong><\/td>\n<td style=\"width: 33.8991%; height: 32px;\"><span style=\"font-size: 16px; background-color: #ffffff;\">M\u00edriam Mart\u00edn<\/span><\/td>\n<\/tr>\n<tr style=\"height: 32px;\">\n<td style=\"width: 19.2121%; height: 32px;\"><strong><span style=\"font-size: 16px; background-color: #ffffff;\">4t:<\/span><\/strong><\/td>\n<td style=\"width: 33.8991%; height: 32px;\"><span style=\"font-size: 16px;\">Marta Sol\u00e0<\/span><\/td>\n<\/tr>\n<tr style=\"height: 32px;\">\n<td style=\"width: 19.2121%; height: 32px;\"><strong><span style=\"font-size: 16px;\">5\u00e8:<\/span><\/strong><\/td>\n<td style=\"width: 33.8991%; height: 32px;\"><span style=\"font-size: 16px;\">Jordi Sala<\/span><\/td>\n<\/tr>\n<tr style=\"height: 32px;\">\n<td style=\"width: 19.2121%; height: 32px;\"><strong><span style=\"font-size: 16px; background-color: #ffffff;\">6\u00e8:<\/span><\/strong><\/td>\n<td style=\"width: 33.8991%; height: 32px;\"><span style=\"font-size: 16px; background-color: #ffffff;\">Marta Sent\u00eds<\/span><\/td>\n<\/tr>\n<tr style=\"height: 31px;\">\n<td style=\"width: 19.2121%; height: 31px;\"><\/td>\n<td style=\"width: 33.8991%; height: 31px;\"><\/td>\n<\/tr>\n<tr style=\"height: 33px;\">\n<td style=\"width: 19.2121%; height: 33px;\"><\/td>\n<td style=\"width: 33.8991%; height: 33px;\"><\/td>\n<\/tr>\n<tr style=\"height: 32px;\">\n<td style=\"width: 19.2121%; height: 32px;\"><strong><span style=\"font-size: 16px; background-color: #ffffff;\">M\u00fasica:\u00a0<\/span><\/strong><\/td>\n<td style=\"width: 33.8991%; height: 32px;\"><span style=\"font-size: 16px; background-color: #ffffff;\">Sira Ca\u00f1igueral\u00a0\u00a0<\/span><\/td>\n<\/tr>\n<tr style=\"height: 32px;\">\n<td style=\"width: 19.2121%; height: 32px;\"><strong><span style=\"font-size: 16px;\">Angl\u00e8s:\u00a0<\/span><\/strong><\/td>\n<td style=\"width: 33.8991%; height: 32px;\"><span style=\"font-size: 16px;\">Irene Brun, Laia Almeda\u00a0\u00a0<\/span><\/td>\n<\/tr>\n<tr style=\"height: 32px;\">\n<td style=\"width: 19.2121%; height: 32px;\"><strong><span style=\"font-size: 16px; background-color: #ffffff;\">Educaci\u00f3 f\u00edsica:<\/span><span style=\"font-size: 16px;\"><br \/>\n<\/span><\/strong><\/td>\n<td style=\"width: 33.8991%; height: 32px;\"><span style=\"font-size: 16px;\">Laura Vila<\/span><\/td>\n<\/tr>\n<tr style=\"height: 32px;\">\n<td style=\"width: 19.2121%; height: 32px;\"><strong><span style=\"font-size: 16px;\"> Educaci\u00f3 Especial: <\/span><\/strong><\/td>\n<td style=\"width: 33.8991%; height: 32px;\"><span style=\"font-size: 16px;\">Montse Marqu\u00e8s, M\u00f2nica Bracero\u00a0\u00a0<\/span><\/td>\n<\/tr>\n<tr style=\"height: 32px;\">\n<td style=\"width: 19.2121%; height: 32px;\"><strong><span style=\"font-size: 16px;\">Religi\u00f3:<\/span><\/strong><\/td>\n<td style=\"width: 33.8991%; height: 32px;\">Carme Carrasco<\/td>\n<\/tr>\n<\/tbody>\n<\/table>\n<p><strong>TIS:<\/strong>\u00a0Susanna Romero<\/p>\n<p><strong>EAP:\u00a0<\/strong>Imma Oliv\u00e9<\/p>\n<p><strong>PROMOTORA ESCOLAR:<\/strong>\u00a0Antonia Amador<\/p>\n<p><strong>INSPECTOR\/A:<\/strong><\/p>\n<hr \/>\n<h2>AMPA<\/h2>\n<p>L\u2019associaci\u00f3 de pares i mares dels infants de l\u2019escola, s\u00f3n familiars que volunt\u00e0riament decideixen participar de forma activa en la vida del centre. Organitzen i promouen activitats que complementen i reforcen les que fa l\u2019escola.<\/p>\n<hr \/>\n<h2>PEE<\/h2>\n<p>Integrant Accions \/\u00a0<a href=\"https:\/\/blocs.xtec.cat\/sectorest\/\">PEE Sector Est\u00a0<\/a>\u00e9s una plataforma de treball integral formada per administracions, institucions i associacions que sota els principis de partenariat, coordina el conjunt d\u2019actuacions, plans sectorials i programes que es desenvolupen en el sector per tal de contribuir a la millora de la qualitat de vida dels ciutadans i ciutadanes.<\/p>\n<p>Les actuacions del Pla es desenvolupen en 4 grans \u00e0mbits d\u2019actuaci\u00f3: escolar, comunitari, estrat\u00e8gic-metodol\u00f2gic, i de suport a la gesti\u00f3. I alhora s\u2019estableixen mecanismes de coordinaci\u00f3\/comunicaci\u00f3 per garantir la transversalitat de les accions, i la coher\u00e8ncia en la intervenci\u00f3.<\/p>\n<p><img loading=\"lazy\" decoding=\"async\" class=\"alignnone \" src=\"https:\/\/drive.google.com\/uc?export=view&amp;id=1fzjb-L8m-ZDxLhYy7ZhoH-vCVvgt3JJC\" width=\"545\" height=\"409\" \/><\/p>\n<hr \/>\n<p>&nbsp;<\/p>\n","protected":false},"excerpt":{"rendered":"<p>EQUIP EDUCATIU 24-25<br \/>\nEQUIP DIRECTIU:<\/p>\n<p>Directora:\u00a0 \u00a0 \u00a0 \u00a0 \u00a0 \u00a0 \u00a0 \u00a0 \u00a0\u00a0<br \/>\nM\u00f2nica Bracero\u00a0\u00a0<\/p>\n<p>Cap d\u2019estudis:<br \/>\nMontse Marqu\u00e8s\u00a0\u00a0<\/p>\n<p>Secret\u00e0ria:\u00a0<br \/>\nIrene Brun<\/p>\n<p>MESTRES:<\/p>\n<p>1r:<br \/>\nEstrella Rodr\u00edguez<\/p>\n<p>2n:<br \/>\nMarta Saubi, Laura Vila<\/p>\n<p>3r:\u00a0<br \/>\nM\u00edriam Mart\u00edn<\/p>\n<p>4t:<br \/>\nMarta Sol\u00e0<\/p>\n<p>5\u00e8:<br \/>\nJordi Sala<\/p>\n<p>6\u00e8:<br \/>\nMarta Sent\u00eds<\/p>\n<p>M\u00fasica:\u00a0<br \/>\nSira Ca\u00f1igueral\u00a0\u00a0<\/p>\n<p>Angl\u00e8s:\u00a0<br \/>\nIrene Brun, Laia Almeda\u00a0\u00a0<\/p>\n<p>Educaci\u00f3 f\u00edsica:<\/p>\n<p>Laura Vila<\/p>\n<p> Educaci\u00f3 Especial:<br \/>\nMontse Marqu\u00e8s, M\u00f2nica Bracero\u00a0\u00a0<\/p>\n<p>Religi\u00f3:<br \/>\nCarme Carrasco<\/p>\n<p>TIS:\u00a0Susanna Romero<br \/>\nEAP:\u00a0Imma Oliv\u00e9<br \/>\nPROMOTORA ESCOLAR:\u00a0Antonia Amador<br \/>\nINSPECTOR\/A:<\/p>\n<p>AMPA<br \/>\nL\u2019associaci\u00f3 de pares i mares&hellip;  <a href=\"https:\/\/agora.xtec.cat\/ceipvilaroja\/lescola\/qui-som\/\" title=\"Read Qui som?\">Llegeix m\u00e9s\u00bb<\/a><\/p>\n","protected":false},"author":1,"featured_media":0,"parent":22,"menu_order":25,"comment_status":"closed","ping_status":"closed","template":"page-templates\/side-menu.php","meta":{"_bbp_topic_count":0,"_bbp_reply_count":0,"_bbp_total_topic_count":0,"_bbp_total_reply_count":0,"_bbp_voice_count":0,"_bbp_anonymous_reply_count":0,"_bbp_topic_count_hidden":0,"_bbp_reply_count_hidden":0,"_bbp_forum_subforum_count":0,"footnotes":""},"class_list":["post-555","page","type-page","status-publish","hentry"],"post_mailing_queue_ids":[],"_links":{"self":[{"href":"https:\/\/agora.xtec.cat\/ceipvilaroja\/wp-json\/wp\/v2\/pages\/555","targetHints":{"allow":["GET"]}}],"collection":[{"href":"https:\/\/agora.xtec.cat\/ceipvilaroja\/wp-json\/wp\/v2\/pages"}],"about":[{"href":"https:\/\/agora.xtec.cat\/ceipvilaroja\/wp-json\/wp\/v2\/types\/page"}],"author":[{"embeddable":true,"href":"https:\/\/agora.xtec.cat\/ceipvilaroja\/wp-json\/wp\/v2\/users\/1"}],"replies":[{"embeddable":true,"href":"https:\/\/agora.xtec.cat\/ceipvilaroja\/wp-json\/wp\/v2\/comments?post=555"}],"version-history":[{"count":7,"href":"https:\/\/agora.xtec.cat\/ceipvilaroja\/wp-json\/wp\/v2\/pages\/555\/revisions"}],"predecessor-version":[{"id":959,"href":"https:\/\/agora.xtec.cat\/ceipvilaroja\/wp-json\/wp\/v2\/pages\/555\/revisions\/959"}],"up":[{"embeddable":true,"href":"https:\/\/agora.xtec.cat\/ceipvilaroja\/wp-json\/wp\/v2\/pages\/22"}],"wp:attachment":[{"href":"https:\/\/agora.xtec.cat\/ceipvilaroja\/wp-json\/wp\/v2\/media?parent=555"}],"curies":[{"name":"wp","href":"https:\/\/api.w.org\/{rel}","templated":true}]}}